{"id":5562,"date":"2019-03-10T17:03:57","date_gmt":"2019-03-10T16:03:57","guid":{"rendered":"http:\/\/absynth.eu\/?page_id=5562"},"modified":"2019-04-08T16:47:25","modified_gmt":"2019-04-08T14:47:25","slug":"o-nas","status":"publish","type":"page","link":"https:\/\/absynth.eu\/en\/o-nas\/","title":{"rendered":"About us"},"content":{"rendered":"<div class=\"vc_row wpb_row vc_row-fluid\" ><div class=\"wpb_column vc_column_container vc_col-sm-12\"><div class=\"vc_column-inner\"><div class=\"wpb_wrapper\">\n\t<div  class=\"wpb_single_image wpb_content_element vc_align_center  wpb_animate_when_almost_visible wpb_fadeInUp fadeInUp\">\n\t\t\n\t\t<figure class=\"wpb_wrapper vc_figure\">\n\t\t\t<div class=\"vc_single_image-wrapper   vc_box_border_grey\"><img loading=\"lazy\" decoding=\"async\" width=\"1920\" height=\"1356\" src=\"https:\/\/absynth.eu\/wp-content\/uploads\/2019\/03\/A05-NATURAL-1.jpg\" class=\"vc_single_image-img attachment-full\" alt=\"\" srcset=\"https:\/\/absynth.eu\/wp-content\/uploads\/2019\/03\/A05-NATURAL-1.jpg 1920w, https:\/\/absynth.eu\/wp-content\/uploads\/2019\/03\/A05-NATURAL-1-300x212.jpg 300w, https:\/\/absynth.eu\/wp-content\/uploads\/2019\/03\/A05-NATURAL-1-768x542.jpg 768w, https:\/\/absynth.eu\/wp-content\/uploads\/2019\/03\/A05-NATURAL-1-1024x723.jpg 1024w\" sizes=\"(max-width: 1920px) 100vw, 1920px\" \/><\/div>\n\t\t<\/figure>\n\t<\/div>\n<div class=\"vc_empty_space\"   style=\"height: 52px\" ><span class=\"vc_empty_space_inner\"><\/span><\/div>\n<\/div><\/div><\/div><\/div><div class=\"qodef-row-grid-section-wrapper\"  ><div class=\"qodef-row-grid-section\"><div class=\"vc_row wpb_row vc_row-fluid\" ><div class=\"wpb_column vc_column_container vc_col-sm-12\"><div class=\"vc_column-inner\"><div class=\"wpb_wrapper\"><div class=\"qodef-elements-holder   qodef-two-columns  qodef-responsive-mode-768\" ><div class=\"qodef-eh-item\"  data-item-class=\"qodef-eh-custom-6982\">\n\t<div class=\"qodef-eh-item-inner\">\n\t\t<div class=\"qodef-eh-item-content qodef-eh-custom-6982\" >\n\t\t\t<div class=\"qodef-section-title-holder  qodef-st-standard qodef-st-title-left qodef-st-normal-space\" >\n\t<div class=\"qodef-st-inner\">\n\t\t\t\t\t\t\t<h2 class=\"qodef-st-title\" >\n\t\t\t\tBRAND\t\t\t<\/h2>\n\t\t\t\t\t<\/div>\n<\/div><div class=\"vc_empty_space\"   style=\"height: 32px\" ><span class=\"vc_empty_space_inner\"><\/span><\/div>\n\n\t<div class=\"wpb_text_column wpb_content_element\" >\n\t\t<div class=\"wpb_wrapper\">\n\t\t\t<h5><span style=\"font-size: small;\">ABSYNTH is a new, inspiring brand of furniture was created for people who are interested in decoration, interior design and furniture design. This is another (after the Timoore brand) initiative FURNITURE Deffine this time addressed to adults seeking a great, an original design. The new brand is a proposal addressed to the people vigorous, open to new challenges, for which the form and function of the object form a single integral value.<\/span><\/h5>\n\n\t\t<\/div>\n\t<\/div>\n<div class=\"vc_empty_space\"   style=\"height: 32px\" ><span class=\"vc_empty_space_inner\"><\/span><\/div>\n\n\t<div class=\"wpb_text_column wpb_content_element\" >\n\t\t<div class=\"wpb_wrapper\">\n\t\t\t<p><strong><em>We created our brand to inspire all good design-lovers, sensitive to the beauty,that surrounds us. People who appreciate and celebrate life in all of its aspects.<\/em><\/strong><\/p>\n<p><em>PR manager DEFFINE FURNITURE<\/em><\/p>\n\n\t\t<\/div>\n\t<\/div>\n\t\t<\/div>\n\t<\/div>\n<\/div><div class=\"qodef-eh-item\"  data-item-class=\"qodef-eh-custom-7806\">\n\t<div class=\"qodef-eh-item-inner\">\n\t\t<div class=\"qodef-eh-item-content qodef-eh-custom-7806\" style=\"padding: 15px 10px 15px 10px\">\n\t\t\t\n\t<div  class=\"wpb_single_image wpb_content_element vc_align_right  wpb_animate_when_almost_visible wpb_fadeInRight fadeInRight\">\n\t\t\n\t\t<figure class=\"wpb_wrapper vc_figure\">\n\t\t\t<div class=\"vc_single_image-wrapper   vc_box_border_grey\"><img loading=\"lazy\" decoding=\"async\" width=\"720\" height=\"411\" src=\"https:\/\/absynth.eu\/wp-content\/uploads\/2019\/03\/modulUsalon-2.jpg\" class=\"vc_single_image-img attachment-large\" alt=\"\" srcset=\"https:\/\/absynth.eu\/wp-content\/uploads\/2019\/03\/modulUsalon-2.jpg 720w, https:\/\/absynth.eu\/wp-content\/uploads\/2019\/03\/modulUsalon-2-300x171.jpg 300w\" sizes=\"(max-width: 720px) 100vw, 720px\" \/><\/div>\n\t\t<\/figure>\n\t<\/div>\n\t\t<\/div>\n\t<\/div>\n<\/div><\/div><div class=\"vc_empty_space\"   style=\"height: 32px\" ><span class=\"vc_empty_space_inner\"><\/span><\/div>\n<\/div><\/div><\/div><\/div><\/div><\/div><div class=\"qodef-row-grid-section-wrapper\"  ><div class=\"qodef-row-grid-section\"><div class=\"vc_row wpb_row vc_row-fluid\" ><div class=\"wpb_column vc_column_container vc_col-sm-12\"><div class=\"vc_column-inner\"><div class=\"wpb_wrapper\"><div class=\"qodef-elements-holder   qodef-two-columns  qodef-responsive-mode-768\" ><div class=\"qodef-eh-item    qodef-element-from-top\"  data-item-class=\"qodef-eh-custom-9235\" data-animation=\"qodef-element-from-top\">\n\t<div class=\"qodef-eh-item-inner\">\n\t\t<div class=\"qodef-eh-item-content qodef-eh-custom-9235\" style=\"padding: 15px 10px 15px 10px\">\n\t\t\t\n\t<div  class=\"wpb_single_image wpb_content_element vc_align_left  wpb_animate_when_almost_visible wpb_fadeInLeft fadeInLeft\">\n\t\t\n\t\t<figure class=\"wpb_wrapper vc_figure\">\n\t\t\t<div class=\"vc_single_image-wrapper   vc_box_border_grey\"><img loading=\"lazy\" decoding=\"async\" width=\"720\" height=\"509\" src=\"https:\/\/absynth.eu\/wp-content\/uploads\/2019\/03\/sypialnia.jpg\" class=\"vc_single_image-img attachment-large\" alt=\"\" srcset=\"https:\/\/absynth.eu\/wp-content\/uploads\/2019\/03\/sypialnia.jpg 720w, https:\/\/absynth.eu\/wp-content\/uploads\/2019\/03\/sypialnia-300x212.jpg 300w\" sizes=\"(max-width: 720px) 100vw, 720px\" \/><\/div>\n\t\t<\/figure>\n\t<\/div>\n\t\t<\/div>\n\t<\/div>\n<\/div><div class=\"qodef-eh-item\"  data-item-class=\"qodef-eh-custom-4925\">\n\t<div class=\"qodef-eh-item-inner\">\n\t\t<div class=\"qodef-eh-item-content qodef-eh-custom-4925\" >\n\t\t\t<div class=\"vc_empty_space\"   style=\"height: 32px\" ><span class=\"vc_empty_space_inner\"><\/span><\/div>\n<div class=\"qodef-section-title-holder  qodef-st-standard qodef-st-title-left qodef-st-normal-space\" >\n\t<div class=\"qodef-st-inner\">\n\t\t\t\t\t\t\t<h2 class=\"qodef-st-title\" >\n\t\t\t\tDESIGN\t\t\t<\/h2>\n\t\t\t\t\t<\/div>\n<\/div><div class=\"vc_empty_space\"   style=\"height: 32px\" ><span class=\"vc_empty_space_inner\"><\/span><\/div>\n\n\t<div class=\"wpb_text_column wpb_content_element\" >\n\t\t<div class=\"wpb_wrapper\">\n\t\t\t<h5 class=\"western\"><span style=\"font-size: small;\">Design Absynth furniture corresponds directly with the most interesting trends in global design. It draws on native traditions furniture, as well as the experiences of European furniture manufacturers. It is the result of an unusual combination of traditional materials with a completely new form of furniture. Furniture ABSYNTH created for lovers of simple, modern design, including the very popular Scandinavian style to which we have added a bit of an industrial character.<\/span><\/h5>\n\n\t\t<\/div>\n\t<\/div>\n<div class=\"vc_empty_space\"   style=\"height: 32px\" ><span class=\"vc_empty_space_inner\"><\/span><\/div>\n\n\t<div class=\"wpb_text_column wpb_content_element\" >\n\t\t<div class=\"wpb_wrapper\">\n\t\t\t<p class=\"western\"><em><strong>We prove that they are specially for you! <\/strong><\/em><br \/>\n<em><strong>Absynth form is the result of researching new, fresh aesthetics in the context of known<\/strong><\/em><br \/>\n<em><strong>and proven repeatedly materials and technology.<\/strong><\/em><\/p>\n<p class=\"western\"><em>head designer DEFFINE FURNITURE<\/em><\/p>\n\n\t\t<\/div>\n\t<\/div>\n\t\t<\/div>\n\t<\/div>\n<\/div><\/div><div class=\"vc_empty_space\"   style=\"height: 32px\" ><span class=\"vc_empty_space_inner\"><\/span><\/div>\n<\/div><\/div><\/div><\/div><\/div><\/div><div class=\"qodef-row-grid-section-wrapper\"  ><div class=\"qodef-row-grid-section\"><div class=\"vc_row wpb_row vc_row-fluid\" ><div class=\"wpb_column vc_column_container vc_col-sm-12\"><div class=\"vc_column-inner\"><div class=\"wpb_wrapper\"><div class=\"qodef-elements-holder   qodef-two-columns  qodef-responsive-mode-768\" ><div class=\"qodef-eh-item\"  data-item-class=\"qodef-eh-custom-2437\">\n\t<div class=\"qodef-eh-item-inner\">\n\t\t<div class=\"qodef-eh-item-content qodef-eh-custom-2437\" >\n\t\t\t<div class=\"qodef-section-title-holder  qodef-st-standard qodef-st-title-left qodef-st-normal-space\" >\n\t<div class=\"qodef-st-inner\">\n\t\t\t\t\t\t\t<h2 class=\"qodef-st-title\" >\n\t\t\t\tPROCESS\t\t\t<\/h2>\n\t\t\t\t\t<\/div>\n<\/div><div class=\"vc_empty_space\"   style=\"height: 32px\" ><span class=\"vc_empty_space_inner\"><\/span><\/div>\n\n\t<div class=\"wpb_text_column wpb_content_element\" >\n\t\t<div class=\"wpb_wrapper\">\n\t\t\t<h5><span style=\"font-size: small;\">Our work on Absynth brand products this is multi-step process. Each step of this work is equally important for us. In this context it is extremely crucial to harmonious cooperation between of Design Department , Technology and Production. The result of a precise approach to the formation of the furniture is a product that meets the expectations of our customers.<\/span><\/h5>\n\n\t\t<\/div>\n\t<\/div>\n<div class=\"vc_empty_space\"   style=\"height: 32px\" ><span class=\"vc_empty_space_inner\"><\/span><\/div>\n\n\t<div class=\"wpb_text_column wpb_content_element\" >\n\t\t<div class=\"wpb_wrapper\">\n\t\t\t<p><em><strong>This excellent and modern design Absynth brand is always considered constructions these furniture.<\/strong><\/em><\/p>\n<p><em>technolog manager DEFFINE FURNITURE<\/em><\/p>\n\n\t\t<\/div>\n\t<\/div>\n\t\t<\/div>\n\t<\/div>\n<\/div><div class=\"qodef-eh-item    qodef-element-from-top\"  data-item-class=\"qodef-eh-custom-8948\" data-animation=\"qodef-element-from-top\">\n\t<div class=\"qodef-eh-item-inner\">\n\t\t<div class=\"qodef-eh-item-content qodef-eh-custom-8948\" >\n\t\t\t\n\t<div  class=\"wpb_single_image wpb_content_element vc_align_left  wpb_animate_when_almost_visible wpb_fadeInRight fadeInRight\">\n\t\t\n\t\t<figure class=\"wpb_wrapper vc_figure\">\n\t\t\t<div class=\"vc_single_image-wrapper   vc_box_border_grey\"><img loading=\"lazy\" decoding=\"async\" width=\"720\" height=\"509\" src=\"https:\/\/absynth.eu\/wp-content\/uploads\/2019\/03\/NOI_MARBLE_TABLE_WHITE-1.jpg\" class=\"vc_single_image-img attachment-large\" alt=\"\" srcset=\"https:\/\/absynth.eu\/wp-content\/uploads\/2019\/03\/NOI_MARBLE_TABLE_WHITE-1.jpg 720w, https:\/\/absynth.eu\/wp-content\/uploads\/2019\/03\/NOI_MARBLE_TABLE_WHITE-1-300x212.jpg 300w\" sizes=\"(max-width: 720px) 100vw, 720px\" \/><\/div>\n\t\t<\/figure>\n\t<\/div>\n\t\t<\/div>\n\t<\/div>\n<\/div><\/div><div class=\"vc_empty_space\"   style=\"height: 32px\" ><span class=\"vc_empty_space_inner\"><\/span><\/div>\n<\/div><\/div><\/div><\/div><\/div><\/div><div class=\"qodef-row-grid-section-wrapper qodef-parallax-row-holder qodef-content-aligment-center\" data-parallax-bg-image=\"https:\/\/absynth.eu\/wp-content\/uploads\/2019\/03\/paralax_o_nas.jpeg\" data-parallax-bg-speed=\"1\" style=\"background-color:rgba(2,2,2,0.36);background-image: url(https:\/\/absynth.eu\/wp-content\/uploads\/2019\/03\/paralax_o_nas.jpeg)\"><div class=\"qodef-row-grid-section\"><div class=\"vc_row wpb_row vc_row-fluid wpb_animate_when_almost_visible wpb_fadeInDown fadeInDown\" ><div class=\"wpb_column vc_column_container vc_col-sm-12 vc_col-has-fill\"><div class=\"vc_column-inner vc_custom_1552242429895\"><div class=\"wpb_wrapper\"><div class=\"qodef-elements-holder   qodef-one-column  qodef-responsive-mode-768\" ><div class=\"qodef-eh-item   qodef-horizontal-alignment-center\"  data-item-class=\"qodef-eh-custom-9436\">\n\t<div class=\"qodef-eh-item-inner\">\n\t\t<div class=\"qodef-eh-item-content qodef-eh-custom-9436\" >\n\t\t\t<div class=\"vc_empty_space\"   style=\"height: 32px\" ><span class=\"vc_empty_space_inner\"><\/span><\/div>\n<div class=\"qodef-section-title-holder  qodef-st-standard qodef-st-title-left qodef-st-normal-space\" >\n\t<div class=\"qodef-st-inner\">\n\t\t\t\t\t\t\t<h2 class=\"qodef-st-title\" style=\"color: #ffffff\">\n\t\t\t\tTECHNOLOGY\t\t\t<\/h2>\n\t\t\t\t\t<\/div>\n<\/div><div class=\"vc_empty_space\"   style=\"height: 32px\" ><span class=\"vc_empty_space_inner\"><\/span><\/div>\n\n\t<div class=\"wpb_text_column wpb_content_element\" >\n\t\t<div class=\"wpb_wrapper\">\n\t\t\t<h5 class=\"western\"><span style=\"color: #ffffff;\">We always use the highest quality components. We make every effort to ensure that ABSYNTH fully satisfy the expectations of our customers. Each step in the formation of furniture - from design, through production is supervised and fully controlled by Deffine Furniture employees.<\/span><\/h5>\n\n\t\t<\/div>\n\t<\/div>\n<div class=\"vc_empty_space\"   style=\"height: 32px\" ><span class=\"vc_empty_space_inner\"><\/span><\/div>\n\n\t<div class=\"wpb_text_column wpb_content_element\" >\n\t\t<div class=\"wpb_wrapper\">\n\t\t\t<p class=\"western\"><span style=\"color: #ffffff;\">We believe in idea of sustainable development. In our activities we take special care to protect the environment.<\/span><\/p>\n\n\t\t<\/div>\n\t<\/div>\n<div class=\"vc_empty_space\"   style=\"height: 102px\" ><span class=\"vc_empty_space_inner\"><\/span><\/div>\n\t\t<\/div>\n\t<\/div>\n<\/div><\/div><\/div><\/div><\/div><\/div><\/div><\/div><div class=\"vc_row wpb_row vc_row-fluid\" ><div class=\"wpb_column vc_column_container vc_col-sm-12\"><div class=\"vc_column-inner\"><div class=\"wpb_wrapper\"><div class=\"vc_empty_space\"   style=\"height: 52px\" ><span class=\"vc_empty_space_inner\"><\/span><\/div>\n<\/div><\/div><\/div><\/div><div class=\"vc_row wpb_row vc_row-fluid\" ><div class=\"wpb_column vc_column_container vc_col-sm-12\"><div class=\"vc_column-inner\"><div class=\"wpb_wrapper\"><div class=\"qodef-elements-holder   qodef-two-columns  qodef-responsive-mode-768\" ><div class=\"qodef-eh-item\"  data-item-class=\"qodef-eh-custom-6192\">\n\t<div class=\"qodef-eh-item-inner\">\n\t\t<div class=\"qodef-eh-item-content qodef-eh-custom-6192\" style=\"padding: 58px 15% 137px 20%\">\n\t\t\t<div class=\"vc_empty_space\"   style=\"height: 52px\" ><span class=\"vc_empty_space_inner\"><\/span><\/div>\n<div class=\"qodef-section-title-holder  qodef-st-standard qodef-st-title-left qodef-st-normal-space\" >\n\t<div class=\"qodef-st-inner\">\n\t\t\t\t\t\t\t<h2 class=\"qodef-st-title\" >\n\t\t\t\tCOOPERATION\t\t\t<\/h2>\n\t\t\t\t\t<\/div>\n<\/div><div class=\"vc_empty_space\"   style=\"height: 32px\" ><span class=\"vc_empty_space_inner\"><\/span><\/div>\n\n\t<div class=\"wpb_text_column wpb_content_element\" >\n\t\t<div class=\"wpb_wrapper\">\n\t\t\t<p class=\"western\">We invite architects of interior decorators and design studios to cooperate with us. We have for each model:<\/p>\n\n\t\t<\/div>\n\t<\/div>\n<div class=\"qodef-icon-list-holder\" >\n\t        <div class=\"qodef-il-icon-holder\">\n            <i class=\"qodef-icon-dripicons dripicon dripicons-arrow-right\" style=\"color: #020202;font-size: 10px\"><\/i>        <\/div>\n        <p class=\"qodef-il-text\" >3d models<\/p>\n    <\/div><div class=\"qodef-icon-list-holder\" >\n\t        <div class=\"qodef-il-icon-holder\">\n            <i class=\"qodef-icon-dripicons dripicon dripicons-arrow-right\" style=\"color: #020202;font-size: 10px\"><\/i>        <\/div>\n        <p class=\"qodef-il-text\" >rich palette of colors<\/p>\n    <\/div><div class=\"qodef-icon-list-holder\" >\n\t        <div class=\"qodef-il-icon-holder\">\n            <i class=\"qodef-icon-dripicons dripicon dripicons-arrow-right\" style=\"color: #020202;font-size: 10px\"><\/i>        <\/div>\n        <p class=\"qodef-il-text\" >variety of fabrics<\/p>\n    <\/div>\n\t<div class=\"wpb_text_column wpb_content_element\" >\n\t\t<div class=\"wpb_wrapper\">\n\t\t\t<p class=\"western\">We offer a flexible cooperation that gives you the opportunity to modify the shape and introduce individual dimensions of the furniture and cooperation on attractive rebate conditions with our partner salons.<\/p>\n\n\t\t<\/div>\n\t<\/div>\n\n\t<div class=\"wpb_text_column wpb_content_element\" >\n\t\t<div class=\"wpb_wrapper\">\n\t\t\t<p class=\"western\">Feel free to contact: <strong>office@absynth.eu<\/strong> phone: <strong>+48 83 343 1213<\/strong><\/p>\n<p class=\"western\">\u041e\u0431\u0441\u043b\u0443\u0436\u0438\u0432\u0430\u043d\u0438\u0435 \u044d\u043a\u0441\u043f\u043e\u0440\u0442\u0430: (\u0420\u0443\u0441\u0441\u043a\u0438\u0439 \u0438 \u0423\u043a\u0440\u0430\u0438\u043d\u0441\u043a\u0438\u0439 \u044f\u0437\u044b\u043a\u0438) <strong>+ 48 516 083 186 + 48 83 343 1213<\/strong>,\u00a0 e-mail: <strong>mn@absynth.eu<\/strong><\/p>\n\n\t\t<\/div>\n\t<\/div>\n\t\t<\/div>\n\t<\/div>\n<\/div><div class=\"qodef-eh-item   qodef-horizontal-alignment-center qodef-element-from-top\" style=\"background-image: url(https:\/\/absynth.eu\/wp-content\/uploads\/2019\/03\/wspolpraca_o_nas.jpeg)\" data-item-class=\"qodef-eh-custom-9428\" data-animation=\"qodef-element-from-top\" data-animation-delay=\"5\">\n\t<div class=\"qodef-eh-item-inner\">\n\t\t<div class=\"qodef-eh-item-content qodef-eh-custom-9428\" >\n\t\t\t\t\t<\/div>\n\t<\/div>\n<\/div><\/div><\/div><\/div><\/div><\/div>","protected":false},"excerpt":{"rendered":"MARKA ABSYNTH to nowa, inspiruj\u0105ca marka meblowa powsta\u0142a z my\u015bl\u0105 o osobach interesuj\u0105cych si\u0119 aran\u017cacj\u0105 i wystrojem wn\u0119trz, a tak\u017ce szeroko rozumianym designem. Kolejna (po marce TIMOORE) inicjatywa firmy DEFFINE FURNITURE tym razem skierowana dla os\u00f3b doros\u0142ych, poszukuj\u0105cych \u015bwietnego, niebanalnego [...]","protected":false},"author":1,"featured_media":0,"parent":0,"menu_order":0,"comment_status":"closed","ping_status":"closed","template":"full-width.php","meta":{"_monsterinsights_skip_tracking":false,"_monsterinsights_sitenote_active":false,"_monsterinsights_sitenote_note":"","_monsterinsights_sitenote_category":0,"footnotes":""},"class_list":["post-5562","page","type-page","status-publish","hentry"],"yoast_head":"<!-- This site is optimized with the Yoast SEO plugin v23.1 - https:\/\/yoast.com\/wordpress\/plugins\/seo\/ -->\n<title>O nas - Absynth<\/title>\n<meta name=\"description\" content=\"Absynth - producent nowoczesnych mebli. W ofercie: krzes\u0142a tapicerowane, meble skrzyniowe, stoly do jadalni, sto\u0142y d\u0119bowe,meble do salonu, jadalni. Absynth oryginalne meble - Zapraszamy\" \/>\n<meta name=\"robots\" content=\"index, follow, max-snippet:-1, max-image-preview:large, max-video-preview:-1\" \/>\n<link rel=\"canonical\" href=\"https:\/\/absynth.eu\/en\/o-nas\/\" \/>\n<meta property=\"og:locale\" content=\"en_GB\" \/>\n<meta property=\"og:type\" content=\"article\" \/>\n<meta property=\"og:title\" content=\"O nas - Absynth\" \/>\n<meta property=\"og:description\" content=\"Absynth - producent nowoczesnych mebli. W ofercie: krzes\u0142a tapicerowane, meble skrzyniowe, stoly do jadalni, sto\u0142y d\u0119bowe,meble do salonu, jadalni. Absynth oryginalne meble - Zapraszamy\" \/>\n<meta property=\"og:url\" content=\"https:\/\/absynth.eu\/en\/o-nas\/\" \/>\n<meta property=\"og:site_name\" content=\"Absynth\" \/>\n<meta property=\"article:publisher\" content=\"https:\/\/www.facebook.com\/MebleABSYNTH\" \/>\n<meta property=\"article:modified_time\" content=\"2019-04-08T14:47:25+00:00\" \/>\n<meta name=\"twitter:card\" content=\"summary_large_image\" \/>\n<meta name=\"twitter:label1\" content=\"Estimated reading time\" \/>\n\t<meta name=\"twitter:data1\" content=\"5 minutes\" \/>\n<script type=\"application\/ld+json\" class=\"yoast-schema-graph\">{\"@context\":\"https:\/\/schema.org\",\"@graph\":[{\"@type\":\"WebPage\",\"@id\":\"https:\/\/absynth.eu\/o-nas\/\",\"url\":\"https:\/\/absynth.eu\/o-nas\/\",\"name\":\"O nas - Absynth\",\"isPartOf\":{\"@id\":\"https:\/\/absynth.eu\/pl\/#website\"},\"datePublished\":\"2019-03-10T16:03:57+00:00\",\"dateModified\":\"2019-04-08T14:47:25+00:00\",\"description\":\"Absynth - producent nowoczesnych mebli. W ofercie: krzes\u0142a tapicerowane, meble skrzyniowe, stoly do jadalni, sto\u0142y d\u0119bowe,meble do salonu, jadalni. Absynth oryginalne meble - Zapraszamy\",\"breadcrumb\":{\"@id\":\"https:\/\/absynth.eu\/o-nas\/#breadcrumb\"},\"inLanguage\":\"en-GB\",\"potentialAction\":[{\"@type\":\"ReadAction\",\"target\":[\"https:\/\/absynth.eu\/o-nas\/\"]}]},{\"@type\":\"BreadcrumbList\",\"@id\":\"https:\/\/absynth.eu\/o-nas\/#breadcrumb\",\"itemListElement\":[{\"@type\":\"ListItem\",\"position\":1,\"name\":\"Strona g\u0142\u00f3wna\",\"item\":\"https:\/\/absynth.eu\/\"},{\"@type\":\"ListItem\",\"position\":2,\"name\":\"O nas\"}]},{\"@type\":\"WebSite\",\"@id\":\"https:\/\/absynth.eu\/pl\/#website\",\"url\":\"https:\/\/absynth.eu\/pl\/\",\"name\":\"Absynth\",\"description\":\"Meble tworz\u0105 wn\u0119trze\",\"potentialAction\":[{\"@type\":\"SearchAction\",\"target\":{\"@type\":\"EntryPoint\",\"urlTemplate\":\"https:\/\/absynth.eu\/pl\/?s={search_term_string}\"},\"query-input\":\"required name=search_term_string\"}],\"inLanguage\":\"en-GB\"}]}<\/script>\n<!-- \/ Yoast SEO plugin. -->","yoast_head_json":{"title":"O nas - Absynth","description":"Absynth - producent nowoczesnych mebli. W ofercie: krzes\u0142a tapicerowane, meble skrzyniowe, stoly do jadalni, sto\u0142y d\u0119bowe,meble do salonu, jadalni. Absynth oryginalne meble - Zapraszamy","robots":{"index":"index","follow":"follow","max-snippet":"max-snippet:-1","max-image-preview":"max-image-preview:large","max-video-preview":"max-video-preview:-1"},"canonical":"https:\/\/absynth.eu\/en\/o-nas\/","og_locale":"en_GB","og_type":"article","og_title":"O nas - Absynth","og_description":"Absynth - producent nowoczesnych mebli. W ofercie: krzes\u0142a tapicerowane, meble skrzyniowe, stoly do jadalni, sto\u0142y d\u0119bowe,meble do salonu, jadalni. Absynth oryginalne meble - Zapraszamy","og_url":"https:\/\/absynth.eu\/en\/o-nas\/","og_site_name":"Absynth","article_publisher":"https:\/\/www.facebook.com\/MebleABSYNTH","article_modified_time":"2019-04-08T14:47:25+00:00","twitter_card":"summary_large_image","twitter_misc":{"Estimated reading time":"5 minutes"},"schema":{"@context":"https:\/\/schema.org","@graph":[{"@type":"WebPage","@id":"https:\/\/absynth.eu\/o-nas\/","url":"https:\/\/absynth.eu\/o-nas\/","name":"O nas - Absynth","isPartOf":{"@id":"https:\/\/absynth.eu\/pl\/#website"},"datePublished":"2019-03-10T16:03:57+00:00","dateModified":"2019-04-08T14:47:25+00:00","description":"Absynth - producent nowoczesnych mebli. W ofercie: krzes\u0142a tapicerowane, meble skrzyniowe, stoly do jadalni, sto\u0142y d\u0119bowe,meble do salonu, jadalni. Absynth oryginalne meble - Zapraszamy","breadcrumb":{"@id":"https:\/\/absynth.eu\/o-nas\/#breadcrumb"},"inLanguage":"en-GB","potentialAction":[{"@type":"ReadAction","target":["https:\/\/absynth.eu\/o-nas\/"]}]},{"@type":"BreadcrumbList","@id":"https:\/\/absynth.eu\/o-nas\/#breadcrumb","itemListElement":[{"@type":"ListItem","position":1,"name":"Strona g\u0142\u00f3wna","item":"https:\/\/absynth.eu\/"},{"@type":"ListItem","position":2,"name":"O nas"}]},{"@type":"WebSite","@id":"https:\/\/absynth.eu\/pl\/#website","url":"https:\/\/absynth.eu\/pl\/","name":"Absynth","description":"Meble tworz\u0105 wn\u0119trze","potentialAction":[{"@type":"SearchAction","target":{"@type":"EntryPoint","urlTemplate":"https:\/\/absynth.eu\/pl\/?s={search_term_string}"},"query-input":"required name=search_term_string"}],"inLanguage":"en-GB"}]}},"_links":{"self":[{"href":"https:\/\/absynth.eu\/en\/wp-json\/wp\/v2\/pages\/5562"}],"collection":[{"href":"https:\/\/absynth.eu\/en\/wp-json\/wp\/v2\/pages"}],"about":[{"href":"https:\/\/absynth.eu\/en\/wp-json\/wp\/v2\/types\/page"}],"author":[{"embeddable":true,"href":"https:\/\/absynth.eu\/en\/wp-json\/wp\/v2\/users\/1"}],"replies":[{"embeddable":true,"href":"https:\/\/absynth.eu\/en\/wp-json\/wp\/v2\/comments?post=5562"}],"version-history":[{"count":72,"href":"https:\/\/absynth.eu\/en\/wp-json\/wp\/v2\/pages\/5562\/revisions"}],"predecessor-version":[{"id":7123,"href":"https:\/\/absynth.eu\/en\/wp-json\/wp\/v2\/pages\/5562\/revisions\/7123"}],"wp:attachment":[{"href":"https:\/\/absynth.eu\/en\/wp-json\/wp\/v2\/media?parent=5562"}],"curies":[{"name":"wp","href":"https:\/\/api.w.org\/{rel}","templated":true}]}}