{"id":5638,"date":"2019-03-10T20:44:12","date_gmt":"2019-03-10T19:44:12","guid":{"rendered":"http:\/\/absynth.eu\/?page_id=5638"},"modified":"2024-11-29T09:34:29","modified_gmt":"2024-11-29T08:34:29","slug":"realizacje","status":"publish","type":"page","link":"https:\/\/absynth.eu\/en\/realizacje\/","title":{"rendered":"Realizations"},"content":{"rendered":"<div class=\"vc_row wpb_row vc_row-fluid\" ><div class=\"wpb_column vc_column_container vc_col-sm-6\"><div class=\"vc_column-inner\"><div class=\"wpb_wrapper\"><h2 style=\"text-align: center\" class=\"vc_custom_heading\" >Sesja - Laroc<\/h2>\n\t<div  class=\"wpb_single_image wpb_content_element vc_align_center\">\n\t\t\n\t\t<figure class=\"wpb_wrapper vc_figure\">\n\t\t\t<div class=\"vc_single_image-wrapper vc_box_shadow_border  vc_box_border_grey\"><img loading=\"lazy\" decoding=\"async\" data-vc-zoom=\"https:\/\/absynth.eu\/wp-content\/uploads\/2024\/11\/IMG-20241125-WA0020-1024x1024.jpg\" class=\"vc_single_image-img\" src=\"https:\/\/absynth.eu\/wp-content\/uploads\/2024\/11\/IMG-20241125-WA0020-500x300.jpg\" width=\"500\" height=\"300\" alt=\"IMG-20241125-WA0020\" title=\"IMG-20241125-WA0020\" \/><\/div>\n\t\t<\/figure>\n\t<\/div>\n<a itemprop=\"url\" href=\"https:\/\/absynth.eu\/en\/realizacje\/sesja-laroc\/\" target=\"_self\" style=\"margin: 20px\" class=\"qodef-btn qodef-btn-medium qodef-btn-simple qodef-btn-underlined\"  >\n\t    <span class=\"qodef-btn-text\">Read more<\/span>\n    <\/a><div class=\"vc_empty_space\"   style=\"height: 32px\" ><span class=\"vc_empty_space_inner\"><\/span><\/div>\n<\/div><\/div><\/div><div class=\"wpb_column vc_column_container vc_col-sm-6\"><div class=\"vc_column-inner\"><div class=\"wpb_wrapper\"><h2 style=\"text-align: center\" class=\"vc_custom_heading\" >Sesja - Pracownia Pokojowo<\/h2>\n\t<div  class=\"wpb_single_image wpb_content_element vc_align_center\">\n\t\t\n\t\t<figure class=\"wpb_wrapper vc_figure\">\n\t\t\t<div class=\"vc_single_image-wrapper vc_box_shadow_border  vc_box_border_grey\"><img loading=\"lazy\" decoding=\"async\" data-vc-zoom=\"https:\/\/absynth.eu\/wp-content\/uploads\/2024\/04\/GIRO-SET-1024x683.jpg\" class=\"vc_single_image-img\" src=\"https:\/\/absynth.eu\/wp-content\/uploads\/2024\/04\/GIRO-SET-500x300.jpg\" width=\"500\" height=\"300\" alt=\"GIRO SET\" title=\"GIRO SET\" \/><\/div>\n\t\t<\/figure>\n\t<\/div>\n<a itemprop=\"url\" href=\"https:\/\/absynth.eu\/en\/realizacje\/sesja-pracownia-pokojowo\/\" target=\"_self\" style=\"margin: 20px\" class=\"qodef-btn qodef-btn-medium qodef-btn-simple qodef-btn-underlined\"  >\n\t    <span class=\"qodef-btn-text\">Read more<\/span>\n    <\/a><div class=\"vc_empty_space\"   style=\"height: 32px\" ><span class=\"vc_empty_space_inner\"><\/span><\/div>\n<\/div><\/div><\/div><\/div><div class=\"vc_row wpb_row vc_row-fluid\" ><div class=\"wpb_column vc_column_container vc_col-sm-6\"><div class=\"vc_column-inner\"><div class=\"wpb_wrapper\"><h2 style=\"text-align: center\" class=\"vc_custom_heading\" >Sesja - Yassen Hristov<\/h2>\n\t<div  class=\"wpb_single_image wpb_content_element vc_align_center\">\n\t\t\n\t\t<figure class=\"wpb_wrapper vc_figure\">\n\t\t\t<div class=\"vc_single_image-wrapper vc_box_shadow_border  vc_box_border_grey\"><img loading=\"lazy\" decoding=\"async\" data-vc-zoom=\"https:\/\/absynth.eu\/wp-content\/uploads\/2023\/11\/YAS1890-1024x683.jpg\" class=\"vc_single_image-img\" src=\"https:\/\/absynth.eu\/wp-content\/uploads\/2023\/11\/YAS1890-500x300.jpg\" width=\"500\" height=\"300\" alt=\"_YAS1890\" title=\"_YAS1890\" \/><\/div>\n\t\t<\/figure>\n\t<\/div>\n<a itemprop=\"url\" href=\"https:\/\/absynth.eu\/en\/realizacje\/sesja-yassen-hristov\/\" target=\"_self\" style=\"margin: 20px\" class=\"qodef-btn qodef-btn-medium qodef-btn-simple qodef-btn-underlined\"  >\n\t    <span class=\"qodef-btn-text\">Read more<\/span>\n    <\/a><div class=\"vc_empty_space\"   style=\"height: 32px\" ><span class=\"vc_empty_space_inner\"><\/span><\/div>\n<\/div><\/div><\/div><div class=\"wpb_column vc_column_container vc_col-sm-6\"><div class=\"vc_column-inner\"><div class=\"wpb_wrapper\"><h2 style=\"text-align: center\" class=\"vc_custom_heading\" >Wspieramy polski design - kolekcja MOON<\/h2>\n\t<div  class=\"wpb_single_image wpb_content_element vc_align_center\">\n\t\t\n\t\t<figure class=\"wpb_wrapper vc_figure\">\n\t\t\t<div class=\"vc_single_image-wrapper vc_box_shadow_border  vc_box_border_grey\"><img loading=\"lazy\" decoding=\"async\" data-vc-zoom=\"https:\/\/absynth.eu\/wp-content\/uploads\/2020\/09\/HMP1131-HDR-copy-718x1024.jpg\" class=\"vc_single_image-img\" src=\"https:\/\/absynth.eu\/wp-content\/uploads\/2020\/09\/HMP1131-HDR-copy-500x300.jpg\" width=\"500\" height=\"300\" alt=\"_HMP1131-HDR copy\" title=\"_HMP1131-HDR copy\" \/><\/div>\n\t\t<\/figure>\n\t<\/div>\n<a itemprop=\"url\" href=\"https:\/\/absynth.eu\/en\/realizacje\/wspieram-polski-design-kolekcja-moon\/\" target=\"_self\" style=\"margin: 20px\" class=\"qodef-btn qodef-btn-medium qodef-btn-simple qodef-btn-underlined\"  >\n\t    <span class=\"qodef-btn-text\">Read more<\/span>\n    <\/a><div class=\"vc_empty_space\"   style=\"height: 32px\" ><span class=\"vc_empty_space_inner\"><\/span><\/div>\n<\/div><\/div><\/div><\/div><div class=\"vc_row wpb_row vc_row-fluid\" ><div class=\"wpb_column vc_column_container vc_col-sm-6\"><div class=\"vc_column-inner\"><div class=\"wpb_wrapper\"><h2 style=\"text-align: center\" class=\"vc_custom_heading\" >Wspieramy polski design - \u0141\u00f3\u017cko Noi C++<\/h2>\n\t<div  class=\"wpb_single_image wpb_content_element vc_align_center\">\n\t\t\n\t\t<figure class=\"wpb_wrapper vc_figure\">\n\t\t\t<div class=\"vc_single_image-wrapper vc_box_shadow_border  vc_box_border_grey\"><img loading=\"lazy\" decoding=\"async\" data-vc-zoom=\"https:\/\/absynth.eu\/wp-content\/uploads\/2020\/08\/HMP2862-copy-1024x683.jpg\" class=\"vc_single_image-img\" src=\"https:\/\/absynth.eu\/wp-content\/uploads\/2020\/08\/HMP2862-copy-500x300.jpg\" width=\"500\" height=\"300\" alt=\"_HMP2862 copy\" title=\"_HMP2862 copy\" \/><\/div>\n\t\t<\/figure>\n\t<\/div>\n<a itemprop=\"url\" href=\"https:\/\/absynth.eu\/en\/realizacje\/wspieramy-polski-design\/\" target=\"_self\" style=\"margin: 20px\" class=\"qodef-btn qodef-btn-medium qodef-btn-simple qodef-btn-underlined\"  >\n\t    <span class=\"qodef-btn-text\">Read more<\/span>\n    <\/a><div class=\"vc_empty_space\"   style=\"height: 32px\" ><span class=\"vc_empty_space_inner\"><\/span><\/div>\n<\/div><\/div><\/div><div class=\"wpb_column vc_column_container vc_col-sm-6\"><div class=\"vc_column-inner\"><div class=\"wpb_wrapper\"><h2 style=\"text-align: center\" class=\"vc_custom_heading\" >Apartamenty Trio Krak\u00f3w<\/h2>\n\t<div  class=\"wpb_single_image wpb_content_element vc_align_center\">\n\t\t\n\t\t<figure class=\"wpb_wrapper vc_figure\">\n\t\t\t<div class=\"vc_single_image-wrapper vc_box_shadow_border  vc_box_border_grey\"><img loading=\"lazy\" decoding=\"async\" data-vc-zoom=\"https:\/\/absynth.eu\/wp-content\/uploads\/2020\/01\/image100-1024x768.jpeg\" class=\"vc_single_image-img\" src=\"https:\/\/absynth.eu\/wp-content\/uploads\/2020\/01\/image100-500x300.jpeg\" width=\"500\" height=\"300\" alt=\"Apartamenty Trio Krak\u00f3w\" title=\"Apartamenty Trio Krak\u00f3w\" \/><\/div>\n\t\t<\/figure>\n\t<\/div>\n<a itemprop=\"url\" href=\"https:\/\/absynth.eu\/en\/realizacje\/apartamenty-trio-krakow\/\" target=\"_self\" style=\"margin: 20px\" class=\"qodef-btn qodef-btn-medium qodef-btn-simple qodef-btn-underlined\"  >\n\t    <span class=\"qodef-btn-text\">Read more<\/span>\n    <\/a><div class=\"vc_empty_space\"   style=\"height: 32px\" ><span class=\"vc_empty_space_inner\"><\/span><\/div>\n<\/div><\/div><\/div><\/div><div class=\"vc_row wpb_row vc_row-fluid\" ><div class=\"wpb_column vc_column_container vc_col-sm-6\"><div class=\"vc_column-inner\"><div class=\"wpb_wrapper\"><h2 style=\"text-align: center\" class=\"vc_custom_heading\" >Apartament \u201ePanoramiczny Joe Black\u201d w Dune Beach Resort w Mielnie<\/h2>\n\t<div  class=\"wpb_single_image wpb_content_element vc_align_center\">\n\t\t\n\t\t<figure class=\"wpb_wrapper vc_figure\">\n\t\t\t<div class=\"vc_single_image-wrapper vc_box_shadow_border  vc_box_border_grey\"><img loading=\"lazy\" decoding=\"async\" data-vc-zoom=\"https:\/\/absynth.eu\/wp-content\/uploads\/2019\/12\/DuneB_411-18-1024x683.jpg\" class=\"vc_single_image-img\" src=\"https:\/\/absynth.eu\/wp-content\/uploads\/2019\/12\/DuneB_411-18-500x300.jpg\" width=\"500\" height=\"300\" alt=\"Dune Beach Resort\" title=\"DuneB_411-18\" \/><\/div>\n\t\t<\/figure>\n\t<\/div>\n<a itemprop=\"url\" href=\"https:\/\/absynth.eu\/en\/realizacje\/apartament-panoramiczny-joe-black-w-dune-beach-resort-w-mielnie\/\" target=\"_self\" style=\"margin: 20px\" class=\"qodef-btn qodef-btn-medium qodef-btn-simple qodef-btn-underlined\"  >\n\t    <span class=\"qodef-btn-text\">Read more<\/span>\n    <\/a><div class=\"vc_empty_space\"   style=\"height: 32px\" ><span class=\"vc_empty_space_inner\"><\/span><\/div>\n<\/div><\/div><\/div><div class=\"wpb_column vc_column_container vc_col-sm-6\"><div class=\"vc_column-inner\"><div class=\"wpb_wrapper\"><h2 style=\"text-align: center\" class=\"vc_custom_heading\" >Absynth.eu in No.44<\/h2>\n\t<div  class=\"wpb_single_image wpb_content_element vc_align_center\">\n\t\t\n\t\t<figure class=\"wpb_wrapper vc_figure\">\n\t\t\t<div class=\"vc_single_image-wrapper vc_box_shadow_border  vc_box_border_grey\"><img loading=\"lazy\" decoding=\"async\" data-vc-zoom=\"https:\/\/absynth.eu\/wp-content\/uploads\/2019\/04\/mio-design-2-1024x683.jpg\" class=\"vc_single_image-img\" src=\"https:\/\/absynth.eu\/wp-content\/uploads\/2019\/04\/mio-design-2-500x300.jpg\" width=\"500\" height=\"300\" alt=\"mio design 2\" title=\"mio design 2\" \/><\/div>\n\t\t<\/figure>\n\t<\/div>\n<a itemprop=\"url\" href=\"https:\/\/absynth.eu\/en\/realizacja-w-no-44\/\" target=\"_self\" style=\"margin: 20px\" class=\"qodef-btn qodef-btn-medium qodef-btn-simple qodef-btn-underlined\"  >\n\t    <span class=\"qodef-btn-text\">Read more<\/span>\n    <\/a><div class=\"vc_empty_space\"   style=\"height: 32px\" ><span class=\"vc_empty_space_inner\"><\/span><\/div>\n<\/div><\/div><\/div><\/div>","protected":false},"excerpt":{"rendered":"Sesja - Laroc Czytaj wi\u0119cej Sesja - Pracownia Pokojowo Czytaj wi\u0119cej Sesja - Yassen Hristov Czytaj wi\u0119cej Wspieramy polski design - kolekcja MOON Czytaj wi\u0119cej Wspieramy polski design - \u0141\u00f3\u017cko Noi C++ Czytaj wi\u0119cej Apartamenty Trio Krak\u00f3w Czytaj wi\u0119cej Apartament [...]","protected":false},"author":1,"featured_media":0,"parent":0,"menu_order":0,"comment_status":"closed","ping_status":"closed","template":"","meta":{"_monsterinsights_skip_tracking":false,"_monsterinsights_sitenote_active":false,"_monsterinsights_sitenote_note":"","_monsterinsights_sitenote_category":0,"footnotes":""},"class_list":["post-5638","page","type-page","status-publish","hentry"],"yoast_head":"<!-- This site is optimized with the Yoast SEO plugin v23.1 - https:\/\/yoast.com\/wordpress\/plugins\/seo\/ -->\n<title>Realizacje - Absynth<\/title>\n<meta name=\"description\" content=\"Absynth - producent nowoczesnych mebli. W ofercie: krzes\u0142a tapicerowane, meble skrzyniowe, stoly do jadalni, sto\u0142y d\u0119bowe,meble do salonu, jadalni. Absynth oryginalne meble - Zapraszamy\" \/>\n<meta name=\"robots\" content=\"index, follow, max-snippet:-1, max-image-preview:large, max-video-preview:-1\" \/>\n<link rel=\"canonical\" href=\"https:\/\/absynth.eu\/en\/realizacje\/\" \/>\n<meta property=\"og:locale\" content=\"en_GB\" \/>\n<meta property=\"og:type\" content=\"article\" \/>\n<meta property=\"og:title\" content=\"Realizacje - Absynth\" \/>\n<meta property=\"og:description\" content=\"Absynth - producent nowoczesnych mebli. W ofercie: krzes\u0142a tapicerowane, meble skrzyniowe, stoly do jadalni, sto\u0142y d\u0119bowe,meble do salonu, jadalni. Absynth oryginalne meble - Zapraszamy\" \/>\n<meta property=\"og:url\" content=\"https:\/\/absynth.eu\/en\/realizacje\/\" \/>\n<meta property=\"og:site_name\" content=\"Absynth\" \/>\n<meta property=\"article:publisher\" content=\"https:\/\/www.facebook.com\/MebleABSYNTH\" \/>\n<meta property=\"article:modified_time\" content=\"2024-11-29T08:34:29+00:00\" \/>\n<meta name=\"twitter:card\" content=\"summary_large_image\" \/>\n<meta name=\"twitter:label1\" content=\"Estimated reading time\" \/>\n\t<meta name=\"twitter:data1\" content=\"2 minutes\" \/>\n<script type=\"application\/ld+json\" class=\"yoast-schema-graph\">{\"@context\":\"https:\/\/schema.org\",\"@graph\":[{\"@type\":\"WebPage\",\"@id\":\"https:\/\/absynth.eu\/realizacje\/\",\"url\":\"https:\/\/absynth.eu\/realizacje\/\",\"name\":\"Realizacje - Absynth\",\"isPartOf\":{\"@id\":\"https:\/\/absynth.eu\/pl\/#website\"},\"datePublished\":\"2019-03-10T19:44:12+00:00\",\"dateModified\":\"2024-11-29T08:34:29+00:00\",\"description\":\"Absynth - producent nowoczesnych mebli. W ofercie: krzes\u0142a tapicerowane, meble skrzyniowe, stoly do jadalni, sto\u0142y d\u0119bowe,meble do salonu, jadalni. Absynth oryginalne meble - Zapraszamy\",\"breadcrumb\":{\"@id\":\"https:\/\/absynth.eu\/realizacje\/#breadcrumb\"},\"inLanguage\":\"en-GB\",\"potentialAction\":[{\"@type\":\"ReadAction\",\"target\":[\"https:\/\/absynth.eu\/realizacje\/\"]}]},{\"@type\":\"BreadcrumbList\",\"@id\":\"https:\/\/absynth.eu\/realizacje\/#breadcrumb\",\"itemListElement\":[{\"@type\":\"ListItem\",\"position\":1,\"name\":\"Strona g\u0142\u00f3wna\",\"item\":\"https:\/\/absynth.eu\/\"},{\"@type\":\"ListItem\",\"position\":2,\"name\":\"Realizacje\"}]},{\"@type\":\"WebSite\",\"@id\":\"https:\/\/absynth.eu\/pl\/#website\",\"url\":\"https:\/\/absynth.eu\/pl\/\",\"name\":\"Absynth\",\"description\":\"Meble tworz\u0105 wn\u0119trze\",\"potentialAction\":[{\"@type\":\"SearchAction\",\"target\":{\"@type\":\"EntryPoint\",\"urlTemplate\":\"https:\/\/absynth.eu\/pl\/?s={search_term_string}\"},\"query-input\":\"required name=search_term_string\"}],\"inLanguage\":\"en-GB\"}]}<\/script>\n<!-- \/ Yoast SEO plugin. -->","yoast_head_json":{"title":"Realizacje - Absynth","description":"Absynth - producent nowoczesnych mebli. W ofercie: krzes\u0142a tapicerowane, meble skrzyniowe, stoly do jadalni, sto\u0142y d\u0119bowe,meble do salonu, jadalni. Absynth oryginalne meble - Zapraszamy","robots":{"index":"index","follow":"follow","max-snippet":"max-snippet:-1","max-image-preview":"max-image-preview:large","max-video-preview":"max-video-preview:-1"},"canonical":"https:\/\/absynth.eu\/en\/realizacje\/","og_locale":"en_GB","og_type":"article","og_title":"Realizacje - Absynth","og_description":"Absynth - producent nowoczesnych mebli. W ofercie: krzes\u0142a tapicerowane, meble skrzyniowe, stoly do jadalni, sto\u0142y d\u0119bowe,meble do salonu, jadalni. Absynth oryginalne meble - Zapraszamy","og_url":"https:\/\/absynth.eu\/en\/realizacje\/","og_site_name":"Absynth","article_publisher":"https:\/\/www.facebook.com\/MebleABSYNTH","article_modified_time":"2024-11-29T08:34:29+00:00","twitter_card":"summary_large_image","twitter_misc":{"Estimated reading time":"2 minutes"},"schema":{"@context":"https:\/\/schema.org","@graph":[{"@type":"WebPage","@id":"https:\/\/absynth.eu\/realizacje\/","url":"https:\/\/absynth.eu\/realizacje\/","name":"Realizacje - Absynth","isPartOf":{"@id":"https:\/\/absynth.eu\/pl\/#website"},"datePublished":"2019-03-10T19:44:12+00:00","dateModified":"2024-11-29T08:34:29+00:00","description":"Absynth - producent nowoczesnych mebli. W ofercie: krzes\u0142a tapicerowane, meble skrzyniowe, stoly do jadalni, sto\u0142y d\u0119bowe,meble do salonu, jadalni. Absynth oryginalne meble - Zapraszamy","breadcrumb":{"@id":"https:\/\/absynth.eu\/realizacje\/#breadcrumb"},"inLanguage":"en-GB","potentialAction":[{"@type":"ReadAction","target":["https:\/\/absynth.eu\/realizacje\/"]}]},{"@type":"BreadcrumbList","@id":"https:\/\/absynth.eu\/realizacje\/#breadcrumb","itemListElement":[{"@type":"ListItem","position":1,"name":"Strona g\u0142\u00f3wna","item":"https:\/\/absynth.eu\/"},{"@type":"ListItem","position":2,"name":"Realizacje"}]},{"@type":"WebSite","@id":"https:\/\/absynth.eu\/pl\/#website","url":"https:\/\/absynth.eu\/pl\/","name":"Absynth","description":"Meble tworz\u0105 wn\u0119trze","potentialAction":[{"@type":"SearchAction","target":{"@type":"EntryPoint","urlTemplate":"https:\/\/absynth.eu\/pl\/?s={search_term_string}"},"query-input":"required name=search_term_string"}],"inLanguage":"en-GB"}]}},"_links":{"self":[{"href":"https:\/\/absynth.eu\/en\/wp-json\/wp\/v2\/pages\/5638"}],"collection":[{"href":"https:\/\/absynth.eu\/en\/wp-json\/wp\/v2\/pages"}],"about":[{"href":"https:\/\/absynth.eu\/en\/wp-json\/wp\/v2\/types\/page"}],"author":[{"embeddable":true,"href":"https:\/\/absynth.eu\/en\/wp-json\/wp\/v2\/users\/1"}],"replies":[{"embeddable":true,"href":"https:\/\/absynth.eu\/en\/wp-json\/wp\/v2\/comments?post=5638"}],"version-history":[{"count":16,"href":"https:\/\/absynth.eu\/en\/wp-json\/wp\/v2\/pages\/5638\/revisions"}],"predecessor-version":[{"id":9884,"href":"https:\/\/absynth.eu\/en\/wp-json\/wp\/v2\/pages\/5638\/revisions\/9884"}],"wp:attachment":[{"href":"https:\/\/absynth.eu\/en\/wp-json\/wp\/v2\/media?parent=5638"}],"curies":[{"name":"wp","href":"https:\/\/api.w.org\/{rel}","templated":true}]}}