{"id":6225,"date":"2019-03-22T20:59:02","date_gmt":"2019-03-22T19:59:02","guid":{"rendered":"http:\/\/absynth.eu\/?page_id=6225"},"modified":"2024-05-27T10:11:36","modified_gmt":"2024-05-27T08:11:36","slug":"kolekcja-dablin","status":"publish","type":"page","link":"https:\/\/absynth.eu\/en\/kolekcje\/kolekcja-dablin\/","title":{"rendered":"Dablin Collection"},"content":{"rendered":"<div class=\"vc_row wpb_row vc_row-fluid\" ><div class=\"wpb_column vc_column_container vc_col-sm-12\"><div class=\"vc_column-inner\"><div class=\"wpb_wrapper\">\n\t<div  class=\"wpb_single_image wpb_content_element vc_align_center  wpb_animate_when_almost_visible wpb_fadeInUpBig fadeInUpBig\">\n\t\t\n\t\t<figure class=\"wpb_wrapper vc_figure\">\n\t\t\t<div class=\"vc_single_image-wrapper   vc_box_border_grey\"><img loading=\"lazy\" decoding=\"async\" width=\"1920\" height=\"960\" src=\"https:\/\/absynth.eu\/wp-content\/uploads\/2019\/03\/baner_dublin.jpg\" class=\"vc_single_image-img attachment-full\" alt=\"\" srcset=\"https:\/\/absynth.eu\/wp-content\/uploads\/2019\/03\/baner_dublin.jpg 1920w, https:\/\/absynth.eu\/wp-content\/uploads\/2019\/03\/baner_dublin-300x150.jpg 300w, https:\/\/absynth.eu\/wp-content\/uploads\/2019\/03\/baner_dublin-768x384.jpg 768w, https:\/\/absynth.eu\/wp-content\/uploads\/2019\/03\/baner_dublin-1024x512.jpg 1024w, https:\/\/absynth.eu\/wp-content\/uploads\/2019\/03\/baner_dublin-1300x650.jpg 1300w\" sizes=\"(max-width: 1920px) 100vw, 1920px\" \/><\/div>\n\t\t<\/figure>\n\t<\/div>\n<\/div><\/div><\/div><\/div><div class=\"qodef-row-grid-section-wrapper\"  ><div class=\"qodef-row-grid-section\"><div class=\"vc_row wpb_row vc_row-fluid\" ><div class=\"wpb_column vc_column_container vc_col-sm-12\"><div class=\"vc_column-inner\"><div class=\"wpb_wrapper\"><div class=\"vc_empty_space\"   style=\"height: 65px\" ><span class=\"vc_empty_space_inner\"><\/span><\/div>\n<\/div><\/div><\/div><\/div><\/div><\/div><div class=\"qodef-row-grid-section-wrapper\"  ><div class=\"qodef-row-grid-section\"><div class=\"vc_row wpb_row vc_row-fluid\" ><div class=\"wpb_column vc_column_container vc_col-sm-12\"><div class=\"vc_column-inner\"><div class=\"wpb_wrapper\"><div class=\"qodef-section-title-holder  qodef-st-standard qodef-st-title-left qodef-st-normal-space\" >\n\t<div class=\"qodef-st-inner\">\n\t\t\t\t\t\t\t<h1 class=\"qodef-st-title\" >\n\t\t\t\tDablin Collection\t\t\t<\/h1>\n\t\t\t\t\t<\/div>\n<\/div><div class=\"vc_empty_space\"   style=\"height: 32px\" ><span class=\"vc_empty_space_inner\"><\/span><\/div>\n<div class=\"qodef-section-title-holder  qodef-st-standard qodef-st-title-left qodef-st-normal-space\" >\n\t<div class=\"qodef-st-inner\">\n\t\t\t\t\t\t\t\t\t<h2 class=\"qodef-st-text\" >\n\t\t\t\tOAK TABLES\t\t\t<\/h2>\n\t\t\t<\/div>\n<\/div>\n\t<div class=\"wpb_text_column wpb_content_element\" >\n\t\t<div class=\"wpb_wrapper\">\n\t\t\t<p>Minimalism, simplicity, a combination of modern design and tradition, and above all the use of completely natural materials - these words perfectly reflect the nature of the collection of Eco-style oak tables. It is an innovation on the European market, thanks to the use of a special Eco-coating, safe for food.<\/p>\n\n\t\t<\/div>\n\t<\/div>\n\n\t<div class=\"wpb_text_column wpb_content_element\" >\n\t\t<div class=\"wpb_wrapper\">\n\t\t\t<p>The collection is also distinguished by the fact that the tables are made of solid oak. Everyone who knows how much NATURA means to us and appreciates its goodness ... Everyone for whom the moments spent together at one table are important ... .Everyone who appreciates the functionality and also the unforced simple elegance - should be interested in the line of Dablin oak tables.<\/p>\n\n\t\t<\/div>\n\t<\/div>\n<\/div><\/div><\/div><\/div><\/div><\/div><div class=\"qodef-row-grid-section-wrapper\"  ><div class=\"qodef-row-grid-section\"><div class=\"vc_row wpb_row vc_row-fluid\" ><div class=\"wpb_column vc_column_container vc_col-sm-3\"><div class=\"vc_column-inner\"><div class=\"wpb_wrapper\"><div class=\"vc-hoverbox-wrapper  vc-hoverbox-shape--square vc-hoverbox-align--center vc-hoverbox-direction--default vc-hoverbox-width--100\" >\n  <div class=\"vc-hoverbox\">\n    <div class=\"vc-hoverbox-inner\">\n      <div class=\"vc-hoverbox-block vc-hoverbox-front\" style=\"background-image: url(https:\/\/absynth.eu\/wp-content\/uploads\/2019\/03\/A04-02-GRAF.jpg);\">\n        <div class=\"vc-hoverbox-block-inner vc-hoverbox-front-inner\">\n            \n        <\/div>\n      <\/div>\n      <div class=\"vc-hoverbox-block vc-hoverbox-back\" style=\"background-color: #ffffff;\">\n        <div class=\"vc-hoverbox-block-inner vc-hoverbox-back-inner\">\n            \n            <h5>oak table 180<\/h5>\n\n            <div class=\"vc_btn3-container vc_btn3-inline\" >\n\t<a onmouseleave=\"this.style.borderColor='#666666'; this.style.backgroundColor='transparent'; this.style.color='#666666'\" onmouseenter=\"this.style.borderColor='#666666'; this.style.backgroundColor='#666666'; this.style.color='#ffffff';\" style=\"border-color:#666666; color:#666666;\" class=\"vc_general vc_btn3 vc_btn3-size-md vc_btn3-shape-square vc_btn3-style-outline-custom\" href=\"https:\/\/absynth.eu\/en\/kolekcje\/kolekcja-dablin\/stol-debowy-180\/\" title=\"oak table 180\">more<\/a><\/div>\n\n        <\/div>\n      <\/div>\n    <\/div>\n  <\/div>\n<\/div><\/div><\/div><\/div><div class=\"wpb_column vc_column_container vc_col-sm-3\"><div class=\"vc_column-inner\"><div class=\"wpb_wrapper\"><div class=\"vc-hoverbox-wrapper  vc-hoverbox-shape--square vc-hoverbox-align--center vc-hoverbox-direction--default vc-hoverbox-width--100\" >\n  <div class=\"vc-hoverbox\">\n    <div class=\"vc-hoverbox-inner\">\n      <div class=\"vc-hoverbox-block vc-hoverbox-front\" style=\"background-image: url(https:\/\/absynth.eu\/wp-content\/uploads\/2019\/03\/DEFFINE_Furniture-_DABLIN_A04-02-OAK-WH.jpg);\">\n        <div class=\"vc-hoverbox-block-inner vc-hoverbox-front-inner\">\n            \n        <\/div>\n      <\/div>\n      <div class=\"vc-hoverbox-block vc-hoverbox-back\" style=\"background-color: #ffffff;\">\n        <div class=\"vc-hoverbox-block-inner vc-hoverbox-back-inner\">\n            \n            <h5>oak table 160<\/h5>\n\n            <div class=\"vc_btn3-container vc_btn3-inline\" >\n\t<a onmouseleave=\"this.style.borderColor='#666666'; this.style.backgroundColor='transparent'; this.style.color='#666666'\" onmouseenter=\"this.style.borderColor='#666666'; this.style.backgroundColor='#666666'; this.style.color='#ffffff';\" style=\"border-color:#666666; color:#666666;\" class=\"vc_general vc_btn3 vc_btn3-size-md vc_btn3-shape-square vc_btn3-style-outline-custom\" href=\"https:\/\/absynth.eu\/en\/kolekcje\/kolekcja-dablin\/stol-debowy-160\/\" title=\"oak table 160\">more<\/a><\/div>\n\n        <\/div>\n      <\/div>\n    <\/div>\n  <\/div>\n<\/div><\/div><\/div><\/div><div class=\"wpb_column vc_column_container vc_col-sm-3\"><div class=\"vc_column-inner\"><div class=\"wpb_wrapper\"><div class=\"vc-hoverbox-wrapper  vc-hoverbox-shape--square vc-hoverbox-align--center vc-hoverbox-direction--default vc-hoverbox-width--100\" >\n  <div class=\"vc-hoverbox\">\n    <div class=\"vc-hoverbox-inner\">\n      <div class=\"vc-hoverbox-block vc-hoverbox-front\" style=\"background-image: url(https:\/\/absynth.eu\/wp-content\/uploads\/2019\/03\/A04-02-GRAF.jpg);\">\n        <div class=\"vc-hoverbox-block-inner vc-hoverbox-front-inner\">\n            \n        <\/div>\n      <\/div>\n      <div class=\"vc-hoverbox-block vc-hoverbox-back\" style=\"background-color: #ffffff;\">\n        <div class=\"vc-hoverbox-block-inner vc-hoverbox-back-inner\">\n            \n            <h5>oak table 140<\/h5>\n\n            <div class=\"vc_btn3-container vc_btn3-inline\" >\n\t<a onmouseleave=\"this.style.borderColor='#666666'; this.style.backgroundColor='transparent'; this.style.color='#666666'\" onmouseenter=\"this.style.borderColor='#666666'; this.style.backgroundColor='#666666'; this.style.color='#ffffff';\" style=\"border-color:#666666; color:#666666;\" class=\"vc_general vc_btn3 vc_btn3-size-md vc_btn3-shape-square vc_btn3-style-outline-custom\" href=\"https:\/\/absynth.eu\/en\/kolekcje\/kolekcja-dablin\/stol-debowy-140\/\" title=\"oak table 140\">more<\/a><\/div>\n\n        <\/div>\n      <\/div>\n    <\/div>\n  <\/div>\n<\/div><\/div><\/div><\/div><div class=\"wpb_column vc_column_container vc_col-sm-3\"><div class=\"vc_column-inner\"><div class=\"wpb_wrapper\"><\/div><\/div><\/div><\/div><\/div><\/div>","protected":false},"excerpt":{"rendered":"Kolekcja Dablin STO\u0141Y D\u0118BOWE Minimalizm, prostota, po\u0142\u0105czenie nowoczesnego designu i tradycji oraz przede wszystkim wykorzystanie ca\u0142kowicie naturalnych materia\u0142\u00f3w \u2013 te s\u0142owa idealnie oddaj\u0105 charakter kolekcji d\u0119bowych sto\u0142\u00f3w w stylu Eco. To innowacja na europejskim rynku, dzi\u0119ki wykorzystanej specjalnej Eco pow\u0142oce, [...]","protected":false},"author":1,"featured_media":0,"parent":5629,"menu_order":0,"comment_status":"closed","ping_status":"closed","template":"full-width.php","meta":{"_monsterinsights_skip_tracking":false,"_monsterinsights_sitenote_active":false,"_monsterinsights_sitenote_note":"","_monsterinsights_sitenote_category":0,"footnotes":""},"class_list":["post-6225","page","type-page","status-publish","hentry"],"yoast_head":"<!-- This site is optimized with the Yoast SEO plugin v23.1 - https:\/\/yoast.com\/wordpress\/plugins\/seo\/ -->\n<title>Kolekcja Dablin - Absynth<\/title>\n<meta name=\"description\" content=\"Absynth - producent nowoczesnych mebli. W ofercie: krzes\u0142a tapicerowane, meble skrzyniowe, stoly do jadalni, sto\u0142y d\u0119bowe,meble do salonu, jadalni. Absynth oryginalne meble - Zapraszamy\" \/>\n<meta name=\"robots\" content=\"index, follow, max-snippet:-1, max-image-preview:large, max-video-preview:-1\" \/>\n<link rel=\"canonical\" href=\"https:\/\/absynth.eu\/en\/kolekcje\/kolekcja-dablin\/\" \/>\n<meta property=\"og:locale\" content=\"en_GB\" \/>\n<meta property=\"og:type\" content=\"article\" \/>\n<meta property=\"og:title\" content=\"Kolekcja Dablin - Absynth\" \/>\n<meta property=\"og:description\" content=\"Absynth - producent nowoczesnych mebli. W ofercie: krzes\u0142a tapicerowane, meble skrzyniowe, stoly do jadalni, sto\u0142y d\u0119bowe,meble do salonu, jadalni. Absynth oryginalne meble - Zapraszamy\" \/>\n<meta property=\"og:url\" content=\"https:\/\/absynth.eu\/en\/kolekcje\/kolekcja-dablin\/\" \/>\n<meta property=\"og:site_name\" content=\"Absynth\" \/>\n<meta property=\"article:publisher\" content=\"https:\/\/www.facebook.com\/MebleABSYNTH\" \/>\n<meta property=\"article:modified_time\" content=\"2024-05-27T08:11:36+00:00\" \/>\n<meta name=\"twitter:card\" content=\"summary_large_image\" \/>\n<meta name=\"twitter:label1\" content=\"Estimated reading time\" \/>\n\t<meta name=\"twitter:data1\" content=\"2 minutes\" \/>\n<script type=\"application\/ld+json\" class=\"yoast-schema-graph\">{\"@context\":\"https:\/\/schema.org\",\"@graph\":[{\"@type\":\"WebPage\",\"@id\":\"https:\/\/absynth.eu\/kolekcje\/kolekcja-dablin\/\",\"url\":\"https:\/\/absynth.eu\/kolekcje\/kolekcja-dablin\/\",\"name\":\"Kolekcja Dablin - Absynth\",\"isPartOf\":{\"@id\":\"https:\/\/absynth.eu\/pl\/#website\"},\"datePublished\":\"2019-03-22T19:59:02+00:00\",\"dateModified\":\"2024-05-27T08:11:36+00:00\",\"description\":\"Absynth - producent nowoczesnych mebli. W ofercie: krzes\u0142a tapicerowane, meble skrzyniowe, stoly do jadalni, sto\u0142y d\u0119bowe,meble do salonu, jadalni. Absynth oryginalne meble - Zapraszamy\",\"breadcrumb\":{\"@id\":\"https:\/\/absynth.eu\/kolekcje\/kolekcja-dablin\/#breadcrumb\"},\"inLanguage\":\"en-GB\",\"potentialAction\":[{\"@type\":\"ReadAction\",\"target\":[\"https:\/\/absynth.eu\/kolekcje\/kolekcja-dablin\/\"]}]},{\"@type\":\"BreadcrumbList\",\"@id\":\"https:\/\/absynth.eu\/kolekcje\/kolekcja-dablin\/#breadcrumb\",\"itemListElement\":[{\"@type\":\"ListItem\",\"position\":1,\"name\":\"Strona g\u0142\u00f3wna\",\"item\":\"https:\/\/absynth.eu\/\"},{\"@type\":\"ListItem\",\"position\":2,\"name\":\"Kolekcje\",\"item\":\"https:\/\/absynth.eu\/kolekcje\/\"},{\"@type\":\"ListItem\",\"position\":3,\"name\":\"Kolekcja Dablin\"}]},{\"@type\":\"WebSite\",\"@id\":\"https:\/\/absynth.eu\/pl\/#website\",\"url\":\"https:\/\/absynth.eu\/pl\/\",\"name\":\"Absynth\",\"description\":\"Meble tworz\u0105 wn\u0119trze\",\"potentialAction\":[{\"@type\":\"SearchAction\",\"target\":{\"@type\":\"EntryPoint\",\"urlTemplate\":\"https:\/\/absynth.eu\/pl\/?s={search_term_string}\"},\"query-input\":\"required name=search_term_string\"}],\"inLanguage\":\"en-GB\"}]}<\/script>\n<!-- \/ Yoast SEO plugin. -->","yoast_head_json":{"title":"Kolekcja Dablin - Absynth","description":"Absynth - producent nowoczesnych mebli. W ofercie: krzes\u0142a tapicerowane, meble skrzyniowe, stoly do jadalni, sto\u0142y d\u0119bowe,meble do salonu, jadalni. Absynth oryginalne meble - Zapraszamy","robots":{"index":"index","follow":"follow","max-snippet":"max-snippet:-1","max-image-preview":"max-image-preview:large","max-video-preview":"max-video-preview:-1"},"canonical":"https:\/\/absynth.eu\/en\/kolekcje\/kolekcja-dablin\/","og_locale":"en_GB","og_type":"article","og_title":"Kolekcja Dablin - Absynth","og_description":"Absynth - producent nowoczesnych mebli. W ofercie: krzes\u0142a tapicerowane, meble skrzyniowe, stoly do jadalni, sto\u0142y d\u0119bowe,meble do salonu, jadalni. Absynth oryginalne meble - Zapraszamy","og_url":"https:\/\/absynth.eu\/en\/kolekcje\/kolekcja-dablin\/","og_site_name":"Absynth","article_publisher":"https:\/\/www.facebook.com\/MebleABSYNTH","article_modified_time":"2024-05-27T08:11:36+00:00","twitter_card":"summary_large_image","twitter_misc":{"Estimated reading time":"2 minutes"},"schema":{"@context":"https:\/\/schema.org","@graph":[{"@type":"WebPage","@id":"https:\/\/absynth.eu\/kolekcje\/kolekcja-dablin\/","url":"https:\/\/absynth.eu\/kolekcje\/kolekcja-dablin\/","name":"Kolekcja Dablin - Absynth","isPartOf":{"@id":"https:\/\/absynth.eu\/pl\/#website"},"datePublished":"2019-03-22T19:59:02+00:00","dateModified":"2024-05-27T08:11:36+00:00","description":"Absynth - producent nowoczesnych mebli. W ofercie: krzes\u0142a tapicerowane, meble skrzyniowe, stoly do jadalni, sto\u0142y d\u0119bowe,meble do salonu, jadalni. Absynth oryginalne meble - Zapraszamy","breadcrumb":{"@id":"https:\/\/absynth.eu\/kolekcje\/kolekcja-dablin\/#breadcrumb"},"inLanguage":"en-GB","potentialAction":[{"@type":"ReadAction","target":["https:\/\/absynth.eu\/kolekcje\/kolekcja-dablin\/"]}]},{"@type":"BreadcrumbList","@id":"https:\/\/absynth.eu\/kolekcje\/kolekcja-dablin\/#breadcrumb","itemListElement":[{"@type":"ListItem","position":1,"name":"Strona g\u0142\u00f3wna","item":"https:\/\/absynth.eu\/"},{"@type":"ListItem","position":2,"name":"Kolekcje","item":"https:\/\/absynth.eu\/kolekcje\/"},{"@type":"ListItem","position":3,"name":"Kolekcja Dablin"}]},{"@type":"WebSite","@id":"https:\/\/absynth.eu\/pl\/#website","url":"https:\/\/absynth.eu\/pl\/","name":"Absynth","description":"Meble tworz\u0105 wn\u0119trze","potentialAction":[{"@type":"SearchAction","target":{"@type":"EntryPoint","urlTemplate":"https:\/\/absynth.eu\/pl\/?s={search_term_string}"},"query-input":"required name=search_term_string"}],"inLanguage":"en-GB"}]}},"_links":{"self":[{"href":"https:\/\/absynth.eu\/en\/wp-json\/wp\/v2\/pages\/6225"}],"collection":[{"href":"https:\/\/absynth.eu\/en\/wp-json\/wp\/v2\/pages"}],"about":[{"href":"https:\/\/absynth.eu\/en\/wp-json\/wp\/v2\/types\/page"}],"author":[{"embeddable":true,"href":"https:\/\/absynth.eu\/en\/wp-json\/wp\/v2\/users\/1"}],"replies":[{"embeddable":true,"href":"https:\/\/absynth.eu\/en\/wp-json\/wp\/v2\/comments?post=6225"}],"version-history":[{"count":10,"href":"https:\/\/absynth.eu\/en\/wp-json\/wp\/v2\/pages\/6225\/revisions"}],"predecessor-version":[{"id":9403,"href":"https:\/\/absynth.eu\/en\/wp-json\/wp\/v2\/pages\/6225\/revisions\/9403"}],"up":[{"embeddable":true,"href":"https:\/\/absynth.eu\/en\/wp-json\/wp\/v2\/pages\/5629"}],"wp:attachment":[{"href":"https:\/\/absynth.eu\/en\/wp-json\/wp\/v2\/media?parent=6225"}],"curies":[{"name":"wp","href":"https:\/\/api.w.org\/{rel}","templated":true}]}}