{"id":6426,"date":"2019-03-23T02:19:32","date_gmt":"2019-03-23T01:19:32","guid":{"rendered":"http:\/\/absynth.eu\/?page_id=6426"},"modified":"2024-09-13T11:20:06","modified_gmt":"2024-09-13T09:20:06","slug":"szezlong-200","status":"publish","type":"page","link":"https:\/\/absynth.eu\/en\/kolekcje\/kolekcja-noi\/szezlong-200\/","title":{"rendered":"right arm sofa 200"},"content":{"rendered":"<div class=\"qodef-row-grid-section-wrapper\"  ><div class=\"qodef-row-grid-section\"><div class=\"vc_row wpb_row vc_row-fluid\" ><div class=\"wpb_column vc_column_container vc_col-sm-12\"><div class=\"vc_column-inner\"><div class=\"wpb_wrapper\"><h2 style=\"text-align: left\" class=\"vc_custom_heading\" >NOi collection<\/h2>\n\t<div class=\"wpb_text_column wpb_content_element\" >\n\t\t<div class=\"wpb_wrapper\">\n\t\t\t<p>product code:<br \/>\nA05-12NATURAL-1OAK, A05-12BASIC-<\/p>\n\n\t\t<\/div>\n\t<\/div>\n\n\t<div class=\"wpb_text_column wpb_content_element\" >\n\t\t<div class=\"wpb_wrapper\">\n\t\t\t<h5><strong>DESIGN by:<\/strong> DEFFINE FURNITURE LTD<\/h5>\n\n\t\t<\/div>\n\t<\/div>\n<\/div><\/div><\/div><\/div><\/div><\/div><div class=\"vc_row wpb_row vc_row-fluid\" ><div class=\"wpb_column vc_column_container vc_col-sm-12\"><div class=\"vc_column-inner\"><div class=\"wpb_wrapper\"><div  class=\"wpb_images_carousel wpb_content_element vc_clearfix\">\n\t<div class=\"wpb_wrapper\">\n\t\t\t\t<div id=\"vc_images-carousel-1-1776691821\" data-ride=\"vc_carousel\" data-wrap=\"true\" style=\"width: 100%;\" data-interval=\"2000\" data-auto-height=\"yes\" data-mode=\"horizontal\" data-partial=\"false\" data-per-view=\"3\" data-hide-on-end=\"false\" class=\"vc_slide vc_images_carousel\">\n\t\t\t\t\t\t\t<!-- Indicators -->\n\t\t\t\t<ol class=\"vc_carousel-indicators\">\n\t\t\t\t\t\t\t\t\t\t\t<li data-target=\"#vc_images-carousel-1-1776691821\" data-slide-to=\"0\"><\/li>\n\t\t\t\t\t\t\t\t\t\t\t<li data-target=\"#vc_images-carousel-1-1776691821\" data-slide-to=\"1\"><\/li>\n\t\t\t\t\t\t\t\t\t\t\t<li data-target=\"#vc_images-carousel-1-1776691821\" data-slide-to=\"2\"><\/li>\n\t\t\t\t\t\t\t\t\t\t\t<li data-target=\"#vc_images-carousel-1-1776691821\" data-slide-to=\"3\"><\/li>\n\t\t\t\t\t\t\t\t\t<\/ol>\n\t\t\t\t\t\t<!-- Wrapper for slides -->\n\t\t\t<div class=\"vc_carousel-inner\">\n\t\t\t\t<div class=\"vc_carousel-slideline\">\n\t\t\t\t\t<div class=\"vc_carousel-slideline-inner\">\n\t\t\t\t\t\t\t\t\t\t\t\t\t\t\t\t\t\t\t\t<div class=\"vc_item\">\n\t\t\t\t\t\t\t\t<div class=\"vc_inner\">\n\t\t\t\t\t\t\t\t\t\t\t\t\t\t\t\t\t\t\t\t\t\t\t\t\t\t\t\t\t<a class=\"prettyphoto\" href=\"https:\/\/absynth.eu\/wp-content\/uploads\/2019\/03\/A05-12BASIC-TK-new.jpg\"  data-rel=\"prettyPhoto[rel-6426-1880593377]\">\n\t\t\t\t\t\t\t\t\t\t\t<img loading=\"lazy\" decoding=\"async\" width=\"720\" height=\"508\" src=\"https:\/\/absynth.eu\/wp-content\/uploads\/2019\/03\/A05-12BASIC-TK-new.jpg\" class=\"attachment-full\" alt=\"\" srcset=\"https:\/\/absynth.eu\/wp-content\/uploads\/2019\/03\/A05-12BASIC-TK-new.jpg 720w, https:\/\/absynth.eu\/wp-content\/uploads\/2019\/03\/A05-12BASIC-TK-new-300x212.jpg 300w\" sizes=\"(max-width: 720px) 100vw, 720px\" \/>\t\t\t\t\t\t\t\t\t\t<\/a>\n\t\t\t\t\t\t\t\t\t\t\t\t\t\t\t\t\t<\/div>\n\t\t\t\t\t\t\t<\/div>\n\t\t\t\t\t\t\t\t\t\t\t\t\t\t\t\t\t\t\t\t<div class=\"vc_item\">\n\t\t\t\t\t\t\t\t<div class=\"vc_inner\">\n\t\t\t\t\t\t\t\t\t\t\t\t\t\t\t\t\t\t\t\t\t\t\t\t\t\t\t\t\t<a class=\"prettyphoto\" href=\"https:\/\/absynth.eu\/wp-content\/uploads\/2019\/03\/A05-12NATURAL-TK-new.jpg\"  data-rel=\"prettyPhoto[rel-6426-1880593377]\">\n\t\t\t\t\t\t\t\t\t\t\t<img loading=\"lazy\" decoding=\"async\" width=\"720\" height=\"508\" src=\"https:\/\/absynth.eu\/wp-content\/uploads\/2019\/03\/A05-12NATURAL-TK-new.jpg\" class=\"attachment-full\" alt=\"\" srcset=\"https:\/\/absynth.eu\/wp-content\/uploads\/2019\/03\/A05-12NATURAL-TK-new.jpg 720w, https:\/\/absynth.eu\/wp-content\/uploads\/2019\/03\/A05-12NATURAL-TK-new-300x212.jpg 300w\" sizes=\"(max-width: 720px) 100vw, 720px\" \/>\t\t\t\t\t\t\t\t\t\t<\/a>\n\t\t\t\t\t\t\t\t\t\t\t\t\t\t\t\t\t<\/div>\n\t\t\t\t\t\t\t<\/div>\n\t\t\t\t\t\t\t\t\t\t\t\t\t\t\t\t\t\t\t\t<div class=\"vc_item\">\n\t\t\t\t\t\t\t\t<div class=\"vc_inner\">\n\t\t\t\t\t\t\t\t\t\t\t\t\t\t\t\t\t\t\t\t\t\t\t\t\t\t\t\t\t<a class=\"prettyphoto\" href=\"https:\/\/absynth.eu\/wp-content\/uploads\/2019\/03\/NOI_CORNERR__SM.jpg\"  data-rel=\"prettyPhoto[rel-6426-1880593377]\">\n\t\t\t\t\t\t\t\t\t\t\t<img loading=\"lazy\" decoding=\"async\" width=\"720\" height=\"508\" src=\"https:\/\/absynth.eu\/wp-content\/uploads\/2019\/03\/NOI_CORNERR__SM.jpg\" class=\"attachment-full\" alt=\"\" srcset=\"https:\/\/absynth.eu\/wp-content\/uploads\/2019\/03\/NOI_CORNERR__SM.jpg 720w, https:\/\/absynth.eu\/wp-content\/uploads\/2019\/03\/NOI_CORNERR__SM-300x212.jpg 300w\" sizes=\"(max-width: 720px) 100vw, 720px\" \/>\t\t\t\t\t\t\t\t\t\t<\/a>\n\t\t\t\t\t\t\t\t\t\t\t\t\t\t\t\t\t<\/div>\n\t\t\t\t\t\t\t<\/div>\n\t\t\t\t\t\t\t\t\t\t\t\t\t\t\t\t\t\t\t\t<div class=\"vc_item\">\n\t\t\t\t\t\t\t\t<div class=\"vc_inner\">\n\t\t\t\t\t\t\t\t\t\t\t\t\t\t\t\t\t\t\t\t\t\t\t\t\t\t\t\t\t<a class=\"prettyphoto\" href=\"https:\/\/absynth.eu\/wp-content\/uploads\/2019\/03\/NOI_MARBLE_TABLE_WHITE.jpg\"  data-rel=\"prettyPhoto[rel-6426-1880593377]\">\n\t\t\t\t\t\t\t\t\t\t\t<img loading=\"lazy\" decoding=\"async\" width=\"720\" height=\"509\" src=\"https:\/\/absynth.eu\/wp-content\/uploads\/2019\/03\/NOI_MARBLE_TABLE_WHITE.jpg\" class=\"attachment-full\" alt=\"\" srcset=\"https:\/\/absynth.eu\/wp-content\/uploads\/2019\/03\/NOI_MARBLE_TABLE_WHITE.jpg 720w, https:\/\/absynth.eu\/wp-content\/uploads\/2019\/03\/NOI_MARBLE_TABLE_WHITE-300x212.jpg 300w\" sizes=\"(max-width: 720px) 100vw, 720px\" \/>\t\t\t\t\t\t\t\t\t\t<\/a>\n\t\t\t\t\t\t\t\t\t\t\t\t\t\t\t\t\t<\/div>\n\t\t\t\t\t\t\t<\/div>\n\t\t\t\t\t\t\t\t\t\t\t<\/div>\n\t\t\t\t<\/div>\n\t\t\t<\/div>\n\t\t\t\t\t\t\t<!-- Controls -->\n\t\t\t\t<a class=\"vc_left vc_carousel-control\" href=\"#vc_images-carousel-1-1776691821\" data-slide=\"prev\">\n\t\t\t\t\t<span class=\"icon-prev\"><\/span>\n\t\t\t\t<\/a>\n\t\t\t\t<a class=\"vc_right vc_carousel-control\" href=\"#vc_images-carousel-1-1776691821\" data-slide=\"next\">\n\t\t\t\t\t<span class=\"icon-next\"><\/span>\n\t\t\t\t<\/a>\n\t\t\t\t\t<\/div>\n\t<\/div>\n<\/div>\n<div class=\"vc_empty_space\"   style=\"height: 32px\" ><span class=\"vc_empty_space_inner\"><\/span><\/div>\n<\/div><\/div><\/div><\/div><div class=\"qodef-row-grid-section-wrapper\"  ><div class=\"qodef-row-grid-section\"><div class=\"vc_row wpb_row vc_row-fluid\" ><div class=\"wpb_column vc_column_container vc_col-sm-12\"><div class=\"vc_column-inner\"><div class=\"wpb_wrapper\">\n\t<div class=\"wpb_text_column wpb_content_element\" >\n\t\t<div class=\"wpb_wrapper\">\n\t\t\t<p>The furniture is characterized by unusual simplicity and, at the same time, nonchalance achieved thanks to the use of French seams. In addition, it is a great arrangement base and also great as an independent piece of furniture, where you rest after a hard day at work or at school. The chaise longue is filled with thermoelatic memory foam that adapts its shape to the body.<\/p>\n<p>Thanks to the availability of furniture in two versions: BASIC (internal frame) and NATURAL (a more elegant version, because the chaise has been equipped with an additional element made of solid oak) and the occurrence of furniture in two groups of fabric prices (Group 1: LUNA, MILANO, II GROUP : easy-clean chenille fabric with aqua-clean function - SOFIA) we have a direct influence on the final price and design of the furniture.<\/p>\n\n\t\t<\/div>\n\t<\/div>\n<div class=\"vc_empty_space\"   style=\"height: 60px\" ><span class=\"vc_empty_space_inner\"><\/span><\/div>\n<\/div><\/div><\/div><\/div><\/div><\/div><div class=\"qodef-row-grid-section-wrapper\"  ><div class=\"qodef-row-grid-section\"><div class=\"vc_row wpb_row vc_row-fluid\" ><div class=\"wpb_column vc_column_container vc_col-sm-12\"><div class=\"vc_column-inner\"><div class=\"wpb_wrapper\"><div class=\"qodef-tabs   qodef-tabs-standard\">\n\t<ul class=\"qodef-tabs-nav clearfix\">\n\t\t\t\t\t<li>\n\t\t\t\t\t\t\t\t\t<a href=\"#tab-wymiary\">DIMENSIONS (cm):<\/a>\n\t\t\t\t\t\t\t<\/li>\n\t\t\t\t\t<li>\n\t\t\t\t\t\t\t\t\t<a href=\"#tab-kolorystyka\">COLOURS:<\/a>\n\t\t\t\t\t\t\t<\/li>\n\t\t\t<\/ul>\n\t<div class=\"qodef-tab-container\" id=\"tab-wymiary-523\"><div class=\"qodef-accordion-holder qodef-ac-default  qodef-accordion qodef-ac-boxed  clearfix\">\n\t<h6 class=\"qodef-accordion-title\">\n    <span class=\"qodef-accordion-mark\">\n\t\t<span class=\"qodef_icon_plus icon_plus\"><\/span>\n\t\t<span class=\"qodef_icon_minus icon_minus-06\"><\/span>\n\t<\/span>\n\t<span class=\"qodef-tab-title\">height<\/span>\n<\/h6>\n<div class=\"qodef-accordion-content\">\n\t<div class=\"qodef-accordion-content-inner\">\n\t\t\n\t<div class=\"wpb_text_column wpb_content_element\" >\n\t\t<div class=\"wpb_wrapper\">\n\t\t\t<p>68 cm<\/p>\n\n\t\t<\/div>\n\t<\/div>\n\t<\/div>\n<\/div><h6 class=\"qodef-accordion-title\">\n    <span class=\"qodef-accordion-mark\">\n\t\t<span class=\"qodef_icon_plus icon_plus\"><\/span>\n\t\t<span class=\"qodef_icon_minus icon_minus-06\"><\/span>\n\t<\/span>\n\t<span class=\"qodef-tab-title\">width<\/span>\n<\/h6>\n<div class=\"qodef-accordion-content\">\n\t<div class=\"qodef-accordion-content-inner\">\n\t\t\n\t<div class=\"wpb_text_column wpb_content_element\" >\n\t\t<div class=\"wpb_wrapper\">\n\t\t\t<p>200 cm<\/p>\n\n\t\t<\/div>\n\t<\/div>\n\t<\/div>\n<\/div><h6 class=\"qodef-accordion-title\">\n    <span class=\"qodef-accordion-mark\">\n\t\t<span class=\"qodef_icon_plus icon_plus\"><\/span>\n\t\t<span class=\"qodef_icon_minus icon_minus-06\"><\/span>\n\t<\/span>\n\t<span class=\"qodef-tab-title\">depth<\/span>\n<\/h6>\n<div class=\"qodef-accordion-content\">\n\t<div class=\"qodef-accordion-content-inner\">\n\t\t\n\t<div class=\"wpb_text_column wpb_content_element\" >\n\t\t<div class=\"wpb_wrapper\">\n\t\t\t<p>90 cm<\/p>\n\n\t\t<\/div>\n\t<\/div>\n\t<\/div>\n<\/div><\/div>\n\t<div class=\"wpb_text_column wpb_content_element\" >\n\t\t<div class=\"wpb_wrapper\">\n\t\t\t<p>NOTE! The manufacturer reserves the right to change dimensions and technologies of the presented furniture.<\/p>\n\n\t\t<\/div>\n\t<\/div>\n<\/div><div class=\"qodef-tab-container\" id=\"tab-kolorystyka-537\"><div class=\"qodef-accordion-holder qodef-ac-default  qodef-accordion qodef-ac-boxed  clearfix\">\n\t<h6 class=\"qodef-accordion-title\">\n    <span class=\"qodef-accordion-mark\">\n\t\t<span class=\"qodef_icon_plus icon_plus\"><\/span>\n\t\t<span class=\"qodef_icon_minus icon_minus-06\"><\/span>\n\t<\/span>\n\t<span class=\"qodef-tab-title\">plinth coloring<\/span>\n<\/h6>\n<div class=\"qodef-accordion-content\">\n\t<div class=\"qodef-accordion-content-inner\">\n\t\t<div class=\"vc_row wpb_row vc_inner vc_row-fluid\" ><div class=\"wpb_column vc_column_container vc_col-sm-12\"><div class=\"vc_column-inner\"><div class=\"wpb_wrapper\"><h6 style=\"text-align: left\" class=\"vc_custom_heading\" >COLOR: d\u0105b<\/h6>\n\t<div class=\"wpb_text_column wpb_content_element\" >\n\t\t<div class=\"wpb_wrapper\">\n\t\t\t<p><strong>NCS:<\/strong> -; <strong>RAL: &#8211;<\/strong>;<\/p>\n\n\t\t<\/div>\n\t<\/div>\n\n\t<div  class=\"wpb_single_image wpb_content_element vc_align_left\">\n\t\t\n\t\t<figure class=\"wpb_wrapper vc_figure\">\n\t\t\t<div class=\"vc_single_image-wrapper   vc_box_border_grey\"><img loading=\"lazy\" decoding=\"async\" data-vc-zoom=\"https:\/\/absynth.eu\/wp-content\/uploads\/2019\/03\/dab.jpg\" width=\"150\" height=\"42\" src=\"https:\/\/absynth.eu\/wp-content\/uploads\/2019\/03\/dab-150x42.jpg\" class=\"vc_single_image-img attachment-thumbnail\" alt=\"\" \/><\/div>\n\t\t<\/figure>\n\t<\/div>\n<\/div><\/div><\/div><\/div>\t<\/div>\n<\/div><\/div>\n\t<div class=\"wpb_text_column wpb_content_element\" >\n\t\t<div class=\"wpb_wrapper\">\n\t\t\t<p>NOTE! The manufacturer reserves the right to change dimensions and technologies of the presented furniture.<\/p>\n\n\t\t<\/div>\n\t<\/div>\n<\/div><\/div><\/div><\/div><\/div><\/div><\/div><\/div><div class=\"qodef-row-grid-section-wrapper\"  ><div class=\"qodef-row-grid-section\"><div class=\"vc_row wpb_row vc_row-fluid\" ><div class=\"wpb_column vc_column_container vc_col-sm-12\"><div class=\"vc_column-inner\"><div class=\"wpb_wrapper\">\n\t<div class=\"wpb_text_column wpb_content_element  vc_custom_1581470930808\" >\n\t\t<div class=\"wpb_wrapper\">\n\t\t\t<h4>Materia\u0142y do pobrania<\/h4>\n\n\t\t<\/div>\n\t<\/div>\n<\/div><\/div><\/div><div class=\"wpb_column vc_column_container vc_col-sm-4\"><div class=\"vc_column-inner\"><div class=\"wpb_wrapper\">\n\t<div  class=\"wpb_single_image wpb_content_element vc_align_left\">\n\t\t\n\t\t<figure class=\"wpb_wrapper vc_figure\">\n\t\t\t<a data-rel=\"prettyPhoto[rel-6426-907259965]\" href=\"https:\/\/absynth.eu\/wp-content\/uploads\/2020\/02\/Noi_Szezlong-200-z-boczkiem-200.png\" target=\"_self\" class=\"vc_single_image-wrapper   vc_box_border_grey prettyphoto\"><img loading=\"lazy\" decoding=\"async\" width=\"150\" height=\"150\" src=\"https:\/\/absynth.eu\/wp-content\/uploads\/2020\/02\/Noi_Szezlong-200-z-boczkiem-200-150x150.png\" class=\"vc_single_image-img attachment-thumbnail\" alt=\"\" \/><\/a>\n\t\t<\/figure>\n\t<\/div>\n<\/div><\/div><\/div><div class=\"wpb_column vc_column_container vc_col-sm-4\"><div class=\"vc_column-inner\"><div class=\"wpb_wrapper\">\n\t<div  class=\"wpb_single_image wpb_content_element vc_align_left\">\n\t\t\n\t\t<figure class=\"wpb_wrapper vc_figure\">\n\t\t\t<a href=\"https:\/\/absynth.eu\/wp-content\/uploads\/2020\/03\/Karta_NOI_Basic_04.pdf\" target=\"_blank\" class=\"vc_single_image-wrapper   vc_box_border_grey\"><img loading=\"lazy\" decoding=\"async\" class=\"vc_single_image-img\" width=\"150\" height=\"150\"  src=\"https:\/\/absynth.eu\/wp-content\/uploads\/2020\/03\/Karta_NOI_Basic_04-pdf-724x1024.jpg\" \/><\/a>\n\t\t<\/figure>\n\t<\/div>\n<\/div><\/div><\/div><div class=\"wpb_column vc_column_container vc_col-sm-4\"><div class=\"vc_column-inner\"><div class=\"wpb_wrapper\"><\/div><\/div><\/div><div class=\"wpb_column vc_column_container vc_col-sm-12\"><div class=\"vc_column-inner\"><div class=\"wpb_wrapper\">\n\t<div class=\"wpb_text_column wpb_content_element\" >\n\t\t<div class=\"wpb_wrapper\">\n\t\t\t<p><a href=\"https:\/\/absynth.eu\/wp-content\/uploads\/2020\/02\/Noi_Szezlong-200-z-boczkiem-200.png\" download=\"\">Pobierz rysunki techniczne<\/a><\/p>\n\n\t\t<\/div>\n\t<\/div>\n<\/div><\/div><\/div><div class=\"wpb_column vc_column_container vc_col-sm-12\"><div class=\"vc_column-inner\"><div class=\"wpb_wrapper\">\n\t<div class=\"wpb_text_column wpb_content_element\" >\n\t\t<div class=\"wpb_wrapper\">\n\t\t\t<p>Produkty dost\u0119pne w tkaninach: <a href=\"https:\/\/absynth.eu\/wp-content\/uploads\/2024\/09\/Gr_1.pdf\">Grupa 1<\/a>, <a href=\"https:\/\/absynth.eu\/wp-content\/uploads\/2024\/09\/Gr_2.pdf\">Grupa 2<\/a>, <a href=\"https:\/\/absynth.eu\/wp-content\/uploads\/2024\/09\/Gr_3.pdf\">Grupa 3<\/a>, <a href=\"https:\/\/absynth.eu\/wp-content\/uploads\/2024\/09\/Gr_4.pdf\">Grupa 4<\/a>, <a href=\"https:\/\/absynth.eu\/wp-content\/uploads\/2024\/09\/Gr_5.pdf\">Grupa 5<\/a><\/p>\n\n\t\t<\/div>\n\t<\/div>\n<\/div><\/div><\/div><\/div><\/div><\/div>","protected":false},"excerpt":{"rendered":"NOi collection kod produktu: A05-12NATURAL-1OAK, A05-12BASIC- PROJEKT: DEFFINE FURNITURE LTD Mebel charakteryzuje niezwyk\u0142a prostota, a zarazem nonszalancja uzyskana dzi\u0119ki zastosowaniu francuskich szw\u00f3w. Opr\u00f3cz tego stanowi \u015bwietn\u0105 podstaw\u0119 aran\u017cacyjn\u0105 i r\u00f3wnie\u017c \u015bwietnie sprawdzi si\u0119 jako samodzielny mebel, na kt\u00f3rym wypoczniesz po [...]","protected":false},"author":1,"featured_media":0,"parent":6228,"menu_order":0,"comment_status":"closed","ping_status":"closed","template":"full-width.php","meta":{"_monsterinsights_skip_tracking":false,"_monsterinsights_sitenote_active":false,"_monsterinsights_sitenote_note":"","_monsterinsights_sitenote_category":0,"footnotes":""},"class_list":["post-6426","page","type-page","status-publish","hentry"],"yoast_head":"<!-- This site is optimized with the Yoast SEO plugin v23.1 - https:\/\/yoast.com\/wordpress\/plugins\/seo\/ -->\n<title>SZEZLONG 200 - Absynth<\/title>\n<meta name=\"description\" content=\"Absynth - producent nowoczesnych mebli. W ofercie: krzes\u0142a tapicerowane, meble skrzyniowe, stoly do jadalni, sto\u0142y d\u0119bowe,meble do salonu, jadalni. Absynth oryginalne meble - Zapraszamy\" \/>\n<meta name=\"robots\" content=\"index, follow, max-snippet:-1, max-image-preview:large, max-video-preview:-1\" \/>\n<link rel=\"canonical\" href=\"https:\/\/absynth.eu\/en\/kolekcje\/kolekcja-noi\/szezlong-200\/\" \/>\n<meta property=\"og:locale\" content=\"en_GB\" \/>\n<meta property=\"og:type\" content=\"article\" \/>\n<meta property=\"og:title\" content=\"SZEZLONG 200 - Absynth\" \/>\n<meta property=\"og:description\" content=\"Absynth - producent nowoczesnych mebli. W ofercie: krzes\u0142a tapicerowane, meble skrzyniowe, stoly do jadalni, sto\u0142y d\u0119bowe,meble do salonu, jadalni. Absynth oryginalne meble - Zapraszamy\" \/>\n<meta property=\"og:url\" content=\"https:\/\/absynth.eu\/en\/kolekcje\/kolekcja-noi\/szezlong-200\/\" \/>\n<meta property=\"og:site_name\" content=\"Absynth\" \/>\n<meta property=\"article:publisher\" content=\"https:\/\/www.facebook.com\/MebleABSYNTH\" \/>\n<meta property=\"article:modified_time\" content=\"2024-09-13T09:20:06+00:00\" \/>\n<meta name=\"twitter:card\" content=\"summary_large_image\" \/>\n<meta name=\"twitter:label1\" content=\"Estimated reading time\" \/>\n\t<meta name=\"twitter:data1\" content=\"2 minutes\" \/>\n<script type=\"application\/ld+json\" class=\"yoast-schema-graph\">{\"@context\":\"https:\/\/schema.org\",\"@graph\":[{\"@type\":\"WebPage\",\"@id\":\"https:\/\/absynth.eu\/kolekcje\/kolekcja-noi\/szezlong-200\/\",\"url\":\"https:\/\/absynth.eu\/kolekcje\/kolekcja-noi\/szezlong-200\/\",\"name\":\"SZEZLONG 200 - Absynth\",\"isPartOf\":{\"@id\":\"https:\/\/absynth.eu\/pl\/#website\"},\"datePublished\":\"2019-03-23T01:19:32+00:00\",\"dateModified\":\"2024-09-13T09:20:06+00:00\",\"description\":\"Absynth - producent nowoczesnych mebli. W ofercie: krzes\u0142a tapicerowane, meble skrzyniowe, stoly do jadalni, sto\u0142y d\u0119bowe,meble do salonu, jadalni. Absynth oryginalne meble - Zapraszamy\",\"breadcrumb\":{\"@id\":\"https:\/\/absynth.eu\/kolekcje\/kolekcja-noi\/szezlong-200\/#breadcrumb\"},\"inLanguage\":\"en-GB\",\"potentialAction\":[{\"@type\":\"ReadAction\",\"target\":[\"https:\/\/absynth.eu\/kolekcje\/kolekcja-noi\/szezlong-200\/\"]}]},{\"@type\":\"BreadcrumbList\",\"@id\":\"https:\/\/absynth.eu\/kolekcje\/kolekcja-noi\/szezlong-200\/#breadcrumb\",\"itemListElement\":[{\"@type\":\"ListItem\",\"position\":1,\"name\":\"Strona g\u0142\u00f3wna\",\"item\":\"https:\/\/absynth.eu\/\"},{\"@type\":\"ListItem\",\"position\":2,\"name\":\"Kolekcje\",\"item\":\"https:\/\/absynth.eu\/kolekcje\/\"},{\"@type\":\"ListItem\",\"position\":3,\"name\":\"Kolekcja NOi\",\"item\":\"https:\/\/absynth.eu\/kolekcje\/kolekcja-noi\/\"},{\"@type\":\"ListItem\",\"position\":4,\"name\":\"SZEZLONG 200\"}]},{\"@type\":\"WebSite\",\"@id\":\"https:\/\/absynth.eu\/pl\/#website\",\"url\":\"https:\/\/absynth.eu\/pl\/\",\"name\":\"Absynth\",\"description\":\"Meble tworz\u0105 wn\u0119trze\",\"potentialAction\":[{\"@type\":\"SearchAction\",\"target\":{\"@type\":\"EntryPoint\",\"urlTemplate\":\"https:\/\/absynth.eu\/pl\/?s={search_term_string}\"},\"query-input\":\"required name=search_term_string\"}],\"inLanguage\":\"en-GB\"}]}<\/script>\n<!-- \/ Yoast SEO plugin. -->","yoast_head_json":{"title":"SZEZLONG 200 - Absynth","description":"Absynth - producent nowoczesnych mebli. W ofercie: krzes\u0142a tapicerowane, meble skrzyniowe, stoly do jadalni, sto\u0142y d\u0119bowe,meble do salonu, jadalni. Absynth oryginalne meble - Zapraszamy","robots":{"index":"index","follow":"follow","max-snippet":"max-snippet:-1","max-image-preview":"max-image-preview:large","max-video-preview":"max-video-preview:-1"},"canonical":"https:\/\/absynth.eu\/en\/kolekcje\/kolekcja-noi\/szezlong-200\/","og_locale":"en_GB","og_type":"article","og_title":"SZEZLONG 200 - Absynth","og_description":"Absynth - producent nowoczesnych mebli. W ofercie: krzes\u0142a tapicerowane, meble skrzyniowe, stoly do jadalni, sto\u0142y d\u0119bowe,meble do salonu, jadalni. Absynth oryginalne meble - Zapraszamy","og_url":"https:\/\/absynth.eu\/en\/kolekcje\/kolekcja-noi\/szezlong-200\/","og_site_name":"Absynth","article_publisher":"https:\/\/www.facebook.com\/MebleABSYNTH","article_modified_time":"2024-09-13T09:20:06+00:00","twitter_card":"summary_large_image","twitter_misc":{"Estimated reading time":"2 minutes"},"schema":{"@context":"https:\/\/schema.org","@graph":[{"@type":"WebPage","@id":"https:\/\/absynth.eu\/kolekcje\/kolekcja-noi\/szezlong-200\/","url":"https:\/\/absynth.eu\/kolekcje\/kolekcja-noi\/szezlong-200\/","name":"SZEZLONG 200 - Absynth","isPartOf":{"@id":"https:\/\/absynth.eu\/pl\/#website"},"datePublished":"2019-03-23T01:19:32+00:00","dateModified":"2024-09-13T09:20:06+00:00","description":"Absynth - producent nowoczesnych mebli. W ofercie: krzes\u0142a tapicerowane, meble skrzyniowe, stoly do jadalni, sto\u0142y d\u0119bowe,meble do salonu, jadalni. Absynth oryginalne meble - Zapraszamy","breadcrumb":{"@id":"https:\/\/absynth.eu\/kolekcje\/kolekcja-noi\/szezlong-200\/#breadcrumb"},"inLanguage":"en-GB","potentialAction":[{"@type":"ReadAction","target":["https:\/\/absynth.eu\/kolekcje\/kolekcja-noi\/szezlong-200\/"]}]},{"@type":"BreadcrumbList","@id":"https:\/\/absynth.eu\/kolekcje\/kolekcja-noi\/szezlong-200\/#breadcrumb","itemListElement":[{"@type":"ListItem","position":1,"name":"Strona g\u0142\u00f3wna","item":"https:\/\/absynth.eu\/"},{"@type":"ListItem","position":2,"name":"Kolekcje","item":"https:\/\/absynth.eu\/kolekcje\/"},{"@type":"ListItem","position":3,"name":"Kolekcja NOi","item":"https:\/\/absynth.eu\/kolekcje\/kolekcja-noi\/"},{"@type":"ListItem","position":4,"name":"SZEZLONG 200"}]},{"@type":"WebSite","@id":"https:\/\/absynth.eu\/pl\/#website","url":"https:\/\/absynth.eu\/pl\/","name":"Absynth","description":"Meble tworz\u0105 wn\u0119trze","potentialAction":[{"@type":"SearchAction","target":{"@type":"EntryPoint","urlTemplate":"https:\/\/absynth.eu\/pl\/?s={search_term_string}"},"query-input":"required name=search_term_string"}],"inLanguage":"en-GB"}]}},"_links":{"self":[{"href":"https:\/\/absynth.eu\/en\/wp-json\/wp\/v2\/pages\/6426"}],"collection":[{"href":"https:\/\/absynth.eu\/en\/wp-json\/wp\/v2\/pages"}],"about":[{"href":"https:\/\/absynth.eu\/en\/wp-json\/wp\/v2\/types\/page"}],"author":[{"embeddable":true,"href":"https:\/\/absynth.eu\/en\/wp-json\/wp\/v2\/users\/1"}],"replies":[{"embeddable":true,"href":"https:\/\/absynth.eu\/en\/wp-json\/wp\/v2\/comments?post=6426"}],"version-history":[{"count":9,"href":"https:\/\/absynth.eu\/en\/wp-json\/wp\/v2\/pages\/6426\/revisions"}],"predecessor-version":[{"id":9695,"href":"https:\/\/absynth.eu\/en\/wp-json\/wp\/v2\/pages\/6426\/revisions\/9695"}],"up":[{"embeddable":true,"href":"https:\/\/absynth.eu\/en\/wp-json\/wp\/v2\/pages\/6228"}],"wp:attachment":[{"href":"https:\/\/absynth.eu\/en\/wp-json\/wp\/v2\/media?parent=6426"}],"curies":[{"name":"wp","href":"https:\/\/api.w.org\/{rel}","templated":true}]}}