{"id":6717,"date":"2019-03-23T23:54:03","date_gmt":"2019-03-23T22:54:03","guid":{"rendered":"http:\/\/absynth.eu\/?page_id=6717"},"modified":"2024-09-13T11:02:12","modified_gmt":"2024-09-13T09:02:12","slug":"modul-3s","status":"publish","type":"page","link":"https:\/\/absynth.eu\/en\/kolekcje\/kolekcja-modulu\/modul-3s\/","title":{"rendered":"module 3s"},"content":{"rendered":"<div class=\"qodef-row-grid-section-wrapper\"  ><div class=\"qodef-row-grid-section\"><div class=\"vc_row wpb_row vc_row-fluid\" ><div class=\"wpb_column vc_column_container vc_col-sm-12\"><div class=\"vc_column-inner\"><div class=\"wpb_wrapper\"><h2 style=\"text-align: left\" class=\"vc_custom_heading\" >modulU collection<\/h2>\n\t<div class=\"wpb_text_column wpb_content_element\" >\n\t\t<div class=\"wpb_wrapper\">\n\t\t\t<p>product code:<\/p>\n<p>A10-03-R\/L-FAB, A10-P-03-R\/L-FAB<\/p>\n\n\t\t<\/div>\n\t<\/div>\n\n\t<div class=\"wpb_text_column wpb_content_element\" >\n\t\t<div class=\"wpb_wrapper\">\n\t\t\t<h5><strong>DESIGN by:<\/strong> DEFFINE FURNITURE LTD<\/h5>\n\n\t\t<\/div>\n\t<\/div>\n<\/div><\/div><\/div><\/div><\/div><\/div><div class=\"vc_row wpb_row vc_row-fluid\" ><div class=\"wpb_column vc_column_container vc_col-sm-3\"><div class=\"vc_column-inner\"><div class=\"wpb_wrapper\">\n\t<div  class=\"wpb_single_image wpb_content_element vc_align_center\">\n\t\t\n\t\t<figure class=\"wpb_wrapper vc_figure\">\n\t\t\t<a data-rel=\"prettyPhoto[rel-6717-1429450098]\" href=\"https:\/\/absynth.eu\/wp-content\/uploads\/2022\/01\/A10-P-03-RL-FAB-BLA.jpg\" target=\"_self\" class=\"vc_single_image-wrapper   vc_box_border_grey prettyphoto\"><img loading=\"lazy\" decoding=\"async\" width=\"768\" height=\"768\" src=\"https:\/\/absynth.eu\/wp-content\/uploads\/2022\/01\/A10-P-03-RL-FAB-BLA.jpg\" class=\"vc_single_image-img attachment-full\" alt=\"\" srcset=\"https:\/\/absynth.eu\/wp-content\/uploads\/2022\/01\/A10-P-03-RL-FAB-BLA.jpg 768w, https:\/\/absynth.eu\/wp-content\/uploads\/2022\/01\/A10-P-03-RL-FAB-BLA-300x300.jpg 300w, https:\/\/absynth.eu\/wp-content\/uploads\/2022\/01\/A10-P-03-RL-FAB-BLA-150x150.jpg 150w, https:\/\/absynth.eu\/wp-content\/uploads\/2022\/01\/A10-P-03-RL-FAB-BLA-12x12.jpg 12w, https:\/\/absynth.eu\/wp-content\/uploads\/2022\/01\/A10-P-03-RL-FAB-BLA-650x650.jpg 650w\" sizes=\"(max-width: 768px) 100vw, 768px\" \/><\/a>\n\t\t<\/figure>\n\t<\/div>\n<\/div><\/div><\/div><div class=\"wpb_column vc_column_container vc_col-sm-3\"><div class=\"vc_column-inner\"><div class=\"wpb_wrapper\">\n\t<div  class=\"wpb_single_image wpb_content_element vc_align_center\">\n\t\t\n\t\t<figure class=\"wpb_wrapper vc_figure\">\n\t\t\t<a data-rel=\"prettyPhoto[rel-6717-733119870]\" href=\"https:\/\/absynth.eu\/wp-content\/uploads\/2020\/02\/A10-03-RL-FAB.jpg\" target=\"_self\" class=\"vc_single_image-wrapper   vc_box_border_grey prettyphoto\"><img loading=\"lazy\" decoding=\"async\" width=\"1024\" height=\"1024\" src=\"https:\/\/absynth.eu\/wp-content\/uploads\/2020\/02\/A10-03-RL-FAB.jpg\" class=\"vc_single_image-img attachment-full\" alt=\"A10-03-RL-FAB\" srcset=\"https:\/\/absynth.eu\/wp-content\/uploads\/2020\/02\/A10-03-RL-FAB.jpg 1024w, https:\/\/absynth.eu\/wp-content\/uploads\/2020\/02\/A10-03-RL-FAB-150x150.jpg 150w, https:\/\/absynth.eu\/wp-content\/uploads\/2020\/02\/A10-03-RL-FAB-300x300.jpg 300w, https:\/\/absynth.eu\/wp-content\/uploads\/2020\/02\/A10-03-RL-FAB-768x768.jpg 768w, https:\/\/absynth.eu\/wp-content\/uploads\/2020\/02\/A10-03-RL-FAB-650x650.jpg 650w\" sizes=\"(max-width: 1024px) 100vw, 1024px\" \/><\/a>\n\t\t<\/figure>\n\t<\/div>\n<\/div><\/div><\/div><div class=\"wpb_column vc_column_container vc_col-sm-3\"><div class=\"vc_column-inner\"><div class=\"wpb_wrapper\">\n\t<div  class=\"wpb_single_image wpb_content_element vc_align_center\">\n\t\t\n\t\t<figure class=\"wpb_wrapper vc_figure\">\n\t\t\t<a data-rel=\"prettyPhoto[rel-6717-1829743881]\" href=\"https:\/\/absynth.eu\/wp-content\/uploads\/2019\/03\/modulUsalon-2.jpg\" target=\"_self\" class=\"vc_single_image-wrapper   vc_box_border_grey prettyphoto\"><img loading=\"lazy\" decoding=\"async\" width=\"720\" height=\"411\" src=\"https:\/\/absynth.eu\/wp-content\/uploads\/2019\/03\/modulUsalon-2.jpg\" class=\"vc_single_image-img attachment-full\" alt=\"\" srcset=\"https:\/\/absynth.eu\/wp-content\/uploads\/2019\/03\/modulUsalon-2.jpg 720w, https:\/\/absynth.eu\/wp-content\/uploads\/2019\/03\/modulUsalon-2-300x171.jpg 300w\" sizes=\"(max-width: 720px) 100vw, 720px\" \/><\/a>\n\t\t<\/figure>\n\t<\/div>\n<\/div><\/div><\/div><div class=\"wpb_column vc_column_container vc_col-sm-3\"><div class=\"vc_column-inner\"><div class=\"wpb_wrapper\">\n\t<div  class=\"wpb_single_image wpb_content_element vc_align_center\">\n\t\t\n\t\t<figure class=\"wpb_wrapper vc_figure\">\n\t\t\t<a data-rel=\"prettyPhoto[rel-6717-2040087771]\" href=\"https:\/\/absynth.eu\/wp-content\/uploads\/2019\/03\/zestawmodulowy.jpg\" target=\"_self\" class=\"vc_single_image-wrapper   vc_box_border_grey prettyphoto\"><img loading=\"lazy\" decoding=\"async\" width=\"720\" height=\"720\" src=\"https:\/\/absynth.eu\/wp-content\/uploads\/2019\/03\/zestawmodulowy.jpg\" class=\"vc_single_image-img attachment-full\" alt=\"\" srcset=\"https:\/\/absynth.eu\/wp-content\/uploads\/2019\/03\/zestawmodulowy.jpg 720w, https:\/\/absynth.eu\/wp-content\/uploads\/2019\/03\/zestawmodulowy-150x150.jpg 150w, https:\/\/absynth.eu\/wp-content\/uploads\/2019\/03\/zestawmodulowy-300x300.jpg 300w, https:\/\/absynth.eu\/wp-content\/uploads\/2019\/03\/zestawmodulowy-650x650.jpg 650w\" sizes=\"(max-width: 720px) 100vw, 720px\" \/><\/a>\n\t\t<\/figure>\n\t<\/div>\n<\/div><\/div><\/div><div class=\"wpb_column vc_column_container vc_col-sm-12\"><div class=\"vc_column-inner\"><div class=\"wpb_wrapper\"><div class=\"vc_empty_space\"   style=\"height: 32px\" ><span class=\"vc_empty_space_inner\"><\/span><\/div>\n<\/div><\/div><\/div><\/div><div class=\"vc_row wpb_row vc_row-fluid\" ><div class=\"wpb_column vc_column_container vc_col-sm-3\"><div class=\"vc_column-inner\"><div class=\"wpb_wrapper\">\n\t<div  class=\"wpb_single_image wpb_content_element vc_align_center\">\n\t\t\n\t\t<figure class=\"wpb_wrapper vc_figure\">\n\t\t\t<a data-rel=\"prettyPhoto[rel-6717-40677068]\" href=\"https:\/\/absynth.eu\/wp-content\/uploads\/2019\/03\/A10-P-03-RL-FAB.jpg\" target=\"_self\" class=\"vc_single_image-wrapper   vc_box_border_grey prettyphoto\"><img loading=\"lazy\" decoding=\"async\" width=\"720\" height=\"720\" src=\"https:\/\/absynth.eu\/wp-content\/uploads\/2019\/03\/A10-P-03-RL-FAB.jpg\" class=\"vc_single_image-img attachment-full\" alt=\"\" srcset=\"https:\/\/absynth.eu\/wp-content\/uploads\/2019\/03\/A10-P-03-RL-FAB.jpg 720w, https:\/\/absynth.eu\/wp-content\/uploads\/2019\/03\/A10-P-03-RL-FAB-150x150.jpg 150w, https:\/\/absynth.eu\/wp-content\/uploads\/2019\/03\/A10-P-03-RL-FAB-300x300.jpg 300w, https:\/\/absynth.eu\/wp-content\/uploads\/2019\/03\/A10-P-03-RL-FAB-650x650.jpg 650w\" sizes=\"(max-width: 720px) 100vw, 720px\" \/><\/a>\n\t\t<\/figure>\n\t<\/div>\n<\/div><\/div><\/div><div class=\"wpb_column vc_column_container vc_col-sm-3\"><div class=\"vc_column-inner\"><div class=\"wpb_wrapper\"><\/div><\/div><\/div><div class=\"wpb_column vc_column_container vc_col-sm-3\"><div class=\"vc_column-inner\"><div class=\"wpb_wrapper\"><\/div><\/div><\/div><div class=\"wpb_column vc_column_container vc_col-sm-3\"><div class=\"vc_column-inner\"><div class=\"wpb_wrapper\"><\/div><\/div><\/div><div class=\"wpb_column vc_column_container vc_col-sm-12\"><div class=\"vc_column-inner\"><div class=\"wpb_wrapper\"><div class=\"vc_empty_space\"   style=\"height: 32px\" ><span class=\"vc_empty_space_inner\"><\/span><\/div>\n<\/div><\/div><\/div><\/div><div class=\"qodef-row-grid-section-wrapper\"  ><div class=\"qodef-row-grid-section\"><div class=\"vc_row wpb_row vc_row-fluid\" ><div class=\"wpb_column vc_column_container vc_col-sm-12\"><div class=\"vc_column-inner\"><div class=\"wpb_wrapper\">\n\t<div class=\"wpb_text_column wpb_content_element\" >\n\t\t<div class=\"wpb_wrapper\">\n\t\t\t<h4>Modu\u0142 3S R\/L \u2013 dostosowuje si\u0119 do potrzeb<\/h4>\n<p>Modu\u0142 3S z kolekcji modulU to element zestawu, kt\u00f3ry mo\u017ce by\u0107 s\u0142u\u017cy\u0107 jako samodzielny mebel, a tak\u017ce jako przed\u0142u\u017cenie klasycznej kanapy lub naro\u017cnika. Pod\u0142okietnik umieszczony po jednej stronie zapewnia pe\u0142n\u0105 swobod\u0119 aran\u017cacji.<\/p>\n\n\t\t<\/div>\n\t<\/div>\n<div class=\"vc_empty_space\"   style=\"height: 60px\" ><span class=\"vc_empty_space_inner\"><\/span><\/div>\n<\/div><\/div><\/div><\/div><\/div><\/div><div class=\"qodef-row-grid-section-wrapper\"  ><div class=\"qodef-row-grid-section\"><div class=\"vc_row wpb_row vc_row-fluid\" ><div class=\"wpb_column vc_column_container vc_col-sm-12\"><div class=\"vc_column-inner\"><div class=\"wpb_wrapper\"><div class=\"qodef-tabs   qodef-tabs-standard\">\n\t<ul class=\"qodef-tabs-nav clearfix\">\n\t\t\t\t\t<li>\n\t\t\t\t\t\t\t\t\t<a href=\"#tab-wymiary\">DIMENSIONS (cm):<\/a>\n\t\t\t\t\t\t\t<\/li>\n\t\t\t<\/ul>\n\t<div class=\"qodef-tab-container\" id=\"tab-wymiary-206\"><div class=\"qodef-accordion-holder qodef-ac-default  qodef-accordion qodef-ac-boxed  clearfix\">\n\t<h6 class=\"qodef-accordion-title\">\n    <span class=\"qodef-accordion-mark\">\n\t\t<span class=\"qodef_icon_plus icon_plus\"><\/span>\n\t\t<span class=\"qodef_icon_minus icon_minus-06\"><\/span>\n\t<\/span>\n\t<span class=\"qodef-tab-title\">height<\/span>\n<\/h6>\n<div class=\"qodef-accordion-content\">\n\t<div class=\"qodef-accordion-content-inner\">\n\t\t\n\t<div class=\"wpb_text_column wpb_content_element\" >\n\t\t<div class=\"wpb_wrapper\">\n\t\t\t<p>74 cm<\/p>\n\n\t\t<\/div>\n\t<\/div>\n\t<\/div>\n<\/div><h6 class=\"qodef-accordion-title\">\n    <span class=\"qodef-accordion-mark\">\n\t\t<span class=\"qodef_icon_plus icon_plus\"><\/span>\n\t\t<span class=\"qodef_icon_minus icon_minus-06\"><\/span>\n\t<\/span>\n\t<span class=\"qodef-tab-title\">width<\/span>\n<\/h6>\n<div class=\"qodef-accordion-content\">\n\t<div class=\"qodef-accordion-content-inner\">\n\t\t\n\t<div class=\"wpb_text_column wpb_content_element\" >\n\t\t<div class=\"wpb_wrapper\">\n\t\t\t<p>189 cm<\/p>\n\n\t\t<\/div>\n\t<\/div>\n\t<\/div>\n<\/div><h6 class=\"qodef-accordion-title\">\n    <span class=\"qodef-accordion-mark\">\n\t\t<span class=\"qodef_icon_plus icon_plus\"><\/span>\n\t\t<span class=\"qodef_icon_minus icon_minus-06\"><\/span>\n\t<\/span>\n\t<span class=\"qodef-tab-title\">depth<\/span>\n<\/h6>\n<div class=\"qodef-accordion-content\">\n\t<div class=\"qodef-accordion-content-inner\">\n\t\t\n\t<div class=\"wpb_text_column wpb_content_element\" >\n\t\t<div class=\"wpb_wrapper\">\n\t\t\t<p>104 cm<\/p>\n\n\t\t<\/div>\n\t<\/div>\n\t<\/div>\n<\/div><h6 class=\"qodef-accordion-title\">\n    <span class=\"qodef-accordion-mark\">\n\t\t<span class=\"qodef_icon_plus icon_plus\"><\/span>\n\t\t<span class=\"qodef_icon_minus icon_minus-06\"><\/span>\n\t<\/span>\n\t<span class=\"qodef-tab-title\">seat height<\/span>\n<\/h6>\n<div class=\"qodef-accordion-content\">\n\t<div class=\"qodef-accordion-content-inner\">\n\t\t\n\t<div class=\"wpb_text_column wpb_content_element\" >\n\t\t<div class=\"wpb_wrapper\">\n\t\t\t<p>41 cm<\/p>\n\n\t\t<\/div>\n\t<\/div>\n\t<\/div>\n<\/div><\/div>\n\t<div class=\"wpb_text_column wpb_content_element\" >\n\t\t<div class=\"wpb_wrapper\">\n\t\t\t<p>NOTE! The manufacturer reserves the right to change dimensions and technologies of the presented furniture.<\/p>\n\n\t\t<\/div>\n\t<\/div>\n<\/div><\/div><\/div><\/div><\/div><\/div><\/div><\/div><div class=\"vc_row wpb_row vc_row-fluid\" ><div class=\"wpb_column vc_column_container vc_col-sm-12\"><div class=\"vc_column-inner\"><div class=\"wpb_wrapper\">\n\t<div class=\"wpb_text_column wpb_content_element\" >\n\t\t<div class=\"wpb_wrapper\">\n\t\t\t<p><\/p>\n\n\t\t<\/div>\n\t<\/div>\n<\/div><\/div><\/div><\/div><div class=\"qodef-row-grid-section-wrapper\"  ><div class=\"qodef-row-grid-section\"><div class=\"vc_row wpb_row vc_row-fluid\" ><div class=\"wpb_column vc_column_container vc_col-sm-12\"><div class=\"vc_column-inner\"><div class=\"wpb_wrapper\">\n\t<div class=\"wpb_text_column wpb_content_element  vc_custom_1581470930808\" >\n\t\t<div class=\"wpb_wrapper\">\n\t\t\t<h4>Materia\u0142y do pobrania<\/h4>\n\n\t\t<\/div>\n\t<\/div>\n<\/div><\/div><\/div><div class=\"wpb_column vc_column_container vc_col-sm-12\"><div class=\"vc_column-inner\"><div class=\"wpb_wrapper\"><div class=\"vc_empty_space\"   style=\"height: 32px\" ><span class=\"vc_empty_space_inner\"><\/span><\/div>\n<\/div><\/div><\/div><div class=\"wpb_column vc_column_container vc_col-sm-12\"><div class=\"vc_column-inner\"><div class=\"wpb_wrapper\"><div class=\"wpb_gallery wpb_content_element vc_clearfix\" ><div class=\"wpb_wrapper\"><div class=\"wpb_gallery_slides wpb_image_grid\" data-interval=\"3\"><ul class=\"wpb_image_grid_ul\"><li class=\"isotope-item\"><a class=\"prettyphoto\" href=\"https:\/\/absynth.eu\/wp-content\/uploads\/2020\/02\/Modulo_Modu\u0142-3S.png\" data-rel=\"prettyPhoto[rel-6717-812480168]\"><img loading=\"lazy\" decoding=\"async\" width=\"150\" height=\"150\" src=\"https:\/\/absynth.eu\/wp-content\/uploads\/2020\/02\/Modulo_Modu\u0142-3S-150x150.png\" class=\"attachment-thumbnail\" alt=\"\" \/><\/a><\/li><li class=\"isotope-item\"><a class=\"prettyphoto\" href=\"https:\/\/absynth.eu\/wp-content\/uploads\/2020\/05\/Karta_Modulu-1-724x1024.jpg\" data-rel=\"prettyPhoto[rel-6717-812480168]\"><img loading=\"lazy\" decoding=\"async\" width=\"150\" height=\"150\" src=\"https:\/\/absynth.eu\/wp-content\/uploads\/2020\/05\/Karta_Modulu-1-150x150.jpg\" class=\"attachment-thumbnail\" alt=\"\" srcset=\"https:\/\/absynth.eu\/wp-content\/uploads\/2020\/05\/Karta_Modulu-1-150x150.jpg 150w, https:\/\/absynth.eu\/wp-content\/uploads\/2020\/05\/Karta_Modulu-1-650x650.jpg 650w, https:\/\/absynth.eu\/wp-content\/uploads\/2020\/05\/Karta_Modulu-1-1300x1300.jpg 1300w\" sizes=\"(max-width: 150px) 100vw, 150px\" \/><\/a><\/li><li class=\"isotope-item\"><a class=\"prettyphoto\" href=\"https:\/\/absynth.eu\/wp-content\/uploads\/2020\/05\/Karta_Modulu-2-724x1024.jpg\" data-rel=\"prettyPhoto[rel-6717-812480168]\"><img loading=\"lazy\" decoding=\"async\" width=\"150\" height=\"150\" src=\"https:\/\/absynth.eu\/wp-content\/uploads\/2020\/05\/Karta_Modulu-2-150x150.jpg\" class=\"attachment-thumbnail\" alt=\"\" srcset=\"https:\/\/absynth.eu\/wp-content\/uploads\/2020\/05\/Karta_Modulu-2-150x150.jpg 150w, https:\/\/absynth.eu\/wp-content\/uploads\/2020\/05\/Karta_Modulu-2-650x650.jpg 650w, https:\/\/absynth.eu\/wp-content\/uploads\/2020\/05\/Karta_Modulu-2-1300x1300.jpg 1300w\" sizes=\"(max-width: 150px) 100vw, 150px\" \/><\/a><\/li><\/ul><\/div><\/div><\/div><\/div><\/div><\/div><div class=\"wpb_column vc_column_container vc_col-sm-12\"><div class=\"vc_column-inner\"><div class=\"wpb_wrapper\">\n\t<div class=\"wpb_text_column wpb_content_element\" >\n\t\t<div class=\"wpb_wrapper\">\n\t\t\t<p><a href=\"https:\/\/absynth.eu\/wp-content\/uploads\/2020\/05\/Karta_Modulu.pdf\" download=\"\">Pobierz rysunki techniczne<\/a><\/p>\n\n\t\t<\/div>\n\t<\/div>\n<\/div><\/div><\/div><\/div><\/div><\/div><div class=\"qodef-row-grid-section-wrapper\"  ><div class=\"qodef-row-grid-section\"><div class=\"vc_row wpb_row vc_row-fluid\" ><div class=\"wpb_column vc_column_container vc_col-sm-12\"><div class=\"vc_column-inner\"><div class=\"wpb_wrapper\"><div class=\"vc_empty_space\"   style=\"height: 32px\" ><span class=\"vc_empty_space_inner\"><\/span><\/div>\n\n\t<div class=\"wpb_text_column wpb_content_element\" >\n\t\t<div class=\"wpb_wrapper\">\n\t\t\t<p><a href=\"https:\/\/absynth.eu\/wp-content\/uploads\/2020\/05\/modulu.zip\" download=\"\">Pobierz pliki .dwg kolekcji<\/a><\/p>\n\n\t\t<\/div>\n\t<\/div>\n<\/div><\/div><\/div><div class=\"wpb_column vc_column_container vc_col-sm-12\"><div class=\"vc_column-inner\"><div class=\"wpb_wrapper\"><div class=\"vc_empty_space\"   style=\"height: 32px\" ><span class=\"vc_empty_space_inner\"><\/span><\/div>\n\n\t<div class=\"wpb_text_column wpb_content_element\" >\n\t\t<div class=\"wpb_wrapper\">\n\t\t\t<p>Produkty dost\u0119pne w tkaninach: <a href=\"https:\/\/absynth.eu\/wp-content\/uploads\/2024\/09\/Gr_1.pdf\">Grupa 1<\/a>, <a href=\"https:\/\/absynth.eu\/wp-content\/uploads\/2024\/09\/Gr_2.pdf\">Grupa 2<\/a>, <a href=\"https:\/\/absynth.eu\/wp-content\/uploads\/2024\/09\/Gr_3.pdf\">Grupa 3<\/a>, <a href=\"https:\/\/absynth.eu\/wp-content\/uploads\/2024\/09\/Gr_4.pdf\">Grupa 4<\/a>, <a href=\"https:\/\/absynth.eu\/wp-content\/uploads\/2024\/09\/Gr_5.pdf\">Grupa 5<\/a><\/p>\n\n\t\t<\/div>\n\t<\/div>\n<\/div><\/div><\/div><\/div><\/div><\/div>","protected":false},"excerpt":{"rendered":"modulU collection kod produktu: A10-03-R\/L-FAB, A10-P-03-R\/L-FAB PROJEKT: DEFFINE FURNITURE LTD Modu\u0142 3S R\/L \u2013 dostosowuje si\u0119 do potrzeb Modu\u0142 3S z kolekcji modulU to element zestawu, kt\u00f3ry mo\u017ce by\u0107 s\u0142u\u017cy\u0107 jako samodzielny mebel, a tak\u017ce jako przed\u0142u\u017cenie klasycznej kanapy lub [...]","protected":false},"author":1,"featured_media":0,"parent":6244,"menu_order":0,"comment_status":"closed","ping_status":"closed","template":"full-width.php","meta":{"_monsterinsights_skip_tracking":false,"_monsterinsights_sitenote_active":false,"_monsterinsights_sitenote_note":"","_monsterinsights_sitenote_category":0,"footnotes":""},"class_list":["post-6717","page","type-page","status-publish","hentry"],"yoast_head":"<!-- This site is optimized with the Yoast SEO plugin v23.1 - https:\/\/yoast.com\/wordpress\/plugins\/seo\/ -->\n<title>MODUL 3S - Absynth<\/title>\n<meta name=\"description\" content=\"Absynth - producent nowoczesnych mebli. W ofercie: krzes\u0142a tapicerowane, meble skrzyniowe, stoly do jadalni, sto\u0142y d\u0119bowe,meble do salonu, jadalni. Absynth oryginalne meble - Zapraszamy\" \/>\n<meta name=\"robots\" content=\"index, follow, max-snippet:-1, max-image-preview:large, max-video-preview:-1\" \/>\n<link rel=\"canonical\" href=\"https:\/\/absynth.eu\/en\/kolekcje\/kolekcja-modulu\/modul-3s\/\" \/>\n<meta property=\"og:locale\" content=\"en_GB\" \/>\n<meta property=\"og:type\" content=\"article\" \/>\n<meta property=\"og:title\" content=\"MODUL 3S - Absynth\" \/>\n<meta property=\"og:description\" content=\"Absynth - producent nowoczesnych mebli. W ofercie: krzes\u0142a tapicerowane, meble skrzyniowe, stoly do jadalni, sto\u0142y d\u0119bowe,meble do salonu, jadalni. Absynth oryginalne meble - Zapraszamy\" \/>\n<meta property=\"og:url\" content=\"https:\/\/absynth.eu\/en\/kolekcje\/kolekcja-modulu\/modul-3s\/\" \/>\n<meta property=\"og:site_name\" content=\"Absynth\" \/>\n<meta property=\"article:publisher\" content=\"https:\/\/www.facebook.com\/MebleABSYNTH\" \/>\n<meta property=\"article:modified_time\" content=\"2024-09-13T09:02:12+00:00\" \/>\n<meta name=\"twitter:card\" content=\"summary_large_image\" \/>\n<meta name=\"twitter:label1\" content=\"Estimated reading time\" \/>\n\t<meta name=\"twitter:data1\" content=\"2 minutes\" \/>\n<script type=\"application\/ld+json\" class=\"yoast-schema-graph\">{\"@context\":\"https:\/\/schema.org\",\"@graph\":[{\"@type\":\"WebPage\",\"@id\":\"https:\/\/absynth.eu\/kolekcje\/kolekcja-modulu\/modul-3s\/\",\"url\":\"https:\/\/absynth.eu\/kolekcje\/kolekcja-modulu\/modul-3s\/\",\"name\":\"MODUL 3S - Absynth\",\"isPartOf\":{\"@id\":\"https:\/\/absynth.eu\/pl\/#website\"},\"datePublished\":\"2019-03-23T22:54:03+00:00\",\"dateModified\":\"2024-09-13T09:02:12+00:00\",\"description\":\"Absynth - producent nowoczesnych mebli. W ofercie: krzes\u0142a tapicerowane, meble skrzyniowe, stoly do jadalni, sto\u0142y d\u0119bowe,meble do salonu, jadalni. Absynth oryginalne meble - Zapraszamy\",\"breadcrumb\":{\"@id\":\"https:\/\/absynth.eu\/kolekcje\/kolekcja-modulu\/modul-3s\/#breadcrumb\"},\"inLanguage\":\"en-GB\",\"potentialAction\":[{\"@type\":\"ReadAction\",\"target\":[\"https:\/\/absynth.eu\/kolekcje\/kolekcja-modulu\/modul-3s\/\"]}]},{\"@type\":\"BreadcrumbList\",\"@id\":\"https:\/\/absynth.eu\/kolekcje\/kolekcja-modulu\/modul-3s\/#breadcrumb\",\"itemListElement\":[{\"@type\":\"ListItem\",\"position\":1,\"name\":\"Strona g\u0142\u00f3wna\",\"item\":\"https:\/\/absynth.eu\/\"},{\"@type\":\"ListItem\",\"position\":2,\"name\":\"Kolekcje\",\"item\":\"https:\/\/absynth.eu\/kolekcje\/\"},{\"@type\":\"ListItem\",\"position\":3,\"name\":\"Kolekcja modulU\",\"item\":\"https:\/\/absynth.eu\/kolekcje\/kolekcja-modulu\/\"},{\"@type\":\"ListItem\",\"position\":4,\"name\":\"MODUL 3S\"}]},{\"@type\":\"WebSite\",\"@id\":\"https:\/\/absynth.eu\/pl\/#website\",\"url\":\"https:\/\/absynth.eu\/pl\/\",\"name\":\"Absynth\",\"description\":\"Meble tworz\u0105 wn\u0119trze\",\"potentialAction\":[{\"@type\":\"SearchAction\",\"target\":{\"@type\":\"EntryPoint\",\"urlTemplate\":\"https:\/\/absynth.eu\/pl\/?s={search_term_string}\"},\"query-input\":\"required name=search_term_string\"}],\"inLanguage\":\"en-GB\"}]}<\/script>\n<!-- \/ Yoast SEO plugin. -->","yoast_head_json":{"title":"MODUL 3S - Absynth","description":"Absynth - producent nowoczesnych mebli. W ofercie: krzes\u0142a tapicerowane, meble skrzyniowe, stoly do jadalni, sto\u0142y d\u0119bowe,meble do salonu, jadalni. Absynth oryginalne meble - Zapraszamy","robots":{"index":"index","follow":"follow","max-snippet":"max-snippet:-1","max-image-preview":"max-image-preview:large","max-video-preview":"max-video-preview:-1"},"canonical":"https:\/\/absynth.eu\/en\/kolekcje\/kolekcja-modulu\/modul-3s\/","og_locale":"en_GB","og_type":"article","og_title":"MODUL 3S - Absynth","og_description":"Absynth - producent nowoczesnych mebli. W ofercie: krzes\u0142a tapicerowane, meble skrzyniowe, stoly do jadalni, sto\u0142y d\u0119bowe,meble do salonu, jadalni. Absynth oryginalne meble - Zapraszamy","og_url":"https:\/\/absynth.eu\/en\/kolekcje\/kolekcja-modulu\/modul-3s\/","og_site_name":"Absynth","article_publisher":"https:\/\/www.facebook.com\/MebleABSYNTH","article_modified_time":"2024-09-13T09:02:12+00:00","twitter_card":"summary_large_image","twitter_misc":{"Estimated reading time":"2 minutes"},"schema":{"@context":"https:\/\/schema.org","@graph":[{"@type":"WebPage","@id":"https:\/\/absynth.eu\/kolekcje\/kolekcja-modulu\/modul-3s\/","url":"https:\/\/absynth.eu\/kolekcje\/kolekcja-modulu\/modul-3s\/","name":"MODUL 3S - Absynth","isPartOf":{"@id":"https:\/\/absynth.eu\/pl\/#website"},"datePublished":"2019-03-23T22:54:03+00:00","dateModified":"2024-09-13T09:02:12+00:00","description":"Absynth - producent nowoczesnych mebli. W ofercie: krzes\u0142a tapicerowane, meble skrzyniowe, stoly do jadalni, sto\u0142y d\u0119bowe,meble do salonu, jadalni. Absynth oryginalne meble - Zapraszamy","breadcrumb":{"@id":"https:\/\/absynth.eu\/kolekcje\/kolekcja-modulu\/modul-3s\/#breadcrumb"},"inLanguage":"en-GB","potentialAction":[{"@type":"ReadAction","target":["https:\/\/absynth.eu\/kolekcje\/kolekcja-modulu\/modul-3s\/"]}]},{"@type":"BreadcrumbList","@id":"https:\/\/absynth.eu\/kolekcje\/kolekcja-modulu\/modul-3s\/#breadcrumb","itemListElement":[{"@type":"ListItem","position":1,"name":"Strona g\u0142\u00f3wna","item":"https:\/\/absynth.eu\/"},{"@type":"ListItem","position":2,"name":"Kolekcje","item":"https:\/\/absynth.eu\/kolekcje\/"},{"@type":"ListItem","position":3,"name":"Kolekcja modulU","item":"https:\/\/absynth.eu\/kolekcje\/kolekcja-modulu\/"},{"@type":"ListItem","position":4,"name":"MODUL 3S"}]},{"@type":"WebSite","@id":"https:\/\/absynth.eu\/pl\/#website","url":"https:\/\/absynth.eu\/pl\/","name":"Absynth","description":"Meble tworz\u0105 wn\u0119trze","potentialAction":[{"@type":"SearchAction","target":{"@type":"EntryPoint","urlTemplate":"https:\/\/absynth.eu\/pl\/?s={search_term_string}"},"query-input":"required name=search_term_string"}],"inLanguage":"en-GB"}]}},"_links":{"self":[{"href":"https:\/\/absynth.eu\/en\/wp-json\/wp\/v2\/pages\/6717"}],"collection":[{"href":"https:\/\/absynth.eu\/en\/wp-json\/wp\/v2\/pages"}],"about":[{"href":"https:\/\/absynth.eu\/en\/wp-json\/wp\/v2\/types\/page"}],"author":[{"embeddable":true,"href":"https:\/\/absynth.eu\/en\/wp-json\/wp\/v2\/users\/1"}],"replies":[{"embeddable":true,"href":"https:\/\/absynth.eu\/en\/wp-json\/wp\/v2\/comments?post=6717"}],"version-history":[{"count":12,"href":"https:\/\/absynth.eu\/en\/wp-json\/wp\/v2\/pages\/6717\/revisions"}],"predecessor-version":[{"id":9657,"href":"https:\/\/absynth.eu\/en\/wp-json\/wp\/v2\/pages\/6717\/revisions\/9657"}],"up":[{"embeddable":true,"href":"https:\/\/absynth.eu\/en\/wp-json\/wp\/v2\/pages\/6244"}],"wp:attachment":[{"href":"https:\/\/absynth.eu\/en\/wp-json\/wp\/v2\/media?parent=6717"}],"curies":[{"name":"wp","href":"https:\/\/api.w.org\/{rel}","templated":true}]}}