{"id":7998,"date":"2020-10-08T01:38:25","date_gmt":"2020-10-07T23:38:25","guid":{"rendered":"https:\/\/absynth.eu\/?page_id=7998"},"modified":"2023-08-02T22:38:38","modified_gmt":"2023-08-02T20:38:38","slug":"monostudio","status":"publish","type":"page","link":"https:\/\/absynth.eu\/en\/monostudio\/","title":{"rendered":"MONOstudio"},"content":{"rendered":"<div class=\"vc_row wpb_row vc_row-fluid\" ><div class=\"wpb_column vc_column_container vc_col-sm-12\"><div class=\"vc_column-inner\"><div class=\"wpb_wrapper\">\n\t<div  class=\"wpb_single_image wpb_content_element vc_align_left  wpb_animate_when_almost_visible wpb_fadeInUp fadeInUp\">\n\t\t\n\t\t<figure class=\"wpb_wrapper vc_figure\">\n\t\t\t<div class=\"vc_single_image-wrapper   vc_box_border_grey\"><img loading=\"lazy\" decoding=\"async\" width=\"1920\" height=\"600\" src=\"https:\/\/absynth.eu\/wp-content\/uploads\/2023\/08\/onas-1920x600-nowasiedziba.jpg\" class=\"vc_single_image-img attachment-full\" alt=\"\" srcset=\"https:\/\/absynth.eu\/wp-content\/uploads\/2023\/08\/onas-1920x600-nowasiedziba.jpg 1920w, https:\/\/absynth.eu\/wp-content\/uploads\/2023\/08\/onas-1920x600-nowasiedziba-300x94.jpg 300w, https:\/\/absynth.eu\/wp-content\/uploads\/2023\/08\/onas-1920x600-nowasiedziba-1024x320.jpg 1024w, https:\/\/absynth.eu\/wp-content\/uploads\/2023\/08\/onas-1920x600-nowasiedziba-768x240.jpg 768w, https:\/\/absynth.eu\/wp-content\/uploads\/2023\/08\/onas-1920x600-nowasiedziba-1536x480.jpg 1536w, https:\/\/absynth.eu\/wp-content\/uploads\/2023\/08\/onas-1920x600-nowasiedziba-18x6.jpg 18w\" sizes=\"(max-width: 1920px) 100vw, 1920px\" \/><\/div>\n\t\t<\/figure>\n\t<\/div>\n<div class=\"vc_empty_space\"   style=\"height: 92px\" ><span class=\"vc_empty_space_inner\"><\/span><\/div>\n<\/div><\/div><\/div><\/div><div class=\"qodef-row-grid-section-wrapper\"  ><div class=\"qodef-row-grid-section\"><div class=\"vc_row wpb_row vc_row-fluid\" ><div class=\"wpb_column vc_column_container vc_col-sm-12\"><div class=\"vc_column-inner\"><div class=\"wpb_wrapper\"><div class=\"qodef-section-title-holder  qodef-st-standard qodef-st-title-left qodef-st-normal-space\" >\n\t<div class=\"qodef-st-inner\">\n\t\t\t\t\t\t\t<h2 class=\"qodef-st-title\" >\n\t\t\t\tMONOstudio\t\t\t<\/h2>\n\t\t\t\t\t<\/div>\n<\/div><div class=\"vc_empty_space\"   style=\"height: 32px\" ><span class=\"vc_empty_space_inner\"><\/span><\/div>\n<\/div><\/div><\/div><\/div><\/div><\/div><div class=\"qodef-row-grid-section-wrapper\"  ><div class=\"qodef-row-grid-section\"><div class=\"vc_row wpb_row vc_row-fluid\" ><div class=\"wpb_column vc_column_container vc_col-sm-12\"><div class=\"vc_column-inner\"><div class=\"wpb_wrapper\">\n\t<div class=\"wpb_text_column wpb_content_element\" >\n\t\t<div class=\"wpb_wrapper\">\n\t\t\t<p>Jeste\u015bmy kreatywnym zespo\u0142em architekt\u00f3w, projektant\u00f3w WN\u0118TRZ i designer\u00f3w. Uzupe\u0142niamy si\u0119 nawzajem, z ch\u0119ci\u0105 przekazuj\u0105c sobie to, w czym ka\u017cdy z nas jest najlepszy. Do\u015bwiadczenie, jakie ka\u017cdy wnosi do MONOstudio, tworzy mieszank\u0119 wybuchow\u0105. Mamy jednak wsp\u00f3ln\u0105 ide\u0119, w kt\u00f3rej najwa\u017cniejszy jest Klient i potrzeba tworzenia dobrego DESIGNU.<\/p>\n<p>Od ponad 12 lat kreujemy dla Pa\u0144stwa przestrze\u0144.<\/p>\n\n\t\t<\/div>\n\t<\/div>\n<div class=\"vc_empty_space\"   style=\"height: 32px\" ><span class=\"vc_empty_space_inner\"><\/span><\/div>\n<\/div><\/div><\/div><\/div><\/div><\/div><div class=\"qodef-row-grid-section-wrapper\"  ><div class=\"qodef-row-grid-section\"><div class=\"vc_row wpb_row vc_row-fluid\" ><div class=\"wpb_column vc_column_container vc_col-sm-12\"><div class=\"vc_column-inner\"><div class=\"wpb_wrapper\">\n\t<div class=\"wpb_text_column wpb_content_element\" >\n\t\t<div class=\"wpb_wrapper\">\n\t\t\t<h5><a href=\"https:\/\/www.monostudio.pl\/\" target=\"_blank\" rel=\"noopener noreferrer\">MONOstudio<\/a><\/h5>\n<p>Weronika Bara\u0144ska &#8211; Mi\u0119kina, Maciej Mi\u0119kina<br \/>\nul. Kr\u00f3lowej Jadwigi 139a<br \/>\n30-212 Krak\u00f3w<br \/>\n<a href=\"tel: 48799797707\">+48 799 797 707<\/a><br \/>\n<a href=\"mailto:biuro@monostudio.pl\">biuro@monostudio.pl<\/a><\/p>\n\n\t\t<\/div>\n\t<\/div>\n<div class=\"vc_empty_space\"   style=\"height: 92px\" ><span class=\"vc_empty_space_inner\"><\/span><\/div>\n<\/div><\/div><\/div><\/div><\/div><\/div><div class=\"vc_row wpb_row vc_row-fluid\" ><div class=\"wpb_column vc_column_container vc_col-sm-4\"><div class=\"vc_column-inner\"><div class=\"wpb_wrapper\">\n\t<div  class=\"wpb_single_image wpb_content_element vc_align_left  wpb_animate_when_almost_visible wpb_fadeInLeft fadeInLeft\">\n\t\t\n\t\t<figure class=\"wpb_wrapper vc_figure\">\n\t\t\t<div class=\"vc_single_image-wrapper   vc_box_border_grey\"><img loading=\"lazy\" decoding=\"async\" width=\"1600\" height=\"900\" src=\"https:\/\/absynth.eu\/wp-content\/uploads\/2020\/10\/2_salon-2.jpg\" class=\"vc_single_image-img attachment-full\" alt=\"MONOstudio salon\" srcset=\"https:\/\/absynth.eu\/wp-content\/uploads\/2020\/10\/2_salon-2.jpg 1600w, https:\/\/absynth.eu\/wp-content\/uploads\/2020\/10\/2_salon-2-300x169.jpg 300w, https:\/\/absynth.eu\/wp-content\/uploads\/2020\/10\/2_salon-2-768x432.jpg 768w, https:\/\/absynth.eu\/wp-content\/uploads\/2020\/10\/2_salon-2-1024x576.jpg 1024w\" sizes=\"(max-width: 1600px) 100vw, 1600px\" \/><\/div>\n\t\t<\/figure>\n\t<\/div>\n<\/div><\/div><\/div><div class=\"wpb_column vc_column_container vc_col-sm-4\"><div class=\"vc_column-inner\"><div class=\"wpb_wrapper\">\n\t<div  class=\"wpb_single_image wpb_content_element vc_align_left  wpb_animate_when_almost_visible wpb_fadeInUp fadeInUp\">\n\t\t\n\t\t<figure class=\"wpb_wrapper vc_figure\">\n\t\t\t<div class=\"vc_single_image-wrapper   vc_box_border_grey\"><img loading=\"lazy\" decoding=\"async\" width=\"1500\" height=\"844\" src=\"https:\/\/absynth.eu\/wp-content\/uploads\/2020\/10\/parter_pok\u00f3j__kuchnia_06.jpg\" class=\"vc_single_image-img attachment-full\" alt=\"MONOstudio parter\" srcset=\"https:\/\/absynth.eu\/wp-content\/uploads\/2020\/10\/parter_pok\u00f3j__kuchnia_06.jpg 1500w, https:\/\/absynth.eu\/wp-content\/uploads\/2020\/10\/parter_pok\u00f3j__kuchnia_06-300x169.jpg 300w, https:\/\/absynth.eu\/wp-content\/uploads\/2020\/10\/parter_pok\u00f3j__kuchnia_06-768x432.jpg 768w, https:\/\/absynth.eu\/wp-content\/uploads\/2020\/10\/parter_pok\u00f3j__kuchnia_06-1024x576.jpg 1024w\" sizes=\"(max-width: 1500px) 100vw, 1500px\" \/><\/div>\n\t\t<\/figure>\n\t<\/div>\n<\/div><\/div><\/div><div class=\"wpb_column vc_column_container vc_col-sm-4\"><div class=\"vc_column-inner\"><div class=\"wpb_wrapper\">\n\t<div  class=\"wpb_single_image wpb_content_element vc_align_left  wpb_animate_when_almost_visible wpb_fadeInRight fadeInRight\">\n\t\t\n\t\t<figure class=\"wpb_wrapper vc_figure\">\n\t\t\t<div class=\"vc_single_image-wrapper   vc_box_border_grey\"><img loading=\"lazy\" decoding=\"async\" width=\"1500\" height=\"844\" src=\"https:\/\/absynth.eu\/wp-content\/uploads\/2020\/10\/pi\u0119tro_sypialnia_02.jpg\" class=\"vc_single_image-img attachment-full\" alt=\"MONOstudio sypialnia\" srcset=\"https:\/\/absynth.eu\/wp-content\/uploads\/2020\/10\/pi\u0119tro_sypialnia_02.jpg 1500w, https:\/\/absynth.eu\/wp-content\/uploads\/2020\/10\/pi\u0119tro_sypialnia_02-300x169.jpg 300w, https:\/\/absynth.eu\/wp-content\/uploads\/2020\/10\/pi\u0119tro_sypialnia_02-768x432.jpg 768w, https:\/\/absynth.eu\/wp-content\/uploads\/2020\/10\/pi\u0119tro_sypialnia_02-1024x576.jpg 1024w\" sizes=\"(max-width: 1500px) 100vw, 1500px\" \/><\/div>\n\t\t<\/figure>\n\t<\/div>\n<\/div><\/div><\/div><\/div>","protected":false},"excerpt":{"rendered":"MONOstudio Jeste\u015bmy kreatywnym zespo\u0142em architekt\u00f3w, projektant\u00f3w WN\u0118TRZ i designer\u00f3w. Uzupe\u0142niamy si\u0119 nawzajem, z ch\u0119ci\u0105 przekazuj\u0105c sobie to, w czym ka\u017cdy z nas jest najlepszy. Do\u015bwiadczenie, jakie ka\u017cdy wnosi do MONOstudio, tworzy mieszank\u0119 wybuchow\u0105. Mamy jednak wsp\u00f3ln\u0105 ide\u0119, w kt\u00f3rej najwa\u017cniejszy [...]","protected":false},"author":2,"featured_media":0,"parent":0,"menu_order":0,"comment_status":"closed","ping_status":"closed","template":"full-width.php","meta":{"_monsterinsights_skip_tracking":false,"_monsterinsights_sitenote_active":false,"_monsterinsights_sitenote_note":"","_monsterinsights_sitenote_category":0,"footnotes":""},"class_list":["post-7998","page","type-page","status-publish","hentry"],"yoast_head":"<!-- This site is optimized with the Yoast SEO plugin v23.1 - https:\/\/yoast.com\/wordpress\/plugins\/seo\/ -->\n<title>MONOstudio - Absynth<\/title>\n<meta name=\"description\" content=\"Absynth - producent nowoczesnych mebli. W ofercie: krzes\u0142a tapicerowane, meble skrzyniowe, stoly do jadalni, sto\u0142y d\u0119bowe,meble do salonu, jadalni. Absynth oryginalne meble - Zapraszamy\" \/>\n<meta name=\"robots\" content=\"index, follow, max-snippet:-1, max-image-preview:large, max-video-preview:-1\" \/>\n<link rel=\"canonical\" href=\"https:\/\/absynth.eu\/en\/monostudio\/\" \/>\n<meta property=\"og:locale\" content=\"en_GB\" \/>\n<meta property=\"og:type\" content=\"article\" \/>\n<meta property=\"og:title\" content=\"MONOstudio - Absynth\" \/>\n<meta property=\"og:description\" content=\"Absynth - producent nowoczesnych mebli. W ofercie: krzes\u0142a tapicerowane, meble skrzyniowe, stoly do jadalni, sto\u0142y d\u0119bowe,meble do salonu, jadalni. Absynth oryginalne meble - Zapraszamy\" \/>\n<meta property=\"og:url\" content=\"https:\/\/absynth.eu\/en\/monostudio\/\" \/>\n<meta property=\"og:site_name\" content=\"Absynth\" \/>\n<meta property=\"article:publisher\" content=\"https:\/\/www.facebook.com\/MebleABSYNTH\" \/>\n<meta property=\"article:modified_time\" content=\"2023-08-02T20:38:38+00:00\" \/>\n<meta name=\"twitter:card\" content=\"summary_large_image\" \/>\n<meta name=\"twitter:label1\" content=\"Estimated reading time\" \/>\n\t<meta name=\"twitter:data1\" content=\"1 minute\" \/>\n<script type=\"application\/ld+json\" class=\"yoast-schema-graph\">{\"@context\":\"https:\/\/schema.org\",\"@graph\":[{\"@type\":\"WebPage\",\"@id\":\"https:\/\/absynth.eu\/monostudio\/\",\"url\":\"https:\/\/absynth.eu\/monostudio\/\",\"name\":\"MONOstudio - Absynth\",\"isPartOf\":{\"@id\":\"https:\/\/absynth.eu\/pl\/#website\"},\"datePublished\":\"2020-10-07T23:38:25+00:00\",\"dateModified\":\"2023-08-02T20:38:38+00:00\",\"description\":\"Absynth - producent nowoczesnych mebli. W ofercie: krzes\u0142a tapicerowane, meble skrzyniowe, stoly do jadalni, sto\u0142y d\u0119bowe,meble do salonu, jadalni. Absynth oryginalne meble - Zapraszamy\",\"breadcrumb\":{\"@id\":\"https:\/\/absynth.eu\/monostudio\/#breadcrumb\"},\"inLanguage\":\"en-GB\",\"potentialAction\":[{\"@type\":\"ReadAction\",\"target\":[\"https:\/\/absynth.eu\/monostudio\/\"]}]},{\"@type\":\"BreadcrumbList\",\"@id\":\"https:\/\/absynth.eu\/monostudio\/#breadcrumb\",\"itemListElement\":[{\"@type\":\"ListItem\",\"position\":1,\"name\":\"Strona g\u0142\u00f3wna\",\"item\":\"https:\/\/absynth.eu\/\"},{\"@type\":\"ListItem\",\"position\":2,\"name\":\"MONOstudio\"}]},{\"@type\":\"WebSite\",\"@id\":\"https:\/\/absynth.eu\/pl\/#website\",\"url\":\"https:\/\/absynth.eu\/pl\/\",\"name\":\"Absynth\",\"description\":\"Meble tworz\u0105 wn\u0119trze\",\"potentialAction\":[{\"@type\":\"SearchAction\",\"target\":{\"@type\":\"EntryPoint\",\"urlTemplate\":\"https:\/\/absynth.eu\/pl\/?s={search_term_string}\"},\"query-input\":\"required name=search_term_string\"}],\"inLanguage\":\"en-GB\"}]}<\/script>\n<!-- \/ Yoast SEO plugin. -->","yoast_head_json":{"title":"MONOstudio - Absynth","description":"Absynth - producent nowoczesnych mebli. W ofercie: krzes\u0142a tapicerowane, meble skrzyniowe, stoly do jadalni, sto\u0142y d\u0119bowe,meble do salonu, jadalni. Absynth oryginalne meble - Zapraszamy","robots":{"index":"index","follow":"follow","max-snippet":"max-snippet:-1","max-image-preview":"max-image-preview:large","max-video-preview":"max-video-preview:-1"},"canonical":"https:\/\/absynth.eu\/en\/monostudio\/","og_locale":"en_GB","og_type":"article","og_title":"MONOstudio - Absynth","og_description":"Absynth - producent nowoczesnych mebli. W ofercie: krzes\u0142a tapicerowane, meble skrzyniowe, stoly do jadalni, sto\u0142y d\u0119bowe,meble do salonu, jadalni. Absynth oryginalne meble - Zapraszamy","og_url":"https:\/\/absynth.eu\/en\/monostudio\/","og_site_name":"Absynth","article_publisher":"https:\/\/www.facebook.com\/MebleABSYNTH","article_modified_time":"2023-08-02T20:38:38+00:00","twitter_card":"summary_large_image","twitter_misc":{"Estimated reading time":"1 minute"},"schema":{"@context":"https:\/\/schema.org","@graph":[{"@type":"WebPage","@id":"https:\/\/absynth.eu\/monostudio\/","url":"https:\/\/absynth.eu\/monostudio\/","name":"MONOstudio - Absynth","isPartOf":{"@id":"https:\/\/absynth.eu\/pl\/#website"},"datePublished":"2020-10-07T23:38:25+00:00","dateModified":"2023-08-02T20:38:38+00:00","description":"Absynth - producent nowoczesnych mebli. W ofercie: krzes\u0142a tapicerowane, meble skrzyniowe, stoly do jadalni, sto\u0142y d\u0119bowe,meble do salonu, jadalni. Absynth oryginalne meble - Zapraszamy","breadcrumb":{"@id":"https:\/\/absynth.eu\/monostudio\/#breadcrumb"},"inLanguage":"en-GB","potentialAction":[{"@type":"ReadAction","target":["https:\/\/absynth.eu\/monostudio\/"]}]},{"@type":"BreadcrumbList","@id":"https:\/\/absynth.eu\/monostudio\/#breadcrumb","itemListElement":[{"@type":"ListItem","position":1,"name":"Strona g\u0142\u00f3wna","item":"https:\/\/absynth.eu\/"},{"@type":"ListItem","position":2,"name":"MONOstudio"}]},{"@type":"WebSite","@id":"https:\/\/absynth.eu\/pl\/#website","url":"https:\/\/absynth.eu\/pl\/","name":"Absynth","description":"Meble tworz\u0105 wn\u0119trze","potentialAction":[{"@type":"SearchAction","target":{"@type":"EntryPoint","urlTemplate":"https:\/\/absynth.eu\/pl\/?s={search_term_string}"},"query-input":"required name=search_term_string"}],"inLanguage":"en-GB"}]}},"_links":{"self":[{"href":"https:\/\/absynth.eu\/en\/wp-json\/wp\/v2\/pages\/7998"}],"collection":[{"href":"https:\/\/absynth.eu\/en\/wp-json\/wp\/v2\/pages"}],"about":[{"href":"https:\/\/absynth.eu\/en\/wp-json\/wp\/v2\/types\/page"}],"author":[{"embeddable":true,"href":"https:\/\/absynth.eu\/en\/wp-json\/wp\/v2\/users\/2"}],"replies":[{"embeddable":true,"href":"https:\/\/absynth.eu\/en\/wp-json\/wp\/v2\/comments?post=7998"}],"version-history":[{"count":4,"href":"https:\/\/absynth.eu\/en\/wp-json\/wp\/v2\/pages\/7998\/revisions"}],"predecessor-version":[{"id":9309,"href":"https:\/\/absynth.eu\/en\/wp-json\/wp\/v2\/pages\/7998\/revisions\/9309"}],"wp:attachment":[{"href":"https:\/\/absynth.eu\/en\/wp-json\/wp\/v2\/media?parent=7998"}],"curies":[{"name":"wp","href":"https:\/\/api.w.org\/{rel}","templated":true}]}}