{"id":8668,"date":"2021-10-19T00:40:27","date_gmt":"2021-10-18T22:40:27","guid":{"rendered":"https:\/\/absynth.eu\/?page_id=8668"},"modified":"2021-10-19T00:52:50","modified_gmt":"2021-10-18T22:52:50","slug":"yestersen","status":"publish","type":"page","link":"https:\/\/absynth.eu\/en\/yestersen\/","title":{"rendered":"Yestersen"},"content":{"rendered":"<div class=\"vc_row wpb_row vc_row-fluid\" ><div class=\"wpb_column vc_column_container vc_col-sm-12\"><div class=\"vc_column-inner\"><div class=\"wpb_wrapper\">\n\t<div  class=\"wpb_single_image wpb_content_element vc_align_center  wpb_animate_when_almost_visible wpb_fadeInUp fadeInUp\">\n\t\t\n\t\t<figure class=\"wpb_wrapper vc_figure\">\n\t\t\t<div class=\"vc_single_image-wrapper   vc_box_border_grey\"><img loading=\"lazy\" decoding=\"async\" width=\"1920\" height=\"972\" src=\"https:\/\/absynth.eu\/wp-content\/uploads\/2021\/10\/yestersen-main-1.jpg\" class=\"vc_single_image-img attachment-full\" alt=\"Yestersen\" srcset=\"https:\/\/absynth.eu\/wp-content\/uploads\/2021\/10\/yestersen-main-1.jpg 1920w, https:\/\/absynth.eu\/wp-content\/uploads\/2021\/10\/yestersen-main-1-300x152.jpg 300w, https:\/\/absynth.eu\/wp-content\/uploads\/2021\/10\/yestersen-main-1-1024x518.jpg 1024w, https:\/\/absynth.eu\/wp-content\/uploads\/2021\/10\/yestersen-main-1-768x389.jpg 768w, https:\/\/absynth.eu\/wp-content\/uploads\/2021\/10\/yestersen-main-1-1536x778.jpg 1536w, https:\/\/absynth.eu\/wp-content\/uploads\/2021\/10\/yestersen-main-1-18x9.jpg 18w\" sizes=\"(max-width: 1920px) 100vw, 1920px\" \/><\/div>\n\t\t<\/figure>\n\t<\/div>\n<div class=\"vc_empty_space\"   style=\"height: 92px\" ><span class=\"vc_empty_space_inner\"><\/span><\/div>\n<\/div><\/div><\/div><\/div><div class=\"qodef-row-grid-section-wrapper\"  ><div class=\"qodef-row-grid-section\"><div class=\"vc_row wpb_row vc_row-fluid\" ><div class=\"wpb_column vc_column_container vc_col-sm-12\"><div class=\"vc_column-inner\"><div class=\"wpb_wrapper\"><div class=\"qodef-section-title-holder  qodef-st-standard qodef-st-title-left qodef-st-normal-space\" >\n\t<div class=\"qodef-st-inner\">\n\t\t\t\t\t\t\t<h2 class=\"qodef-st-title\" >\n\t\t\t\tYestersen\t\t\t<\/h2>\n\t\t\t\t\t<\/div>\n<\/div><div class=\"vc_empty_space\"   style=\"height: 32px\" ><span class=\"vc_empty_space_inner\"><\/span><\/div>\n<\/div><\/div><\/div><\/div><\/div><\/div><div class=\"qodef-row-grid-section-wrapper\"  ><div class=\"qodef-row-grid-section\"><div class=\"vc_row wpb_row vc_row-fluid\" ><div class=\"wpb_column vc_column_container vc_col-sm-12\"><div class=\"vc_column-inner\"><div class=\"wpb_wrapper\">\n\t<div class=\"wpb_text_column wpb_content_element\" >\n\t\t<div class=\"wpb_wrapper\">\n\t\t\t<h5><a href=\"https:\/\/yestersen.com\/pl-pl\" target=\"_blank\" rel=\"noopener noreferrer\">Yestersen sp. z o.o.<\/a><\/h5>\n<p>ul. Lekarska 5, 00-610 Warszawa<br \/>\n<a href=\"tel: 48575919828\">+48 575 919 828<\/a><br \/>\n<a href=\"mailto:hello@yestersen.com\">hello@yestersen.com<\/a><\/p>\n<p>Sesja zdj\u0119ciowa wykonana przez pracowni\u0119 fotograficzn\u0105 <a href=\"https:\/\/www.pionstudio.com\/\" target=\"_blank\" rel=\"noopener\">PION STUDIO<\/a><\/p>\n\n\t\t<\/div>\n\t<\/div>\n<div class=\"vc_empty_space\"   style=\"height: 92px\" ><span class=\"vc_empty_space_inner\"><\/span><\/div>\n<\/div><\/div><\/div><\/div><\/div><\/div><section class=\"vc_section\"><div class=\"vc_row wpb_row vc_row-fluid\" ><div class=\"wpb_column vc_column_container vc_col-sm-12\"><div class=\"vc_column-inner\"><div class=\"wpb_wrapper\"><div  class=\"wpb_images_carousel wpb_content_element vc_clearfix\">\n\t<div class=\"wpb_wrapper\">\n\t\t\t\t<div id=\"vc_images-carousel-1-1777884512\" data-ride=\"vc_carousel\" data-wrap=\"false\" style=\"width: 100%;\" data-interval=\"5000\" data-auto-height=\"yes\" data-mode=\"horizontal\" data-partial=\"true\" data-per-view=\"3\" data-hide-on-end=\"false\" class=\"vc_slide vc_images_carousel\">\n\t\t\t\t\t\t<!-- Wrapper for slides -->\n\t\t\t<div class=\"vc_carousel-inner\">\n\t\t\t\t<div class=\"vc_carousel-slideline\">\n\t\t\t\t\t<div class=\"vc_carousel-slideline-inner\">\n\t\t\t\t\t\t\t\t\t\t\t\t\t\t\t\t\t\t\t\t<div class=\"vc_item\">\n\t\t\t\t\t\t\t\t<div class=\"vc_inner\">\n\t\t\t\t\t\t\t\t\t\t\t\t\t\t\t\t\t\t\t\t\t\t\t\t\t\t\t\t\t<a class=\"prettyphoto\" href=\"https:\/\/absynth.eu\/wp-content\/uploads\/2021\/10\/image002.jpg\"  data-rel=\"prettyPhoto[rel-8668-833494740]\">\n\t\t\t\t\t\t\t\t\t\t\t<img loading=\"lazy\" decoding=\"async\" width=\"397\" height=\"529\" src=\"https:\/\/absynth.eu\/wp-content\/uploads\/2021\/10\/image002.jpg\" class=\"attachment-full\" alt=\"\" srcset=\"https:\/\/absynth.eu\/wp-content\/uploads\/2021\/10\/image002.jpg 397w, https:\/\/absynth.eu\/wp-content\/uploads\/2021\/10\/image002-225x300.jpg 225w, https:\/\/absynth.eu\/wp-content\/uploads\/2021\/10\/image002-9x12.jpg 9w\" sizes=\"(max-width: 397px) 100vw, 397px\" \/>\t\t\t\t\t\t\t\t\t\t<\/a>\n\t\t\t\t\t\t\t\t\t\t\t\t\t\t\t\t\t<\/div>\n\t\t\t\t\t\t\t<\/div>\n\t\t\t\t\t\t\t\t\t\t\t\t\t\t\t\t\t\t\t\t<div class=\"vc_item\">\n\t\t\t\t\t\t\t\t<div class=\"vc_inner\">\n\t\t\t\t\t\t\t\t\t\t\t\t\t\t\t\t\t\t\t\t\t\t\t\t\t\t\t\t\t<a class=\"prettyphoto\" href=\"https:\/\/absynth.eu\/wp-content\/uploads\/2021\/10\/image001.jpg\"  data-rel=\"prettyPhoto[rel-8668-833494740]\">\n\t\t\t\t\t\t\t\t\t\t\t<img loading=\"lazy\" decoding=\"async\" width=\"353\" height=\"529\" src=\"https:\/\/absynth.eu\/wp-content\/uploads\/2021\/10\/image001.jpg\" class=\"attachment-full\" alt=\"\" srcset=\"https:\/\/absynth.eu\/wp-content\/uploads\/2021\/10\/image001.jpg 353w, https:\/\/absynth.eu\/wp-content\/uploads\/2021\/10\/image001-200x300.jpg 200w, https:\/\/absynth.eu\/wp-content\/uploads\/2021\/10\/image001-8x12.jpg 8w\" sizes=\"(max-width: 353px) 100vw, 353px\" \/>\t\t\t\t\t\t\t\t\t\t<\/a>\n\t\t\t\t\t\t\t\t\t\t\t\t\t\t\t\t\t<\/div>\n\t\t\t\t\t\t\t<\/div>\n\t\t\t\t\t\t\t\t\t\t\t\t\t\t\t\t\t\t\t\t<div class=\"vc_item\">\n\t\t\t\t\t\t\t\t<div class=\"vc_inner\">\n\t\t\t\t\t\t\t\t\t\t\t\t\t\t\t\t\t\t\t\t\t\t\t\t\t\t\t\t\t<a class=\"prettyphoto\" href=\"https:\/\/absynth.eu\/wp-content\/uploads\/2021\/10\/image003.jpg\"  data-rel=\"prettyPhoto[rel-8668-833494740]\">\n\t\t\t\t\t\t\t\t\t\t\t<img loading=\"lazy\" decoding=\"async\" width=\"353\" height=\"529\" src=\"https:\/\/absynth.eu\/wp-content\/uploads\/2021\/10\/image003.jpg\" class=\"attachment-full\" alt=\"\" srcset=\"https:\/\/absynth.eu\/wp-content\/uploads\/2021\/10\/image003.jpg 353w, https:\/\/absynth.eu\/wp-content\/uploads\/2021\/10\/image003-200x300.jpg 200w, https:\/\/absynth.eu\/wp-content\/uploads\/2021\/10\/image003-8x12.jpg 8w\" sizes=\"(max-width: 353px) 100vw, 353px\" \/>\t\t\t\t\t\t\t\t\t\t<\/a>\n\t\t\t\t\t\t\t\t\t\t\t\t\t\t\t\t\t<\/div>\n\t\t\t\t\t\t\t<\/div>\n\t\t\t\t\t\t\t\t\t\t\t\t\t\t\t\t\t\t\t\t<div class=\"vc_item\">\n\t\t\t\t\t\t\t\t<div class=\"vc_inner\">\n\t\t\t\t\t\t\t\t\t\t\t\t\t\t\t\t\t\t\t\t\t\t\t\t\t\t\t\t\t<a class=\"prettyphoto\" href=\"https:\/\/absynth.eu\/wp-content\/uploads\/2021\/10\/51553588963_2b93407ddb_o-1-1024x683.jpg\"  data-rel=\"prettyPhoto[rel-8668-833494740]\">\n\t\t\t\t\t\t\t\t\t\t\t<img loading=\"lazy\" decoding=\"async\" width=\"1920\" height=\"1280\" src=\"https:\/\/absynth.eu\/wp-content\/uploads\/2021\/10\/51553588963_2b93407ddb_o-1.jpg\" class=\"attachment-full\" alt=\"\" srcset=\"https:\/\/absynth.eu\/wp-content\/uploads\/2021\/10\/51553588963_2b93407ddb_o-1.jpg 1920w, https:\/\/absynth.eu\/wp-content\/uploads\/2021\/10\/51553588963_2b93407ddb_o-1-300x200.jpg 300w, https:\/\/absynth.eu\/wp-content\/uploads\/2021\/10\/51553588963_2b93407ddb_o-1-1024x683.jpg 1024w, https:\/\/absynth.eu\/wp-content\/uploads\/2021\/10\/51553588963_2b93407ddb_o-1-768x512.jpg 768w, https:\/\/absynth.eu\/wp-content\/uploads\/2021\/10\/51553588963_2b93407ddb_o-1-1536x1024.jpg 1536w, https:\/\/absynth.eu\/wp-content\/uploads\/2021\/10\/51553588963_2b93407ddb_o-1-18x12.jpg 18w\" sizes=\"(max-width: 1920px) 100vw, 1920px\" \/>\t\t\t\t\t\t\t\t\t\t<\/a>\n\t\t\t\t\t\t\t\t\t\t\t\t\t\t\t\t\t<\/div>\n\t\t\t\t\t\t\t<\/div>\n\t\t\t\t\t\t\t\t\t\t\t<\/div>\n\t\t\t\t<\/div>\n\t\t\t<\/div>\n\t\t\t\t\t<\/div>\n\t<\/div>\n<\/div>\n<\/div><\/div><\/div><\/div><\/section>","protected":false},"excerpt":{"rendered":"Yestersen Yestersen sp. z o.o. ul. Lekarska 5, 00-610 Warszawa +48 575 919 828 hello@yestersen.com Sesja zdj\u0119ciowa wykonana przez pracowni\u0119 fotograficzn\u0105 PION STUDIO","protected":false},"author":2,"featured_media":8674,"parent":0,"menu_order":0,"comment_status":"closed","ping_status":"closed","template":"full-width.php","meta":{"_monsterinsights_skip_tracking":false,"_monsterinsights_sitenote_active":false,"_monsterinsights_sitenote_note":"","_monsterinsights_sitenote_category":0,"footnotes":""},"class_list":["post-8668","page","type-page","status-publish","has-post-thumbnail","hentry"],"yoast_head":"<!-- This site is optimized with the Yoast SEO plugin v23.1 - https:\/\/yoast.com\/wordpress\/plugins\/seo\/ -->\n<title>Yestersen - Absynth<\/title>\n<meta name=\"description\" content=\"Absynth - producent nowoczesnych mebli. W ofercie: krzes\u0142a tapicerowane, meble skrzyniowe, stoly do jadalni, sto\u0142y d\u0119bowe,meble do salonu, jadalni. Absynth oryginalne meble - Zapraszamy\" \/>\n<meta name=\"robots\" content=\"index, follow, max-snippet:-1, max-image-preview:large, max-video-preview:-1\" \/>\n<link rel=\"canonical\" href=\"https:\/\/absynth.eu\/en\/yestersen\/\" \/>\n<meta property=\"og:locale\" content=\"en_GB\" \/>\n<meta property=\"og:type\" content=\"article\" \/>\n<meta property=\"og:title\" content=\"Yestersen - Absynth\" \/>\n<meta property=\"og:description\" content=\"Absynth - producent nowoczesnych mebli. W ofercie: krzes\u0142a tapicerowane, meble skrzyniowe, stoly do jadalni, sto\u0142y d\u0119bowe,meble do salonu, jadalni. Absynth oryginalne meble - Zapraszamy\" \/>\n<meta property=\"og:url\" content=\"https:\/\/absynth.eu\/en\/yestersen\/\" \/>\n<meta property=\"og:site_name\" content=\"Absynth\" \/>\n<meta property=\"article:publisher\" content=\"https:\/\/www.facebook.com\/MebleABSYNTH\" \/>\n<meta property=\"article:modified_time\" content=\"2021-10-18T22:52:50+00:00\" \/>\n<meta property=\"og:image\" content=\"https:\/\/absynth.eu\/wp-content\/uploads\/2021\/10\/51553588963_2b93407ddb_o-1.jpg\" \/>\n\t<meta property=\"og:image:width\" content=\"1920\" \/>\n\t<meta property=\"og:image:height\" content=\"1280\" \/>\n\t<meta property=\"og:image:type\" content=\"image\/jpeg\" \/>\n<meta name=\"twitter:card\" content=\"summary_large_image\" \/>\n<meta name=\"twitter:label1\" content=\"Estimated reading time\" \/>\n\t<meta name=\"twitter:data1\" content=\"1 minute\" \/>\n<script type=\"application\/ld+json\" class=\"yoast-schema-graph\">{\"@context\":\"https:\/\/schema.org\",\"@graph\":[{\"@type\":\"WebPage\",\"@id\":\"https:\/\/absynth.eu\/yestersen\/\",\"url\":\"https:\/\/absynth.eu\/yestersen\/\",\"name\":\"Yestersen - Absynth\",\"isPartOf\":{\"@id\":\"https:\/\/absynth.eu\/pl\/#website\"},\"primaryImageOfPage\":{\"@id\":\"https:\/\/absynth.eu\/yestersen\/#primaryimage\"},\"image\":{\"@id\":\"https:\/\/absynth.eu\/yestersen\/#primaryimage\"},\"thumbnailUrl\":\"https:\/\/absynth.eu\/wp-content\/uploads\/2021\/10\/51553588963_2b93407ddb_o-1.jpg\",\"datePublished\":\"2021-10-18T22:40:27+00:00\",\"dateModified\":\"2021-10-18T22:52:50+00:00\",\"description\":\"Absynth - producent nowoczesnych mebli. W ofercie: krzes\u0142a tapicerowane, meble skrzyniowe, stoly do jadalni, sto\u0142y d\u0119bowe,meble do salonu, jadalni. Absynth oryginalne meble - Zapraszamy\",\"breadcrumb\":{\"@id\":\"https:\/\/absynth.eu\/yestersen\/#breadcrumb\"},\"inLanguage\":\"en-GB\",\"potentialAction\":[{\"@type\":\"ReadAction\",\"target\":[\"https:\/\/absynth.eu\/yestersen\/\"]}]},{\"@type\":\"ImageObject\",\"inLanguage\":\"en-GB\",\"@id\":\"https:\/\/absynth.eu\/yestersen\/#primaryimage\",\"url\":\"https:\/\/absynth.eu\/wp-content\/uploads\/2021\/10\/51553588963_2b93407ddb_o-1.jpg\",\"contentUrl\":\"https:\/\/absynth.eu\/wp-content\/uploads\/2021\/10\/51553588963_2b93407ddb_o-1.jpg\",\"width\":1920,\"height\":1280},{\"@type\":\"BreadcrumbList\",\"@id\":\"https:\/\/absynth.eu\/yestersen\/#breadcrumb\",\"itemListElement\":[{\"@type\":\"ListItem\",\"position\":1,\"name\":\"Strona g\u0142\u00f3wna\",\"item\":\"https:\/\/absynth.eu\/\"},{\"@type\":\"ListItem\",\"position\":2,\"name\":\"Yestersen\"}]},{\"@type\":\"WebSite\",\"@id\":\"https:\/\/absynth.eu\/pl\/#website\",\"url\":\"https:\/\/absynth.eu\/pl\/\",\"name\":\"Absynth\",\"description\":\"Meble tworz\u0105 wn\u0119trze\",\"potentialAction\":[{\"@type\":\"SearchAction\",\"target\":{\"@type\":\"EntryPoint\",\"urlTemplate\":\"https:\/\/absynth.eu\/pl\/?s={search_term_string}\"},\"query-input\":\"required name=search_term_string\"}],\"inLanguage\":\"en-GB\"}]}<\/script>\n<!-- \/ Yoast SEO plugin. -->","yoast_head_json":{"title":"Yestersen - Absynth","description":"Absynth - producent nowoczesnych mebli. W ofercie: krzes\u0142a tapicerowane, meble skrzyniowe, stoly do jadalni, sto\u0142y d\u0119bowe,meble do salonu, jadalni. Absynth oryginalne meble - Zapraszamy","robots":{"index":"index","follow":"follow","max-snippet":"max-snippet:-1","max-image-preview":"max-image-preview:large","max-video-preview":"max-video-preview:-1"},"canonical":"https:\/\/absynth.eu\/en\/yestersen\/","og_locale":"en_GB","og_type":"article","og_title":"Yestersen - Absynth","og_description":"Absynth - producent nowoczesnych mebli. W ofercie: krzes\u0142a tapicerowane, meble skrzyniowe, stoly do jadalni, sto\u0142y d\u0119bowe,meble do salonu, jadalni. Absynth oryginalne meble - Zapraszamy","og_url":"https:\/\/absynth.eu\/en\/yestersen\/","og_site_name":"Absynth","article_publisher":"https:\/\/www.facebook.com\/MebleABSYNTH","article_modified_time":"2021-10-18T22:52:50+00:00","og_image":[{"width":1920,"height":1280,"url":"https:\/\/absynth.eu\/wp-content\/uploads\/2021\/10\/51553588963_2b93407ddb_o-1.jpg","type":"image\/jpeg"}],"twitter_card":"summary_large_image","twitter_misc":{"Estimated reading time":"1 minute"},"schema":{"@context":"https:\/\/schema.org","@graph":[{"@type":"WebPage","@id":"https:\/\/absynth.eu\/yestersen\/","url":"https:\/\/absynth.eu\/yestersen\/","name":"Yestersen - Absynth","isPartOf":{"@id":"https:\/\/absynth.eu\/pl\/#website"},"primaryImageOfPage":{"@id":"https:\/\/absynth.eu\/yestersen\/#primaryimage"},"image":{"@id":"https:\/\/absynth.eu\/yestersen\/#primaryimage"},"thumbnailUrl":"https:\/\/absynth.eu\/wp-content\/uploads\/2021\/10\/51553588963_2b93407ddb_o-1.jpg","datePublished":"2021-10-18T22:40:27+00:00","dateModified":"2021-10-18T22:52:50+00:00","description":"Absynth - producent nowoczesnych mebli. W ofercie: krzes\u0142a tapicerowane, meble skrzyniowe, stoly do jadalni, sto\u0142y d\u0119bowe,meble do salonu, jadalni. Absynth oryginalne meble - Zapraszamy","breadcrumb":{"@id":"https:\/\/absynth.eu\/yestersen\/#breadcrumb"},"inLanguage":"en-GB","potentialAction":[{"@type":"ReadAction","target":["https:\/\/absynth.eu\/yestersen\/"]}]},{"@type":"ImageObject","inLanguage":"en-GB","@id":"https:\/\/absynth.eu\/yestersen\/#primaryimage","url":"https:\/\/absynth.eu\/wp-content\/uploads\/2021\/10\/51553588963_2b93407ddb_o-1.jpg","contentUrl":"https:\/\/absynth.eu\/wp-content\/uploads\/2021\/10\/51553588963_2b93407ddb_o-1.jpg","width":1920,"height":1280},{"@type":"BreadcrumbList","@id":"https:\/\/absynth.eu\/yestersen\/#breadcrumb","itemListElement":[{"@type":"ListItem","position":1,"name":"Strona g\u0142\u00f3wna","item":"https:\/\/absynth.eu\/"},{"@type":"ListItem","position":2,"name":"Yestersen"}]},{"@type":"WebSite","@id":"https:\/\/absynth.eu\/pl\/#website","url":"https:\/\/absynth.eu\/pl\/","name":"Absynth","description":"Meble tworz\u0105 wn\u0119trze","potentialAction":[{"@type":"SearchAction","target":{"@type":"EntryPoint","urlTemplate":"https:\/\/absynth.eu\/pl\/?s={search_term_string}"},"query-input":"required name=search_term_string"}],"inLanguage":"en-GB"}]}},"_links":{"self":[{"href":"https:\/\/absynth.eu\/en\/wp-json\/wp\/v2\/pages\/8668"}],"collection":[{"href":"https:\/\/absynth.eu\/en\/wp-json\/wp\/v2\/pages"}],"about":[{"href":"https:\/\/absynth.eu\/en\/wp-json\/wp\/v2\/types\/page"}],"author":[{"embeddable":true,"href":"https:\/\/absynth.eu\/en\/wp-json\/wp\/v2\/users\/2"}],"replies":[{"embeddable":true,"href":"https:\/\/absynth.eu\/en\/wp-json\/wp\/v2\/comments?post=8668"}],"version-history":[{"count":3,"href":"https:\/\/absynth.eu\/en\/wp-json\/wp\/v2\/pages\/8668\/revisions"}],"predecessor-version":[{"id":8680,"href":"https:\/\/absynth.eu\/en\/wp-json\/wp\/v2\/pages\/8668\/revisions\/8680"}],"wp:featuredmedia":[{"embeddable":true,"href":"https:\/\/absynth.eu\/en\/wp-json\/wp\/v2\/media\/8674"}],"wp:attachment":[{"href":"https:\/\/absynth.eu\/en\/wp-json\/wp\/v2\/media?parent=8668"}],"curies":[{"name":"wp","href":"https:\/\/api.w.org\/{rel}","templated":true}]}}