{"id":8790,"date":"2022-02-07T00:23:50","date_gmt":"2022-02-06T23:23:50","guid":{"rendered":"https:\/\/absynth.eu\/?page_id=8790"},"modified":"2026-04-16T18:02:24","modified_gmt":"2026-04-16T16:02:24","slug":"giro-lozko-sypialniane","status":"publish","type":"page","link":"https:\/\/absynth.eu\/en\/kolekcje\/kolekcja-giro-lozko-sypialniane\/giro-lozko-sypialniane\/","title":{"rendered":"GIrO \u0141\u00f3\u017cko Sypialniane"},"content":{"rendered":"<div class=\"qodef-row-grid-section-wrapper\"  ><div class=\"qodef-row-grid-section\"><div class=\"vc_row wpb_row vc_row-fluid\" ><div class=\"wpb_column vc_column_container vc_col-sm-12\"><div class=\"vc_column-inner\"><div class=\"wpb_wrapper\"><h2 style=\"text-align: left\" class=\"vc_custom_heading\" >GIrO collection<\/h2>\n\t<div class=\"wpb_text_column wpb_content_element\" >\n\t\t<div class=\"wpb_wrapper\">\n\t\t\t<p>product code: <\/p>\n\n\t\t<\/div>\n\t<\/div>\n\n\t<div class=\"wpb_text_column wpb_content_element\" >\n\t\t<div class=\"wpb_wrapper\">\n\t\t\t<h5><strong>PROJEKT<\/strong> DEFFINE FURNITURE LTD<\/h5>\n\n\t\t<\/div>\n\t<\/div>\n<div class=\"vc_empty_space\"   style=\"height: 32px\" ><span class=\"vc_empty_space_inner\"><\/span><\/div>\n<div class=\"vc_row wpb_row vc_inner vc_row-fluid\" ><div class=\"wpb_column vc_column_container vc_col-sm-12\"><div class=\"vc_column-inner\"><div class=\"wpb_wrapper\"><div class=\"vc_message_box vc_message_box-standard vc_message_box-rounded vc_color-info\" >\n\t<div class=\"vc_message_box-icon\"><i class=\"fa fa-info-circle\"><\/i>\n\t<\/div><p style=\"font-weight: 400;\">\u201eWz\u00f3r przemys\u0142owy prawnie chroniony na terytorium UE&#8221;<\/p>\n<p style=\"font-weight: 400;\">&#8222;Registered Community Design&#8221;<\/p>\n<p><strong>015011874-0004<\/strong><\/p>\n<\/div>\n<\/div><\/div><\/div><\/div><div class=\"vc_empty_space\"   style=\"height: 32px\" ><span class=\"vc_empty_space_inner\"><\/span><\/div>\n<\/div><\/div><\/div><\/div><\/div><\/div><div class=\"vc_row wpb_row vc_row-fluid\" ><div class=\"wpb_column vc_column_container vc_col-sm-12\"><div class=\"vc_column-inner\"><div class=\"wpb_wrapper\"><div  class=\"wpb_images_carousel wpb_content_element vc_clearfix\">\n\t<div class=\"wpb_wrapper\">\n\t\t\t\t<div id=\"vc_images-carousel-1-1776965629\" data-ride=\"vc_carousel\" data-wrap=\"true\" style=\"width: 1024px;\" data-interval=\"0\" data-auto-height=\"yes\" data-mode=\"horizontal\" data-partial=\"false\" data-per-view=\"3\" data-hide-on-end=\"true\" class=\"vc_slide vc_images_carousel\">\n\t\t\t\t\t\t<!-- Wrapper for slides -->\n\t\t\t<div class=\"vc_carousel-inner\">\n\t\t\t\t<div class=\"vc_carousel-slideline\">\n\t\t\t\t\t<div class=\"vc_carousel-slideline-inner\">\n\t\t\t\t\t\t\t\t\t\t\t\t\t\t\t\t\t\t\t\t<div class=\"vc_item\">\n\t\t\t\t\t\t\t\t<div class=\"vc_inner\">\n\t\t\t\t\t\t\t\t\t\t\t\t\t\t\t\t\t\t\t\t\t\t\t\t\t\t\t\t\t<a class=\"prettyphoto\" href=\"https:\/\/absynth.eu\/wp-content\/uploads\/2022\/02\/GIRO-BED.jpg\"  data-rel=\"prettyPhoto[rel-8790-1712417366]\">\n\t\t\t\t\t\t\t\t\t\t\t<img loading=\"lazy\" decoding=\"async\" width=\"1024\" height=\"724\" src=\"https:\/\/absynth.eu\/wp-content\/uploads\/2022\/02\/GIRO-BED.jpg\" class=\"attachment-large\" alt=\"\" srcset=\"https:\/\/absynth.eu\/wp-content\/uploads\/2022\/02\/GIRO-BED.jpg 1024w, https:\/\/absynth.eu\/wp-content\/uploads\/2022\/02\/GIRO-BED-300x212.jpg 300w, https:\/\/absynth.eu\/wp-content\/uploads\/2022\/02\/GIRO-BED-768x543.jpg 768w, https:\/\/absynth.eu\/wp-content\/uploads\/2022\/02\/GIRO-BED-18x12.jpg 18w\" sizes=\"(max-width: 1024px) 100vw, 1024px\" \/>\t\t\t\t\t\t\t\t\t\t<\/a>\n\t\t\t\t\t\t\t\t\t\t\t\t\t\t\t\t\t<\/div>\n\t\t\t\t\t\t\t<\/div>\n\t\t\t\t\t\t\t\t\t\t\t\t\t\t\t\t\t\t\t\t<div class=\"vc_item\">\n\t\t\t\t\t\t\t\t<div class=\"vc_inner\">\n\t\t\t\t\t\t\t\t\t\t\t\t\t\t\t\t\t\t\t\t\t\t\t\t\t\t\t\t\t<a class=\"prettyphoto\" href=\"https:\/\/absynth.eu\/wp-content\/uploads\/2022\/02\/GIRO-BED-2.jpg\"  data-rel=\"prettyPhoto[rel-8790-1712417366]\">\n\t\t\t\t\t\t\t\t\t\t\t<img loading=\"lazy\" decoding=\"async\" width=\"1024\" height=\"724\" src=\"https:\/\/absynth.eu\/wp-content\/uploads\/2022\/02\/GIRO-BED-2.jpg\" class=\"attachment-large\" alt=\"\" srcset=\"https:\/\/absynth.eu\/wp-content\/uploads\/2022\/02\/GIRO-BED-2.jpg 1024w, https:\/\/absynth.eu\/wp-content\/uploads\/2022\/02\/GIRO-BED-2-300x212.jpg 300w, https:\/\/absynth.eu\/wp-content\/uploads\/2022\/02\/GIRO-BED-2-768x543.jpg 768w, https:\/\/absynth.eu\/wp-content\/uploads\/2022\/02\/GIRO-BED-2-18x12.jpg 18w\" sizes=\"(max-width: 1024px) 100vw, 1024px\" \/>\t\t\t\t\t\t\t\t\t\t<\/a>\n\t\t\t\t\t\t\t\t\t\t\t\t\t\t\t\t\t<\/div>\n\t\t\t\t\t\t\t<\/div>\n\t\t\t\t\t\t\t\t\t\t\t\t\t\t\t\t\t\t\t\t<div class=\"vc_item\">\n\t\t\t\t\t\t\t\t<div class=\"vc_inner\">\n\t\t\t\t\t\t\t\t\t\t\t\t\t\t\t\t\t\t\t\t\t\t\t\t\t\t\t\t\t<a class=\"prettyphoto\" href=\"https:\/\/absynth.eu\/wp-content\/uploads\/2022\/02\/GIRO-BEDROOM-tiny-1024x512.jpg\"  data-rel=\"prettyPhoto[rel-8790-1712417366]\">\n\t\t\t\t\t\t\t\t\t\t\t<img loading=\"lazy\" decoding=\"async\" width=\"1024\" height=\"512\" src=\"https:\/\/absynth.eu\/wp-content\/uploads\/2022\/02\/GIRO-BEDROOM-tiny-1024x512.jpg\" class=\"attachment-large\" alt=\"\" srcset=\"https:\/\/absynth.eu\/wp-content\/uploads\/2022\/02\/GIRO-BEDROOM-tiny-1024x512.jpg 1024w, https:\/\/absynth.eu\/wp-content\/uploads\/2022\/02\/GIRO-BEDROOM-tiny-300x150.jpg 300w, https:\/\/absynth.eu\/wp-content\/uploads\/2022\/02\/GIRO-BEDROOM-tiny-768x384.jpg 768w, https:\/\/absynth.eu\/wp-content\/uploads\/2022\/02\/GIRO-BEDROOM-tiny-18x9.jpg 18w, https:\/\/absynth.eu\/wp-content\/uploads\/2022\/02\/GIRO-BEDROOM-tiny.jpg 1280w\" sizes=\"(max-width: 1024px) 100vw, 1024px\" \/>\t\t\t\t\t\t\t\t\t\t<\/a>\n\t\t\t\t\t\t\t\t\t\t\t\t\t\t\t\t\t<\/div>\n\t\t\t\t\t\t\t<\/div>\n\t\t\t\t\t\t\t\t\t\t\t<\/div>\n\t\t\t\t<\/div>\n\t\t\t<\/div>\n\t\t\t\t\t<\/div>\n\t<\/div>\n<\/div>\n<div class=\"vc_empty_space\"   style=\"height: 32px\" ><span class=\"vc_empty_space_inner\"><\/span><\/div>\n<\/div><\/div><\/div><\/div><div class=\"qodef-row-grid-section-wrapper\"  ><div class=\"qodef-row-grid-section\"><div class=\"vc_row wpb_row vc_row-fluid\" ><div class=\"wpb_column vc_column_container vc_col-sm-12\"><div class=\"vc_column-inner\"><div class=\"wpb_wrapper\">\n\t<div class=\"wpb_text_column wpb_content_element\" >\n\t\t<div class=\"wpb_wrapper\">\n\t\t\t<h4>\u0141\u00f3\u017cka bez pojemnika na po\u015bciel Giro \u2013 nowoczesno\u015b\u0107 i klasyka w jednym<\/h4>\n<p>\u0141\u00f3\u017cka bez pojemnika na po\u015bciel z kolekcji Giro zosta\u0142y zaprojektowane dla mi\u0142o\u015bnik\u00f3w niewymuszonej elegancji. Meble maj\u0105 <strong>niesztampowy design pe\u0142en kr\u0105g\u0142o\u015bci<\/strong>, kt\u00f3re powsta\u0142y przez <strong>przepikowanie materia\u0142u<\/strong> i spi\u0119cie ca\u0142o\u015bci <strong>sk\u00f3rzanymi paskami ze z\u0142ot\u0105 klamr\u0105<\/strong>. W rezultacie uzyskano delikatne marszczenia i zak\u0142adki, kt\u00f3re nadaj\u0105 starannie dopracowanej i eleganckiej bryle nut\u0119 nonszalancji.<\/p>\n<h4>Wyj\u0105tkowo eleganckie i wygodne \u0142\u00f3\u017cka \u2013 gwarancja dobrego snu<\/h4>\n<p>\u0141\u00f3\u017cka, kt\u00f3re s\u0105 dost\u0119pne w kolekcji Giro, s\u0105 dost\u0119pne <strong>w pi\u0119ciu r\u00f3\u017cnych rozmiarach<\/strong>, aby ka\u017cdy m\u00f3g\u0142 wybra\u0107 dla siebie model idealnie odpowiadaj\u0105cy rozmiarom sypialni. Zadbano r\u00f3wnie\u017c o wysoki, <strong>stylowy zag\u0142\u00f3wek<\/strong> dopasowany do szeroko\u015bci stela\u017ca, aby ca\u0142o\u015b\u0107 prezentowa\u0142a si\u0119 sp\u00f3jnie i gustownie.<\/p>\n<p>Na uwag\u0119 zas\u0142uguj\u0105 r\u00f3wnie\u017c pikowane <strong>zag\u0142\u00f3wek<\/strong> i <strong>zan\u00f3\u017cek<\/strong>. Tworz\u0105 one estetyczn\u0105 ram\u0119 dla wygodnego materaca, kt\u00f3ry znajduje si\u0119 na \u015brodku. Dzi\u0119ki temu \u0142\u00f3\u017cka nie tylko wydaj\u0105 si\u0119 wi\u0119ksze, ale tak\u017ce wywo\u0142uj\u0105 niesamowite wra\u017cenie za ka\u017cdym razem, gdy wchodzi si\u0119 do sypialni.<\/p>\n\n\t\t<\/div>\n\t<\/div>\n<div class=\"vc_empty_space\"   style=\"height: 60px\" ><span class=\"vc_empty_space_inner\"><\/span><\/div>\n<div class=\"vc_row wpb_row vc_inner vc_row-fluid\" ><div class=\"wpb_column vc_column_container vc_col-sm-12\"><div class=\"vc_column-inner\"><div class=\"wpb_wrapper\">\n\t<div class=\"wpb_text_column wpb_content_element\" >\n\t\t<div class=\"wpb_wrapper\">\n\t\t\t<p style=\"font-weight: 400;\"><em>Logo i opis design by:<\/em><\/p>\n<p style=\"font-weight: 400;\"><em>Bruno Pappi<\/em><\/p>\n\n\t\t<\/div>\n\t<\/div>\n\n\t<div class=\"wpb_text_column wpb_content_element\" >\n\t\t<div class=\"wpb_wrapper\">\n\t\t\t<p>Produkty dost\u0119pne w tkaninach: <a href=\"https:\/\/absynth.eu\/wp-content\/uploads\/2024\/09\/Gr_1.pdf\">Grupa 1<\/a>, <a href=\"https:\/\/absynth.eu\/wp-content\/uploads\/2024\/09\/Gr_2.pdf\">Grupa 2<\/a>, <a href=\"https:\/\/absynth.eu\/wp-content\/uploads\/2024\/09\/Gr_3.pdf\">Grupa 3<\/a>, <a href=\"https:\/\/absynth.eu\/wp-content\/uploads\/2024\/09\/Gr_4.pdf\">Grupa 4<\/a>, <a href=\"https:\/\/absynth.eu\/wp-content\/uploads\/2024\/09\/Gr_5.pdf\">Grupa 5<\/a><\/p>\n\n\t\t<\/div>\n\t<\/div>\n\n\t<div class=\"wpb_text_column wpb_content_element\" >\n\t\t<div class=\"wpb_wrapper\">\n\t\t\t<p><a href=\"https:\/\/absynth.eu\/wp-content\/uploads\/2026\/04\/INFORMACJE-O-UZYTKOWANIU-MEBLI-TIMOORE-ABSYNTH.pdf\">INFORMACJE O U\u017bYTKOWANIU MEBLI TIMOORE ABSYNTH<\/a><\/p>\n\n\t\t<\/div>\n\t<\/div>\n<\/div><\/div><\/div><\/div><\/div><\/div><\/div><\/div><\/div><\/div>","protected":false},"excerpt":{"rendered":"GIrO collection kod produktu: PROJEKT DEFFINE FURNITURE LTD \u201eWz\u00f3r przemys\u0142owy prawnie chroniony na terytorium UE\" \"Registered Community Design\" 015011874-0004 \u0141\u00f3\u017cka bez pojemnika na po\u015bciel Giro \u2013 nowoczesno\u015b\u0107 i klasyka w jednym \u0141\u00f3\u017cka bez pojemnika na po\u015bciel z kolekcji Giro zosta\u0142y [...]","protected":false},"author":2,"featured_media":8787,"parent":8785,"menu_order":0,"comment_status":"closed","ping_status":"closed","template":"full-width.php","meta":{"_monsterinsights_skip_tracking":false,"_monsterinsights_sitenote_active":false,"_monsterinsights_sitenote_note":"","_monsterinsights_sitenote_category":0,"footnotes":""},"class_list":["post-8790","page","type-page","status-publish","has-post-thumbnail","hentry"],"yoast_head":"<!-- This site is optimized with the Yoast SEO plugin v23.1 - https:\/\/yoast.com\/wordpress\/plugins\/seo\/ -->\n<title>GIrO \u0141\u00f3\u017cko Sypialniane - Absynth<\/title>\n<meta name=\"description\" content=\"Absynth - producent nowoczesnych mebli. W ofercie: krzes\u0142a tapicerowane, meble skrzyniowe, stoly do jadalni, sto\u0142y d\u0119bowe,meble do salonu, jadalni. Absynth oryginalne meble - Zapraszamy\" \/>\n<meta name=\"robots\" content=\"index, follow, max-snippet:-1, max-image-preview:large, max-video-preview:-1\" \/>\n<link rel=\"canonical\" href=\"https:\/\/absynth.eu\/en\/kolekcje\/kolekcja-giro-lozko-sypialniane\/giro-lozko-sypialniane\/\" \/>\n<meta property=\"og:locale\" content=\"en_GB\" \/>\n<meta property=\"og:type\" content=\"article\" \/>\n<meta property=\"og:title\" content=\"GIrO \u0141\u00f3\u017cko Sypialniane - Absynth\" \/>\n<meta property=\"og:description\" content=\"Absynth - producent nowoczesnych mebli. W ofercie: krzes\u0142a tapicerowane, meble skrzyniowe, stoly do jadalni, sto\u0142y d\u0119bowe,meble do salonu, jadalni. Absynth oryginalne meble - Zapraszamy\" \/>\n<meta property=\"og:url\" content=\"https:\/\/absynth.eu\/en\/kolekcje\/kolekcja-giro-lozko-sypialniane\/giro-lozko-sypialniane\/\" \/>\n<meta property=\"og:site_name\" content=\"Absynth\" \/>\n<meta property=\"article:publisher\" content=\"https:\/\/www.facebook.com\/MebleABSYNTH\" \/>\n<meta property=\"article:modified_time\" content=\"2026-04-16T16:02:24+00:00\" \/>\n<meta property=\"og:image\" content=\"https:\/\/absynth.eu\/wp-content\/uploads\/2022\/02\/GIRO-BED-2.jpg\" \/>\n\t<meta property=\"og:image:width\" content=\"1024\" \/>\n\t<meta property=\"og:image:height\" content=\"724\" \/>\n\t<meta property=\"og:image:type\" content=\"image\/jpeg\" \/>\n<meta name=\"twitter:card\" content=\"summary_large_image\" \/>\n<meta name=\"twitter:label1\" content=\"Estimated reading time\" \/>\n\t<meta name=\"twitter:data1\" content=\"2 minutes\" \/>\n<script type=\"application\/ld+json\" class=\"yoast-schema-graph\">{\"@context\":\"https:\/\/schema.org\",\"@graph\":[{\"@type\":\"WebPage\",\"@id\":\"https:\/\/absynth.eu\/kolekcje\/kolekcja-giro-lozko-sypialniane\/giro-lozko-sypialniane\/\",\"url\":\"https:\/\/absynth.eu\/kolekcje\/kolekcja-giro-lozko-sypialniane\/giro-lozko-sypialniane\/\",\"name\":\"GIrO \u0141\u00f3\u017cko Sypialniane - Absynth\",\"isPartOf\":{\"@id\":\"https:\/\/absynth.eu\/pl\/#website\"},\"primaryImageOfPage\":{\"@id\":\"https:\/\/absynth.eu\/kolekcje\/kolekcja-giro-lozko-sypialniane\/giro-lozko-sypialniane\/#primaryimage\"},\"image\":{\"@id\":\"https:\/\/absynth.eu\/kolekcje\/kolekcja-giro-lozko-sypialniane\/giro-lozko-sypialniane\/#primaryimage\"},\"thumbnailUrl\":\"https:\/\/absynth.eu\/wp-content\/uploads\/2022\/02\/GIRO-BED-2.jpg\",\"datePublished\":\"2022-02-06T23:23:50+00:00\",\"dateModified\":\"2026-04-16T16:02:24+00:00\",\"description\":\"Absynth - producent nowoczesnych mebli. W ofercie: krzes\u0142a tapicerowane, meble skrzyniowe, stoly do jadalni, sto\u0142y d\u0119bowe,meble do salonu, jadalni. Absynth oryginalne meble - Zapraszamy\",\"breadcrumb\":{\"@id\":\"https:\/\/absynth.eu\/kolekcje\/kolekcja-giro-lozko-sypialniane\/giro-lozko-sypialniane\/#breadcrumb\"},\"inLanguage\":\"en-GB\",\"potentialAction\":[{\"@type\":\"ReadAction\",\"target\":[\"https:\/\/absynth.eu\/kolekcje\/kolekcja-giro-lozko-sypialniane\/giro-lozko-sypialniane\/\"]}]},{\"@type\":\"ImageObject\",\"inLanguage\":\"en-GB\",\"@id\":\"https:\/\/absynth.eu\/kolekcje\/kolekcja-giro-lozko-sypialniane\/giro-lozko-sypialniane\/#primaryimage\",\"url\":\"https:\/\/absynth.eu\/wp-content\/uploads\/2022\/02\/GIRO-BED-2.jpg\",\"contentUrl\":\"https:\/\/absynth.eu\/wp-content\/uploads\/2022\/02\/GIRO-BED-2.jpg\",\"width\":1024,\"height\":724},{\"@type\":\"BreadcrumbList\",\"@id\":\"https:\/\/absynth.eu\/kolekcje\/kolekcja-giro-lozko-sypialniane\/giro-lozko-sypialniane\/#breadcrumb\",\"itemListElement\":[{\"@type\":\"ListItem\",\"position\":1,\"name\":\"Strona g\u0142\u00f3wna\",\"item\":\"https:\/\/absynth.eu\/\"},{\"@type\":\"ListItem\",\"position\":2,\"name\":\"Kolekcje\",\"item\":\"https:\/\/absynth.eu\/kolekcje\/\"},{\"@type\":\"ListItem\",\"position\":3,\"name\":\"Kolekcja GIrO \u0141\u00f3\u017cko Sypialniane\",\"item\":\"https:\/\/absynth.eu\/kolekcje\/kolekcja-giro-lozko-sypialniane\/\"},{\"@type\":\"ListItem\",\"position\":4,\"name\":\"GIrO \u0141\u00f3\u017cko Sypialniane\"}]},{\"@type\":\"WebSite\",\"@id\":\"https:\/\/absynth.eu\/pl\/#website\",\"url\":\"https:\/\/absynth.eu\/pl\/\",\"name\":\"Absynth\",\"description\":\"Meble tworz\u0105 wn\u0119trze\",\"potentialAction\":[{\"@type\":\"SearchAction\",\"target\":{\"@type\":\"EntryPoint\",\"urlTemplate\":\"https:\/\/absynth.eu\/pl\/?s={search_term_string}\"},\"query-input\":\"required name=search_term_string\"}],\"inLanguage\":\"en-GB\"}]}<\/script>\n<!-- \/ Yoast SEO plugin. -->","yoast_head_json":{"title":"GIrO \u0141\u00f3\u017cko Sypialniane - Absynth","description":"Absynth - producent nowoczesnych mebli. W ofercie: krzes\u0142a tapicerowane, meble skrzyniowe, stoly do jadalni, sto\u0142y d\u0119bowe,meble do salonu, jadalni. Absynth oryginalne meble - Zapraszamy","robots":{"index":"index","follow":"follow","max-snippet":"max-snippet:-1","max-image-preview":"max-image-preview:large","max-video-preview":"max-video-preview:-1"},"canonical":"https:\/\/absynth.eu\/en\/kolekcje\/kolekcja-giro-lozko-sypialniane\/giro-lozko-sypialniane\/","og_locale":"en_GB","og_type":"article","og_title":"GIrO \u0141\u00f3\u017cko Sypialniane - Absynth","og_description":"Absynth - producent nowoczesnych mebli. W ofercie: krzes\u0142a tapicerowane, meble skrzyniowe, stoly do jadalni, sto\u0142y d\u0119bowe,meble do salonu, jadalni. Absynth oryginalne meble - Zapraszamy","og_url":"https:\/\/absynth.eu\/en\/kolekcje\/kolekcja-giro-lozko-sypialniane\/giro-lozko-sypialniane\/","og_site_name":"Absynth","article_publisher":"https:\/\/www.facebook.com\/MebleABSYNTH","article_modified_time":"2026-04-16T16:02:24+00:00","og_image":[{"width":1024,"height":724,"url":"https:\/\/absynth.eu\/wp-content\/uploads\/2022\/02\/GIRO-BED-2.jpg","type":"image\/jpeg"}],"twitter_card":"summary_large_image","twitter_misc":{"Estimated reading time":"2 minutes"},"schema":{"@context":"https:\/\/schema.org","@graph":[{"@type":"WebPage","@id":"https:\/\/absynth.eu\/kolekcje\/kolekcja-giro-lozko-sypialniane\/giro-lozko-sypialniane\/","url":"https:\/\/absynth.eu\/kolekcje\/kolekcja-giro-lozko-sypialniane\/giro-lozko-sypialniane\/","name":"GIrO \u0141\u00f3\u017cko Sypialniane - Absynth","isPartOf":{"@id":"https:\/\/absynth.eu\/pl\/#website"},"primaryImageOfPage":{"@id":"https:\/\/absynth.eu\/kolekcje\/kolekcja-giro-lozko-sypialniane\/giro-lozko-sypialniane\/#primaryimage"},"image":{"@id":"https:\/\/absynth.eu\/kolekcje\/kolekcja-giro-lozko-sypialniane\/giro-lozko-sypialniane\/#primaryimage"},"thumbnailUrl":"https:\/\/absynth.eu\/wp-content\/uploads\/2022\/02\/GIRO-BED-2.jpg","datePublished":"2022-02-06T23:23:50+00:00","dateModified":"2026-04-16T16:02:24+00:00","description":"Absynth - producent nowoczesnych mebli. W ofercie: krzes\u0142a tapicerowane, meble skrzyniowe, stoly do jadalni, sto\u0142y d\u0119bowe,meble do salonu, jadalni. Absynth oryginalne meble - Zapraszamy","breadcrumb":{"@id":"https:\/\/absynth.eu\/kolekcje\/kolekcja-giro-lozko-sypialniane\/giro-lozko-sypialniane\/#breadcrumb"},"inLanguage":"en-GB","potentialAction":[{"@type":"ReadAction","target":["https:\/\/absynth.eu\/kolekcje\/kolekcja-giro-lozko-sypialniane\/giro-lozko-sypialniane\/"]}]},{"@type":"ImageObject","inLanguage":"en-GB","@id":"https:\/\/absynth.eu\/kolekcje\/kolekcja-giro-lozko-sypialniane\/giro-lozko-sypialniane\/#primaryimage","url":"https:\/\/absynth.eu\/wp-content\/uploads\/2022\/02\/GIRO-BED-2.jpg","contentUrl":"https:\/\/absynth.eu\/wp-content\/uploads\/2022\/02\/GIRO-BED-2.jpg","width":1024,"height":724},{"@type":"BreadcrumbList","@id":"https:\/\/absynth.eu\/kolekcje\/kolekcja-giro-lozko-sypialniane\/giro-lozko-sypialniane\/#breadcrumb","itemListElement":[{"@type":"ListItem","position":1,"name":"Strona g\u0142\u00f3wna","item":"https:\/\/absynth.eu\/"},{"@type":"ListItem","position":2,"name":"Kolekcje","item":"https:\/\/absynth.eu\/kolekcje\/"},{"@type":"ListItem","position":3,"name":"Kolekcja GIrO \u0141\u00f3\u017cko Sypialniane","item":"https:\/\/absynth.eu\/kolekcje\/kolekcja-giro-lozko-sypialniane\/"},{"@type":"ListItem","position":4,"name":"GIrO \u0141\u00f3\u017cko Sypialniane"}]},{"@type":"WebSite","@id":"https:\/\/absynth.eu\/pl\/#website","url":"https:\/\/absynth.eu\/pl\/","name":"Absynth","description":"Meble tworz\u0105 wn\u0119trze","potentialAction":[{"@type":"SearchAction","target":{"@type":"EntryPoint","urlTemplate":"https:\/\/absynth.eu\/pl\/?s={search_term_string}"},"query-input":"required name=search_term_string"}],"inLanguage":"en-GB"}]}},"_links":{"self":[{"href":"https:\/\/absynth.eu\/en\/wp-json\/wp\/v2\/pages\/8790"}],"collection":[{"href":"https:\/\/absynth.eu\/en\/wp-json\/wp\/v2\/pages"}],"about":[{"href":"https:\/\/absynth.eu\/en\/wp-json\/wp\/v2\/types\/page"}],"author":[{"embeddable":true,"href":"https:\/\/absynth.eu\/en\/wp-json\/wp\/v2\/users\/2"}],"replies":[{"embeddable":true,"href":"https:\/\/absynth.eu\/en\/wp-json\/wp\/v2\/comments?post=8790"}],"version-history":[{"count":8,"href":"https:\/\/absynth.eu\/en\/wp-json\/wp\/v2\/pages\/8790\/revisions"}],"predecessor-version":[{"id":10369,"href":"https:\/\/absynth.eu\/en\/wp-json\/wp\/v2\/pages\/8790\/revisions\/10369"}],"up":[{"embeddable":true,"href":"https:\/\/absynth.eu\/en\/wp-json\/wp\/v2\/pages\/8785"}],"wp:featuredmedia":[{"embeddable":true,"href":"https:\/\/absynth.eu\/en\/wp-json\/wp\/v2\/media\/8787"}],"wp:attachment":[{"href":"https:\/\/absynth.eu\/en\/wp-json\/wp\/v2\/media?parent=8790"}],"curies":[{"name":"wp","href":"https:\/\/api.w.org\/{rel}","templated":true}]}}