{"id":8918,"date":"2022-02-26T00:00:26","date_gmt":"2022-02-25T23:00:26","guid":{"rendered":"https:\/\/absynth.eu\/?page_id=8918"},"modified":"2024-09-10T14:05:47","modified_gmt":"2024-09-10T12:05:47","slug":"kolekcja-oro-lozko-sypialniane","status":"publish","type":"page","link":"https:\/\/absynth.eu\/en\/kolekcje\/kolekcja-oro-lozko-sypialniane\/","title":{"rendered":"Kolekcja ORO \u0141\u00f3\u017cko Sypialniane"},"content":{"rendered":"<div class=\"vc_row wpb_row vc_row-fluid\" ><div class=\"wpb_column vc_column_container vc_col-sm-12\"><div class=\"vc_column-inner\"><div class=\"wpb_wrapper\">\n\t<div  class=\"wpb_single_image wpb_content_element vc_align_center  wpb_animate_when_almost_visible wpb_fadeInUpBig fadeInUpBig\">\n\t\t\n\t\t<figure class=\"wpb_wrapper vc_figure\">\n\t\t\t<div class=\"vc_single_image-wrapper   vc_box_border_grey\"><img loading=\"lazy\" decoding=\"async\" width=\"1920\" height=\"1281\" src=\"https:\/\/absynth.eu\/wp-content\/uploads\/2024\/09\/SYPIALNIA-LAROC-MINI-SOFT-FOTEL-LOZKO-ORO-SOFT.jpg\" class=\"vc_single_image-img attachment-full\" alt=\"\" srcset=\"https:\/\/absynth.eu\/wp-content\/uploads\/2024\/09\/SYPIALNIA-LAROC-MINI-SOFT-FOTEL-LOZKO-ORO-SOFT.jpg 1920w, https:\/\/absynth.eu\/wp-content\/uploads\/2024\/09\/SYPIALNIA-LAROC-MINI-SOFT-FOTEL-LOZKO-ORO-SOFT-300x200.jpg 300w, https:\/\/absynth.eu\/wp-content\/uploads\/2024\/09\/SYPIALNIA-LAROC-MINI-SOFT-FOTEL-LOZKO-ORO-SOFT-1024x683.jpg 1024w, https:\/\/absynth.eu\/wp-content\/uploads\/2024\/09\/SYPIALNIA-LAROC-MINI-SOFT-FOTEL-LOZKO-ORO-SOFT-768x512.jpg 768w, https:\/\/absynth.eu\/wp-content\/uploads\/2024\/09\/SYPIALNIA-LAROC-MINI-SOFT-FOTEL-LOZKO-ORO-SOFT-1536x1025.jpg 1536w, https:\/\/absynth.eu\/wp-content\/uploads\/2024\/09\/SYPIALNIA-LAROC-MINI-SOFT-FOTEL-LOZKO-ORO-SOFT-18x12.jpg 18w\" sizes=\"(max-width: 1920px) 100vw, 1920px\" \/><\/div>\n\t\t<\/figure>\n\t<\/div>\n<\/div><\/div><\/div><\/div><div class=\"qodef-row-grid-section-wrapper\"  ><div class=\"qodef-row-grid-section\"><div class=\"vc_row wpb_row vc_row-fluid\" ><div class=\"wpb_column vc_column_container vc_col-sm-12\"><div class=\"vc_column-inner\"><div class=\"wpb_wrapper\"><div class=\"vc_empty_space\"   style=\"height: 65px\" ><span class=\"vc_empty_space_inner\"><\/span><\/div>\n<div class=\"qodef-section-title-holder  qodef-st-standard qodef-st-title-left qodef-st-normal-space\" >\n\t<div class=\"qodef-st-inner\">\n\t\t\t\t\t\t\t<h1 class=\"qodef-st-title\" >\n\t\t\t\tKolekcja ORO\t\t\t<\/h1>\n\t\t\t\t\t<\/div>\n<\/div><div class=\"vc_empty_space\"   style=\"height: 32px\" ><span class=\"vc_empty_space_inner\"><\/span><\/div>\n<\/div><\/div><\/div><\/div><\/div><\/div><section class=\"vc_section\"><div class=\"qodef-row-grid-section-wrapper\"  ><div class=\"qodef-row-grid-section\"><div class=\"vc_row wpb_row vc_row-fluid\" ><div class=\"wpb_column vc_column_container vc_col-sm-12\"><div class=\"vc_column-inner\"><div class=\"wpb_wrapper\"><div class=\"qodef-elements-holder   qodef-two-columns  qodef-responsive-mode-768\" ><div class=\"qodef-eh-item\" style=\"background-image: url(https:\/\/absynth.eu\/wp-content\/uploads\/2022\/02\/Oro-sypialnia-2.jpg)\" data-item-class=\"qodef-eh-custom-4500\">\n\t<div class=\"qodef-eh-item-inner\">\n\t\t<div class=\"qodef-eh-item-content qodef-eh-custom-4500\" >\n\t\t\t\t\t<\/div>\n\t<\/div>\n<\/div><div class=\"qodef-eh-item\"  data-item-class=\"qodef-eh-custom-5391\" data-1367-1600=\"3rem 2rem 3rem 2rem\" data-1025-1366=\"3rem 2rem 3rem 2rem\" data-769-1024=\"2rem 2rem 2rem 2rem\" data-681-768=\"1rem 0 1rem 0\" data-680=\"1rem 0 1rem 0\">\n\t<div class=\"qodef-eh-item-inner\">\n\t\t<div class=\"qodef-eh-item-content qodef-eh-custom-5391\" >\n\t\t\t\n\t<div class=\"wpb_text_column wpb_content_element\" >\n\t\t<div class=\"wpb_wrapper\">\n\t\t\t<h4>Meble do sypialni ORO \u2013 s\u0142odki relaks i niesztampowy design<\/h4>\n<p>Meble do sypialni z kolekcji ORO to <strong>awangardowa<\/strong> propozycja dla <strong>odwa\u017cnych os\u00f3b<\/strong>, dla kt\u00f3rych liczy si\u0119 nie tylko wygoda, ale tak\u017ce niesztampowy design. Przygotowane wyposa\u017cenie wyr\u00f3\u017cnia si\u0119 <strong>niezwyk\u0142\u0105 form\u0105<\/strong> \u2013 du\u017ce, pe\u0142ne kr\u0105g\u0142o\u015bci elementy zag\u0142\u00f3wk\u00f3w zosta\u0142y po\u0142\u0105czone z delikatnym pikowaniem u bok\u00f3w \u0142\u00f3\u017cek. W rezultacie powsta\u0142y meble o <strong>futurystycznym charakterze<\/strong>, kt\u00f3re sprawdzaj\u0105 si\u0119 we wn\u0119trzach <strong>nowoczesnych<\/strong> i <strong>glamour<\/strong>.<\/p>\n<h4>Meble do sypialni ORO \u2013 doskona\u0142e w ka\u017cdym calu<\/h4>\n<p>Meble sypialniane z kolekcji ORO wyr\u00f3\u017cniaj\u0105 <strong>imponuj\u0105ce<\/strong>, <strong>puchate<\/strong> elementy zag\u0142\u00f3wka, kt\u00f3re wygl\u0105daj\u0105, jakby by\u0142y <strong>nadmuchiwane<\/strong>. Dzi\u0119ki temu ca\u0142o\u015b\u0107, mimo okaza\u0142ych kszta\u0142t\u00f3w, prezentuje si\u0119 <strong>lekko<\/strong> i <strong>nowocze\u015bnie<\/strong>.<br \/>\nAby uzyska\u0107 sp\u00f3jn\u0105 aran\u017cacj\u0119, podstaw\u0119 \u0142\u00f3\u017cka pokryto delikatnym welurem. Dzi\u0119ki swojej g\u0142adkiej strukturze nadaje on kompozycji <strong>eleganck\u0105 nut\u0119<\/strong>. Dla uzyskania awangardowego charakteru dodano zag\u0142\u00f3wek otulony wyj\u0105tkowym futrzanym materia\u0142em, kt\u00f3ry sprawia, \u017ce \u0142\u00f3\u017cko prezentuje si\u0119 niesztampowo, a jednocze\u015bnie <strong>zaprasza do odpoczynku<\/strong>.<\/p>\n\n\t\t<\/div>\n\t<\/div>\n\t\t<\/div>\n\t<\/div>\n<\/div><\/div><\/div><\/div><\/div><\/div><\/div><\/div><div class=\"qodef-row-grid-section-wrapper\"  ><div class=\"qodef-row-grid-section\"><div class=\"vc_row wpb_row vc_row-fluid\" ><div class=\"wpb_column vc_column_container vc_col-sm-12\"><div class=\"vc_column-inner\"><div class=\"wpb_wrapper\"><div class=\"vc_empty_space\"   style=\"height: 65px\" ><span class=\"vc_empty_space_inner\"><\/span><\/div>\n<\/div><\/div><\/div><\/div><\/div><\/div><\/section><div class=\"qodef-row-grid-section-wrapper\"  ><div class=\"qodef-row-grid-section\"><div class=\"vc_row wpb_row vc_row-fluid\" ><div class=\"wpb_column vc_column_container vc_col-sm-3\"><div class=\"vc_column-inner\"><div class=\"wpb_wrapper\"><div class=\"vc-hoverbox-wrapper  wpb_animate_when_almost_visible wpb_fadeInLeft fadeInLeft vc-hoverbox-shape--square vc-hoverbox-align--center vc-hoverbox-direction--default vc-hoverbox-width--100\" >\n  <div class=\"vc-hoverbox\">\n    <div class=\"vc-hoverbox-inner\">\n      <div class=\"vc-hoverbox-block vc-hoverbox-front\" style=\"background-image: url(https:\/\/absynth.eu\/wp-content\/uploads\/2024\/04\/A22-07-T01-1024x576.jpg);\">\n        <div class=\"vc-hoverbox-block-inner vc-hoverbox-front-inner\">\n            \n        <\/div>\n      <\/div>\n      <div class=\"vc-hoverbox-block vc-hoverbox-back\" style=\"background-color: #ffffff;\">\n        <div class=\"vc-hoverbox-block-inner vc-hoverbox-back-inner\">\n            \n            <h5>\u0141\u00d3\u017bKO ORO SOFT<\/h5>\n\n            <div class=\"vc_btn3-container vc_btn3-inline\" >\n\t<a onmouseleave=\"this.style.borderColor='#666666'; this.style.backgroundColor='transparent'; this.style.color='#666666'\" onmouseenter=\"this.style.borderColor='#666666'; this.style.backgroundColor='#666666'; this.style.color='#ffffff';\" style=\"border-color:#666666; color:#666666;\" class=\"vc_general vc_btn3 vc_btn3-size-md vc_btn3-shape-square vc_btn3-style-outline-custom\" href=\"https:\/\/absynth.eu\/en\/kolekcje\/kolekcja-oro-lozko-sypialniane\/lozko-oro-soft\/\" title=\"\u0141\u00f3\u017cko ORO Soft\">more<\/a><\/div>\n\n        <\/div>\n      <\/div>\n    <\/div>\n  <\/div>\n<\/div><div class=\"vc_empty_space\"   style=\"height: 32px\" ><span class=\"vc_empty_space_inner\"><\/span><\/div>\n<\/div><\/div><\/div><div class=\"wpb_column vc_column_container vc_col-sm-3\"><div class=\"vc_column-inner\"><div class=\"wpb_wrapper\"><div class=\"vc-hoverbox-wrapper  wpb_animate_when_almost_visible wpb_fadeInLeft fadeInLeft vc-hoverbox-shape--square vc-hoverbox-align--center vc-hoverbox-direction--default vc-hoverbox-width--100\" >\n  <div class=\"vc-hoverbox\">\n    <div class=\"vc-hoverbox-inner\">\n      <div class=\"vc-hoverbox-block vc-hoverbox-front\" style=\"background-image: url(https:\/\/absynth.eu\/wp-content\/uploads\/2022\/02\/Oro-sypialnia-1.jpg);\">\n        <div class=\"vc-hoverbox-block-inner vc-hoverbox-front-inner\">\n            \n        <\/div>\n      <\/div>\n      <div class=\"vc-hoverbox-block vc-hoverbox-back\" style=\"background-color: #ffffff;\">\n        <div class=\"vc-hoverbox-block-inner vc-hoverbox-back-inner\">\n            \n            <h5>\u0141\u00d3\u017bKO SYPIALNIANE<\/h5>\n\n            <div class=\"vc_btn3-container vc_btn3-inline\" >\n\t<a onmouseleave=\"this.style.borderColor='#666666'; this.style.backgroundColor='transparent'; this.style.color='#666666'\" onmouseenter=\"this.style.borderColor='#666666'; this.style.backgroundColor='#666666'; this.style.color='#ffffff';\" style=\"border-color:#666666; color:#666666;\" class=\"vc_general vc_btn3 vc_btn3-size-md vc_btn3-shape-square vc_btn3-style-outline-custom\" href=\"https:\/\/absynth.eu\/en\/kolekcje\/kolekcja-oro-lozko-sypialniane\/oro-lozko-sypialniane\/\" title=\"ORO \u0141\u00f3\u017cko Sypialniane\">more<\/a><\/div>\n\n        <\/div>\n      <\/div>\n    <\/div>\n  <\/div>\n<\/div><div class=\"vc_empty_space\"   style=\"height: 32px\" ><span class=\"vc_empty_space_inner\"><\/span><\/div>\n<\/div><\/div><\/div><div class=\"wpb_column vc_column_container vc_col-sm-3\"><div class=\"vc_column-inner\"><div class=\"wpb_wrapper\"><\/div><\/div><\/div><div class=\"wpb_column vc_column_container vc_col-sm-3\"><div class=\"vc_column-inner\"><div class=\"wpb_wrapper\"><\/div><\/div><\/div><\/div><\/div><\/div><div class=\"qodef-row-grid-section-wrapper\"  ><div class=\"qodef-row-grid-section\"><div class=\"vc_row wpb_row vc_row-fluid\" ><div class=\"wpb_column vc_column_container vc_col-sm-12\"><div class=\"vc_column-inner\"><div class=\"wpb_wrapper\"><div class=\"vc_message_box vc_message_box-standard vc_message_box-rounded vc_color-info\" >\n\t<div class=\"vc_message_box-icon\"><i class=\"fa fa-info-circle\"><\/i>\n\t<\/div><p>\u0141\u00f3\u017cka wyst\u0119puj\u0105 w rozmiarach pod materace:<\/p>\n<ul>\n<li>120&#215;200 cm<\/li>\n<li>140&#215;200 cm<\/li>\n<li>160&#215;200 cm<\/li>\n<li>180&#215;200 cm<\/li>\n<\/ul>\n<\/div>\n<\/div><\/div><\/div><\/div><\/div><\/div>","protected":false},"excerpt":{"rendered":"Kolekcja ORO Meble do sypialni ORO \u2013 s\u0142odki relaks i niesztampowy design Meble do sypialni z kolekcji ORO to awangardowa propozycja dla odwa\u017cnych os\u00f3b, dla kt\u00f3rych liczy si\u0119 nie tylko wygoda, ale tak\u017ce niesztampowy design. Przygotowane wyposa\u017cenie wyr\u00f3\u017cnia si\u0119 niezwyk\u0142\u0105 [...]","protected":false},"author":2,"featured_media":0,"parent":5629,"menu_order":0,"comment_status":"closed","ping_status":"closed","template":"full-width.php","meta":{"_monsterinsights_skip_tracking":false,"_monsterinsights_sitenote_active":false,"_monsterinsights_sitenote_note":"","_monsterinsights_sitenote_category":0,"footnotes":""},"class_list":["post-8918","page","type-page","status-publish","hentry"],"yoast_head":"<!-- This site is optimized with the Yoast SEO plugin v23.1 - https:\/\/yoast.com\/wordpress\/plugins\/seo\/ -->\n<title>Kolekcja ORO \u0141\u00f3\u017cko Sypialniane - Absynth<\/title>\n<meta name=\"description\" content=\"Absynth - producent nowoczesnych mebli. W ofercie: krzes\u0142a tapicerowane, meble skrzyniowe, stoly do jadalni, sto\u0142y d\u0119bowe,meble do salonu, jadalni. Absynth oryginalne meble - Zapraszamy\" \/>\n<meta name=\"robots\" content=\"index, follow, max-snippet:-1, max-image-preview:large, max-video-preview:-1\" \/>\n<link rel=\"canonical\" href=\"https:\/\/absynth.eu\/en\/kolekcje\/kolekcja-oro-lozko-sypialniane\/\" \/>\n<meta property=\"og:locale\" content=\"en_GB\" \/>\n<meta property=\"og:type\" content=\"article\" \/>\n<meta property=\"og:title\" content=\"Kolekcja ORO \u0141\u00f3\u017cko Sypialniane - Absynth\" \/>\n<meta property=\"og:description\" content=\"Absynth - producent nowoczesnych mebli. W ofercie: krzes\u0142a tapicerowane, meble skrzyniowe, stoly do jadalni, sto\u0142y d\u0119bowe,meble do salonu, jadalni. Absynth oryginalne meble - Zapraszamy\" \/>\n<meta property=\"og:url\" content=\"https:\/\/absynth.eu\/en\/kolekcje\/kolekcja-oro-lozko-sypialniane\/\" \/>\n<meta property=\"og:site_name\" content=\"Absynth\" \/>\n<meta property=\"article:publisher\" content=\"https:\/\/www.facebook.com\/MebleABSYNTH\" \/>\n<meta property=\"article:modified_time\" content=\"2024-09-10T12:05:47+00:00\" \/>\n<meta name=\"twitter:card\" content=\"summary_large_image\" \/>\n<meta name=\"twitter:label1\" content=\"Estimated reading time\" \/>\n\t<meta name=\"twitter:data1\" content=\"2 minutes\" \/>\n<script type=\"application\/ld+json\" class=\"yoast-schema-graph\">{\"@context\":\"https:\/\/schema.org\",\"@graph\":[{\"@type\":\"WebPage\",\"@id\":\"https:\/\/absynth.eu\/kolekcje\/kolekcja-oro-lozko-sypialniane\/\",\"url\":\"https:\/\/absynth.eu\/kolekcje\/kolekcja-oro-lozko-sypialniane\/\",\"name\":\"Kolekcja ORO \u0141\u00f3\u017cko Sypialniane - Absynth\",\"isPartOf\":{\"@id\":\"https:\/\/absynth.eu\/pl\/#website\"},\"datePublished\":\"2022-02-25T23:00:26+00:00\",\"dateModified\":\"2024-09-10T12:05:47+00:00\",\"description\":\"Absynth - producent nowoczesnych mebli. W ofercie: krzes\u0142a tapicerowane, meble skrzyniowe, stoly do jadalni, sto\u0142y d\u0119bowe,meble do salonu, jadalni. Absynth oryginalne meble - Zapraszamy\",\"breadcrumb\":{\"@id\":\"https:\/\/absynth.eu\/kolekcje\/kolekcja-oro-lozko-sypialniane\/#breadcrumb\"},\"inLanguage\":\"en-GB\",\"potentialAction\":[{\"@type\":\"ReadAction\",\"target\":[\"https:\/\/absynth.eu\/kolekcje\/kolekcja-oro-lozko-sypialniane\/\"]}]},{\"@type\":\"BreadcrumbList\",\"@id\":\"https:\/\/absynth.eu\/kolekcje\/kolekcja-oro-lozko-sypialniane\/#breadcrumb\",\"itemListElement\":[{\"@type\":\"ListItem\",\"position\":1,\"name\":\"Strona g\u0142\u00f3wna\",\"item\":\"https:\/\/absynth.eu\/\"},{\"@type\":\"ListItem\",\"position\":2,\"name\":\"Kolekcje\",\"item\":\"https:\/\/absynth.eu\/kolekcje\/\"},{\"@type\":\"ListItem\",\"position\":3,\"name\":\"Kolekcja ORO \u0141\u00f3\u017cko Sypialniane\"}]},{\"@type\":\"WebSite\",\"@id\":\"https:\/\/absynth.eu\/pl\/#website\",\"url\":\"https:\/\/absynth.eu\/pl\/\",\"name\":\"Absynth\",\"description\":\"Meble tworz\u0105 wn\u0119trze\",\"potentialAction\":[{\"@type\":\"SearchAction\",\"target\":{\"@type\":\"EntryPoint\",\"urlTemplate\":\"https:\/\/absynth.eu\/pl\/?s={search_term_string}\"},\"query-input\":\"required name=search_term_string\"}],\"inLanguage\":\"en-GB\"}]}<\/script>\n<!-- \/ Yoast SEO plugin. -->","yoast_head_json":{"title":"Kolekcja ORO \u0141\u00f3\u017cko Sypialniane - Absynth","description":"Absynth - producent nowoczesnych mebli. W ofercie: krzes\u0142a tapicerowane, meble skrzyniowe, stoly do jadalni, sto\u0142y d\u0119bowe,meble do salonu, jadalni. Absynth oryginalne meble - Zapraszamy","robots":{"index":"index","follow":"follow","max-snippet":"max-snippet:-1","max-image-preview":"max-image-preview:large","max-video-preview":"max-video-preview:-1"},"canonical":"https:\/\/absynth.eu\/en\/kolekcje\/kolekcja-oro-lozko-sypialniane\/","og_locale":"en_GB","og_type":"article","og_title":"Kolekcja ORO \u0141\u00f3\u017cko Sypialniane - Absynth","og_description":"Absynth - producent nowoczesnych mebli. W ofercie: krzes\u0142a tapicerowane, meble skrzyniowe, stoly do jadalni, sto\u0142y d\u0119bowe,meble do salonu, jadalni. Absynth oryginalne meble - Zapraszamy","og_url":"https:\/\/absynth.eu\/en\/kolekcje\/kolekcja-oro-lozko-sypialniane\/","og_site_name":"Absynth","article_publisher":"https:\/\/www.facebook.com\/MebleABSYNTH","article_modified_time":"2024-09-10T12:05:47+00:00","twitter_card":"summary_large_image","twitter_misc":{"Estimated reading time":"2 minutes"},"schema":{"@context":"https:\/\/schema.org","@graph":[{"@type":"WebPage","@id":"https:\/\/absynth.eu\/kolekcje\/kolekcja-oro-lozko-sypialniane\/","url":"https:\/\/absynth.eu\/kolekcje\/kolekcja-oro-lozko-sypialniane\/","name":"Kolekcja ORO \u0141\u00f3\u017cko Sypialniane - Absynth","isPartOf":{"@id":"https:\/\/absynth.eu\/pl\/#website"},"datePublished":"2022-02-25T23:00:26+00:00","dateModified":"2024-09-10T12:05:47+00:00","description":"Absynth - producent nowoczesnych mebli. W ofercie: krzes\u0142a tapicerowane, meble skrzyniowe, stoly do jadalni, sto\u0142y d\u0119bowe,meble do salonu, jadalni. Absynth oryginalne meble - Zapraszamy","breadcrumb":{"@id":"https:\/\/absynth.eu\/kolekcje\/kolekcja-oro-lozko-sypialniane\/#breadcrumb"},"inLanguage":"en-GB","potentialAction":[{"@type":"ReadAction","target":["https:\/\/absynth.eu\/kolekcje\/kolekcja-oro-lozko-sypialniane\/"]}]},{"@type":"BreadcrumbList","@id":"https:\/\/absynth.eu\/kolekcje\/kolekcja-oro-lozko-sypialniane\/#breadcrumb","itemListElement":[{"@type":"ListItem","position":1,"name":"Strona g\u0142\u00f3wna","item":"https:\/\/absynth.eu\/"},{"@type":"ListItem","position":2,"name":"Kolekcje","item":"https:\/\/absynth.eu\/kolekcje\/"},{"@type":"ListItem","position":3,"name":"Kolekcja ORO \u0141\u00f3\u017cko Sypialniane"}]},{"@type":"WebSite","@id":"https:\/\/absynth.eu\/pl\/#website","url":"https:\/\/absynth.eu\/pl\/","name":"Absynth","description":"Meble tworz\u0105 wn\u0119trze","potentialAction":[{"@type":"SearchAction","target":{"@type":"EntryPoint","urlTemplate":"https:\/\/absynth.eu\/pl\/?s={search_term_string}"},"query-input":"required name=search_term_string"}],"inLanguage":"en-GB"}]}},"_links":{"self":[{"href":"https:\/\/absynth.eu\/en\/wp-json\/wp\/v2\/pages\/8918"}],"collection":[{"href":"https:\/\/absynth.eu\/en\/wp-json\/wp\/v2\/pages"}],"about":[{"href":"https:\/\/absynth.eu\/en\/wp-json\/wp\/v2\/types\/page"}],"author":[{"embeddable":true,"href":"https:\/\/absynth.eu\/en\/wp-json\/wp\/v2\/users\/2"}],"replies":[{"embeddable":true,"href":"https:\/\/absynth.eu\/en\/wp-json\/wp\/v2\/comments?post=8918"}],"version-history":[{"count":9,"href":"https:\/\/absynth.eu\/en\/wp-json\/wp\/v2\/pages\/8918\/revisions"}],"predecessor-version":[{"id":9625,"href":"https:\/\/absynth.eu\/en\/wp-json\/wp\/v2\/pages\/8918\/revisions\/9625"}],"up":[{"embeddable":true,"href":"https:\/\/absynth.eu\/en\/wp-json\/wp\/v2\/pages\/5629"}],"wp:attachment":[{"href":"https:\/\/absynth.eu\/en\/wp-json\/wp\/v2\/media?parent=8918"}],"curies":[{"name":"wp","href":"https:\/\/api.w.org\/{rel}","templated":true}]}}