{"id":9357,"date":"2024-04-07T23:37:48","date_gmt":"2024-04-07T21:37:48","guid":{"rendered":"https:\/\/absynth.eu\/?page_id=9357"},"modified":"2024-12-12T13:51:59","modified_gmt":"2024-12-12T12:51:59","slug":"krzeslo-laroc-77","status":"publish","type":"page","link":"https:\/\/absynth.eu\/en\/kolekcje\/kolekcja-laroc\/krzeslo-laroc-77\/","title":{"rendered":"KRZES\u0141O LAROC 77"},"content":{"rendered":"<div class=\"qodef-row-grid-section-wrapper\"  ><div class=\"qodef-row-grid-section\"><div class=\"vc_row wpb_row vc_row-fluid\" ><div class=\"wpb_column vc_column_container vc_col-sm-12\"><div class=\"vc_column-inner\"><div class=\"wpb_wrapper\"><h2 style=\"text-align: left\" class=\"vc_custom_heading\" >LAROC collection<\/h2>\n\t<div class=\"wpb_text_column wpb_content_element\" >\n\t\t<div class=\"wpb_wrapper\">\n\t\t\t<p>product code:<br \/>\nA13-13-BLA-C<br \/>\nA13-13-BLA-G<\/p>\n\n\t\t<\/div>\n\t<\/div>\n\n\t<div class=\"wpb_text_column wpb_content_element\" >\n\t\t<div class=\"wpb_wrapper\">\n\t\t\t<h5><strong>PROJEKT<\/strong> DEFFINE FURNITURE LTD<\/h5>\n\n\t\t<\/div>\n\t<\/div>\n<\/div><\/div><\/div><\/div><\/div><\/div><div class=\"vc_row wpb_row vc_row-fluid\" ><div class=\"wpb_column vc_column_container vc_col-sm-12\"><div class=\"vc_column-inner\"><div class=\"wpb_wrapper\"><div  class=\"wpb_images_carousel wpb_content_element vc_clearfix\">\n\t<div class=\"wpb_wrapper\">\n\t\t\t\t<div id=\"vc_images-carousel-1-1776045382\" data-ride=\"vc_carousel\" data-wrap=\"true\" style=\"width: 100%;\" data-interval=\"2000\" data-auto-height=\"yes\" data-mode=\"horizontal\" data-partial=\"true\" data-per-view=\"3\" data-hide-on-end=\"false\" class=\"vc_slide vc_images_carousel\">\n\t\t\t\t\t\t<!-- Wrapper for slides -->\n\t\t\t<div class=\"vc_carousel-inner\">\n\t\t\t\t<div class=\"vc_carousel-slideline\">\n\t\t\t\t\t<div class=\"vc_carousel-slideline-inner\">\n\t\t\t\t\t\t\t\t\t\t\t\t\t\t\t\t\t\t\t\t<div class=\"vc_item\">\n\t\t\t\t\t\t\t\t<div class=\"vc_inner\">\n\t\t\t\t\t\t\t\t\t\t\t\t\t\t\t\t\t\t\t\t\t\t\t\t\t\t\t\t\t<a class=\"prettyphoto\" href=\"https:\/\/absynth.eu\/wp-content\/uploads\/2024\/04\/A13-13-BLA-G-1024x1024.jpg\"  data-rel=\"prettyPhoto[rel-9357-885449480]\">\n\t\t\t\t\t\t\t\t\t\t\t<img loading=\"lazy\" decoding=\"async\" width=\"1200\" height=\"1200\" src=\"https:\/\/absynth.eu\/wp-content\/uploads\/2024\/04\/A13-13-BLA-G.jpg\" class=\"attachment-full\" alt=\"Laroc 77\" srcset=\"https:\/\/absynth.eu\/wp-content\/uploads\/2024\/04\/A13-13-BLA-G.jpg 1200w, https:\/\/absynth.eu\/wp-content\/uploads\/2024\/04\/A13-13-BLA-G-300x300.jpg 300w, https:\/\/absynth.eu\/wp-content\/uploads\/2024\/04\/A13-13-BLA-G-1024x1024.jpg 1024w, https:\/\/absynth.eu\/wp-content\/uploads\/2024\/04\/A13-13-BLA-G-150x150.jpg 150w, https:\/\/absynth.eu\/wp-content\/uploads\/2024\/04\/A13-13-BLA-G-768x768.jpg 768w, https:\/\/absynth.eu\/wp-content\/uploads\/2024\/04\/A13-13-BLA-G-12x12.jpg 12w, https:\/\/absynth.eu\/wp-content\/uploads\/2024\/04\/A13-13-BLA-G-650x650.jpg 650w\" sizes=\"(max-width: 1200px) 100vw, 1200px\" \/>\t\t\t\t\t\t\t\t\t\t<\/a>\n\t\t\t\t\t\t\t\t\t\t\t\t\t\t\t\t\t<\/div>\n\t\t\t\t\t\t\t<\/div>\n\t\t\t\t\t\t\t\t\t\t\t\t\t\t\t\t\t\t\t\t<div class=\"vc_item\">\n\t\t\t\t\t\t\t\t<div class=\"vc_inner\">\n\t\t\t\t\t\t\t\t\t\t\t\t\t\t\t\t\t\t\t\t\t\t\t\t\t\t\t\t\t<a class=\"prettyphoto\" href=\"https:\/\/absynth.eu\/wp-content\/uploads\/2024\/04\/A13-13-BLA-C-1024x1024.jpg\"  data-rel=\"prettyPhoto[rel-9357-885449480]\">\n\t\t\t\t\t\t\t\t\t\t\t<img loading=\"lazy\" decoding=\"async\" width=\"1200\" height=\"1200\" src=\"https:\/\/absynth.eu\/wp-content\/uploads\/2024\/04\/A13-13-BLA-C.jpg\" class=\"attachment-full\" alt=\"Laroc 77\" srcset=\"https:\/\/absynth.eu\/wp-content\/uploads\/2024\/04\/A13-13-BLA-C.jpg 1200w, https:\/\/absynth.eu\/wp-content\/uploads\/2024\/04\/A13-13-BLA-C-300x300.jpg 300w, https:\/\/absynth.eu\/wp-content\/uploads\/2024\/04\/A13-13-BLA-C-1024x1024.jpg 1024w, https:\/\/absynth.eu\/wp-content\/uploads\/2024\/04\/A13-13-BLA-C-150x150.jpg 150w, https:\/\/absynth.eu\/wp-content\/uploads\/2024\/04\/A13-13-BLA-C-768x768.jpg 768w, https:\/\/absynth.eu\/wp-content\/uploads\/2024\/04\/A13-13-BLA-C-12x12.jpg 12w, https:\/\/absynth.eu\/wp-content\/uploads\/2024\/04\/A13-13-BLA-C-650x650.jpg 650w\" sizes=\"(max-width: 1200px) 100vw, 1200px\" \/>\t\t\t\t\t\t\t\t\t\t<\/a>\n\t\t\t\t\t\t\t\t\t\t\t\t\t\t\t\t\t<\/div>\n\t\t\t\t\t\t\t<\/div>\n\t\t\t\t\t\t\t\t\t\t\t<\/div>\n\t\t\t\t<\/div>\n\t\t\t<\/div>\n\t\t\t\t\t\t\t<!-- Controls -->\n\t\t\t\t<a class=\"vc_left vc_carousel-control\" href=\"#vc_images-carousel-1-1776045382\" data-slide=\"prev\">\n\t\t\t\t\t<span class=\"icon-prev\"><\/span>\n\t\t\t\t<\/a>\n\t\t\t\t<a class=\"vc_right vc_carousel-control\" href=\"#vc_images-carousel-1-1776045382\" data-slide=\"next\">\n\t\t\t\t\t<span class=\"icon-next\"><\/span>\n\t\t\t\t<\/a>\n\t\t\t\t\t<\/div>\n\t<\/div>\n<\/div>\n<div class=\"vc_empty_space\"   style=\"height: 32px\" ><span class=\"vc_empty_space_inner\"><\/span><\/div>\n\n\t<div class=\"wpb_text_column wpb_content_element\" >\n\t\t<div class=\"wpb_wrapper\">\n\t\t\t<p>Produkty dost\u0119pne w tkaninach: <a href=\"https:\/\/absynth.eu\/wp-content\/uploads\/2024\/09\/Gr_1.pdf\">Grupa 1<\/a>, <a href=\"https:\/\/absynth.eu\/wp-content\/uploads\/2024\/09\/Gr_2.pdf\">Grupa 2<\/a>, <a href=\"https:\/\/absynth.eu\/wp-content\/uploads\/2024\/09\/Gr_3.pdf\">Grupa 3<\/a>, <a href=\"https:\/\/absynth.eu\/wp-content\/uploads\/2024\/09\/Gr_4.pdf\">Grupa 4<\/a>, <a href=\"https:\/\/absynth.eu\/wp-content\/uploads\/2024\/09\/Gr_5.pdf\">Grupa 5<\/a><\/p>\n\n\t\t<\/div>\n\t<\/div>\n<\/div><\/div><\/div><\/div>","protected":false},"excerpt":{"rendered":"LAROC collection kod produktu: A13-13-BLA-C A13-13-BLA-G PROJEKT DEFFINE FURNITURE LTD Produkty dost\u0119pne w tkaninach: Grupa 1, Grupa 2, Grupa 3, Grupa 4, Grupa 5","protected":false},"author":2,"featured_media":9359,"parent":7337,"menu_order":0,"comment_status":"closed","ping_status":"closed","template":"full-width.php","meta":{"_monsterinsights_skip_tracking":false,"_monsterinsights_sitenote_active":false,"_monsterinsights_sitenote_note":"","_monsterinsights_sitenote_category":0,"footnotes":""},"class_list":["post-9357","page","type-page","status-publish","has-post-thumbnail","hentry"],"yoast_head":"<!-- This site is optimized with the Yoast SEO plugin v23.1 - https:\/\/yoast.com\/wordpress\/plugins\/seo\/ -->\n<title>KRZES\u0141O LAROC 77 - Absynth<\/title>\n<meta name=\"description\" content=\"Absynth - producent nowoczesnych mebli. W ofercie: krzes\u0142a tapicerowane, meble skrzyniowe, stoly do jadalni, sto\u0142y d\u0119bowe,meble do salonu, jadalni. Absynth oryginalne meble - Zapraszamy\" \/>\n<meta name=\"robots\" content=\"index, follow, max-snippet:-1, max-image-preview:large, max-video-preview:-1\" \/>\n<link rel=\"canonical\" href=\"https:\/\/absynth.eu\/en\/kolekcje\/kolekcja-laroc\/krzeslo-laroc-77\/\" \/>\n<meta property=\"og:locale\" content=\"en_GB\" \/>\n<meta property=\"og:type\" content=\"article\" \/>\n<meta property=\"og:title\" content=\"KRZES\u0141O LAROC 77 - Absynth\" \/>\n<meta property=\"og:description\" content=\"Absynth - producent nowoczesnych mebli. W ofercie: krzes\u0142a tapicerowane, meble skrzyniowe, stoly do jadalni, sto\u0142y d\u0119bowe,meble do salonu, jadalni. Absynth oryginalne meble - Zapraszamy\" \/>\n<meta property=\"og:url\" content=\"https:\/\/absynth.eu\/en\/kolekcje\/kolekcja-laroc\/krzeslo-laroc-77\/\" \/>\n<meta property=\"og:site_name\" content=\"Absynth\" \/>\n<meta property=\"article:publisher\" content=\"https:\/\/www.facebook.com\/MebleABSYNTH\" \/>\n<meta property=\"article:modified_time\" content=\"2024-12-12T12:51:59+00:00\" \/>\n<meta property=\"og:image\" content=\"https:\/\/absynth.eu\/wp-content\/uploads\/2024\/04\/A13-13-BLA-C.jpg\" \/>\n\t<meta property=\"og:image:width\" content=\"1200\" \/>\n\t<meta property=\"og:image:height\" content=\"1200\" \/>\n\t<meta property=\"og:image:type\" content=\"image\/jpeg\" \/>\n<meta name=\"twitter:card\" content=\"summary_large_image\" \/>\n<meta name=\"twitter:label1\" content=\"Estimated reading time\" \/>\n\t<meta name=\"twitter:data1\" content=\"2 minutes\" \/>\n<script type=\"application\/ld+json\" class=\"yoast-schema-graph\">{\"@context\":\"https:\/\/schema.org\",\"@graph\":[{\"@type\":\"WebPage\",\"@id\":\"https:\/\/absynth.eu\/kolekcje\/kolekcja-laroc\/krzeslo-laroc-77\/\",\"url\":\"https:\/\/absynth.eu\/kolekcje\/kolekcja-laroc\/krzeslo-laroc-77\/\",\"name\":\"KRZES\u0141O LAROC 77 - Absynth\",\"isPartOf\":{\"@id\":\"https:\/\/absynth.eu\/pl\/#website\"},\"primaryImageOfPage\":{\"@id\":\"https:\/\/absynth.eu\/kolekcje\/kolekcja-laroc\/krzeslo-laroc-77\/#primaryimage\"},\"image\":{\"@id\":\"https:\/\/absynth.eu\/kolekcje\/kolekcja-laroc\/krzeslo-laroc-77\/#primaryimage\"},\"thumbnailUrl\":\"https:\/\/absynth.eu\/wp-content\/uploads\/2024\/04\/A13-13-BLA-C.jpg\",\"datePublished\":\"2024-04-07T21:37:48+00:00\",\"dateModified\":\"2024-12-12T12:51:59+00:00\",\"description\":\"Absynth - producent nowoczesnych mebli. W ofercie: krzes\u0142a tapicerowane, meble skrzyniowe, stoly do jadalni, sto\u0142y d\u0119bowe,meble do salonu, jadalni. Absynth oryginalne meble - Zapraszamy\",\"breadcrumb\":{\"@id\":\"https:\/\/absynth.eu\/kolekcje\/kolekcja-laroc\/krzeslo-laroc-77\/#breadcrumb\"},\"inLanguage\":\"en-GB\",\"potentialAction\":[{\"@type\":\"ReadAction\",\"target\":[\"https:\/\/absynth.eu\/kolekcje\/kolekcja-laroc\/krzeslo-laroc-77\/\"]}]},{\"@type\":\"ImageObject\",\"inLanguage\":\"en-GB\",\"@id\":\"https:\/\/absynth.eu\/kolekcje\/kolekcja-laroc\/krzeslo-laroc-77\/#primaryimage\",\"url\":\"https:\/\/absynth.eu\/wp-content\/uploads\/2024\/04\/A13-13-BLA-C.jpg\",\"contentUrl\":\"https:\/\/absynth.eu\/wp-content\/uploads\/2024\/04\/A13-13-BLA-C.jpg\",\"width\":1200,\"height\":1200,\"caption\":\"Laroc 77\"},{\"@type\":\"BreadcrumbList\",\"@id\":\"https:\/\/absynth.eu\/kolekcje\/kolekcja-laroc\/krzeslo-laroc-77\/#breadcrumb\",\"itemListElement\":[{\"@type\":\"ListItem\",\"position\":1,\"name\":\"Strona g\u0142\u00f3wna\",\"item\":\"https:\/\/absynth.eu\/\"},{\"@type\":\"ListItem\",\"position\":2,\"name\":\"Kolekcje\",\"item\":\"https:\/\/absynth.eu\/kolekcje\/\"},{\"@type\":\"ListItem\",\"position\":3,\"name\":\"KOLEKCJA LAROC\",\"item\":\"https:\/\/absynth.eu\/kolekcje\/kolekcja-laroc\/\"},{\"@type\":\"ListItem\",\"position\":4,\"name\":\"KRZES\u0141O LAROC 77\"}]},{\"@type\":\"WebSite\",\"@id\":\"https:\/\/absynth.eu\/pl\/#website\",\"url\":\"https:\/\/absynth.eu\/pl\/\",\"name\":\"Absynth\",\"description\":\"Meble tworz\u0105 wn\u0119trze\",\"potentialAction\":[{\"@type\":\"SearchAction\",\"target\":{\"@type\":\"EntryPoint\",\"urlTemplate\":\"https:\/\/absynth.eu\/pl\/?s={search_term_string}\"},\"query-input\":\"required name=search_term_string\"}],\"inLanguage\":\"en-GB\"}]}<\/script>\n<!-- \/ Yoast SEO plugin. -->","yoast_head_json":{"title":"KRZES\u0141O LAROC 77 - Absynth","description":"Absynth - producent nowoczesnych mebli. W ofercie: krzes\u0142a tapicerowane, meble skrzyniowe, stoly do jadalni, sto\u0142y d\u0119bowe,meble do salonu, jadalni. Absynth oryginalne meble - Zapraszamy","robots":{"index":"index","follow":"follow","max-snippet":"max-snippet:-1","max-image-preview":"max-image-preview:large","max-video-preview":"max-video-preview:-1"},"canonical":"https:\/\/absynth.eu\/en\/kolekcje\/kolekcja-laroc\/krzeslo-laroc-77\/","og_locale":"en_GB","og_type":"article","og_title":"KRZES\u0141O LAROC 77 - Absynth","og_description":"Absynth - producent nowoczesnych mebli. W ofercie: krzes\u0142a tapicerowane, meble skrzyniowe, stoly do jadalni, sto\u0142y d\u0119bowe,meble do salonu, jadalni. Absynth oryginalne meble - Zapraszamy","og_url":"https:\/\/absynth.eu\/en\/kolekcje\/kolekcja-laroc\/krzeslo-laroc-77\/","og_site_name":"Absynth","article_publisher":"https:\/\/www.facebook.com\/MebleABSYNTH","article_modified_time":"2024-12-12T12:51:59+00:00","og_image":[{"width":1200,"height":1200,"url":"https:\/\/absynth.eu\/wp-content\/uploads\/2024\/04\/A13-13-BLA-C.jpg","type":"image\/jpeg"}],"twitter_card":"summary_large_image","twitter_misc":{"Estimated reading time":"2 minutes"},"schema":{"@context":"https:\/\/schema.org","@graph":[{"@type":"WebPage","@id":"https:\/\/absynth.eu\/kolekcje\/kolekcja-laroc\/krzeslo-laroc-77\/","url":"https:\/\/absynth.eu\/kolekcje\/kolekcja-laroc\/krzeslo-laroc-77\/","name":"KRZES\u0141O LAROC 77 - Absynth","isPartOf":{"@id":"https:\/\/absynth.eu\/pl\/#website"},"primaryImageOfPage":{"@id":"https:\/\/absynth.eu\/kolekcje\/kolekcja-laroc\/krzeslo-laroc-77\/#primaryimage"},"image":{"@id":"https:\/\/absynth.eu\/kolekcje\/kolekcja-laroc\/krzeslo-laroc-77\/#primaryimage"},"thumbnailUrl":"https:\/\/absynth.eu\/wp-content\/uploads\/2024\/04\/A13-13-BLA-C.jpg","datePublished":"2024-04-07T21:37:48+00:00","dateModified":"2024-12-12T12:51:59+00:00","description":"Absynth - producent nowoczesnych mebli. W ofercie: krzes\u0142a tapicerowane, meble skrzyniowe, stoly do jadalni, sto\u0142y d\u0119bowe,meble do salonu, jadalni. Absynth oryginalne meble - Zapraszamy","breadcrumb":{"@id":"https:\/\/absynth.eu\/kolekcje\/kolekcja-laroc\/krzeslo-laroc-77\/#breadcrumb"},"inLanguage":"en-GB","potentialAction":[{"@type":"ReadAction","target":["https:\/\/absynth.eu\/kolekcje\/kolekcja-laroc\/krzeslo-laroc-77\/"]}]},{"@type":"ImageObject","inLanguage":"en-GB","@id":"https:\/\/absynth.eu\/kolekcje\/kolekcja-laroc\/krzeslo-laroc-77\/#primaryimage","url":"https:\/\/absynth.eu\/wp-content\/uploads\/2024\/04\/A13-13-BLA-C.jpg","contentUrl":"https:\/\/absynth.eu\/wp-content\/uploads\/2024\/04\/A13-13-BLA-C.jpg","width":1200,"height":1200,"caption":"Laroc 77"},{"@type":"BreadcrumbList","@id":"https:\/\/absynth.eu\/kolekcje\/kolekcja-laroc\/krzeslo-laroc-77\/#breadcrumb","itemListElement":[{"@type":"ListItem","position":1,"name":"Strona g\u0142\u00f3wna","item":"https:\/\/absynth.eu\/"},{"@type":"ListItem","position":2,"name":"Kolekcje","item":"https:\/\/absynth.eu\/kolekcje\/"},{"@type":"ListItem","position":3,"name":"KOLEKCJA LAROC","item":"https:\/\/absynth.eu\/kolekcje\/kolekcja-laroc\/"},{"@type":"ListItem","position":4,"name":"KRZES\u0141O LAROC 77"}]},{"@type":"WebSite","@id":"https:\/\/absynth.eu\/pl\/#website","url":"https:\/\/absynth.eu\/pl\/","name":"Absynth","description":"Meble tworz\u0105 wn\u0119trze","potentialAction":[{"@type":"SearchAction","target":{"@type":"EntryPoint","urlTemplate":"https:\/\/absynth.eu\/pl\/?s={search_term_string}"},"query-input":"required name=search_term_string"}],"inLanguage":"en-GB"}]}},"_links":{"self":[{"href":"https:\/\/absynth.eu\/en\/wp-json\/wp\/v2\/pages\/9357"}],"collection":[{"href":"https:\/\/absynth.eu\/en\/wp-json\/wp\/v2\/pages"}],"about":[{"href":"https:\/\/absynth.eu\/en\/wp-json\/wp\/v2\/types\/page"}],"author":[{"embeddable":true,"href":"https:\/\/absynth.eu\/en\/wp-json\/wp\/v2\/users\/2"}],"replies":[{"embeddable":true,"href":"https:\/\/absynth.eu\/en\/wp-json\/wp\/v2\/comments?post=9357"}],"version-history":[{"count":5,"href":"https:\/\/absynth.eu\/en\/wp-json\/wp\/v2\/pages\/9357\/revisions"}],"predecessor-version":[{"id":9909,"href":"https:\/\/absynth.eu\/en\/wp-json\/wp\/v2\/pages\/9357\/revisions\/9909"}],"up":[{"embeddable":true,"href":"https:\/\/absynth.eu\/en\/wp-json\/wp\/v2\/pages\/7337"}],"wp:featuredmedia":[{"embeddable":true,"href":"https:\/\/absynth.eu\/en\/wp-json\/wp\/v2\/media\/9359"}],"wp:attachment":[{"href":"https:\/\/absynth.eu\/en\/wp-json\/wp\/v2\/media?parent=9357"}],"curies":[{"name":"wp","href":"https:\/\/api.w.org\/{rel}","templated":true}]}}