{"id":9390,"date":"2024-04-23T00:11:25","date_gmt":"2024-04-22T22:11:25","guid":{"rendered":"https:\/\/absynth.eu\/?page_id=9390"},"modified":"2024-09-13T11:16:08","modified_gmt":"2024-09-13T09:16:08","slug":"fotel-z-jednym-bokiem","status":"publish","type":"page","link":"https:\/\/absynth.eu\/en\/kolekcje\/kolekcja-noi-outdoor\/fotel-z-jednym-bokiem\/","title":{"rendered":"Fotel z jednym bokiem"},"content":{"rendered":"<div class=\"qodef-row-grid-section-wrapper\"  ><div class=\"qodef-row-grid-section\"><div class=\"vc_row wpb_row vc_row-fluid\" ><div class=\"wpb_column vc_column_container vc_col-sm-12\"><div class=\"vc_column-inner\"><div class=\"wpb_wrapper\"><h2 style=\"text-align: left\" class=\"vc_custom_heading\" >NOi OUTDOOR collection<\/h2>\n\t<div class=\"wpb_text_column wpb_content_element\" >\n\t\t<div class=\"wpb_wrapper\">\n\t\t\t<p>kod produktu: A05-08BASIC-TK<br \/>\nA05-08-SOFT-TK<\/p>\n\n\t\t<\/div>\n\t<\/div>\n\n\t<div class=\"wpb_text_column wpb_content_element\" >\n\t\t<div class=\"wpb_wrapper\">\n\t\t\t<h5><strong>PROJEKT<\/strong> DEFFINE FURNITURE LTD<\/h5>\n\n\t\t<\/div>\n\t<\/div>\n<div class=\"vc_empty_space\"   style=\"height: 32px\" ><span class=\"vc_empty_space_inner\"><\/span><\/div>\n<\/div><\/div><\/div><\/div><\/div><\/div><div class=\"vc_row wpb_row vc_row-fluid\" ><div class=\"wpb_column vc_column_container vc_col-sm-12\"><div class=\"vc_column-inner\"><div class=\"wpb_wrapper\"><div  class=\"wpb_images_carousel wpb_content_element vc_clearfix\">\n\t<div class=\"wpb_wrapper\">\n\t\t\t\t<div id=\"vc_images-carousel-1-1776051283\" data-ride=\"vc_carousel\" data-wrap=\"true\" style=\"width: 1024px;\" data-interval=\"0\" data-auto-height=\"yes\" data-mode=\"horizontal\" data-partial=\"false\" data-per-view=\"3\" data-hide-on-end=\"true\" class=\"vc_slide vc_images_carousel\">\n\t\t\t\t\t\t<!-- Wrapper for slides -->\n\t\t\t<div class=\"vc_carousel-inner\">\n\t\t\t\t<div class=\"vc_carousel-slideline\">\n\t\t\t\t\t<div class=\"vc_carousel-slideline-inner\">\n\t\t\t\t\t\t\t\t\t\t\t\t\t\t\t\t\t\t\t\t<div class=\"vc_item\">\n\t\t\t\t\t\t\t\t<div class=\"vc_inner\">\n\t\t\t\t\t\t\t\t\t\t\t\t\t\t\t\t\t\t\t\t\t\t\t\t\t\t\t\t\t<a class=\"prettyphoto\" href=\"https:\/\/absynth.eu\/wp-content\/uploads\/2024\/04\/A05-08-SOFT-1024x1024.jpg\"  data-rel=\"prettyPhoto[rel-9390-1025795281]\">\n\t\t\t\t\t\t\t\t\t\t\t<img loading=\"lazy\" decoding=\"async\" width=\"1024\" height=\"1024\" src=\"https:\/\/absynth.eu\/wp-content\/uploads\/2024\/04\/A05-08-SOFT-1024x1024.jpg\" class=\"attachment-large\" alt=\"\" srcset=\"https:\/\/absynth.eu\/wp-content\/uploads\/2024\/04\/A05-08-SOFT-1024x1024.jpg 1024w, https:\/\/absynth.eu\/wp-content\/uploads\/2024\/04\/A05-08-SOFT-300x300.jpg 300w, https:\/\/absynth.eu\/wp-content\/uploads\/2024\/04\/A05-08-SOFT-150x150.jpg 150w, https:\/\/absynth.eu\/wp-content\/uploads\/2024\/04\/A05-08-SOFT-768x768.jpg 768w, https:\/\/absynth.eu\/wp-content\/uploads\/2024\/04\/A05-08-SOFT-12x12.jpg 12w, https:\/\/absynth.eu\/wp-content\/uploads\/2024\/04\/A05-08-SOFT-650x650.jpg 650w, https:\/\/absynth.eu\/wp-content\/uploads\/2024\/04\/A05-08-SOFT.jpg 1200w\" sizes=\"(max-width: 1024px) 100vw, 1024px\" \/>\t\t\t\t\t\t\t\t\t\t<\/a>\n\t\t\t\t\t\t\t\t\t\t\t\t\t\t\t\t\t<\/div>\n\t\t\t\t\t\t\t<\/div>\n\t\t\t\t\t\t\t\t\t\t\t\t\t\t\t\t\t\t\t\t<div class=\"vc_item\">\n\t\t\t\t\t\t\t\t<div class=\"vc_inner\">\n\t\t\t\t\t\t\t\t\t\t\t\t\t\t\t\t\t\t\t\t\t\t\t\t\t\t\t\t\t<a class=\"prettyphoto\" href=\"https:\/\/absynth.eu\/wp-content\/uploads\/2024\/04\/A05-08-SOFT-2-1024x578.jpg\"  data-rel=\"prettyPhoto[rel-9390-1025795281]\">\n\t\t\t\t\t\t\t\t\t\t\t<img loading=\"lazy\" decoding=\"async\" width=\"1024\" height=\"578\" src=\"https:\/\/absynth.eu\/wp-content\/uploads\/2024\/04\/A05-08-SOFT-2-1024x578.jpg\" class=\"attachment-large\" alt=\"\" srcset=\"https:\/\/absynth.eu\/wp-content\/uploads\/2024\/04\/A05-08-SOFT-2-1024x578.jpg 1024w, https:\/\/absynth.eu\/wp-content\/uploads\/2024\/04\/A05-08-SOFT-2-300x169.jpg 300w, https:\/\/absynth.eu\/wp-content\/uploads\/2024\/04\/A05-08-SOFT-2-768x433.jpg 768w, https:\/\/absynth.eu\/wp-content\/uploads\/2024\/04\/A05-08-SOFT-2-18x10.jpg 18w, https:\/\/absynth.eu\/wp-content\/uploads\/2024\/04\/A05-08-SOFT-2.jpg 1200w\" sizes=\"(max-width: 1024px) 100vw, 1024px\" \/>\t\t\t\t\t\t\t\t\t\t<\/a>\n\t\t\t\t\t\t\t\t\t\t\t\t\t\t\t\t\t<\/div>\n\t\t\t\t\t\t\t<\/div>\n\t\t\t\t\t\t\t\t\t\t\t\t\t\t\t\t\t\t\t\t<div class=\"vc_item\">\n\t\t\t\t\t\t\t\t<div class=\"vc_inner\">\n\t\t\t\t\t\t\t\t\t\t\t\t\t\t\t\t\t\t\t\t\t\t\t\t\t\t\t\t\t<a class=\"prettyphoto\" href=\"https:\/\/absynth.eu\/wp-content\/uploads\/2024\/04\/A05-040708-SOFT-1024x576.jpg\"  data-rel=\"prettyPhoto[rel-9390-1025795281]\">\n\t\t\t\t\t\t\t\t\t\t\t<img loading=\"lazy\" decoding=\"async\" width=\"1024\" height=\"576\" src=\"https:\/\/absynth.eu\/wp-content\/uploads\/2024\/04\/A05-040708-SOFT-1024x576.jpg\" class=\"attachment-large\" alt=\"\" srcset=\"https:\/\/absynth.eu\/wp-content\/uploads\/2024\/04\/A05-040708-SOFT-1024x576.jpg 1024w, https:\/\/absynth.eu\/wp-content\/uploads\/2024\/04\/A05-040708-SOFT-300x169.jpg 300w, https:\/\/absynth.eu\/wp-content\/uploads\/2024\/04\/A05-040708-SOFT-768x432.jpg 768w, https:\/\/absynth.eu\/wp-content\/uploads\/2024\/04\/A05-040708-SOFT-1536x864.jpg 1536w, https:\/\/absynth.eu\/wp-content\/uploads\/2024\/04\/A05-040708-SOFT-18x10.jpg 18w, https:\/\/absynth.eu\/wp-content\/uploads\/2024\/04\/A05-040708-SOFT.jpg 1920w\" sizes=\"(max-width: 1024px) 100vw, 1024px\" \/>\t\t\t\t\t\t\t\t\t\t<\/a>\n\t\t\t\t\t\t\t\t\t\t\t\t\t\t\t\t\t<\/div>\n\t\t\t\t\t\t\t<\/div>\n\t\t\t\t\t\t\t\t\t\t\t\t\t\t\t\t\t\t\t\t<div class=\"vc_item\">\n\t\t\t\t\t\t\t\t<div class=\"vc_inner\">\n\t\t\t\t\t\t\t\t\t\t\t\t\t\t\t\t\t\t\t\t\t\t\t\t\t\t\t\t\t<a class=\"prettyphoto\" href=\"https:\/\/absynth.eu\/wp-content\/uploads\/2024\/04\/A05-040708-SOFT-2-1024x576.jpg\"  data-rel=\"prettyPhoto[rel-9390-1025795281]\">\n\t\t\t\t\t\t\t\t\t\t\t<img loading=\"lazy\" decoding=\"async\" width=\"1024\" height=\"576\" src=\"https:\/\/absynth.eu\/wp-content\/uploads\/2024\/04\/A05-040708-SOFT-2-1024x576.jpg\" class=\"attachment-large\" alt=\"\" srcset=\"https:\/\/absynth.eu\/wp-content\/uploads\/2024\/04\/A05-040708-SOFT-2-1024x576.jpg 1024w, https:\/\/absynth.eu\/wp-content\/uploads\/2024\/04\/A05-040708-SOFT-2-300x169.jpg 300w, https:\/\/absynth.eu\/wp-content\/uploads\/2024\/04\/A05-040708-SOFT-2-768x432.jpg 768w, https:\/\/absynth.eu\/wp-content\/uploads\/2024\/04\/A05-040708-SOFT-2-1536x864.jpg 1536w, https:\/\/absynth.eu\/wp-content\/uploads\/2024\/04\/A05-040708-SOFT-2-18x10.jpg 18w\" sizes=\"(max-width: 1024px) 100vw, 1024px\" \/>\t\t\t\t\t\t\t\t\t\t<\/a>\n\t\t\t\t\t\t\t\t\t\t\t\t\t\t\t\t\t<\/div>\n\t\t\t\t\t\t\t<\/div>\n\t\t\t\t\t\t\t\t\t\t\t<\/div>\n\t\t\t\t<\/div>\n\t\t\t<\/div>\n\t\t\t\t\t<\/div>\n\t<\/div>\n<\/div>\n<div class=\"vc_empty_space\"   style=\"height: 32px\" ><span class=\"vc_empty_space_inner\"><\/span><\/div>\n<\/div><\/div><\/div><\/div><div class=\"qodef-row-grid-section-wrapper\"  ><div class=\"qodef-row-grid-section\"><div class=\"vc_row wpb_row vc_row-fluid\" ><div class=\"wpb_column vc_column_container vc_col-sm-12\"><div class=\"vc_column-inner\"><div class=\"wpb_wrapper\">\n\t<div class=\"wpb_text_column wpb_content_element  vc_custom_1664146653674\" >\n\t\t<div class=\"wpb_wrapper\">\n\t\t\t<p>*UWAGA w meblach mi\u0119kkich tapicerowanych dopuszczamy tolerancj\u0119 wymiar\u00f3w 2-3 cm wynikaj\u0105c\u0105 z wype\u0142nie\u0144 i formy mebla.<\/p>\n\n\t\t<\/div>\n\t<\/div>\n<div class=\"qodef-tabs   qodef-tabs-standard\">\n\t<ul class=\"qodef-tabs-nav clearfix\">\n\t\t\t\t\t<li>\n\t\t\t\t\t\t\t\t\t<a href=\"#tab-wymiary\">DIMENSIONS (cm):<\/a>\n\t\t\t\t\t\t\t<\/li>\n\t\t\t<\/ul>\n\t<div class=\"qodef-tab-container\" id=\"tab-wymiary-311\"><div class=\"qodef-accordion-holder qodef-ac-default  qodef-accordion qodef-ac-boxed  clearfix\">\n\t<h6 class=\"qodef-accordion-title\">\n    <span class=\"qodef-accordion-mark\">\n\t\t<span class=\"qodef_icon_plus icon_plus\"><\/span>\n\t\t<span class=\"qodef_icon_minus icon_minus-06\"><\/span>\n\t<\/span>\n\t<span class=\"qodef-tab-title\">height<\/span>\n<\/h6>\n<div class=\"qodef-accordion-content\">\n\t<div class=\"qodef-accordion-content-inner\">\n\t\t\n\t<div class=\"wpb_text_column wpb_content_element\" >\n\t\t<div class=\"wpb_wrapper\">\n\t\t\t<p>67 cm \/ wysoko\u015b\u0107 siedziska 38 cm<\/p>\n\n\t\t<\/div>\n\t<\/div>\n\t<\/div>\n<\/div><h6 class=\"qodef-accordion-title\">\n    <span class=\"qodef-accordion-mark\">\n\t\t<span class=\"qodef_icon_plus icon_plus\"><\/span>\n\t\t<span class=\"qodef_icon_minus icon_minus-06\"><\/span>\n\t<\/span>\n\t<span class=\"qodef-tab-title\">length<\/span>\n<\/h6>\n<div class=\"qodef-accordion-content\">\n\t<div class=\"qodef-accordion-content-inner\">\n\t\t\n\t<div class=\"wpb_text_column wpb_content_element\" >\n\t\t<div class=\"wpb_wrapper\">\n\t\t\t<p>90 cm<\/p>\n\n\t\t<\/div>\n\t<\/div>\n\t<\/div>\n<\/div><h6 class=\"qodef-accordion-title\">\n    <span class=\"qodef-accordion-mark\">\n\t\t<span class=\"qodef_icon_plus icon_plus\"><\/span>\n\t\t<span class=\"qodef_icon_minus icon_minus-06\"><\/span>\n\t<\/span>\n\t<span class=\"qodef-tab-title\">depth<\/span>\n<\/h6>\n<div class=\"qodef-accordion-content\">\n\t<div class=\"qodef-accordion-content-inner\">\n\t\t\n\t<div class=\"wpb_text_column wpb_content_element\" >\n\t\t<div class=\"wpb_wrapper\">\n\t\t\t<p>90 cm<\/p>\n\n\t\t<\/div>\n\t<\/div>\n\t<\/div>\n<\/div><\/div>\n\t<div class=\"wpb_text_column wpb_content_element\" >\n\t\t<div class=\"wpb_wrapper\">\n\t\t\t<p>NOTE! The manufacturer reserves the right to change dimensions and technologies of the presented furniture.<\/p>\n\n\t\t<\/div>\n\t<\/div>\n<\/div><\/div><\/div><\/div><\/div><\/div><\/div><\/div><div class=\"qodef-row-grid-section-wrapper\"  ><div class=\"qodef-row-grid-section\"><div class=\"vc_row wpb_row vc_row-fluid\" ><div class=\"wpb_column vc_column_container vc_col-sm-12\"><div class=\"vc_column-inner\"><div class=\"wpb_wrapper\">\n\t<div class=\"wpb_text_column wpb_content_element  vc_custom_1581470930808\" >\n\t\t<div class=\"wpb_wrapper\">\n\t\t\t<h4>Materia\u0142y do pobrania<\/h4>\n\n\t\t<\/div>\n\t<\/div>\n<div class=\"vc_empty_space\"   style=\"height: 32px\" ><span class=\"vc_empty_space_inner\"><\/span><\/div>\n<div class=\"wpb_gallery wpb_content_element vc_clearfix\" ><div class=\"wpb_wrapper\"><div class=\"wpb_gallery_slides wpb_image_grid\" data-interval=\"3\"><ul class=\"wpb_image_grid_ul\"><li class=\"isotope-item\"><a class=\"prettyphoto\" href=\"https:\/\/absynth.eu\/wp-content\/uploads\/2023\/02\/Karta_Noi_outdoor-1-724x1024.jpg\" data-rel=\"prettyPhoto[rel-9390-1093207655]\"><img loading=\"lazy\" decoding=\"async\" width=\"150\" height=\"150\" src=\"https:\/\/absynth.eu\/wp-content\/uploads\/2023\/02\/Karta_Noi_outdoor-1-150x150.jpg\" class=\"attachment-thumbnail\" alt=\"\" srcset=\"https:\/\/absynth.eu\/wp-content\/uploads\/2023\/02\/Karta_Noi_outdoor-1-150x150.jpg 150w, https:\/\/absynth.eu\/wp-content\/uploads\/2023\/02\/Karta_Noi_outdoor-1-650x650.jpg 650w, https:\/\/absynth.eu\/wp-content\/uploads\/2023\/02\/Karta_Noi_outdoor-1-1300x1300.jpg 1300w\" sizes=\"(max-width: 150px) 100vw, 150px\" \/><\/a><\/li><li class=\"isotope-item\"><a class=\"prettyphoto\" href=\"https:\/\/absynth.eu\/wp-content\/uploads\/2023\/02\/Karta_Noi_outdoor-2-724x1024.jpg\" data-rel=\"prettyPhoto[rel-9390-1093207655]\"><img loading=\"lazy\" decoding=\"async\" width=\"150\" height=\"150\" src=\"https:\/\/absynth.eu\/wp-content\/uploads\/2023\/02\/Karta_Noi_outdoor-2-150x150.jpg\" class=\"attachment-thumbnail\" alt=\"\" srcset=\"https:\/\/absynth.eu\/wp-content\/uploads\/2023\/02\/Karta_Noi_outdoor-2-150x150.jpg 150w, https:\/\/absynth.eu\/wp-content\/uploads\/2023\/02\/Karta_Noi_outdoor-2-650x650.jpg 650w, https:\/\/absynth.eu\/wp-content\/uploads\/2023\/02\/Karta_Noi_outdoor-2-1300x1300.jpg 1300w\" sizes=\"(max-width: 150px) 100vw, 150px\" \/><\/a><\/li><li class=\"isotope-item\"><a class=\"prettyphoto\" href=\"https:\/\/absynth.eu\/wp-content\/uploads\/2023\/02\/Karta_Noi_outdoor-3-724x1024.jpg\" data-rel=\"prettyPhoto[rel-9390-1093207655]\"><img loading=\"lazy\" decoding=\"async\" width=\"150\" height=\"150\" src=\"https:\/\/absynth.eu\/wp-content\/uploads\/2023\/02\/Karta_Noi_outdoor-3-150x150.jpg\" class=\"attachment-thumbnail\" alt=\"\" srcset=\"https:\/\/absynth.eu\/wp-content\/uploads\/2023\/02\/Karta_Noi_outdoor-3-150x150.jpg 150w, https:\/\/absynth.eu\/wp-content\/uploads\/2023\/02\/Karta_Noi_outdoor-3-650x650.jpg 650w, https:\/\/absynth.eu\/wp-content\/uploads\/2023\/02\/Karta_Noi_outdoor-3-1300x1300.jpg 1300w\" sizes=\"(max-width: 150px) 100vw, 150px\" \/><\/a><\/li><\/ul><\/div><\/div><\/div>\n\t<div class=\"wpb_text_column wpb_content_element\" >\n\t\t<div class=\"wpb_wrapper\">\n\t\t\t<p><a href=\"\/wp-content\/uploads\/2023\/02\/Karta_Noi_outdoor.pdf\" download=\"\">Pobierz rysunki techniczne<\/a><\/p>\n\n\t\t<\/div>\n\t<\/div>\n<\/div><\/div><\/div><div class=\"wpb_column vc_column_container vc_col-sm-12\"><div class=\"vc_column-inner\"><div class=\"wpb_wrapper\"><div class=\"vc_empty_space\"   style=\"height: 32px\" ><span class=\"vc_empty_space_inner\"><\/span><\/div>\n\n\t<div class=\"wpb_text_column wpb_content_element\" >\n\t\t<div class=\"wpb_wrapper\">\n\t\t\t<p>Produkty dost\u0119pne w tkaninach: <a href=\"https:\/\/absynth.eu\/wp-content\/uploads\/2024\/09\/Gr_1.pdf\">Grupa 1<\/a>, <a href=\"https:\/\/absynth.eu\/wp-content\/uploads\/2024\/09\/Gr_2.pdf\">Grupa 2<\/a>, <a href=\"https:\/\/absynth.eu\/wp-content\/uploads\/2024\/09\/Gr_3.pdf\">Grupa 3<\/a>, <a href=\"https:\/\/absynth.eu\/wp-content\/uploads\/2024\/09\/Gr_4.pdf\">Grupa 4<\/a>, <a href=\"https:\/\/absynth.eu\/wp-content\/uploads\/2024\/09\/Gr_5.pdf\">Grupa 5<\/a><\/p>\n\n\t\t<\/div>\n\t<\/div>\n<\/div><\/div><\/div><\/div><\/div><\/div>","protected":false},"excerpt":{"rendered":"NOi OUTDOOR collection kod produktu: A05-08BASIC-TK A05-08-SOFT-TK PROJEKT DEFFINE FURNITURE LTD *UWAGA w meblach mi\u0119kkich tapicerowanych dopuszczamy tolerancj\u0119 wymiar\u00f3w 2-3 cm wynikaj\u0105c\u0105 z wype\u0142nie\u0144 i formy mebla. WYMIARY WYSOKO\u015a\u0106 67 cm \/ wysoko\u015b\u0107 siedziska 38 cm D\u0141UGO\u015a\u0106 90 cm G\u0141\u0118BOKO\u015a\u0106 [...]","protected":false},"author":2,"featured_media":9386,"parent":7904,"menu_order":0,"comment_status":"closed","ping_status":"closed","template":"full-width.php","meta":{"_monsterinsights_skip_tracking":false,"_monsterinsights_sitenote_active":false,"_monsterinsights_sitenote_note":"","_monsterinsights_sitenote_category":0,"footnotes":""},"class_list":["post-9390","page","type-page","status-publish","has-post-thumbnail","hentry"],"yoast_head":"<!-- This site is optimized with the Yoast SEO plugin v23.1 - https:\/\/yoast.com\/wordpress\/plugins\/seo\/ -->\n<title>Fotel z jednym bokiem - Absynth<\/title>\n<meta name=\"description\" content=\"Absynth - producent nowoczesnych mebli. W ofercie: krzes\u0142a tapicerowane, meble skrzyniowe, stoly do jadalni, sto\u0142y d\u0119bowe,meble do salonu, jadalni. Absynth oryginalne meble - Zapraszamy\" \/>\n<meta name=\"robots\" content=\"index, follow, max-snippet:-1, max-image-preview:large, max-video-preview:-1\" \/>\n<link rel=\"canonical\" href=\"https:\/\/absynth.eu\/en\/kolekcje\/kolekcja-noi-outdoor\/fotel-z-jednym-bokiem\/\" \/>\n<meta property=\"og:locale\" content=\"en_GB\" \/>\n<meta property=\"og:type\" content=\"article\" \/>\n<meta property=\"og:title\" content=\"Fotel z jednym bokiem - Absynth\" \/>\n<meta property=\"og:description\" content=\"Absynth - producent nowoczesnych mebli. W ofercie: krzes\u0142a tapicerowane, meble skrzyniowe, stoly do jadalni, sto\u0142y d\u0119bowe,meble do salonu, jadalni. Absynth oryginalne meble - Zapraszamy\" \/>\n<meta property=\"og:url\" content=\"https:\/\/absynth.eu\/en\/kolekcje\/kolekcja-noi-outdoor\/fotel-z-jednym-bokiem\/\" \/>\n<meta property=\"og:site_name\" content=\"Absynth\" \/>\n<meta property=\"article:publisher\" content=\"https:\/\/www.facebook.com\/MebleABSYNTH\" \/>\n<meta property=\"article:modified_time\" content=\"2024-09-13T09:16:08+00:00\" \/>\n<meta property=\"og:image\" content=\"https:\/\/absynth.eu\/wp-content\/uploads\/2024\/04\/A05-08-SOFT.jpg\" \/>\n\t<meta property=\"og:image:width\" content=\"1200\" \/>\n\t<meta property=\"og:image:height\" content=\"1200\" \/>\n\t<meta property=\"og:image:type\" content=\"image\/jpeg\" \/>\n<meta name=\"twitter:card\" content=\"summary_large_image\" \/>\n<meta name=\"twitter:label1\" content=\"Estimated reading time\" \/>\n\t<meta name=\"twitter:data1\" content=\"2 minutes\" \/>\n<script type=\"application\/ld+json\" class=\"yoast-schema-graph\">{\"@context\":\"https:\/\/schema.org\",\"@graph\":[{\"@type\":\"WebPage\",\"@id\":\"https:\/\/absynth.eu\/kolekcje\/kolekcja-noi-outdoor\/fotel-z-jednym-bokiem\/\",\"url\":\"https:\/\/absynth.eu\/kolekcje\/kolekcja-noi-outdoor\/fotel-z-jednym-bokiem\/\",\"name\":\"Fotel z jednym bokiem - Absynth\",\"isPartOf\":{\"@id\":\"https:\/\/absynth.eu\/pl\/#website\"},\"primaryImageOfPage\":{\"@id\":\"https:\/\/absynth.eu\/kolekcje\/kolekcja-noi-outdoor\/fotel-z-jednym-bokiem\/#primaryimage\"},\"image\":{\"@id\":\"https:\/\/absynth.eu\/kolekcje\/kolekcja-noi-outdoor\/fotel-z-jednym-bokiem\/#primaryimage\"},\"thumbnailUrl\":\"https:\/\/absynth.eu\/wp-content\/uploads\/2024\/04\/A05-08-SOFT.jpg\",\"datePublished\":\"2024-04-22T22:11:25+00:00\",\"dateModified\":\"2024-09-13T09:16:08+00:00\",\"description\":\"Absynth - producent nowoczesnych mebli. W ofercie: krzes\u0142a tapicerowane, meble skrzyniowe, stoly do jadalni, sto\u0142y d\u0119bowe,meble do salonu, jadalni. Absynth oryginalne meble - Zapraszamy\",\"breadcrumb\":{\"@id\":\"https:\/\/absynth.eu\/kolekcje\/kolekcja-noi-outdoor\/fotel-z-jednym-bokiem\/#breadcrumb\"},\"inLanguage\":\"en-GB\",\"potentialAction\":[{\"@type\":\"ReadAction\",\"target\":[\"https:\/\/absynth.eu\/kolekcje\/kolekcja-noi-outdoor\/fotel-z-jednym-bokiem\/\"]}]},{\"@type\":\"ImageObject\",\"inLanguage\":\"en-GB\",\"@id\":\"https:\/\/absynth.eu\/kolekcje\/kolekcja-noi-outdoor\/fotel-z-jednym-bokiem\/#primaryimage\",\"url\":\"https:\/\/absynth.eu\/wp-content\/uploads\/2024\/04\/A05-08-SOFT.jpg\",\"contentUrl\":\"https:\/\/absynth.eu\/wp-content\/uploads\/2024\/04\/A05-08-SOFT.jpg\",\"width\":1200,\"height\":1200},{\"@type\":\"BreadcrumbList\",\"@id\":\"https:\/\/absynth.eu\/kolekcje\/kolekcja-noi-outdoor\/fotel-z-jednym-bokiem\/#breadcrumb\",\"itemListElement\":[{\"@type\":\"ListItem\",\"position\":1,\"name\":\"Strona g\u0142\u00f3wna\",\"item\":\"https:\/\/absynth.eu\/\"},{\"@type\":\"ListItem\",\"position\":2,\"name\":\"Kolekcje\",\"item\":\"https:\/\/absynth.eu\/kolekcje\/\"},{\"@type\":\"ListItem\",\"position\":3,\"name\":\"Kolekcja NOI OUTDOOR\",\"item\":\"https:\/\/absynth.eu\/kolekcje\/kolekcja-noi-outdoor\/\"},{\"@type\":\"ListItem\",\"position\":4,\"name\":\"Fotel z jednym bokiem\"}]},{\"@type\":\"WebSite\",\"@id\":\"https:\/\/absynth.eu\/pl\/#website\",\"url\":\"https:\/\/absynth.eu\/pl\/\",\"name\":\"Absynth\",\"description\":\"Meble tworz\u0105 wn\u0119trze\",\"potentialAction\":[{\"@type\":\"SearchAction\",\"target\":{\"@type\":\"EntryPoint\",\"urlTemplate\":\"https:\/\/absynth.eu\/pl\/?s={search_term_string}\"},\"query-input\":\"required name=search_term_string\"}],\"inLanguage\":\"en-GB\"}]}<\/script>\n<!-- \/ Yoast SEO plugin. -->","yoast_head_json":{"title":"Fotel z jednym bokiem - Absynth","description":"Absynth - producent nowoczesnych mebli. W ofercie: krzes\u0142a tapicerowane, meble skrzyniowe, stoly do jadalni, sto\u0142y d\u0119bowe,meble do salonu, jadalni. Absynth oryginalne meble - Zapraszamy","robots":{"index":"index","follow":"follow","max-snippet":"max-snippet:-1","max-image-preview":"max-image-preview:large","max-video-preview":"max-video-preview:-1"},"canonical":"https:\/\/absynth.eu\/en\/kolekcje\/kolekcja-noi-outdoor\/fotel-z-jednym-bokiem\/","og_locale":"en_GB","og_type":"article","og_title":"Fotel z jednym bokiem - Absynth","og_description":"Absynth - producent nowoczesnych mebli. W ofercie: krzes\u0142a tapicerowane, meble skrzyniowe, stoly do jadalni, sto\u0142y d\u0119bowe,meble do salonu, jadalni. Absynth oryginalne meble - Zapraszamy","og_url":"https:\/\/absynth.eu\/en\/kolekcje\/kolekcja-noi-outdoor\/fotel-z-jednym-bokiem\/","og_site_name":"Absynth","article_publisher":"https:\/\/www.facebook.com\/MebleABSYNTH","article_modified_time":"2024-09-13T09:16:08+00:00","og_image":[{"width":1200,"height":1200,"url":"https:\/\/absynth.eu\/wp-content\/uploads\/2024\/04\/A05-08-SOFT.jpg","type":"image\/jpeg"}],"twitter_card":"summary_large_image","twitter_misc":{"Estimated reading time":"2 minutes"},"schema":{"@context":"https:\/\/schema.org","@graph":[{"@type":"WebPage","@id":"https:\/\/absynth.eu\/kolekcje\/kolekcja-noi-outdoor\/fotel-z-jednym-bokiem\/","url":"https:\/\/absynth.eu\/kolekcje\/kolekcja-noi-outdoor\/fotel-z-jednym-bokiem\/","name":"Fotel z jednym bokiem - Absynth","isPartOf":{"@id":"https:\/\/absynth.eu\/pl\/#website"},"primaryImageOfPage":{"@id":"https:\/\/absynth.eu\/kolekcje\/kolekcja-noi-outdoor\/fotel-z-jednym-bokiem\/#primaryimage"},"image":{"@id":"https:\/\/absynth.eu\/kolekcje\/kolekcja-noi-outdoor\/fotel-z-jednym-bokiem\/#primaryimage"},"thumbnailUrl":"https:\/\/absynth.eu\/wp-content\/uploads\/2024\/04\/A05-08-SOFT.jpg","datePublished":"2024-04-22T22:11:25+00:00","dateModified":"2024-09-13T09:16:08+00:00","description":"Absynth - producent nowoczesnych mebli. W ofercie: krzes\u0142a tapicerowane, meble skrzyniowe, stoly do jadalni, sto\u0142y d\u0119bowe,meble do salonu, jadalni. Absynth oryginalne meble - Zapraszamy","breadcrumb":{"@id":"https:\/\/absynth.eu\/kolekcje\/kolekcja-noi-outdoor\/fotel-z-jednym-bokiem\/#breadcrumb"},"inLanguage":"en-GB","potentialAction":[{"@type":"ReadAction","target":["https:\/\/absynth.eu\/kolekcje\/kolekcja-noi-outdoor\/fotel-z-jednym-bokiem\/"]}]},{"@type":"ImageObject","inLanguage":"en-GB","@id":"https:\/\/absynth.eu\/kolekcje\/kolekcja-noi-outdoor\/fotel-z-jednym-bokiem\/#primaryimage","url":"https:\/\/absynth.eu\/wp-content\/uploads\/2024\/04\/A05-08-SOFT.jpg","contentUrl":"https:\/\/absynth.eu\/wp-content\/uploads\/2024\/04\/A05-08-SOFT.jpg","width":1200,"height":1200},{"@type":"BreadcrumbList","@id":"https:\/\/absynth.eu\/kolekcje\/kolekcja-noi-outdoor\/fotel-z-jednym-bokiem\/#breadcrumb","itemListElement":[{"@type":"ListItem","position":1,"name":"Strona g\u0142\u00f3wna","item":"https:\/\/absynth.eu\/"},{"@type":"ListItem","position":2,"name":"Kolekcje","item":"https:\/\/absynth.eu\/kolekcje\/"},{"@type":"ListItem","position":3,"name":"Kolekcja NOI OUTDOOR","item":"https:\/\/absynth.eu\/kolekcje\/kolekcja-noi-outdoor\/"},{"@type":"ListItem","position":4,"name":"Fotel z jednym bokiem"}]},{"@type":"WebSite","@id":"https:\/\/absynth.eu\/pl\/#website","url":"https:\/\/absynth.eu\/pl\/","name":"Absynth","description":"Meble tworz\u0105 wn\u0119trze","potentialAction":[{"@type":"SearchAction","target":{"@type":"EntryPoint","urlTemplate":"https:\/\/absynth.eu\/pl\/?s={search_term_string}"},"query-input":"required name=search_term_string"}],"inLanguage":"en-GB"}]}},"_links":{"self":[{"href":"https:\/\/absynth.eu\/en\/wp-json\/wp\/v2\/pages\/9390"}],"collection":[{"href":"https:\/\/absynth.eu\/en\/wp-json\/wp\/v2\/pages"}],"about":[{"href":"https:\/\/absynth.eu\/en\/wp-json\/wp\/v2\/types\/page"}],"author":[{"embeddable":true,"href":"https:\/\/absynth.eu\/en\/wp-json\/wp\/v2\/users\/2"}],"replies":[{"embeddable":true,"href":"https:\/\/absynth.eu\/en\/wp-json\/wp\/v2\/comments?post=9390"}],"version-history":[{"count":2,"href":"https:\/\/absynth.eu\/en\/wp-json\/wp\/v2\/pages\/9390\/revisions"}],"predecessor-version":[{"id":9683,"href":"https:\/\/absynth.eu\/en\/wp-json\/wp\/v2\/pages\/9390\/revisions\/9683"}],"up":[{"embeddable":true,"href":"https:\/\/absynth.eu\/en\/wp-json\/wp\/v2\/pages\/7904"}],"wp:featuredmedia":[{"embeddable":true,"href":"https:\/\/absynth.eu\/en\/wp-json\/wp\/v2\/media\/9386"}],"wp:attachment":[{"href":"https:\/\/absynth.eu\/en\/wp-json\/wp\/v2\/media?parent=9390"}],"curies":[{"name":"wp","href":"https:\/\/api.w.org\/{rel}","templated":true}]}}