{"id":10299,"date":"2025-11-07T11:57:57","date_gmt":"2025-11-07T10:57:57","guid":{"rendered":"https:\/\/absynth.eu\/?page_id=10299"},"modified":"2025-11-13T09:46:15","modified_gmt":"2025-11-13T08:46:15","slug":"absynth-relacja-z-targow","status":"publish","type":"page","link":"https:\/\/absynth.eu\/pl\/absynth-relacja-z-targow\/","title":{"rendered":"Absynth &#8211; relacja z targow"},"content":{"rendered":"<div class=\"vc_row wpb_row vc_row-fluid\" ><div class=\"wpb_column vc_column_container vc_col-sm-12\"><div class=\"vc_column-inner\"><div class=\"wpb_wrapper\"><h2 style=\"text-align: center\" class=\"vc_custom_heading\" >Warsaw Home &amp; Contract<\/h2>\n\t<div class=\"wpb_text_column wpb_content_element \" >\n\t\t<div class=\"wpb_wrapper\">\n\t\t\t<p data-start=\"106\" data-end=\"314\"><strong data-start=\"106\" data-end=\"133\">&#x1f4cd; Hala D, stoisko 3.81<\/strong><br data-start=\"133\" data-end=\"136\" \/>Tu czeka\u0142 na Go\u015bci \u015bwiat\u00a0<span data-start=\"161\" data-end=\"172\">Absynth<\/span>\u00a0\u2013 mi\u0119kkie tkaniny, dopracowane detale i aran\u017cacje naszych bestseller\u00f3w:\u00a0<span data-start=\"245\" data-end=\"283\">NOI, CLARE, GIRO, PIK, RING, LaROC<\/span>\u00a0oraz\u00a0<span data-start=\"289\" data-end=\"313\" data-is-only-node=\"\">NOWO\u015a\u0106: krzes\u0142o XYLO<\/span>.<\/p>\n<p data-start=\"316\" data-end=\"393\"><span data-start=\"316\" data-end=\"393\">Dzi\u0119kujemy za wsp\u00f3lnie sp\u0119dzony czas i zapraszamy po indywidualne wyceny.<\/span><\/p>\n\n\t\t<\/div>\n\t<\/div>\n<div class=\"vc_empty_space\"   style=\"height: 32px\" ><span class=\"vc_empty_space_inner\"><\/span><\/div>\n<div  class=\"wpb_images_carousel wpb_content_element vc_clearfix\">\n\t<div class=\"wpb_wrapper\">\n\t\t\t\t<div id=\"vc_images-carousel-1-1776039879\" data-ride=\"vc_carousel\" data-wrap=\"false\" style=\"width: 100%;\" data-interval=\"0\" data-auto-height=\"yes\" data-mode=\"horizontal\" data-partial=\"false\" data-per-view=\"3\" data-hide-on-end=\"true\" class=\"vc_slide vc_images_carousel\">\n\t\t\t\t\t\t\t<!-- Indicators -->\n\t\t\t\t<ol class=\"vc_carousel-indicators\">\n\t\t\t\t\t\t\t\t\t\t\t<li data-target=\"#vc_images-carousel-1-1776039879\" data-slide-to=\"0\"><\/li>\n\t\t\t\t\t\t\t\t\t\t\t<li data-target=\"#vc_images-carousel-1-1776039879\" data-slide-to=\"1\"><\/li>\n\t\t\t\t\t\t\t\t\t\t\t<li data-target=\"#vc_images-carousel-1-1776039879\" data-slide-to=\"2\"><\/li>\n\t\t\t\t\t\t\t\t\t\t\t<li data-target=\"#vc_images-carousel-1-1776039879\" data-slide-to=\"3\"><\/li>\n\t\t\t\t\t\t\t\t\t\t\t<li data-target=\"#vc_images-carousel-1-1776039879\" data-slide-to=\"4\"><\/li>\n\t\t\t\t\t\t\t\t\t\t\t<li data-target=\"#vc_images-carousel-1-1776039879\" data-slide-to=\"5\"><\/li>\n\t\t\t\t\t\t\t\t\t\t\t<li data-target=\"#vc_images-carousel-1-1776039879\" data-slide-to=\"6\"><\/li>\n\t\t\t\t\t\t\t\t\t\t\t<li data-target=\"#vc_images-carousel-1-1776039879\" data-slide-to=\"7\"><\/li>\n\t\t\t\t\t\t\t\t\t<\/ol>\n\t\t\t\t\t\t<!-- Wrapper for slides -->\n\t\t\t<div class=\"vc_carousel-inner\">\n\t\t\t\t<div class=\"vc_carousel-slideline\">\n\t\t\t\t\t<div class=\"vc_carousel-slideline-inner\">\n\t\t\t\t\t\t\t\t\t\t\t\t\t\t\t\t\t\t\t\t<div class=\"vc_item\">\n\t\t\t\t\t\t\t\t<div class=\"vc_inner\">\n\t\t\t\t\t\t\t\t\t\t\t\t\t\t\t\t\t\t\t\t\t\t\t\t\t\t\t\t\t<a class=\"prettyphoto\" href=\"https:\/\/absynth.eu\/wp-content\/uploads\/2025\/11\/CBAD3A1E-D70C-4513-AA94-97DA6AA62E3D-768x1024.jpg\"  data-rel=\"prettyPhoto[rel-10299-236454575]\">\n\t\t\t\t\t\t\t\t\t\t\t<img loading=\"lazy\" decoding=\"async\" width=\"1920\" height=\"2560\" src=\"https:\/\/absynth.eu\/wp-content\/uploads\/2025\/11\/CBAD3A1E-D70C-4513-AA94-97DA6AA62E3D.jpg\" class=\"attachment-full\" alt=\"\" srcset=\"https:\/\/absynth.eu\/wp-content\/uploads\/2025\/11\/CBAD3A1E-D70C-4513-AA94-97DA6AA62E3D.jpg 1920w, https:\/\/absynth.eu\/wp-content\/uploads\/2025\/11\/CBAD3A1E-D70C-4513-AA94-97DA6AA62E3D-225x300.jpg 225w, https:\/\/absynth.eu\/wp-content\/uploads\/2025\/11\/CBAD3A1E-D70C-4513-AA94-97DA6AA62E3D-768x1024.jpg 768w, https:\/\/absynth.eu\/wp-content\/uploads\/2025\/11\/CBAD3A1E-D70C-4513-AA94-97DA6AA62E3D-1152x1536.jpg 1152w, https:\/\/absynth.eu\/wp-content\/uploads\/2025\/11\/CBAD3A1E-D70C-4513-AA94-97DA6AA62E3D-1536x2048.jpg 1536w, https:\/\/absynth.eu\/wp-content\/uploads\/2025\/11\/CBAD3A1E-D70C-4513-AA94-97DA6AA62E3D-9x12.jpg 9w\" sizes=\"(max-width: 1920px) 100vw, 1920px\" \/>\t\t\t\t\t\t\t\t\t\t<\/a>\n\t\t\t\t\t\t\t\t\t\t\t\t\t\t\t\t\t<\/div>\n\t\t\t\t\t\t\t<\/div>\n\t\t\t\t\t\t\t\t\t\t\t\t\t\t\t\t\t\t\t\t<div class=\"vc_item\">\n\t\t\t\t\t\t\t\t<div class=\"vc_inner\">\n\t\t\t\t\t\t\t\t\t\t\t\t\t\t\t\t\t\t\t\t\t\t\t\t\t\t\t\t\t<a class=\"prettyphoto\" href=\"https:\/\/absynth.eu\/wp-content\/uploads\/2025\/11\/C8C62E65-5AE9-48ED-BCB4-496E9A5A39CF-768x1024.jpg\"  data-rel=\"prettyPhoto[rel-10299-236454575]\">\n\t\t\t\t\t\t\t\t\t\t\t<img loading=\"lazy\" decoding=\"async\" width=\"1920\" height=\"2560\" src=\"https:\/\/absynth.eu\/wp-content\/uploads\/2025\/11\/C8C62E65-5AE9-48ED-BCB4-496E9A5A39CF.jpg\" class=\"attachment-full\" alt=\"\" srcset=\"https:\/\/absynth.eu\/wp-content\/uploads\/2025\/11\/C8C62E65-5AE9-48ED-BCB4-496E9A5A39CF.jpg 1920w, https:\/\/absynth.eu\/wp-content\/uploads\/2025\/11\/C8C62E65-5AE9-48ED-BCB4-496E9A5A39CF-225x300.jpg 225w, https:\/\/absynth.eu\/wp-content\/uploads\/2025\/11\/C8C62E65-5AE9-48ED-BCB4-496E9A5A39CF-768x1024.jpg 768w, https:\/\/absynth.eu\/wp-content\/uploads\/2025\/11\/C8C62E65-5AE9-48ED-BCB4-496E9A5A39CF-1152x1536.jpg 1152w, https:\/\/absynth.eu\/wp-content\/uploads\/2025\/11\/C8C62E65-5AE9-48ED-BCB4-496E9A5A39CF-1536x2048.jpg 1536w, https:\/\/absynth.eu\/wp-content\/uploads\/2025\/11\/C8C62E65-5AE9-48ED-BCB4-496E9A5A39CF-9x12.jpg 9w\" sizes=\"(max-width: 1920px) 100vw, 1920px\" \/>\t\t\t\t\t\t\t\t\t\t<\/a>\n\t\t\t\t\t\t\t\t\t\t\t\t\t\t\t\t\t<\/div>\n\t\t\t\t\t\t\t<\/div>\n\t\t\t\t\t\t\t\t\t\t\t\t\t\t\t\t\t\t\t\t<div class=\"vc_item\">\n\t\t\t\t\t\t\t\t<div class=\"vc_inner\">\n\t\t\t\t\t\t\t\t\t\t\t\t\t\t\t\t\t\t\t\t\t\t\t\t\t\t\t\t\t<a class=\"prettyphoto\" href=\"https:\/\/absynth.eu\/wp-content\/uploads\/2025\/11\/BE57B605-DA58-445F-B85A-4576C053A306-1-768x1024.jpg\"  data-rel=\"prettyPhoto[rel-10299-236454575]\">\n\t\t\t\t\t\t\t\t\t\t\t<img loading=\"lazy\" decoding=\"async\" width=\"1920\" height=\"2560\" src=\"https:\/\/absynth.eu\/wp-content\/uploads\/2025\/11\/BE57B605-DA58-445F-B85A-4576C053A306-1.jpg\" class=\"attachment-full\" alt=\"\" srcset=\"https:\/\/absynth.eu\/wp-content\/uploads\/2025\/11\/BE57B605-DA58-445F-B85A-4576C053A306-1.jpg 1920w, https:\/\/absynth.eu\/wp-content\/uploads\/2025\/11\/BE57B605-DA58-445F-B85A-4576C053A306-1-225x300.jpg 225w, https:\/\/absynth.eu\/wp-content\/uploads\/2025\/11\/BE57B605-DA58-445F-B85A-4576C053A306-1-768x1024.jpg 768w, https:\/\/absynth.eu\/wp-content\/uploads\/2025\/11\/BE57B605-DA58-445F-B85A-4576C053A306-1-1152x1536.jpg 1152w, https:\/\/absynth.eu\/wp-content\/uploads\/2025\/11\/BE57B605-DA58-445F-B85A-4576C053A306-1-1536x2048.jpg 1536w, https:\/\/absynth.eu\/wp-content\/uploads\/2025\/11\/BE57B605-DA58-445F-B85A-4576C053A306-1-9x12.jpg 9w\" sizes=\"(max-width: 1920px) 100vw, 1920px\" \/>\t\t\t\t\t\t\t\t\t\t<\/a>\n\t\t\t\t\t\t\t\t\t\t\t\t\t\t\t\t\t<\/div>\n\t\t\t\t\t\t\t<\/div>\n\t\t\t\t\t\t\t\t\t\t\t\t\t\t\t\t\t\t\t\t<div class=\"vc_item\">\n\t\t\t\t\t\t\t\t<div class=\"vc_inner\">\n\t\t\t\t\t\t\t\t\t\t\t\t\t\t\t\t\t\t\t\t\t\t\t\t\t\t\t\t\t<a class=\"prettyphoto\" href=\"https:\/\/absynth.eu\/wp-content\/uploads\/2025\/11\/B00B23EC-0A7C-430F-9E48-FA45AE13B1AF-768x1024.jpg\"  data-rel=\"prettyPhoto[rel-10299-236454575]\">\n\t\t\t\t\t\t\t\t\t\t\t<img loading=\"lazy\" decoding=\"async\" width=\"1920\" height=\"2560\" src=\"https:\/\/absynth.eu\/wp-content\/uploads\/2025\/11\/B00B23EC-0A7C-430F-9E48-FA45AE13B1AF.jpg\" class=\"attachment-full\" alt=\"\" srcset=\"https:\/\/absynth.eu\/wp-content\/uploads\/2025\/11\/B00B23EC-0A7C-430F-9E48-FA45AE13B1AF.jpg 1920w, https:\/\/absynth.eu\/wp-content\/uploads\/2025\/11\/B00B23EC-0A7C-430F-9E48-FA45AE13B1AF-225x300.jpg 225w, https:\/\/absynth.eu\/wp-content\/uploads\/2025\/11\/B00B23EC-0A7C-430F-9E48-FA45AE13B1AF-768x1024.jpg 768w, https:\/\/absynth.eu\/wp-content\/uploads\/2025\/11\/B00B23EC-0A7C-430F-9E48-FA45AE13B1AF-1152x1536.jpg 1152w, https:\/\/absynth.eu\/wp-content\/uploads\/2025\/11\/B00B23EC-0A7C-430F-9E48-FA45AE13B1AF-1536x2048.jpg 1536w, https:\/\/absynth.eu\/wp-content\/uploads\/2025\/11\/B00B23EC-0A7C-430F-9E48-FA45AE13B1AF-9x12.jpg 9w\" sizes=\"(max-width: 1920px) 100vw, 1920px\" \/>\t\t\t\t\t\t\t\t\t\t<\/a>\n\t\t\t\t\t\t\t\t\t\t\t\t\t\t\t\t\t<\/div>\n\t\t\t\t\t\t\t<\/div>\n\t\t\t\t\t\t\t\t\t\t\t\t\t\t\t\t\t\t\t\t<div class=\"vc_item\">\n\t\t\t\t\t\t\t\t<div class=\"vc_inner\">\n\t\t\t\t\t\t\t\t\t\t\t\t\t\t\t\t\t\t\t\t\t\t\t\t\t\t\t\t\t<a class=\"prettyphoto\" href=\"https:\/\/absynth.eu\/wp-content\/uploads\/2025\/11\/91D83AAF-3867-40D2-8F01-BE741B97757C-768x1024.jpg\"  data-rel=\"prettyPhoto[rel-10299-236454575]\">\n\t\t\t\t\t\t\t\t\t\t\t<img loading=\"lazy\" decoding=\"async\" width=\"1920\" height=\"2560\" src=\"https:\/\/absynth.eu\/wp-content\/uploads\/2025\/11\/91D83AAF-3867-40D2-8F01-BE741B97757C.jpg\" class=\"attachment-full\" alt=\"\" srcset=\"https:\/\/absynth.eu\/wp-content\/uploads\/2025\/11\/91D83AAF-3867-40D2-8F01-BE741B97757C.jpg 1920w, https:\/\/absynth.eu\/wp-content\/uploads\/2025\/11\/91D83AAF-3867-40D2-8F01-BE741B97757C-225x300.jpg 225w, https:\/\/absynth.eu\/wp-content\/uploads\/2025\/11\/91D83AAF-3867-40D2-8F01-BE741B97757C-768x1024.jpg 768w, https:\/\/absynth.eu\/wp-content\/uploads\/2025\/11\/91D83AAF-3867-40D2-8F01-BE741B97757C-1152x1536.jpg 1152w, https:\/\/absynth.eu\/wp-content\/uploads\/2025\/11\/91D83AAF-3867-40D2-8F01-BE741B97757C-1536x2048.jpg 1536w, https:\/\/absynth.eu\/wp-content\/uploads\/2025\/11\/91D83AAF-3867-40D2-8F01-BE741B97757C-9x12.jpg 9w\" sizes=\"(max-width: 1920px) 100vw, 1920px\" \/>\t\t\t\t\t\t\t\t\t\t<\/a>\n\t\t\t\t\t\t\t\t\t\t\t\t\t\t\t\t\t<\/div>\n\t\t\t\t\t\t\t<\/div>\n\t\t\t\t\t\t\t\t\t\t\t\t\t\t\t\t\t\t\t\t<div class=\"vc_item\">\n\t\t\t\t\t\t\t\t<div class=\"vc_inner\">\n\t\t\t\t\t\t\t\t\t\t\t\t\t\t\t\t\t\t\t\t\t\t\t\t\t\t\t\t\t<a class=\"prettyphoto\" href=\"https:\/\/absynth.eu\/wp-content\/uploads\/2025\/11\/80FD5A21-6051-4196-A4C0-EEA81674931C-768x1024.jpg\"  data-rel=\"prettyPhoto[rel-10299-236454575]\">\n\t\t\t\t\t\t\t\t\t\t\t<img loading=\"lazy\" decoding=\"async\" width=\"1920\" height=\"2560\" src=\"https:\/\/absynth.eu\/wp-content\/uploads\/2025\/11\/80FD5A21-6051-4196-A4C0-EEA81674931C.jpg\" class=\"attachment-full\" alt=\"\" srcset=\"https:\/\/absynth.eu\/wp-content\/uploads\/2025\/11\/80FD5A21-6051-4196-A4C0-EEA81674931C.jpg 1920w, https:\/\/absynth.eu\/wp-content\/uploads\/2025\/11\/80FD5A21-6051-4196-A4C0-EEA81674931C-225x300.jpg 225w, https:\/\/absynth.eu\/wp-content\/uploads\/2025\/11\/80FD5A21-6051-4196-A4C0-EEA81674931C-768x1024.jpg 768w, https:\/\/absynth.eu\/wp-content\/uploads\/2025\/11\/80FD5A21-6051-4196-A4C0-EEA81674931C-1152x1536.jpg 1152w, https:\/\/absynth.eu\/wp-content\/uploads\/2025\/11\/80FD5A21-6051-4196-A4C0-EEA81674931C-1536x2048.jpg 1536w, https:\/\/absynth.eu\/wp-content\/uploads\/2025\/11\/80FD5A21-6051-4196-A4C0-EEA81674931C-9x12.jpg 9w\" sizes=\"(max-width: 1920px) 100vw, 1920px\" \/>\t\t\t\t\t\t\t\t\t\t<\/a>\n\t\t\t\t\t\t\t\t\t\t\t\t\t\t\t\t\t<\/div>\n\t\t\t\t\t\t\t<\/div>\n\t\t\t\t\t\t\t\t\t\t\t\t\t\t\t\t\t\t\t\t<div class=\"vc_item\">\n\t\t\t\t\t\t\t\t<div class=\"vc_inner\">\n\t\t\t\t\t\t\t\t\t\t\t\t\t\t\t\t\t\t\t\t\t\t\t\t\t\t\t\t\t<a class=\"prettyphoto\" href=\"https:\/\/absynth.eu\/wp-content\/uploads\/2025\/11\/57F8269B-7E05-4C3D-9012-D402A3FD5D3B-768x1024.jpg\"  data-rel=\"prettyPhoto[rel-10299-236454575]\">\n\t\t\t\t\t\t\t\t\t\t\t<img loading=\"lazy\" decoding=\"async\" width=\"1920\" height=\"2560\" src=\"https:\/\/absynth.eu\/wp-content\/uploads\/2025\/11\/57F8269B-7E05-4C3D-9012-D402A3FD5D3B.jpg\" class=\"attachment-full\" alt=\"\" srcset=\"https:\/\/absynth.eu\/wp-content\/uploads\/2025\/11\/57F8269B-7E05-4C3D-9012-D402A3FD5D3B.jpg 1920w, https:\/\/absynth.eu\/wp-content\/uploads\/2025\/11\/57F8269B-7E05-4C3D-9012-D402A3FD5D3B-225x300.jpg 225w, https:\/\/absynth.eu\/wp-content\/uploads\/2025\/11\/57F8269B-7E05-4C3D-9012-D402A3FD5D3B-768x1024.jpg 768w, https:\/\/absynth.eu\/wp-content\/uploads\/2025\/11\/57F8269B-7E05-4C3D-9012-D402A3FD5D3B-1152x1536.jpg 1152w, https:\/\/absynth.eu\/wp-content\/uploads\/2025\/11\/57F8269B-7E05-4C3D-9012-D402A3FD5D3B-1536x2048.jpg 1536w, https:\/\/absynth.eu\/wp-content\/uploads\/2025\/11\/57F8269B-7E05-4C3D-9012-D402A3FD5D3B-9x12.jpg 9w\" sizes=\"(max-width: 1920px) 100vw, 1920px\" \/>\t\t\t\t\t\t\t\t\t\t<\/a>\n\t\t\t\t\t\t\t\t\t\t\t\t\t\t\t\t\t<\/div>\n\t\t\t\t\t\t\t<\/div>\n\t\t\t\t\t\t\t\t\t\t\t\t\t\t\t\t\t\t\t\t<div class=\"vc_item\">\n\t\t\t\t\t\t\t\t<div class=\"vc_inner\">\n\t\t\t\t\t\t\t\t\t\t\t\t\t\t\t\t\t\t\t\t\t\t\t\t\t\t\t\t\t<a class=\"prettyphoto\" href=\"https:\/\/absynth.eu\/wp-content\/uploads\/2025\/11\/56D50D62-E2C4-4D7E-B909-56DC896026BD-768x1024.jpg\"  data-rel=\"prettyPhoto[rel-10299-236454575]\">\n\t\t\t\t\t\t\t\t\t\t\t<img loading=\"lazy\" decoding=\"async\" width=\"1920\" height=\"2560\" src=\"https:\/\/absynth.eu\/wp-content\/uploads\/2025\/11\/56D50D62-E2C4-4D7E-B909-56DC896026BD.jpg\" class=\"attachment-full\" alt=\"\" srcset=\"https:\/\/absynth.eu\/wp-content\/uploads\/2025\/11\/56D50D62-E2C4-4D7E-B909-56DC896026BD.jpg 1920w, https:\/\/absynth.eu\/wp-content\/uploads\/2025\/11\/56D50D62-E2C4-4D7E-B909-56DC896026BD-225x300.jpg 225w, https:\/\/absynth.eu\/wp-content\/uploads\/2025\/11\/56D50D62-E2C4-4D7E-B909-56DC896026BD-768x1024.jpg 768w, https:\/\/absynth.eu\/wp-content\/uploads\/2025\/11\/56D50D62-E2C4-4D7E-B909-56DC896026BD-1152x1536.jpg 1152w, https:\/\/absynth.eu\/wp-content\/uploads\/2025\/11\/56D50D62-E2C4-4D7E-B909-56DC896026BD-1536x2048.jpg 1536w, https:\/\/absynth.eu\/wp-content\/uploads\/2025\/11\/56D50D62-E2C4-4D7E-B909-56DC896026BD-9x12.jpg 9w\" sizes=\"(max-width: 1920px) 100vw, 1920px\" \/>\t\t\t\t\t\t\t\t\t\t<\/a>\n\t\t\t\t\t\t\t\t\t\t\t\t\t\t\t\t\t<\/div>\n\t\t\t\t\t\t\t<\/div>\n\t\t\t\t\t\t\t\t\t\t\t<\/div>\n\t\t\t\t<\/div>\n\t\t\t<\/div>\n\t\t\t\t\t\t\t<!-- Controls -->\n\t\t\t\t<a class=\"vc_left vc_carousel-control\" href=\"#vc_images-carousel-1-1776039879\" data-slide=\"prev\">\n\t\t\t\t\t<span class=\"icon-prev\"><\/span>\n\t\t\t\t<\/a>\n\t\t\t\t<a class=\"vc_right vc_carousel-control\" href=\"#vc_images-carousel-1-1776039879\" data-slide=\"next\">\n\t\t\t\t\t<span class=\"icon-next\"><\/span>\n\t\t\t\t<\/a>\n\t\t\t\t\t<\/div>\n\t<\/div>\n<\/div>\n<\/div><\/div><\/div><\/div>\n","protected":false},"excerpt":{"rendered":"Warsaw Home &amp; Contract &#x1f4cd; Hala D, stoisko 3.81Tu czeka\u0142 na Go\u015bci \u015bwiat\u00a0Absynth\u00a0\u2013 mi\u0119kkie tkaniny, dopracowane detale i aran\u017cacje naszych bestseller\u00f3w:\u00a0NOI, CLARE, GIRO, PIK, RING, LaROC\u00a0oraz\u00a0NOWO\u015a\u0106: krzes\u0142o XYLO. Dzi\u0119kujemy za wsp\u00f3lnie sp\u0119dzony czas i zapraszamy po indywidualne wyceny.","protected":false},"author":2,"featured_media":0,"parent":0,"menu_order":0,"comment_status":"closed","ping_status":"closed","template":"","meta":{"_monsterinsights_skip_tracking":false,"_monsterinsights_sitenote_active":false,"_monsterinsights_sitenote_note":"","_monsterinsights_sitenote_category":0,"footnotes":""},"class_list":["post-10299","page","type-page","status-publish","hentry"],"yoast_head":"<!-- This site is optimized with the Yoast SEO plugin v23.1 - https:\/\/yoast.com\/wordpress\/plugins\/seo\/ -->\n<title>Absynth - relacja z targow - Absynth<\/title>\n<meta name=\"description\" content=\"Absynth - producent nowoczesnych mebli. W ofercie: krzes\u0142a tapicerowane, meble skrzyniowe, stoly do jadalni, sto\u0142y d\u0119bowe,meble do salonu, jadalni. Absynth oryginalne meble - Zapraszamy\" \/>\n<meta name=\"robots\" content=\"index, follow, max-snippet:-1, max-image-preview:large, max-video-preview:-1\" \/>\n<link rel=\"canonical\" href=\"https:\/\/absynth.eu\/pl\/absynth-relacja-z-targow\/\" \/>\n<meta property=\"og:locale\" content=\"pl_PL\" \/>\n<meta property=\"og:type\" content=\"article\" \/>\n<meta property=\"og:title\" content=\"Absynth - relacja z targow - Absynth\" \/>\n<meta property=\"og:description\" content=\"Absynth - producent nowoczesnych mebli. W ofercie: krzes\u0142a tapicerowane, meble skrzyniowe, stoly do jadalni, sto\u0142y d\u0119bowe,meble do salonu, jadalni. Absynth oryginalne meble - Zapraszamy\" \/>\n<meta property=\"og:url\" content=\"https:\/\/absynth.eu\/pl\/absynth-relacja-z-targow\/\" \/>\n<meta property=\"og:site_name\" content=\"Absynth\" \/>\n<meta property=\"article:publisher\" content=\"https:\/\/www.facebook.com\/MebleABSYNTH\" \/>\n<meta property=\"article:modified_time\" content=\"2025-11-13T08:46:15+00:00\" \/>\n<meta name=\"twitter:card\" content=\"summary_large_image\" \/>\n<meta name=\"twitter:label1\" content=\"Szacowany czas czytania\" \/>\n\t<meta name=\"twitter:data1\" content=\"1 minuta\" \/>\n<script type=\"application\/ld+json\" class=\"yoast-schema-graph\">{\"@context\":\"https:\/\/schema.org\",\"@graph\":[{\"@type\":\"WebPage\",\"@id\":\"https:\/\/absynth.eu\/absynth-relacja-z-targow\/\",\"url\":\"https:\/\/absynth.eu\/absynth-relacja-z-targow\/\",\"name\":\"Absynth - relacja z targow - Absynth\",\"isPartOf\":{\"@id\":\"https:\/\/absynth.eu\/pl\/#website\"},\"datePublished\":\"2025-11-07T10:57:57+00:00\",\"dateModified\":\"2025-11-13T08:46:15+00:00\",\"description\":\"Absynth - producent nowoczesnych mebli. W ofercie: krzes\u0142a tapicerowane, meble skrzyniowe, stoly do jadalni, sto\u0142y d\u0119bowe,meble do salonu, jadalni. Absynth oryginalne meble - Zapraszamy\",\"breadcrumb\":{\"@id\":\"https:\/\/absynth.eu\/absynth-relacja-z-targow\/#breadcrumb\"},\"inLanguage\":\"pl-PL\",\"potentialAction\":[{\"@type\":\"ReadAction\",\"target\":[\"https:\/\/absynth.eu\/absynth-relacja-z-targow\/\"]}]},{\"@type\":\"BreadcrumbList\",\"@id\":\"https:\/\/absynth.eu\/absynth-relacja-z-targow\/#breadcrumb\",\"itemListElement\":[{\"@type\":\"ListItem\",\"position\":1,\"name\":\"Strona g\u0142\u00f3wna\",\"item\":\"https:\/\/absynth.eu\/\"},{\"@type\":\"ListItem\",\"position\":2,\"name\":\"Absynth &#8211; relacja z targow\"}]},{\"@type\":\"WebSite\",\"@id\":\"https:\/\/absynth.eu\/pl\/#website\",\"url\":\"https:\/\/absynth.eu\/pl\/\",\"name\":\"Absynth\",\"description\":\"Meble tworz\u0105 wn\u0119trze\",\"potentialAction\":[{\"@type\":\"SearchAction\",\"target\":{\"@type\":\"EntryPoint\",\"urlTemplate\":\"https:\/\/absynth.eu\/pl\/?s={search_term_string}\"},\"query-input\":\"required name=search_term_string\"}],\"inLanguage\":\"pl-PL\"}]}<\/script>\n<!-- \/ Yoast SEO plugin. -->","yoast_head_json":{"title":"Absynth - relacja z targow - Absynth","description":"Absynth - producent nowoczesnych mebli. W ofercie: krzes\u0142a tapicerowane, meble skrzyniowe, stoly do jadalni, sto\u0142y d\u0119bowe,meble do salonu, jadalni. Absynth oryginalne meble - Zapraszamy","robots":{"index":"index","follow":"follow","max-snippet":"max-snippet:-1","max-image-preview":"max-image-preview:large","max-video-preview":"max-video-preview:-1"},"canonical":"https:\/\/absynth.eu\/pl\/absynth-relacja-z-targow\/","og_locale":"pl_PL","og_type":"article","og_title":"Absynth - relacja z targow - Absynth","og_description":"Absynth - producent nowoczesnych mebli. W ofercie: krzes\u0142a tapicerowane, meble skrzyniowe, stoly do jadalni, sto\u0142y d\u0119bowe,meble do salonu, jadalni. Absynth oryginalne meble - Zapraszamy","og_url":"https:\/\/absynth.eu\/pl\/absynth-relacja-z-targow\/","og_site_name":"Absynth","article_publisher":"https:\/\/www.facebook.com\/MebleABSYNTH","article_modified_time":"2025-11-13T08:46:15+00:00","twitter_card":"summary_large_image","twitter_misc":{"Szacowany czas czytania":"1 minuta"},"schema":{"@context":"https:\/\/schema.org","@graph":[{"@type":"WebPage","@id":"https:\/\/absynth.eu\/absynth-relacja-z-targow\/","url":"https:\/\/absynth.eu\/absynth-relacja-z-targow\/","name":"Absynth - relacja z targow - Absynth","isPartOf":{"@id":"https:\/\/absynth.eu\/pl\/#website"},"datePublished":"2025-11-07T10:57:57+00:00","dateModified":"2025-11-13T08:46:15+00:00","description":"Absynth - producent nowoczesnych mebli. W ofercie: krzes\u0142a tapicerowane, meble skrzyniowe, stoly do jadalni, sto\u0142y d\u0119bowe,meble do salonu, jadalni. Absynth oryginalne meble - Zapraszamy","breadcrumb":{"@id":"https:\/\/absynth.eu\/absynth-relacja-z-targow\/#breadcrumb"},"inLanguage":"pl-PL","potentialAction":[{"@type":"ReadAction","target":["https:\/\/absynth.eu\/absynth-relacja-z-targow\/"]}]},{"@type":"BreadcrumbList","@id":"https:\/\/absynth.eu\/absynth-relacja-z-targow\/#breadcrumb","itemListElement":[{"@type":"ListItem","position":1,"name":"Strona g\u0142\u00f3wna","item":"https:\/\/absynth.eu\/"},{"@type":"ListItem","position":2,"name":"Absynth &#8211; relacja z targow"}]},{"@type":"WebSite","@id":"https:\/\/absynth.eu\/pl\/#website","url":"https:\/\/absynth.eu\/pl\/","name":"Absynth","description":"Meble tworz\u0105 wn\u0119trze","potentialAction":[{"@type":"SearchAction","target":{"@type":"EntryPoint","urlTemplate":"https:\/\/absynth.eu\/pl\/?s={search_term_string}"},"query-input":"required name=search_term_string"}],"inLanguage":"pl-PL"}]}},"_links":{"self":[{"href":"https:\/\/absynth.eu\/pl\/wp-json\/wp\/v2\/pages\/10299"}],"collection":[{"href":"https:\/\/absynth.eu\/pl\/wp-json\/wp\/v2\/pages"}],"about":[{"href":"https:\/\/absynth.eu\/pl\/wp-json\/wp\/v2\/types\/page"}],"author":[{"embeddable":true,"href":"https:\/\/absynth.eu\/pl\/wp-json\/wp\/v2\/users\/2"}],"replies":[{"embeddable":true,"href":"https:\/\/absynth.eu\/pl\/wp-json\/wp\/v2\/comments?post=10299"}],"version-history":[{"count":7,"href":"https:\/\/absynth.eu\/pl\/wp-json\/wp\/v2\/pages\/10299\/revisions"}],"predecessor-version":[{"id":10333,"href":"https:\/\/absynth.eu\/pl\/wp-json\/wp\/v2\/pages\/10299\/revisions\/10333"}],"wp:attachment":[{"href":"https:\/\/absynth.eu\/pl\/wp-json\/wp\/v2\/media?parent=10299"}],"curies":[{"name":"wp","href":"https:\/\/api.w.org\/{rel}","templated":true}]}}