{"id":5635,"date":"2019-03-10T20:43:22","date_gmt":"2019-03-10T19:43:22","guid":{"rendered":"http:\/\/absynth.eu\/?page_id=5635"},"modified":"2025-11-11T11:15:24","modified_gmt":"2025-11-11T10:15:24","slug":"nowosci","status":"publish","type":"page","link":"https:\/\/absynth.eu\/pl\/nowosci\/","title":{"rendered":"Nowo\u015bci"},"content":{"rendered":"<div class=\"vc_row wpb_row vc_row-fluid\" ><div class=\"wpb_column vc_column_container vc_col-sm-4\"><div class=\"vc_column-inner\"><div class=\"wpb_wrapper\"><div class=\"vc-hoverbox-wrapper  wpb_animate_when_almost_visible wpb_fadeInUp fadeInUp vc-hoverbox-shape--square vc-hoverbox-align--center vc-hoverbox-direction--default vc-hoverbox-width--100\" >\n  <div class=\"vc-hoverbox\">\n    <div class=\"vc-hoverbox-inner\">\n      <div class=\"vc-hoverbox-block vc-hoverbox-front\" style=\"background-image: url(https:\/\/absynth.eu\/wp-content\/uploads\/2025\/11\/Cam_2_1-2-1024x683.jpg);\">\n        <div class=\"vc-hoverbox-block-inner vc-hoverbox-front-inner\">\n            \n        <\/div>\n      <\/div>\n      <div class=\"vc-hoverbox-block vc-hoverbox-back\" style=\"background-color: #ffffff;\">\n        <div class=\"vc-hoverbox-block-inner vc-hoverbox-back-inner\">\n            \n            <h5>Kolekcja XLO<\/h5>\n\n            <div class=\"vc_btn3-container vc_btn3-inline\" >\n\t<a class=\"vc_general vc_btn3 vc_btn3-size-md vc_btn3-shape-square vc_btn3-style-modern vc_btn3-color-grey\" href=\"https:\/\/absynth.eu\/kolekcje\/kolekcja-xlo\/\" title=\"Kolekcja Wing\">Sprawd\u017a<\/a><\/div>\n\n        <\/div>\n      <\/div>\n    <\/div>\n  <\/div>\n<\/div><div class=\"vc_empty_space\"   style=\"height: 32px\" ><span class=\"vc_empty_space_inner\"><\/span><\/div>\n<\/div><\/div><\/div><\/div><div class=\"vc_row wpb_row vc_row-fluid\" ><div class=\"wpb_column vc_column_container vc_col-sm-4\"><div class=\"vc_column-inner\"><div class=\"wpb_wrapper\"><div class=\"vc-hoverbox-wrapper  wpb_animate_when_almost_visible wpb_fadeInUp fadeInUp vc-hoverbox-shape--square vc-hoverbox-align--center vc-hoverbox-direction--default vc-hoverbox-width--100\" >\n  <div class=\"vc-hoverbox\">\n    <div class=\"vc-hoverbox-inner\">\n      <div class=\"vc-hoverbox-block vc-hoverbox-front\" style=\"background-image: url(https:\/\/absynth.eu\/wp-content\/uploads\/2022\/06\/WING-1-AR-SM.jpg);\">\n        <div class=\"vc-hoverbox-block-inner vc-hoverbox-front-inner\">\n            \n        <\/div>\n      <\/div>\n      <div class=\"vc-hoverbox-block vc-hoverbox-back\" style=\"background-color: #ffffff;\">\n        <div class=\"vc-hoverbox-block-inner vc-hoverbox-back-inner\">\n            \n            <h5>Kolekcja Wing<\/h5>\n\n            <div class=\"vc_btn3-container vc_btn3-inline\" >\n\t<a class=\"vc_general vc_btn3 vc_btn3-size-md vc_btn3-shape-square vc_btn3-style-modern vc_btn3-color-grey\" href=\"https:\/\/absynth.eu\/kolekcje\/kolekcja-wing\/\" title=\"Kolekcja Wing\">Sprawd\u017a<\/a><\/div>\n\n        <\/div>\n      <\/div>\n    <\/div>\n  <\/div>\n<\/div><div class=\"vc_empty_space\"   style=\"height: 32px\" ><span class=\"vc_empty_space_inner\"><\/span><\/div>\n<\/div><\/div><\/div><div class=\"wpb_column vc_column_container vc_col-sm-4\"><div class=\"vc_column-inner\"><div class=\"wpb_wrapper\"><div class=\"vc-hoverbox-wrapper  wpb_animate_when_almost_visible wpb_fadeInUp fadeInUp vc-hoverbox-shape--square vc-hoverbox-align--center vc-hoverbox-direction--default vc-hoverbox-width--100\" >\n  <div class=\"vc-hoverbox\">\n    <div class=\"vc-hoverbox-inner\">\n      <div class=\"vc-hoverbox-block vc-hoverbox-front\" style=\"background-image: url(https:\/\/absynth.eu\/wp-content\/uploads\/2021\/02\/NOBO1-1024x569.jpg);\">\n        <div class=\"vc-hoverbox-block-inner vc-hoverbox-front-inner\">\n            \n        <\/div>\n      <\/div>\n      <div class=\"vc-hoverbox-block vc-hoverbox-back\" style=\"background-color: #ffffff;\">\n        <div class=\"vc-hoverbox-block-inner vc-hoverbox-back-inner\">\n            \n            <h5>Kolekcja GIrO<\/h5>\n\n            <div class=\"vc_btn3-container vc_btn3-inline\" >\n\t<a class=\"vc_general vc_btn3 vc_btn3-size-md vc_btn3-shape-square vc_btn3-style-modern vc_btn3-color-grey\" href=\"https:\/\/absynth.eu\/kolekcje\/kolekcja-giro\/\" title=\"Kolekcja GIrO\">Sprawd\u017a<\/a><\/div>\n\n        <\/div>\n      <\/div>\n    <\/div>\n  <\/div>\n<\/div><div class=\"vc_empty_space\"   style=\"height: 32px\" ><span class=\"vc_empty_space_inner\"><\/span><\/div>\n<\/div><\/div><\/div><div class=\"wpb_column vc_column_container vc_col-sm-4\"><div class=\"vc_column-inner\"><div class=\"wpb_wrapper\"><div class=\"vc-hoverbox-wrapper  wpb_animate_when_almost_visible wpb_fadeInUp fadeInUp vc-hoverbox-shape--square vc-hoverbox-align--center vc-hoverbox-direction--default vc-hoverbox-width--100\" >\n  <div class=\"vc-hoverbox\">\n    <div class=\"vc-hoverbox-inner\">\n      <div class=\"vc-hoverbox-block vc-hoverbox-front\" style=\"background-image: url(https:\/\/absynth.eu\/wp-content\/uploads\/2021\/01\/MarcinPajak-design-DF-projekt-57-aranzacja-cloud-lr-1024x807.jpg);\">\n        <div class=\"vc-hoverbox-block-inner vc-hoverbox-front-inner\">\n            \n        <\/div>\n      <\/div>\n      <div class=\"vc-hoverbox-block vc-hoverbox-back\" style=\"background-color: #ffffff;\">\n        <div class=\"vc-hoverbox-block-inner vc-hoverbox-back-inner\">\n            \n            <h5>Kolekcja Cloud<\/h5>\n\n            <div class=\"vc_btn3-container vc_btn3-inline\" >\n\t<a class=\"vc_general vc_btn3 vc_btn3-size-md vc_btn3-shape-square vc_btn3-style-modern vc_btn3-color-grey\" href=\"https:\/\/absynth.eu\/kolekcje\/kolekcja-cloud\/\" title=\"Kolekcja Cloud\">Sprawd\u017a<\/a><\/div>\n\n        <\/div>\n      <\/div>\n    <\/div>\n  <\/div>\n<\/div><div class=\"vc_empty_space\"   style=\"height: 32px\" ><span class=\"vc_empty_space_inner\"><\/span><\/div>\n<\/div><\/div><\/div><\/div><div class=\"vc_row wpb_row vc_row-fluid\" ><div class=\"wpb_column vc_column_container vc_col-sm-4\"><div class=\"vc_column-inner\"><div class=\"wpb_wrapper\"><div class=\"vc-hoverbox-wrapper  wpb_animate_when_almost_visible wpb_fadeInUp fadeInUp vc-hoverbox-shape--square vc-hoverbox-align--center vc-hoverbox-direction--default vc-hoverbox-width--100\" >\n  <div class=\"vc-hoverbox\">\n    <div class=\"vc-hoverbox-inner\">\n      <div class=\"vc-hoverbox-block vc-hoverbox-front\" style=\"background-image: url(https:\/\/absynth.eu\/wp-content\/uploads\/2020\/06\/NOI-OUTDOOR-low_res-1024x576.jpg);\">\n        <div class=\"vc-hoverbox-block-inner vc-hoverbox-front-inner\">\n            \n        <\/div>\n      <\/div>\n      <div class=\"vc-hoverbox-block vc-hoverbox-back\" style=\"background-color: #ffffff;\">\n        <div class=\"vc-hoverbox-block-inner vc-hoverbox-back-inner\">\n            \n            <h5>Kolekcja NOi Outdoor<\/h5>\n\n            <div class=\"vc_btn3-container vc_btn3-inline\" >\n\t<a class=\"vc_general vc_btn3 vc_btn3-size-md vc_btn3-shape-square vc_btn3-style-modern vc_btn3-color-grey\" href=\"https:\/\/absynth.eu\/kolekcje\/kolekcja-noi-outdoor\/\" title=\"Kolekcja NOi Outdoor\">Sprawd\u017a<\/a><\/div>\n\n        <\/div>\n      <\/div>\n    <\/div>\n  <\/div>\n<\/div><div class=\"vc_empty_space\"   style=\"height: 32px\" ><span class=\"vc_empty_space_inner\"><\/span><\/div>\n<\/div><\/div><\/div><div class=\"wpb_column vc_column_container vc_col-sm-4\"><div class=\"vc_column-inner\"><div class=\"wpb_wrapper\"><div class=\"vc-hoverbox-wrapper  wpb_animate_when_almost_visible wpb_fadeInUp fadeInUp vc-hoverbox-shape--square vc-hoverbox-align--center vc-hoverbox-direction--default vc-hoverbox-width--100\" >\n  <div class=\"vc-hoverbox\">\n    <div class=\"vc-hoverbox-inner\">\n      <div class=\"vc-hoverbox-block vc-hoverbox-front\" style=\"background-image: url(https:\/\/absynth.eu\/wp-content\/uploads\/2020\/05\/ring-laroc-ar-2-1024x576.jpg);\">\n        <div class=\"vc-hoverbox-block-inner vc-hoverbox-front-inner\">\n            \n        <\/div>\n      <\/div>\n      <div class=\"vc-hoverbox-block vc-hoverbox-back\" style=\"background-color: #ffffff;\">\n        <div class=\"vc-hoverbox-block-inner vc-hoverbox-back-inner\">\n            \n            <h5>Fotel Soft Laroc<\/h5>\n\n            <div class=\"vc_btn3-container vc_btn3-inline\" >\n\t<a class=\"vc_general vc_btn3 vc_btn3-size-md vc_btn3-shape-square vc_btn3-style-modern vc_btn3-color-grey\" href=\"https:\/\/absynth.eu\/kolekcje\/kolekcja-laroc\/fotel-soft\/\" title=\"Laroc Fotel Soft\">Sprawd\u017a<\/a><\/div>\n\n        <\/div>\n      <\/div>\n    <\/div>\n  <\/div>\n<\/div><div class=\"vc_empty_space\"   style=\"height: 32px\" ><span class=\"vc_empty_space_inner\"><\/span><\/div>\n<\/div><\/div><\/div><div class=\"wpb_column vc_column_container vc_col-sm-4\"><div class=\"vc_column-inner\"><div class=\"wpb_wrapper\"><div class=\"vc-hoverbox-wrapper  wpb_animate_when_almost_visible wpb_fadeInUp fadeInUp vc-hoverbox-shape--square vc-hoverbox-align--center vc-hoverbox-direction--default vc-hoverbox-width--100\" >\n  <div class=\"vc-hoverbox\">\n    <div class=\"vc-hoverbox-inner\">\n      <div class=\"vc-hoverbox-block vc-hoverbox-front\" style=\"background-image: url(https:\/\/absynth.eu\/wp-content\/uploads\/2020\/05\/LAROC-HOKER.jpg);\">\n        <div class=\"vc-hoverbox-block-inner vc-hoverbox-front-inner\">\n            \n        <\/div>\n      <\/div>\n      <div class=\"vc-hoverbox-block vc-hoverbox-back\" style=\"background-color: #ffffff;\">\n        <div class=\"vc-hoverbox-block-inner vc-hoverbox-back-inner\">\n            \n            <h5>Hocker Laroc<\/h5>\n\n            <div class=\"vc_btn3-container vc_btn3-inline\" >\n\t<a class=\"vc_general vc_btn3 vc_btn3-size-md vc_btn3-shape-square vc_btn3-style-modern vc_btn3-color-grey\" href=\"https:\/\/absynth.eu\/kolekcje\/kolekcja-laroc\/hocker\/\" title=\"Laroc Hocker\">Sprawd\u017a<\/a><\/div>\n\n        <\/div>\n      <\/div>\n    <\/div>\n  <\/div>\n<\/div><div class=\"vc_empty_space\"   style=\"height: 32px\" ><span class=\"vc_empty_space_inner\"><\/span><\/div>\n<\/div><\/div><\/div><\/div><div class=\"vc_row wpb_row vc_row-fluid\" ><div class=\"wpb_column vc_column_container vc_col-sm-4\"><div class=\"vc_column-inner\"><div class=\"wpb_wrapper\"><div class=\"vc-hoverbox-wrapper  wpb_animate_when_almost_visible wpb_fadeInUp fadeInUp vc-hoverbox-shape--square vc-hoverbox-align--center vc-hoverbox-direction--default vc-hoverbox-width--100\" >\n  <div class=\"vc-hoverbox\">\n    <div class=\"vc-hoverbox-inner\">\n      <div class=\"vc-hoverbox-block vc-hoverbox-front\" style=\"background-image: url(https:\/\/absynth.eu\/wp-content\/uploads\/2020\/05\/ring-laroc-ar-1024x576.jpg);\">\n        <div class=\"vc-hoverbox-block-inner vc-hoverbox-front-inner\">\n            \n        <\/div>\n      <\/div>\n      <div class=\"vc-hoverbox-block vc-hoverbox-back\" style=\"background-color: #ffffff;\">\n        <div class=\"vc-hoverbox-block-inner vc-hoverbox-back-inner\">\n            \n            <h5>krzes\u0142a laroc<\/h5>\n\n            <div class=\"vc_btn3-container vc_btn3-inline\" >\n\t<a class=\"vc_general vc_btn3 vc_btn3-size-md vc_btn3-shape-square vc_btn3-style-modern vc_btn3-color-grey\" href=\"\/kolekcje\/kolekcja-laroc\/\" title=\"Kolekcja LAROC\">Sprawd\u017a<\/a><\/div>\n\n        <\/div>\n      <\/div>\n    <\/div>\n  <\/div>\n<\/div><div class=\"vc_empty_space\"   style=\"height: 32px\" ><span class=\"vc_empty_space_inner\"><\/span><\/div>\n<\/div><\/div><\/div><div class=\"wpb_column vc_column_container vc_col-sm-4\"><div class=\"vc_column-inner\"><div class=\"wpb_wrapper\"><div class=\"vc-hoverbox-wrapper  wpb_animate_when_almost_visible wpb_fadeInUp fadeInUp vc-hoverbox-shape--square vc-hoverbox-align--center vc-hoverbox-direction--default vc-hoverbox-width--100\" >\n  <div class=\"vc-hoverbox\">\n    <div class=\"vc-hoverbox-inner\">\n      <div class=\"vc-hoverbox-block vc-hoverbox-front\" style=\"background-image: url(https:\/\/absynth.eu\/wp-content\/uploads\/2019\/07\/RING-horizontal-1024x512.jpg);\">\n        <div class=\"vc-hoverbox-block-inner vc-hoverbox-front-inner\">\n            \n        <\/div>\n      <\/div>\n      <div class=\"vc-hoverbox-block vc-hoverbox-back\" style=\"background-color: #ffffff;\">\n        <div class=\"vc-hoverbox-block-inner vc-hoverbox-back-inner\">\n            \n            <h5>kolekcja ring<\/h5>\n\n            <div class=\"vc_btn3-container vc_btn3-inline\" >\n\t<a class=\"vc_general vc_btn3 vc_btn3-size-md vc_btn3-shape-square vc_btn3-style-modern vc_btn3-color-grey\" href=\"\/kolekcje\/kolekcja-ring\/\" title=\"Kolekcja RING\">Sprawd\u017a<\/a><\/div>\n\n        <\/div>\n      <\/div>\n    <\/div>\n  <\/div>\n<\/div><div class=\"vc_empty_space\"   style=\"height: 32px\" ><span class=\"vc_empty_space_inner\"><\/span><\/div>\n<\/div><\/div><\/div><div class=\"wpb_column vc_column_container vc_col-sm-4\"><div class=\"vc_column-inner\"><div class=\"wpb_wrapper\"><div class=\"vc-hoverbox-wrapper  wpb_animate_when_almost_visible wpb_fadeInUp fadeInUp vc-hoverbox-shape--square vc-hoverbox-align--center vc-hoverbox-direction--default vc-hoverbox-width--100\" >\n  <div class=\"vc-hoverbox\">\n    <div class=\"vc-hoverbox-inner\">\n      <div class=\"vc-hoverbox-block vc-hoverbox-front\" style=\"background-image: url(https:\/\/absynth.eu\/wp-content\/uploads\/2019\/07\/NOI-COMFORT-BED-1024x512.jpg);\">\n        <div class=\"vc-hoverbox-block-inner vc-hoverbox-front-inner\">\n            \n        <\/div>\n      <\/div>\n      <div class=\"vc-hoverbox-block vc-hoverbox-back\" style=\"background-color: #ffffff;\">\n        <div class=\"vc-hoverbox-block-inner vc-hoverbox-back-inner\">\n            \n            <h5>kolekcja noi c++ \u0142\u00f3\u017cka<\/h5>\n\n            <div class=\"vc_btn3-container vc_btn3-inline\" >\n\t<a class=\"vc_general vc_btn3 vc_btn3-size-md vc_btn3-shape-square vc_btn3-style-modern vc_btn3-color-grey\" href=\"\/kolekcje\/kolekcja-noi-c-lozka\/\" title=\"Kolekcja NOi C lozka\">Sprawd\u017a<\/a><\/div>\n\n        <\/div>\n      <\/div>\n    <\/div>\n  <\/div>\n<\/div><div class=\"vc_empty_space\"   style=\"height: 32px\" ><span class=\"vc_empty_space_inner\"><\/span><\/div>\n<\/div><\/div><\/div><\/div>\n","protected":false},"excerpt":{"rendered":"Kolekcja XLO Sprawd\u017a Kolekcja Wing Sprawd\u017a Kolekcja GIrO Sprawd\u017a Kolekcja Cloud Sprawd\u017a Kolekcja NOi Outdoor Sprawd\u017a Fotel Soft Laroc Sprawd\u017a Hocker Laroc Sprawd\u017a krzes\u0142a laroc Sprawd\u017a kolekcja ring Sprawd\u017a kolekcja noi c++ \u0142\u00f3\u017cka Sprawd\u017a","protected":false},"author":1,"featured_media":0,"parent":0,"menu_order":0,"comment_status":"closed","ping_status":"closed","template":"","meta":{"_monsterinsights_skip_tracking":false,"_monsterinsights_sitenote_active":false,"_monsterinsights_sitenote_note":"","_monsterinsights_sitenote_category":0,"footnotes":""},"class_list":["post-5635","page","type-page","status-publish","hentry"],"yoast_head":"<!-- This site is optimized with the Yoast SEO plugin v23.1 - https:\/\/yoast.com\/wordpress\/plugins\/seo\/ -->\n<title>Nowo\u015bci - Absynth<\/title>\n<meta name=\"description\" content=\"Absynth - producent nowoczesnych mebli. W ofercie: krzes\u0142a tapicerowane, meble skrzyniowe, stoly do jadalni, sto\u0142y d\u0119bowe,meble do salonu, jadalni. Absynth oryginalne meble - Zapraszamy\" \/>\n<meta name=\"robots\" content=\"index, follow, max-snippet:-1, max-image-preview:large, max-video-preview:-1\" \/>\n<link rel=\"canonical\" href=\"https:\/\/absynth.eu\/pl\/nowosci\/\" \/>\n<meta property=\"og:locale\" content=\"pl_PL\" \/>\n<meta property=\"og:type\" content=\"article\" \/>\n<meta property=\"og:title\" content=\"Nowo\u015bci - Absynth\" \/>\n<meta property=\"og:description\" content=\"Absynth - producent nowoczesnych mebli. W ofercie: krzes\u0142a tapicerowane, meble skrzyniowe, stoly do jadalni, sto\u0142y d\u0119bowe,meble do salonu, jadalni. Absynth oryginalne meble - Zapraszamy\" \/>\n<meta property=\"og:url\" content=\"https:\/\/absynth.eu\/pl\/nowosci\/\" \/>\n<meta property=\"og:site_name\" content=\"Absynth\" \/>\n<meta property=\"article:publisher\" content=\"https:\/\/www.facebook.com\/MebleABSYNTH\" \/>\n<meta property=\"article:modified_time\" content=\"2025-11-11T10:15:24+00:00\" \/>\n<meta name=\"twitter:card\" content=\"summary_large_image\" \/>\n<meta name=\"twitter:label1\" content=\"Szacowany czas czytania\" \/>\n\t<meta name=\"twitter:data1\" content=\"1 minuta\" \/>\n<script type=\"application\/ld+json\" class=\"yoast-schema-graph\">{\"@context\":\"https:\/\/schema.org\",\"@graph\":[{\"@type\":\"WebPage\",\"@id\":\"https:\/\/absynth.eu\/nowosci\/\",\"url\":\"https:\/\/absynth.eu\/nowosci\/\",\"name\":\"Nowo\u015bci - Absynth\",\"isPartOf\":{\"@id\":\"https:\/\/absynth.eu\/pl\/#website\"},\"datePublished\":\"2019-03-10T19:43:22+00:00\",\"dateModified\":\"2025-11-11T10:15:24+00:00\",\"description\":\"Absynth - producent nowoczesnych mebli. W ofercie: krzes\u0142a tapicerowane, meble skrzyniowe, stoly do jadalni, sto\u0142y d\u0119bowe,meble do salonu, jadalni. Absynth oryginalne meble - Zapraszamy\",\"breadcrumb\":{\"@id\":\"https:\/\/absynth.eu\/nowosci\/#breadcrumb\"},\"inLanguage\":\"pl-PL\",\"potentialAction\":[{\"@type\":\"ReadAction\",\"target\":[\"https:\/\/absynth.eu\/nowosci\/\"]}]},{\"@type\":\"BreadcrumbList\",\"@id\":\"https:\/\/absynth.eu\/nowosci\/#breadcrumb\",\"itemListElement\":[{\"@type\":\"ListItem\",\"position\":1,\"name\":\"Strona g\u0142\u00f3wna\",\"item\":\"https:\/\/absynth.eu\/\"},{\"@type\":\"ListItem\",\"position\":2,\"name\":\"Nowo\u015bci\"}]},{\"@type\":\"WebSite\",\"@id\":\"https:\/\/absynth.eu\/pl\/#website\",\"url\":\"https:\/\/absynth.eu\/pl\/\",\"name\":\"Absynth\",\"description\":\"Meble tworz\u0105 wn\u0119trze\",\"potentialAction\":[{\"@type\":\"SearchAction\",\"target\":{\"@type\":\"EntryPoint\",\"urlTemplate\":\"https:\/\/absynth.eu\/pl\/?s={search_term_string}\"},\"query-input\":\"required name=search_term_string\"}],\"inLanguage\":\"pl-PL\"}]}<\/script>\n<!-- \/ Yoast SEO plugin. -->","yoast_head_json":{"title":"Nowo\u015bci - Absynth","description":"Absynth - producent nowoczesnych mebli. W ofercie: krzes\u0142a tapicerowane, meble skrzyniowe, stoly do jadalni, sto\u0142y d\u0119bowe,meble do salonu, jadalni. Absynth oryginalne meble - Zapraszamy","robots":{"index":"index","follow":"follow","max-snippet":"max-snippet:-1","max-image-preview":"max-image-preview:large","max-video-preview":"max-video-preview:-1"},"canonical":"https:\/\/absynth.eu\/pl\/nowosci\/","og_locale":"pl_PL","og_type":"article","og_title":"Nowo\u015bci - Absynth","og_description":"Absynth - producent nowoczesnych mebli. W ofercie: krzes\u0142a tapicerowane, meble skrzyniowe, stoly do jadalni, sto\u0142y d\u0119bowe,meble do salonu, jadalni. Absynth oryginalne meble - Zapraszamy","og_url":"https:\/\/absynth.eu\/pl\/nowosci\/","og_site_name":"Absynth","article_publisher":"https:\/\/www.facebook.com\/MebleABSYNTH","article_modified_time":"2025-11-11T10:15:24+00:00","twitter_card":"summary_large_image","twitter_misc":{"Szacowany czas czytania":"1 minuta"},"schema":{"@context":"https:\/\/schema.org","@graph":[{"@type":"WebPage","@id":"https:\/\/absynth.eu\/nowosci\/","url":"https:\/\/absynth.eu\/nowosci\/","name":"Nowo\u015bci - Absynth","isPartOf":{"@id":"https:\/\/absynth.eu\/pl\/#website"},"datePublished":"2019-03-10T19:43:22+00:00","dateModified":"2025-11-11T10:15:24+00:00","description":"Absynth - producent nowoczesnych mebli. W ofercie: krzes\u0142a tapicerowane, meble skrzyniowe, stoly do jadalni, sto\u0142y d\u0119bowe,meble do salonu, jadalni. Absynth oryginalne meble - Zapraszamy","breadcrumb":{"@id":"https:\/\/absynth.eu\/nowosci\/#breadcrumb"},"inLanguage":"pl-PL","potentialAction":[{"@type":"ReadAction","target":["https:\/\/absynth.eu\/nowosci\/"]}]},{"@type":"BreadcrumbList","@id":"https:\/\/absynth.eu\/nowosci\/#breadcrumb","itemListElement":[{"@type":"ListItem","position":1,"name":"Strona g\u0142\u00f3wna","item":"https:\/\/absynth.eu\/"},{"@type":"ListItem","position":2,"name":"Nowo\u015bci"}]},{"@type":"WebSite","@id":"https:\/\/absynth.eu\/pl\/#website","url":"https:\/\/absynth.eu\/pl\/","name":"Absynth","description":"Meble tworz\u0105 wn\u0119trze","potentialAction":[{"@type":"SearchAction","target":{"@type":"EntryPoint","urlTemplate":"https:\/\/absynth.eu\/pl\/?s={search_term_string}"},"query-input":"required name=search_term_string"}],"inLanguage":"pl-PL"}]}},"_links":{"self":[{"href":"https:\/\/absynth.eu\/pl\/wp-json\/wp\/v2\/pages\/5635"}],"collection":[{"href":"https:\/\/absynth.eu\/pl\/wp-json\/wp\/v2\/pages"}],"about":[{"href":"https:\/\/absynth.eu\/pl\/wp-json\/wp\/v2\/types\/page"}],"author":[{"embeddable":true,"href":"https:\/\/absynth.eu\/pl\/wp-json\/wp\/v2\/users\/1"}],"replies":[{"embeddable":true,"href":"https:\/\/absynth.eu\/pl\/wp-json\/wp\/v2\/comments?post=5635"}],"version-history":[{"count":11,"href":"https:\/\/absynth.eu\/pl\/wp-json\/wp\/v2\/pages\/5635\/revisions"}],"predecessor-version":[{"id":10316,"href":"https:\/\/absynth.eu\/pl\/wp-json\/wp\/v2\/pages\/5635\/revisions\/10316"}],"wp:attachment":[{"href":"https:\/\/absynth.eu\/pl\/wp-json\/wp\/v2\/media?parent=5635"}],"curies":[{"name":"wp","href":"https:\/\/api.w.org\/{rel}","templated":true}]}}