{"id":6241,"date":"2019-03-22T21:09:03","date_gmt":"2019-03-22T20:09:03","guid":{"rendered":"http:\/\/absynth.eu\/?page_id=6241"},"modified":"2024-05-27T10:33:10","modified_gmt":"2024-05-27T08:33:10","slug":"kolekcja-toso","status":"publish","type":"page","link":"https:\/\/absynth.eu\/pl\/kolekcje\/kolekcja-toso\/","title":{"rendered":"Kolekcja TOSO"},"content":{"rendered":"<div class=\"vc_row wpb_row vc_row-fluid\" ><div class=\"wpb_column vc_column_container vc_col-sm-12\"><div class=\"vc_column-inner\"><div class=\"wpb_wrapper\">\n\t<div  class=\"wpb_single_image wpb_content_element vc_align_center  wpb_animate_when_almost_visible wpb_fadeInUpBig fadeInUpBig\">\n\t\t\n\t\t<figure class=\"wpb_wrapper vc_figure\">\n\t\t\t<div class=\"vc_single_image-wrapper   vc_box_border_grey\"><img loading=\"lazy\" decoding=\"async\" width=\"1920\" height=\"1356\" src=\"https:\/\/absynth.eu\/wp-content\/uploads\/2019\/03\/zestaw_sypialniany.jpg\" class=\"vc_single_image-img attachment-full\" alt=\"\" srcset=\"https:\/\/absynth.eu\/wp-content\/uploads\/2019\/03\/zestaw_sypialniany.jpg 1920w, https:\/\/absynth.eu\/wp-content\/uploads\/2019\/03\/zestaw_sypialniany-300x212.jpg 300w, https:\/\/absynth.eu\/wp-content\/uploads\/2019\/03\/zestaw_sypialniany-768x542.jpg 768w, https:\/\/absynth.eu\/wp-content\/uploads\/2019\/03\/zestaw_sypialniany-1024x723.jpg 1024w\" sizes=\"(max-width: 1920px) 100vw, 1920px\" \/><\/div>\n\t\t<\/figure>\n\t<\/div>\n<\/div><\/div><\/div><\/div><div class=\"qodef-row-grid-section-wrapper \"  ><div class=\"qodef-row-grid-section\"><div class=\"vc_row wpb_row vc_row-fluid\" ><div class=\"wpb_column vc_column_container vc_col-sm-12\"><div class=\"vc_column-inner\"><div class=\"wpb_wrapper\"><div class=\"vc_empty_space\"   style=\"height: 65px\" ><span class=\"vc_empty_space_inner\"><\/span><\/div>\n<\/div><\/div><\/div><\/div><\/div><\/div><div class=\"qodef-row-grid-section-wrapper \"  ><div class=\"qodef-row-grid-section\"><div class=\"vc_row wpb_row vc_row-fluid\" ><div class=\"wpb_column vc_column_container vc_col-sm-12\"><div class=\"vc_column-inner\"><div class=\"wpb_wrapper\"><div class=\"qodef-section-title-holder  qodef-st-standard qodef-st-title-left qodef-st-normal-space \" >\n\t<div class=\"qodef-st-inner\">\n\t\t\t\t\t\t\t\t\t<h2 class=\"qodef-st-text\" >\n\t\t\t\tTOSO to kolekcja zainspirowana natur\u0105.\t\t\t<\/h2>\n\t\t\t<\/div>\n<\/div>\n\t<div class=\"wpb_text_column wpb_content_element \" >\n\t\t<div class=\"wpb_wrapper\">\n\t\t\t<p>Lite drewno d\u0119bowe z kt\u00f3rego wykonany jest zestaw TOSO dedykowany jest wszystkim ceni\u0105cym klasyk\u0119 drewnianych mebli. Nisko umieszczona rama i elastyczny stela\u017c sprawia ,\u017ce \u0142\u00f3\u017cko jest produktem niezwykle komfortowym, a przy tym prostym i klasycznym. Ca\u0142o\u015b\u0107 kolekcji dope\u0142nia d\u0119bowa \u0142awka z mi\u0119kkim siedziskiem oraz wa\u0142kowe zag\u0142owia \u0142\u00f3\u017cka tworz\u0105ce niepowtarzalny charakter wn\u0119trza.<\/p>\n\n\t\t<\/div>\n\t<\/div>\n<div class=\"vc_empty_space\"   style=\"height: 65px\" ><span class=\"vc_empty_space_inner\"><\/span><\/div>\n<\/div><\/div><\/div><\/div><\/div><\/div><div class=\"qodef-row-grid-section-wrapper \"  ><div class=\"qodef-row-grid-section\"><div class=\"vc_row wpb_row vc_row-fluid\" ><div class=\"wpb_column vc_column_container vc_col-sm-3\"><div class=\"vc_column-inner\"><div class=\"wpb_wrapper\"><div class=\"vc-hoverbox-wrapper  vc-hoverbox-shape--square vc-hoverbox-align--center vc-hoverbox-direction--default vc-hoverbox-width--100\" >\n  <div class=\"vc-hoverbox\">\n    <div class=\"vc-hoverbox-inner\">\n      <div class=\"vc-hoverbox-block vc-hoverbox-front\" style=\"background-image: url(https:\/\/absynth.eu\/wp-content\/uploads\/2019\/03\/sypialnia.jpg);\">\n        <div class=\"vc-hoverbox-block-inner vc-hoverbox-front-inner\">\n            \n        <\/div>\n      <\/div>\n      <div class=\"vc-hoverbox-block vc-hoverbox-back\" style=\"background-color: #ffffff;\">\n        <div class=\"vc-hoverbox-block-inner vc-hoverbox-back-inner\">\n            \n            <h5>\u0142\u00f3\u017cko d\u0119bowe premium 120<\/h5>\n\n            <div class=\"vc_btn3-container vc_btn3-inline\" >\n\t<a onmouseleave=\"this.style.borderColor='#666666'; this.style.backgroundColor='transparent'; this.style.color='#666666'\" onmouseenter=\"this.style.borderColor='#666666'; this.style.backgroundColor='#666666'; this.style.color='#ffffff';\" style=\"border-color:#666666; color:#666666;\" class=\"vc_general vc_btn3 vc_btn3-size-md vc_btn3-shape-square vc_btn3-style-outline-custom\" href=\"\/kolekcje\/kolekcja-toso\/lozko-debowe-premium-120\/\" title=\"\u0141\u00d3\u017bKO D\u0118BOWE PREMIUM 120\">wi\u0119cej<\/a><\/div>\n\n        <\/div>\n      <\/div>\n    <\/div>\n  <\/div>\n<\/div><\/div><\/div><\/div><div class=\"wpb_column vc_column_container vc_col-sm-3\"><div class=\"vc_column-inner\"><div class=\"wpb_wrapper\"><div class=\"vc-hoverbox-wrapper  vc-hoverbox-shape--square vc-hoverbox-align--center vc-hoverbox-direction--default vc-hoverbox-width--100\" >\n  <div class=\"vc-hoverbox\">\n    <div class=\"vc-hoverbox-inner\">\n      <div class=\"vc-hoverbox-block vc-hoverbox-front\" style=\"background-image: url(https:\/\/absynth.eu\/wp-content\/uploads\/2019\/03\/sypialnia.jpg);\">\n        <div class=\"vc-hoverbox-block-inner vc-hoverbox-front-inner\">\n            \n        <\/div>\n      <\/div>\n      <div class=\"vc-hoverbox-block vc-hoverbox-back\" style=\"background-color: #ffffff;\">\n        <div class=\"vc-hoverbox-block-inner vc-hoverbox-back-inner\">\n            \n            <h5>\u0142\u00f3\u017cko d\u0119bowe premium 140<\/h5>\n\n            <div class=\"vc_btn3-container vc_btn3-inline\" >\n\t<a onmouseleave=\"this.style.borderColor='#666666'; this.style.backgroundColor='transparent'; this.style.color='#666666'\" onmouseenter=\"this.style.borderColor='#666666'; this.style.backgroundColor='#666666'; this.style.color='#ffffff';\" style=\"border-color:#666666; color:#666666;\" class=\"vc_general vc_btn3 vc_btn3-size-md vc_btn3-shape-square vc_btn3-style-outline-custom\" href=\"\/kolekcje\/kolekcja-toso\/lozko-debowe-premium-140\/\" title=\"\u0141\u00d3\u017bKO D\u0118BOWE PREMIUM 140\">wi\u0119cej<\/a><\/div>\n\n        <\/div>\n      <\/div>\n    <\/div>\n  <\/div>\n<\/div><\/div><\/div><\/div><div class=\"wpb_column vc_column_container vc_col-sm-3\"><div class=\"vc_column-inner\"><div class=\"wpb_wrapper\"><div class=\"vc-hoverbox-wrapper  vc-hoverbox-shape--square vc-hoverbox-align--center vc-hoverbox-direction--default vc-hoverbox-width--100\" >\n  <div class=\"vc-hoverbox\">\n    <div class=\"vc-hoverbox-inner\">\n      <div class=\"vc-hoverbox-block vc-hoverbox-front\" style=\"background-image: url(https:\/\/absynth.eu\/wp-content\/uploads\/2019\/03\/sypialnia.jpg);\">\n        <div class=\"vc-hoverbox-block-inner vc-hoverbox-front-inner\">\n            \n        <\/div>\n      <\/div>\n      <div class=\"vc-hoverbox-block vc-hoverbox-back\" style=\"background-color: #ffffff;\">\n        <div class=\"vc-hoverbox-block-inner vc-hoverbox-back-inner\">\n            \n            <h5>\u0142\u00f3\u017cko d\u0119bowe premium 160<\/h5>\n\n            <div class=\"vc_btn3-container vc_btn3-inline\" >\n\t<a onmouseleave=\"this.style.borderColor='#666666'; this.style.backgroundColor='transparent'; this.style.color='#666666'\" onmouseenter=\"this.style.borderColor='#666666'; this.style.backgroundColor='#666666'; this.style.color='#ffffff';\" style=\"border-color:#666666; color:#666666;\" class=\"vc_general vc_btn3 vc_btn3-size-md vc_btn3-shape-square vc_btn3-style-outline-custom\" href=\"\/kolekcje\/kolekcja-toso\/lozko-debowe-premium-160\/\" title=\"\u0141\u00d3\u017bKO D\u0118BOWE PREMIUM 160\">wi\u0119cej<\/a><\/div>\n\n        <\/div>\n      <\/div>\n    <\/div>\n  <\/div>\n<\/div><\/div><\/div><\/div><div class=\"wpb_column vc_column_container vc_col-sm-3\"><div class=\"vc_column-inner\"><div class=\"wpb_wrapper\"><div class=\"vc-hoverbox-wrapper  vc-hoverbox-shape--square vc-hoverbox-align--center vc-hoverbox-direction--default vc-hoverbox-width--100\" >\n  <div class=\"vc-hoverbox\">\n    <div class=\"vc-hoverbox-inner\">\n      <div class=\"vc-hoverbox-block vc-hoverbox-front\" style=\"background-image: url(https:\/\/absynth.eu\/wp-content\/uploads\/2019\/03\/sypialnia.jpg);\">\n        <div class=\"vc-hoverbox-block-inner vc-hoverbox-front-inner\">\n            \n        <\/div>\n      <\/div>\n      <div class=\"vc-hoverbox-block vc-hoverbox-back\" style=\"background-color: #ffffff;\">\n        <div class=\"vc-hoverbox-block-inner vc-hoverbox-back-inner\">\n            \n            <h5>\u0142\u00f3\u017cko d\u0119bowe premium 180<\/h5>\n\n            <div class=\"vc_btn3-container vc_btn3-inline\" >\n\t<a onmouseleave=\"this.style.borderColor='#666666'; this.style.backgroundColor='transparent'; this.style.color='#666666'\" onmouseenter=\"this.style.borderColor='#666666'; this.style.backgroundColor='#666666'; this.style.color='#ffffff';\" style=\"border-color:#666666; color:#666666;\" class=\"vc_general vc_btn3 vc_btn3-size-md vc_btn3-shape-square vc_btn3-style-outline-custom\" href=\"\/kolekcje\/kolekcja-toso\/lozko-debowe-premium-180\/\" title=\"\u0141\u00d3\u017bKO D\u0118BOWE PREMIUM 180\">wi\u0119cej<\/a><\/div>\n\n        <\/div>\n      <\/div>\n    <\/div>\n  <\/div>\n<\/div><\/div><\/div><\/div><\/div><\/div><\/div><div class=\"qodef-row-grid-section-wrapper \"  ><div class=\"qodef-row-grid-section\"><div class=\"vc_row wpb_row vc_row-fluid\" ><div class=\"wpb_column vc_column_container vc_col-sm-3\"><div class=\"vc_column-inner\"><div class=\"wpb_wrapper\"><div class=\"vc-hoverbox-wrapper  vc-hoverbox-shape--square vc-hoverbox-align--center vc-hoverbox-direction--default vc-hoverbox-width--100\" >\n  <div class=\"vc-hoverbox\">\n    <div class=\"vc-hoverbox-inner\">\n      <div class=\"vc-hoverbox-block vc-hoverbox-front\" style=\"background-image: url(https:\/\/absynth.eu\/wp-content\/uploads\/2019\/03\/lozko_debowe.jpg);\">\n        <div class=\"vc-hoverbox-block-inner vc-hoverbox-front-inner\">\n            \n        <\/div>\n      <\/div>\n      <div class=\"vc-hoverbox-block vc-hoverbox-back\" style=\"background-color: #ffffff;\">\n        <div class=\"vc-hoverbox-block-inner vc-hoverbox-back-inner\">\n            \n            <h5>rama d\u0119bowa soft 120<\/h5>\n\n            <div class=\"vc_btn3-container vc_btn3-inline\" >\n\t<a onmouseleave=\"this.style.borderColor='#666666'; this.style.backgroundColor='transparent'; this.style.color='#666666'\" onmouseenter=\"this.style.borderColor='#666666'; this.style.backgroundColor='#666666'; this.style.color='#ffffff';\" style=\"border-color:#666666; color:#666666;\" class=\"vc_general vc_btn3 vc_btn3-size-md vc_btn3-shape-square vc_btn3-style-outline-custom\" href=\"\/kolekcje\/kolekcja-toso\/rama-debowa-soft-120\/\" title=\"RAMA D\u0118BOWA SOFT 120\">wi\u0119cej<\/a><\/div>\n\n        <\/div>\n      <\/div>\n    <\/div>\n  <\/div>\n<\/div><\/div><\/div><\/div><div class=\"wpb_column vc_column_container vc_col-sm-3\"><div class=\"vc_column-inner\"><div class=\"wpb_wrapper\"><div class=\"vc-hoverbox-wrapper  vc-hoverbox-shape--square vc-hoverbox-align--center vc-hoverbox-direction--default vc-hoverbox-width--100\" >\n  <div class=\"vc-hoverbox\">\n    <div class=\"vc-hoverbox-inner\">\n      <div class=\"vc-hoverbox-block vc-hoverbox-front\" style=\"background-image: url(https:\/\/absynth.eu\/wp-content\/uploads\/2019\/03\/rama_debowa.jpg);\">\n        <div class=\"vc-hoverbox-block-inner vc-hoverbox-front-inner\">\n            \n        <\/div>\n      <\/div>\n      <div class=\"vc-hoverbox-block vc-hoverbox-back\" style=\"background-color: #ffffff;\">\n        <div class=\"vc-hoverbox-block-inner vc-hoverbox-back-inner\">\n            \n            <h5>rama d\u0119bowa soft 140<\/h5>\n\n            <div class=\"vc_btn3-container vc_btn3-inline\" >\n\t<a onmouseleave=\"this.style.borderColor='#666666'; this.style.backgroundColor='transparent'; this.style.color='#666666'\" onmouseenter=\"this.style.borderColor='#666666'; this.style.backgroundColor='#666666'; this.style.color='#ffffff';\" style=\"border-color:#666666; color:#666666;\" class=\"vc_general vc_btn3 vc_btn3-size-md vc_btn3-shape-square vc_btn3-style-outline-custom\" href=\"\/kolekcje\/kolekcja-toso\/rama-debowa-soft-140\/\" title=\"RAMA D\u0118BOWA SOFT 140\">wi\u0119cej<\/a><\/div>\n\n        <\/div>\n      <\/div>\n    <\/div>\n  <\/div>\n<\/div><\/div><\/div><\/div><div class=\"wpb_column vc_column_container vc_col-sm-3\"><div class=\"vc_column-inner\"><div class=\"wpb_wrapper\"><div class=\"vc-hoverbox-wrapper  vc-hoverbox-shape--square vc-hoverbox-align--center vc-hoverbox-direction--default vc-hoverbox-width--100\" >\n  <div class=\"vc-hoverbox\">\n    <div class=\"vc-hoverbox-inner\">\n      <div class=\"vc-hoverbox-block vc-hoverbox-front\" style=\"background-image: url(https:\/\/absynth.eu\/wp-content\/uploads\/2019\/03\/rama_debowa.jpg);\">\n        <div class=\"vc-hoverbox-block-inner vc-hoverbox-front-inner\">\n            \n        <\/div>\n      <\/div>\n      <div class=\"vc-hoverbox-block vc-hoverbox-back\" style=\"background-color: #ffffff;\">\n        <div class=\"vc-hoverbox-block-inner vc-hoverbox-back-inner\">\n            \n            <h5>rama d\u0119bowa soft 160<\/h5>\n\n            <div class=\"vc_btn3-container vc_btn3-inline\" >\n\t<a onmouseleave=\"this.style.borderColor='#666666'; this.style.backgroundColor='transparent'; this.style.color='#666666'\" onmouseenter=\"this.style.borderColor='#666666'; this.style.backgroundColor='#666666'; this.style.color='#ffffff';\" style=\"border-color:#666666; color:#666666;\" class=\"vc_general vc_btn3 vc_btn3-size-md vc_btn3-shape-square vc_btn3-style-outline-custom\" href=\"\/kolekcje\/kolekcja-toso\/rama-debowa-soft-160\/\" title=\"RAMA D\u0118BOWA SOFT 160\">wi\u0119cej<\/a><\/div>\n\n        <\/div>\n      <\/div>\n    <\/div>\n  <\/div>\n<\/div><\/div><\/div><\/div><div class=\"wpb_column vc_column_container vc_col-sm-3\"><div class=\"vc_column-inner\"><div class=\"wpb_wrapper\"><div class=\"vc-hoverbox-wrapper  vc-hoverbox-shape--square vc-hoverbox-align--center vc-hoverbox-direction--default vc-hoverbox-width--100\" >\n  <div class=\"vc-hoverbox\">\n    <div class=\"vc-hoverbox-inner\">\n      <div class=\"vc-hoverbox-block vc-hoverbox-front\" style=\"background-image: url(https:\/\/absynth.eu\/wp-content\/uploads\/2019\/03\/rama_debowa.jpg);\">\n        <div class=\"vc-hoverbox-block-inner vc-hoverbox-front-inner\">\n            \n        <\/div>\n      <\/div>\n      <div class=\"vc-hoverbox-block vc-hoverbox-back\" style=\"background-color: #ffffff;\">\n        <div class=\"vc-hoverbox-block-inner vc-hoverbox-back-inner\">\n            \n            <h5>rama d\u0119bowa soft 180<\/h5>\n\n            <div class=\"vc_btn3-container vc_btn3-inline\" >\n\t<a onmouseleave=\"this.style.borderColor='#666666'; this.style.backgroundColor='transparent'; this.style.color='#666666'\" onmouseenter=\"this.style.borderColor='#666666'; this.style.backgroundColor='#666666'; this.style.color='#ffffff';\" style=\"border-color:#666666; color:#666666;\" class=\"vc_general vc_btn3 vc_btn3-size-md vc_btn3-shape-square vc_btn3-style-outline-custom\" href=\"\/kolekcje\/kolekcja-toso\/rama-debowa-soft-180\/\" title=\"RAMA D\u0118BOWA SOFT 180\">wi\u0119cej<\/a><\/div>\n\n        <\/div>\n      <\/div>\n    <\/div>\n  <\/div>\n<\/div><\/div><\/div><\/div><\/div><\/div><\/div><div class=\"qodef-row-grid-section-wrapper \"  ><div class=\"qodef-row-grid-section\"><div class=\"vc_row wpb_row vc_row-fluid\" ><div class=\"wpb_column vc_column_container vc_col-sm-3\"><div class=\"vc_column-inner\"><div class=\"wpb_wrapper\"><div class=\"vc-hoverbox-wrapper  vc-hoverbox-shape--square vc-hoverbox-align--center vc-hoverbox-direction--default vc-hoverbox-width--100\" >\n  <div class=\"vc-hoverbox\">\n    <div class=\"vc-hoverbox-inner\">\n      <div class=\"vc-hoverbox-block vc-hoverbox-front\" style=\"background-image: url(https:\/\/absynth.eu\/wp-content\/uploads\/2019\/03\/laweczka.jpg);\">\n        <div class=\"vc-hoverbox-block-inner vc-hoverbox-front-inner\">\n            \n        <\/div>\n      <\/div>\n      <div class=\"vc-hoverbox-block vc-hoverbox-back\" style=\"background-color: #ffffff;\">\n        <div class=\"vc-hoverbox-block-inner vc-hoverbox-back-inner\">\n            \n            <h5>\u0142aweczka tapicerowana<\/h5>\n\n            <div class=\"vc_btn3-container vc_btn3-inline\" >\n\t<a onmouseleave=\"this.style.borderColor='#666666'; this.style.backgroundColor='transparent'; this.style.color='#666666'\" onmouseenter=\"this.style.borderColor='#666666'; this.style.backgroundColor='#666666'; this.style.color='#ffffff';\" style=\"border-color:#666666; color:#666666;\" class=\"vc_general vc_btn3 vc_btn3-size-md vc_btn3-shape-square vc_btn3-style-outline-custom\" href=\"\/kolekcje\/kolekcja-toso\/laweczka-tapicerowana\/\" title=\"\u0141AWECZKA TAPICEROWANA\">wi\u0119cej<\/a><\/div>\n\n        <\/div>\n      <\/div>\n    <\/div>\n  <\/div>\n<\/div><\/div><\/div><\/div><\/div><\/div><\/div>\n","protected":false},"excerpt":{"rendered":"TOSO to kolekcja zainspirowana natur\u0105. Lite drewno d\u0119bowe z kt\u00f3rego wykonany jest zestaw TOSO dedykowany jest wszystkim ceni\u0105cym klasyk\u0119 drewnianych mebli. Nisko umieszczona rama i elastyczny stela\u017c sprawia ,\u017ce \u0142\u00f3\u017cko jest produktem niezwykle komfortowym, a przy tym prostym i klasycznym. [...]","protected":false},"author":1,"featured_media":0,"parent":5629,"menu_order":0,"comment_status":"closed","ping_status":"closed","template":"full-width.php","meta":{"_monsterinsights_skip_tracking":false,"_monsterinsights_sitenote_active":false,"_monsterinsights_sitenote_note":"","_monsterinsights_sitenote_category":0,"footnotes":""},"class_list":["post-6241","page","type-page","status-publish","hentry"],"yoast_head":"<!-- This site is optimized with the Yoast SEO plugin v23.1 - https:\/\/yoast.com\/wordpress\/plugins\/seo\/ -->\n<title>Kolekcja TOSO - Absynth<\/title>\n<meta name=\"description\" content=\"Absynth - producent nowoczesnych mebli. W ofercie: krzes\u0142a tapicerowane, meble skrzyniowe, stoly do jadalni, sto\u0142y d\u0119bowe,meble do salonu, jadalni. Absynth oryginalne meble - Zapraszamy\" \/>\n<meta name=\"robots\" content=\"index, follow, max-snippet:-1, max-image-preview:large, max-video-preview:-1\" \/>\n<link rel=\"canonical\" href=\"https:\/\/absynth.eu\/pl\/kolekcje\/kolekcja-toso\/\" \/>\n<meta property=\"og:locale\" content=\"pl_PL\" \/>\n<meta property=\"og:type\" content=\"article\" \/>\n<meta property=\"og:title\" content=\"Kolekcja TOSO - Absynth\" \/>\n<meta property=\"og:description\" content=\"Absynth - producent nowoczesnych mebli. W ofercie: krzes\u0142a tapicerowane, meble skrzyniowe, stoly do jadalni, sto\u0142y d\u0119bowe,meble do salonu, jadalni. Absynth oryginalne meble - Zapraszamy\" \/>\n<meta property=\"og:url\" content=\"https:\/\/absynth.eu\/pl\/kolekcje\/kolekcja-toso\/\" \/>\n<meta property=\"og:site_name\" content=\"Absynth\" \/>\n<meta property=\"article:publisher\" content=\"https:\/\/www.facebook.com\/MebleABSYNTH\" \/>\n<meta property=\"article:modified_time\" content=\"2024-05-27T08:33:10+00:00\" \/>\n<meta name=\"twitter:card\" content=\"summary_large_image\" \/>\n<meta name=\"twitter:label1\" content=\"Szacowany czas czytania\" \/>\n\t<meta name=\"twitter:data1\" content=\"4 minuty\" \/>\n<script type=\"application\/ld+json\" class=\"yoast-schema-graph\">{\"@context\":\"https:\/\/schema.org\",\"@graph\":[{\"@type\":\"WebPage\",\"@id\":\"https:\/\/absynth.eu\/kolekcje\/kolekcja-toso\/\",\"url\":\"https:\/\/absynth.eu\/kolekcje\/kolekcja-toso\/\",\"name\":\"Kolekcja TOSO - Absynth\",\"isPartOf\":{\"@id\":\"https:\/\/absynth.eu\/pl\/#website\"},\"datePublished\":\"2019-03-22T20:09:03+00:00\",\"dateModified\":\"2024-05-27T08:33:10+00:00\",\"description\":\"Absynth - producent nowoczesnych mebli. W ofercie: krzes\u0142a tapicerowane, meble skrzyniowe, stoly do jadalni, sto\u0142y d\u0119bowe,meble do salonu, jadalni. Absynth oryginalne meble - Zapraszamy\",\"breadcrumb\":{\"@id\":\"https:\/\/absynth.eu\/kolekcje\/kolekcja-toso\/#breadcrumb\"},\"inLanguage\":\"pl-PL\",\"potentialAction\":[{\"@type\":\"ReadAction\",\"target\":[\"https:\/\/absynth.eu\/kolekcje\/kolekcja-toso\/\"]}]},{\"@type\":\"BreadcrumbList\",\"@id\":\"https:\/\/absynth.eu\/kolekcje\/kolekcja-toso\/#breadcrumb\",\"itemListElement\":[{\"@type\":\"ListItem\",\"position\":1,\"name\":\"Strona g\u0142\u00f3wna\",\"item\":\"https:\/\/absynth.eu\/\"},{\"@type\":\"ListItem\",\"position\":2,\"name\":\"Kolekcje\",\"item\":\"https:\/\/absynth.eu\/kolekcje\/\"},{\"@type\":\"ListItem\",\"position\":3,\"name\":\"Kolekcja TOSO\"}]},{\"@type\":\"WebSite\",\"@id\":\"https:\/\/absynth.eu\/pl\/#website\",\"url\":\"https:\/\/absynth.eu\/pl\/\",\"name\":\"Absynth\",\"description\":\"Meble tworz\u0105 wn\u0119trze\",\"potentialAction\":[{\"@type\":\"SearchAction\",\"target\":{\"@type\":\"EntryPoint\",\"urlTemplate\":\"https:\/\/absynth.eu\/pl\/?s={search_term_string}\"},\"query-input\":\"required name=search_term_string\"}],\"inLanguage\":\"pl-PL\"}]}<\/script>\n<!-- \/ Yoast SEO plugin. -->","yoast_head_json":{"title":"Kolekcja TOSO - Absynth","description":"Absynth - producent nowoczesnych mebli. W ofercie: krzes\u0142a tapicerowane, meble skrzyniowe, stoly do jadalni, sto\u0142y d\u0119bowe,meble do salonu, jadalni. Absynth oryginalne meble - Zapraszamy","robots":{"index":"index","follow":"follow","max-snippet":"max-snippet:-1","max-image-preview":"max-image-preview:large","max-video-preview":"max-video-preview:-1"},"canonical":"https:\/\/absynth.eu\/pl\/kolekcje\/kolekcja-toso\/","og_locale":"pl_PL","og_type":"article","og_title":"Kolekcja TOSO - Absynth","og_description":"Absynth - producent nowoczesnych mebli. W ofercie: krzes\u0142a tapicerowane, meble skrzyniowe, stoly do jadalni, sto\u0142y d\u0119bowe,meble do salonu, jadalni. Absynth oryginalne meble - Zapraszamy","og_url":"https:\/\/absynth.eu\/pl\/kolekcje\/kolekcja-toso\/","og_site_name":"Absynth","article_publisher":"https:\/\/www.facebook.com\/MebleABSYNTH","article_modified_time":"2024-05-27T08:33:10+00:00","twitter_card":"summary_large_image","twitter_misc":{"Szacowany czas czytania":"4 minuty"},"schema":{"@context":"https:\/\/schema.org","@graph":[{"@type":"WebPage","@id":"https:\/\/absynth.eu\/kolekcje\/kolekcja-toso\/","url":"https:\/\/absynth.eu\/kolekcje\/kolekcja-toso\/","name":"Kolekcja TOSO - Absynth","isPartOf":{"@id":"https:\/\/absynth.eu\/pl\/#website"},"datePublished":"2019-03-22T20:09:03+00:00","dateModified":"2024-05-27T08:33:10+00:00","description":"Absynth - producent nowoczesnych mebli. W ofercie: krzes\u0142a tapicerowane, meble skrzyniowe, stoly do jadalni, sto\u0142y d\u0119bowe,meble do salonu, jadalni. Absynth oryginalne meble - Zapraszamy","breadcrumb":{"@id":"https:\/\/absynth.eu\/kolekcje\/kolekcja-toso\/#breadcrumb"},"inLanguage":"pl-PL","potentialAction":[{"@type":"ReadAction","target":["https:\/\/absynth.eu\/kolekcje\/kolekcja-toso\/"]}]},{"@type":"BreadcrumbList","@id":"https:\/\/absynth.eu\/kolekcje\/kolekcja-toso\/#breadcrumb","itemListElement":[{"@type":"ListItem","position":1,"name":"Strona g\u0142\u00f3wna","item":"https:\/\/absynth.eu\/"},{"@type":"ListItem","position":2,"name":"Kolekcje","item":"https:\/\/absynth.eu\/kolekcje\/"},{"@type":"ListItem","position":3,"name":"Kolekcja TOSO"}]},{"@type":"WebSite","@id":"https:\/\/absynth.eu\/pl\/#website","url":"https:\/\/absynth.eu\/pl\/","name":"Absynth","description":"Meble tworz\u0105 wn\u0119trze","potentialAction":[{"@type":"SearchAction","target":{"@type":"EntryPoint","urlTemplate":"https:\/\/absynth.eu\/pl\/?s={search_term_string}"},"query-input":"required name=search_term_string"}],"inLanguage":"pl-PL"}]}},"_links":{"self":[{"href":"https:\/\/absynth.eu\/pl\/wp-json\/wp\/v2\/pages\/6241"}],"collection":[{"href":"https:\/\/absynth.eu\/pl\/wp-json\/wp\/v2\/pages"}],"about":[{"href":"https:\/\/absynth.eu\/pl\/wp-json\/wp\/v2\/types\/page"}],"author":[{"embeddable":true,"href":"https:\/\/absynth.eu\/pl\/wp-json\/wp\/v2\/users\/1"}],"replies":[{"embeddable":true,"href":"https:\/\/absynth.eu\/pl\/wp-json\/wp\/v2\/comments?post=6241"}],"version-history":[{"count":9,"href":"https:\/\/absynth.eu\/pl\/wp-json\/wp\/v2\/pages\/6241\/revisions"}],"predecessor-version":[{"id":9423,"href":"https:\/\/absynth.eu\/pl\/wp-json\/wp\/v2\/pages\/6241\/revisions\/9423"}],"up":[{"embeddable":true,"href":"https:\/\/absynth.eu\/pl\/wp-json\/wp\/v2\/pages\/5629"}],"wp:attachment":[{"href":"https:\/\/absynth.eu\/pl\/wp-json\/wp\/v2\/media?parent=6241"}],"curies":[{"name":"wp","href":"https:\/\/api.w.org\/{rel}","templated":true}]}}