{"id":6311,"date":"2019-03-22T23:33:52","date_gmt":"2019-03-22T22:33:52","guid":{"rendered":"http:\/\/absynth.eu\/?page_id=6311"},"modified":"2019-04-08T13:07:15","modified_gmt":"2019-04-08T11:07:15","slug":"regal","status":"publish","type":"page","link":"https:\/\/absynth.eu\/pl\/kolekcje\/kolekcja-frame\/regal\/","title":{"rendered":"REGA\u0141"},"content":{"rendered":"<div class=\"qodef-row-grid-section-wrapper \"  ><div class=\"qodef-row-grid-section\"><div class=\"vc_row wpb_row vc_row-fluid\" ><div class=\"wpb_column vc_column_container vc_col-sm-12\"><div class=\"vc_column-inner\"><div class=\"wpb_wrapper\"><h2 style=\"text-align: left\" class=\"vc_custom_heading\" >FRAME collection<\/h2>\n\t<div class=\"wpb_text_column wpb_content_element \" >\n\t\t<div class=\"wpb_wrapper\">\n\t\t\t<p>kod produktu:<\/p>\n<p>A04-OAK, A04-GRAPH<\/p>\n\n\t\t<\/div>\n\t<\/div>\n<div class=\"vc_empty_space\"   style=\"height: 32px\" ><span class=\"vc_empty_space_inner\"><\/span><\/div>\n<\/div><\/div><\/div><\/div><\/div><\/div><div class=\"vc_row wpb_row vc_row-fluid\" ><div class=\"wpb_column vc_column_container vc_col-sm-6\"><div class=\"vc_column-inner\"><div class=\"wpb_wrapper\">\n\t<div  class=\"wpb_single_image wpb_content_element vc_align_center\">\n\t\t\n\t\t<figure class=\"wpb_wrapper vc_figure\">\n\t\t\t<a data-rel=\"prettyPhoto[rel-6311-456503615]\" href=\"https:\/\/absynth.eu\/wp-content\/uploads\/2019\/03\/FRAME_BOOKSHELF_HIGH_T05-13-GRAF.jpg\" target=\"_self\" class=\"vc_single_image-wrapper   vc_box_border_grey prettyphoto\"><img loading=\"lazy\" decoding=\"async\" width=\"720\" height=\"720\" src=\"https:\/\/absynth.eu\/wp-content\/uploads\/2019\/03\/FRAME_BOOKSHELF_HIGH_T05-13-GRAF.jpg\" class=\"vc_single_image-img attachment-full\" alt=\"\" srcset=\"https:\/\/absynth.eu\/wp-content\/uploads\/2019\/03\/FRAME_BOOKSHELF_HIGH_T05-13-GRAF.jpg 720w, https:\/\/absynth.eu\/wp-content\/uploads\/2019\/03\/FRAME_BOOKSHELF_HIGH_T05-13-GRAF-150x150.jpg 150w, https:\/\/absynth.eu\/wp-content\/uploads\/2019\/03\/FRAME_BOOKSHELF_HIGH_T05-13-GRAF-300x300.jpg 300w, https:\/\/absynth.eu\/wp-content\/uploads\/2019\/03\/FRAME_BOOKSHELF_HIGH_T05-13-GRAF-650x650.jpg 650w\" sizes=\"(max-width: 720px) 100vw, 720px\" \/><\/a>\n\t\t<\/figure>\n\t<\/div>\n<\/div><\/div><\/div><div class=\"wpb_column vc_column_container vc_col-sm-6\"><div class=\"vc_column-inner\"><div class=\"wpb_wrapper\">\n\t<div  class=\"wpb_single_image wpb_content_element vc_align_center\">\n\t\t\n\t\t<figure class=\"wpb_wrapper vc_figure\">\n\t\t\t<a data-rel=\"prettyPhoto[rel-6311-1936849345]\" href=\"https:\/\/absynth.eu\/wp-content\/uploads\/2019\/03\/FRAME_BOOKSHELF_HIGH_T05-13-OAK.jpg\" target=\"_self\" class=\"vc_single_image-wrapper   vc_box_border_grey prettyphoto\"><img loading=\"lazy\" decoding=\"async\" width=\"720\" height=\"720\" src=\"https:\/\/absynth.eu\/wp-content\/uploads\/2019\/03\/FRAME_BOOKSHELF_HIGH_T05-13-OAK.jpg\" class=\"vc_single_image-img attachment-full\" alt=\"\" srcset=\"https:\/\/absynth.eu\/wp-content\/uploads\/2019\/03\/FRAME_BOOKSHELF_HIGH_T05-13-OAK.jpg 720w, https:\/\/absynth.eu\/wp-content\/uploads\/2019\/03\/FRAME_BOOKSHELF_HIGH_T05-13-OAK-150x150.jpg 150w, https:\/\/absynth.eu\/wp-content\/uploads\/2019\/03\/FRAME_BOOKSHELF_HIGH_T05-13-OAK-300x300.jpg 300w, https:\/\/absynth.eu\/wp-content\/uploads\/2019\/03\/FRAME_BOOKSHELF_HIGH_T05-13-OAK-650x650.jpg 650w\" sizes=\"(max-width: 720px) 100vw, 720px\" \/><\/a>\n\t\t<\/figure>\n\t<\/div>\n<\/div><\/div><\/div><\/div><div class=\"qodef-row-grid-section-wrapper \"  ><div class=\"qodef-row-grid-section\"><div class=\"vc_row wpb_row vc_row-fluid\" ><div class=\"wpb_column vc_column_container vc_col-sm-12\"><div class=\"vc_column-inner\"><div class=\"wpb_wrapper\">\n\t<div class=\"wpb_text_column wpb_content_element \" >\n\t\t<div class=\"wpb_wrapper\">\n\t\t\t<p>Oryginalny i dodatkowo bardzo praktyczny! Rega\u0142 to niew\u0105tpliwie ozdoba ca\u0142ej kolekcji FRAME. Konstrukcja rega\u0142u umo\u017cliwia swobodne komponowanie niezwykle efektownych zestaw\u00f3w dekoracji czy zbior\u00f3w ksi\u0105\u017cek. Do wyboru s\u0105 dwa rega\u0142y: z czarnymi plecami, oraz rega\u0142 z plecami w kolorze bia\u0142ym.<\/p>\n<p>Korpus mebli wykonany jest z okleiny naturalnej d\u0119bowej w kolorze czarnym lub naturalnego d\u0119bu. P\u00f3\u0142ki wykonane s\u0105 z p\u0142yty MDF lakierowanej w kolorze czarnym lub naturalnego d\u0119bu. Plecy mebla s\u0105 bia\u0142e.<\/p>\n\n\t\t<\/div>\n\t<\/div>\n<div class=\"vc_empty_space\"   style=\"height: 60px\" ><span class=\"vc_empty_space_inner\"><\/span><\/div>\n<\/div><\/div><\/div><\/div><\/div><\/div><div class=\"qodef-row-grid-section-wrapper \"  ><div class=\"qodef-row-grid-section\"><div class=\"vc_row wpb_row vc_row-fluid\" ><div class=\"wpb_column vc_column_container vc_col-sm-12\"><div class=\"vc_column-inner\"><div class=\"wpb_wrapper\"><div class=\"qodef-tabs   qodef-tabs-standard\">\n\t<ul class=\"qodef-tabs-nav clearfix\">\n\t\t\t\t\t<li>\n\t\t\t\t\t\t\t\t\t<a href=\"#tab-wymiary\">WYMIARY<\/a>\n\t\t\t\t\t\t\t<\/li>\n\t\t\t\t\t<li>\n\t\t\t\t\t\t\t\t\t<a href=\"#tab-kolorystyka\">KOLORYSTYKA<\/a>\n\t\t\t\t\t\t\t<\/li>\n\t\t\t<\/ul>\n\t<div class=\"qodef-tab-container\" id=\"tab-wymiary-448\"><div class=\"qodef-accordion-holder qodef-ac-default  qodef-accordion qodef-ac-boxed  clearfix\">\n\t<h6 class=\"qodef-accordion-title\">\n    <span class=\"qodef-accordion-mark\">\n\t\t<span class=\"qodef_icon_plus icon_plus\"><\/span>\n\t\t<span class=\"qodef_icon_minus icon_minus-06\"><\/span>\n\t<\/span>\n\t<span class=\"qodef-tab-title\">WYSOKO\u015a\u0106<\/span>\n<\/h6>\n<div class=\"qodef-accordion-content\">\n\t<div class=\"qodef-accordion-content-inner\">\n\t\t\n\t<div class=\"wpb_text_column wpb_content_element \" >\n\t\t<div class=\"wpb_wrapper\">\n\t\t\t<p>189 cm<\/p>\n\n\t\t<\/div>\n\t<\/div>\n\t<\/div>\n<\/div><h6 class=\"qodef-accordion-title\">\n    <span class=\"qodef-accordion-mark\">\n\t\t<span class=\"qodef_icon_plus icon_plus\"><\/span>\n\t\t<span class=\"qodef_icon_minus icon_minus-06\"><\/span>\n\t<\/span>\n\t<span class=\"qodef-tab-title\">SZEROKO\u015a\u0106<\/span>\n<\/h6>\n<div class=\"qodef-accordion-content\">\n\t<div class=\"qodef-accordion-content-inner\">\n\t\t\n\t<div class=\"wpb_text_column wpb_content_element \" >\n\t\t<div class=\"wpb_wrapper\">\n\t\t\t<p>106 cm<\/p>\n\n\t\t<\/div>\n\t<\/div>\n\t<\/div>\n<\/div><h6 class=\"qodef-accordion-title\">\n    <span class=\"qodef-accordion-mark\">\n\t\t<span class=\"qodef_icon_plus icon_plus\"><\/span>\n\t\t<span class=\"qodef_icon_minus icon_minus-06\"><\/span>\n\t<\/span>\n\t<span class=\"qodef-tab-title\">G\u0141\u0118BOKO\u015a\u0106<\/span>\n<\/h6>\n<div class=\"qodef-accordion-content\">\n\t<div class=\"qodef-accordion-content-inner\">\n\t\t\n\t<div class=\"wpb_text_column wpb_content_element \" >\n\t\t<div class=\"wpb_wrapper\">\n\t\t\t<p>36 cm<\/p>\n\n\t\t<\/div>\n\t<\/div>\n\t<\/div>\n<\/div><\/div>\n\t<div class=\"wpb_text_column wpb_content_element \" >\n\t\t<div class=\"wpb_wrapper\">\n\t\t\t<p>UWAGA! Producent zastrzega sobie mo\u017cliwo\u015b\u0107 zmiany wymiar\u00f3w oraz technologii wykonywania prezentowanych mebli.<\/p>\n\n\t\t<\/div>\n\t<\/div>\n<\/div><div class=\"qodef-tab-container\" id=\"tab-kolorystyka-794\"><div class=\"qodef-accordion-holder qodef-ac-default  qodef-accordion qodef-ac-boxed  clearfix\">\n\t<h6 class=\"qodef-accordion-title\">\n    <span class=\"qodef-accordion-mark\">\n\t\t<span class=\"qodef_icon_plus icon_plus\"><\/span>\n\t\t<span class=\"qodef_icon_minus icon_minus-06\"><\/span>\n\t<\/span>\n\t<span class=\"qodef-tab-title\">kolorystyka coko\u0142u<\/span>\n<\/h6>\n<div class=\"qodef-accordion-content\">\n\t<div class=\"qodef-accordion-content-inner\">\n\t\t<div class=\"vc_row wpb_row vc_inner vc_row-fluid\" ><div class=\"wpb_column vc_column_container vc_col-sm-6\"><div class=\"vc_column-inner\"><div class=\"wpb_wrapper\"><h6 style=\"text-align: left\" class=\"vc_custom_heading\" >KOLOR: d\u0105b<\/h6>\n\t<div class=\"wpb_text_column wpb_content_element \" >\n\t\t<div class=\"wpb_wrapper\">\n\t\t\t<p><strong>NCS:<\/strong> -; <strong>RAL: &#8211;<\/strong>;<\/p>\n\n\t\t<\/div>\n\t<\/div>\n\n\t<div  class=\"wpb_single_image wpb_content_element vc_align_left\">\n\t\t\n\t\t<figure class=\"wpb_wrapper vc_figure\">\n\t\t\t<div class=\"vc_single_image-wrapper   vc_box_border_grey\"><img loading=\"lazy\" decoding=\"async\" data-vc-zoom=\"https:\/\/absynth.eu\/wp-content\/uploads\/2019\/03\/dab.jpg\" width=\"150\" height=\"42\" src=\"https:\/\/absynth.eu\/wp-content\/uploads\/2019\/03\/dab-150x42.jpg\" class=\"vc_single_image-img attachment-thumbnail\" alt=\"\" \/><\/div>\n\t\t<\/figure>\n\t<\/div>\n<\/div><\/div><\/div><div class=\"wpb_column vc_column_container vc_col-sm-6\"><div class=\"vc_column-inner\"><div class=\"wpb_wrapper\"><h6 style=\"text-align: left\" class=\"vc_custom_heading\" >KOLOR: grafitowy<\/h6>\n\t<div class=\"wpb_text_column wpb_content_element \" >\n\t\t<div class=\"wpb_wrapper\">\n\t\t\t<p><strong>NCS:<\/strong> -; <strong>RAL: &#8211;<\/strong>;<\/p>\n\n\t\t<\/div>\n\t<\/div>\n\n\t<div  class=\"wpb_single_image wpb_content_element vc_align_left\">\n\t\t\n\t\t<figure class=\"wpb_wrapper vc_figure\">\n\t\t\t<div class=\"vc_single_image-wrapper   vc_box_border_grey\"><img loading=\"lazy\" decoding=\"async\" data-vc-zoom=\"https:\/\/absynth.eu\/wp-content\/uploads\/2019\/03\/grafitowy.png\" width=\"150\" height=\"42\" src=\"https:\/\/absynth.eu\/wp-content\/uploads\/2019\/03\/grafitowy-150x42.png\" class=\"vc_single_image-img attachment-thumbnail\" alt=\"\" \/><\/div>\n\t\t<\/figure>\n\t<\/div>\n<\/div><\/div><\/div><\/div>\t<\/div>\n<\/div><\/div>\n\t<div class=\"wpb_text_column wpb_content_element \" >\n\t\t<div class=\"wpb_wrapper\">\n\t\t\t<p>UWAGA! Producent zastrzega sobie mo\u017cliwo\u015b\u0107 zmiany wymiar\u00f3w oraz technologii wykonywania prezentowanych mebli.<\/p>\n\n\t\t<\/div>\n\t<\/div>\n<\/div><\/div><\/div><\/div><\/div><\/div><\/div><\/div>\n","protected":false},"excerpt":{"rendered":"FRAME collection kod produktu: A04-OAK, A04-GRAPH Oryginalny i dodatkowo bardzo praktyczny! Rega\u0142 to niew\u0105tpliwie ozdoba ca\u0142ej kolekcji FRAME. Konstrukcja rega\u0142u umo\u017cliwia swobodne komponowanie niezwykle efektownych zestaw\u00f3w dekoracji czy zbior\u00f3w ksi\u0105\u017cek. Do wyboru s\u0105 dwa rega\u0142y: z czarnymi plecami, oraz rega\u0142 [...]","protected":false},"author":1,"featured_media":0,"parent":6222,"menu_order":0,"comment_status":"closed","ping_status":"closed","template":"full-width.php","meta":{"_monsterinsights_skip_tracking":false,"_monsterinsights_sitenote_active":false,"_monsterinsights_sitenote_note":"","_monsterinsights_sitenote_category":0,"footnotes":""},"class_list":["post-6311","page","type-page","status-publish","hentry"],"yoast_head":"<!-- This site is optimized with the Yoast SEO plugin v23.1 - https:\/\/yoast.com\/wordpress\/plugins\/seo\/ -->\n<title>REGA\u0141 - Absynth<\/title>\n<meta name=\"description\" content=\"Absynth - producent nowoczesnych mebli. W ofercie: krzes\u0142a tapicerowane, meble skrzyniowe, stoly do jadalni, sto\u0142y d\u0119bowe,meble do salonu, jadalni. Absynth oryginalne meble - Zapraszamy\" \/>\n<meta name=\"robots\" content=\"index, follow, max-snippet:-1, max-image-preview:large, max-video-preview:-1\" \/>\n<link rel=\"canonical\" href=\"https:\/\/absynth.eu\/pl\/kolekcje\/kolekcja-frame\/regal\/\" \/>\n<meta property=\"og:locale\" content=\"pl_PL\" \/>\n<meta property=\"og:type\" content=\"article\" \/>\n<meta property=\"og:title\" content=\"REGA\u0141 - Absynth\" \/>\n<meta property=\"og:description\" content=\"Absynth - producent nowoczesnych mebli. W ofercie: krzes\u0142a tapicerowane, meble skrzyniowe, stoly do jadalni, sto\u0142y d\u0119bowe,meble do salonu, jadalni. Absynth oryginalne meble - Zapraszamy\" \/>\n<meta property=\"og:url\" content=\"https:\/\/absynth.eu\/pl\/kolekcje\/kolekcja-frame\/regal\/\" \/>\n<meta property=\"og:site_name\" content=\"Absynth\" \/>\n<meta property=\"article:publisher\" content=\"https:\/\/www.facebook.com\/MebleABSYNTH\" \/>\n<meta property=\"article:modified_time\" content=\"2019-04-08T11:07:15+00:00\" \/>\n<meta name=\"twitter:card\" content=\"summary_large_image\" \/>\n<meta name=\"twitter:label1\" content=\"Szacowany czas czytania\" \/>\n\t<meta name=\"twitter:data1\" content=\"2 minuty\" \/>\n<script type=\"application\/ld+json\" class=\"yoast-schema-graph\">{\"@context\":\"https:\/\/schema.org\",\"@graph\":[{\"@type\":\"WebPage\",\"@id\":\"https:\/\/absynth.eu\/kolekcje\/kolekcja-frame\/regal\/\",\"url\":\"https:\/\/absynth.eu\/kolekcje\/kolekcja-frame\/regal\/\",\"name\":\"REGA\u0141 - Absynth\",\"isPartOf\":{\"@id\":\"https:\/\/absynth.eu\/pl\/#website\"},\"datePublished\":\"2019-03-22T22:33:52+00:00\",\"dateModified\":\"2019-04-08T11:07:15+00:00\",\"description\":\"Absynth - producent nowoczesnych mebli. W ofercie: krzes\u0142a tapicerowane, meble skrzyniowe, stoly do jadalni, sto\u0142y d\u0119bowe,meble do salonu, jadalni. Absynth oryginalne meble - Zapraszamy\",\"breadcrumb\":{\"@id\":\"https:\/\/absynth.eu\/kolekcje\/kolekcja-frame\/regal\/#breadcrumb\"},\"inLanguage\":\"pl-PL\",\"potentialAction\":[{\"@type\":\"ReadAction\",\"target\":[\"https:\/\/absynth.eu\/kolekcje\/kolekcja-frame\/regal\/\"]}]},{\"@type\":\"BreadcrumbList\",\"@id\":\"https:\/\/absynth.eu\/kolekcje\/kolekcja-frame\/regal\/#breadcrumb\",\"itemListElement\":[{\"@type\":\"ListItem\",\"position\":1,\"name\":\"Strona g\u0142\u00f3wna\",\"item\":\"https:\/\/absynth.eu\/\"},{\"@type\":\"ListItem\",\"position\":2,\"name\":\"Kolekcje\",\"item\":\"https:\/\/absynth.eu\/kolekcje\/\"},{\"@type\":\"ListItem\",\"position\":3,\"name\":\"Kolekcja Frame\",\"item\":\"https:\/\/absynth.eu\/kolekcje\/kolekcja-frame\/\"},{\"@type\":\"ListItem\",\"position\":4,\"name\":\"REGA\u0141\"}]},{\"@type\":\"WebSite\",\"@id\":\"https:\/\/absynth.eu\/pl\/#website\",\"url\":\"https:\/\/absynth.eu\/pl\/\",\"name\":\"Absynth\",\"description\":\"Meble tworz\u0105 wn\u0119trze\",\"potentialAction\":[{\"@type\":\"SearchAction\",\"target\":{\"@type\":\"EntryPoint\",\"urlTemplate\":\"https:\/\/absynth.eu\/pl\/?s={search_term_string}\"},\"query-input\":\"required name=search_term_string\"}],\"inLanguage\":\"pl-PL\"}]}<\/script>\n<!-- \/ Yoast SEO plugin. -->","yoast_head_json":{"title":"REGA\u0141 - Absynth","description":"Absynth - producent nowoczesnych mebli. W ofercie: krzes\u0142a tapicerowane, meble skrzyniowe, stoly do jadalni, sto\u0142y d\u0119bowe,meble do salonu, jadalni. Absynth oryginalne meble - Zapraszamy","robots":{"index":"index","follow":"follow","max-snippet":"max-snippet:-1","max-image-preview":"max-image-preview:large","max-video-preview":"max-video-preview:-1"},"canonical":"https:\/\/absynth.eu\/pl\/kolekcje\/kolekcja-frame\/regal\/","og_locale":"pl_PL","og_type":"article","og_title":"REGA\u0141 - Absynth","og_description":"Absynth - producent nowoczesnych mebli. W ofercie: krzes\u0142a tapicerowane, meble skrzyniowe, stoly do jadalni, sto\u0142y d\u0119bowe,meble do salonu, jadalni. Absynth oryginalne meble - Zapraszamy","og_url":"https:\/\/absynth.eu\/pl\/kolekcje\/kolekcja-frame\/regal\/","og_site_name":"Absynth","article_publisher":"https:\/\/www.facebook.com\/MebleABSYNTH","article_modified_time":"2019-04-08T11:07:15+00:00","twitter_card":"summary_large_image","twitter_misc":{"Szacowany czas czytania":"2 minuty"},"schema":{"@context":"https:\/\/schema.org","@graph":[{"@type":"WebPage","@id":"https:\/\/absynth.eu\/kolekcje\/kolekcja-frame\/regal\/","url":"https:\/\/absynth.eu\/kolekcje\/kolekcja-frame\/regal\/","name":"REGA\u0141 - Absynth","isPartOf":{"@id":"https:\/\/absynth.eu\/pl\/#website"},"datePublished":"2019-03-22T22:33:52+00:00","dateModified":"2019-04-08T11:07:15+00:00","description":"Absynth - producent nowoczesnych mebli. W ofercie: krzes\u0142a tapicerowane, meble skrzyniowe, stoly do jadalni, sto\u0142y d\u0119bowe,meble do salonu, jadalni. Absynth oryginalne meble - Zapraszamy","breadcrumb":{"@id":"https:\/\/absynth.eu\/kolekcje\/kolekcja-frame\/regal\/#breadcrumb"},"inLanguage":"pl-PL","potentialAction":[{"@type":"ReadAction","target":["https:\/\/absynth.eu\/kolekcje\/kolekcja-frame\/regal\/"]}]},{"@type":"BreadcrumbList","@id":"https:\/\/absynth.eu\/kolekcje\/kolekcja-frame\/regal\/#breadcrumb","itemListElement":[{"@type":"ListItem","position":1,"name":"Strona g\u0142\u00f3wna","item":"https:\/\/absynth.eu\/"},{"@type":"ListItem","position":2,"name":"Kolekcje","item":"https:\/\/absynth.eu\/kolekcje\/"},{"@type":"ListItem","position":3,"name":"Kolekcja Frame","item":"https:\/\/absynth.eu\/kolekcje\/kolekcja-frame\/"},{"@type":"ListItem","position":4,"name":"REGA\u0141"}]},{"@type":"WebSite","@id":"https:\/\/absynth.eu\/pl\/#website","url":"https:\/\/absynth.eu\/pl\/","name":"Absynth","description":"Meble tworz\u0105 wn\u0119trze","potentialAction":[{"@type":"SearchAction","target":{"@type":"EntryPoint","urlTemplate":"https:\/\/absynth.eu\/pl\/?s={search_term_string}"},"query-input":"required name=search_term_string"}],"inLanguage":"pl-PL"}]}},"_links":{"self":[{"href":"https:\/\/absynth.eu\/pl\/wp-json\/wp\/v2\/pages\/6311"}],"collection":[{"href":"https:\/\/absynth.eu\/pl\/wp-json\/wp\/v2\/pages"}],"about":[{"href":"https:\/\/absynth.eu\/pl\/wp-json\/wp\/v2\/types\/page"}],"author":[{"embeddable":true,"href":"https:\/\/absynth.eu\/pl\/wp-json\/wp\/v2\/users\/1"}],"replies":[{"embeddable":true,"href":"https:\/\/absynth.eu\/pl\/wp-json\/wp\/v2\/comments?post=6311"}],"version-history":[{"count":4,"href":"https:\/\/absynth.eu\/pl\/wp-json\/wp\/v2\/pages\/6311\/revisions"}],"predecessor-version":[{"id":6314,"href":"https:\/\/absynth.eu\/pl\/wp-json\/wp\/v2\/pages\/6311\/revisions\/6314"}],"up":[{"embeddable":true,"href":"https:\/\/absynth.eu\/pl\/wp-json\/wp\/v2\/pages\/6222"}],"wp:attachment":[{"href":"https:\/\/absynth.eu\/pl\/wp-json\/wp\/v2\/media?parent=6311"}],"curies":[{"name":"wp","href":"https:\/\/api.w.org\/{rel}","templated":true}]}}