{"id":6559,"date":"2019-03-23T17:45:34","date_gmt":"2019-03-23T16:45:34","guid":{"rendered":"http:\/\/absynth.eu\/?page_id=6559"},"modified":"2024-09-13T11:28:23","modified_gmt":"2024-09-13T09:28:23","slug":"fotel","status":"publish","type":"page","link":"https:\/\/absynth.eu\/pl\/kolekcje\/kolekcja-moon\/fotel\/","title":{"rendered":"FOTEL"},"content":{"rendered":"<div class=\"qodef-row-grid-section-wrapper \"  ><div class=\"qodef-row-grid-section\"><div class=\"vc_row wpb_row vc_row-fluid\" ><div class=\"wpb_column vc_column_container vc_col-sm-12\"><div class=\"vc_column-inner\"><div class=\"wpb_wrapper\"><h2 style=\"text-align: left\" class=\"vc_custom_heading\" >MOON collection<\/h2>\n\t<div class=\"wpb_text_column wpb_content_element \" >\n\t\t<div class=\"wpb_wrapper\">\n\t\t\t<p>kod produktu:<br \/>\nA08-4-FAB<\/p>\n\n\t\t<\/div>\n\t<\/div>\n\n\t<div class=\"wpb_text_column wpb_content_element \" >\n\t\t<div class=\"wpb_wrapper\">\n\t\t\t<h5><strong>PROJEKT:<\/strong> DEFFINE FURNITURE LTD<\/h5>\n\n\t\t<\/div>\n\t<\/div>\n<\/div><\/div><\/div><\/div><\/div><\/div><div class=\"vc_row wpb_row vc_row-fluid\" ><div class=\"wpb_column vc_column_container vc_col-sm-4\"><div class=\"vc_column-inner\"><div class=\"wpb_wrapper\"><\/div><\/div><\/div><div class=\"wpb_column vc_column_container vc_col-sm-4\"><div class=\"vc_column-inner\"><div class=\"wpb_wrapper\">\n\t<div  class=\"wpb_single_image wpb_content_element vc_align_center\">\n\t\t\n\t\t<figure class=\"wpb_wrapper vc_figure\">\n\t\t\t<a data-rel=\"prettyPhoto[rel-6559-1194346165]\" href=\"https:\/\/absynth.eu\/wp-content\/uploads\/2019\/03\/MOON_ARMCHAIR.jpg\" target=\"_self\" class=\"vc_single_image-wrapper   vc_box_border_grey prettyphoto\"><img loading=\"lazy\" decoding=\"async\" width=\"720\" height=\"360\" src=\"https:\/\/absynth.eu\/wp-content\/uploads\/2019\/03\/MOON_ARMCHAIR.jpg\" class=\"vc_single_image-img attachment-full\" alt=\"\" srcset=\"https:\/\/absynth.eu\/wp-content\/uploads\/2019\/03\/MOON_ARMCHAIR.jpg 720w, https:\/\/absynth.eu\/wp-content\/uploads\/2019\/03\/MOON_ARMCHAIR-300x150.jpg 300w\" sizes=\"(max-width: 720px) 100vw, 720px\" \/><\/a>\n\t\t<\/figure>\n\t<\/div>\n<\/div><\/div><\/div><div class=\"wpb_column vc_column_container vc_col-sm-4\"><div class=\"vc_column-inner\"><div class=\"wpb_wrapper\"><\/div><\/div><\/div><div class=\"wpb_column vc_column_container vc_col-sm-12\"><div class=\"vc_column-inner\"><div class=\"wpb_wrapper\"><div class=\"vc_empty_space\"   style=\"height: 32px\" ><span class=\"vc_empty_space_inner\"><\/span><\/div>\n<\/div><\/div><\/div><\/div><div class=\"qodef-row-grid-section-wrapper \"  ><div class=\"qodef-row-grid-section\"><div class=\"vc_row wpb_row vc_row-fluid\" ><div class=\"wpb_column vc_column_container vc_col-sm-12\"><div class=\"vc_column-inner\"><div class=\"wpb_wrapper\">\n\t<div class=\"wpb_text_column wpb_content_element \" >\n\t\t<div class=\"wpb_wrapper\">\n\t\t\t<p>Modu\u0142y fotela MOON to bardzo du\u017ce mo\u017cliwo\u015bci aran\u017cacyjne ka\u017cdego wn\u0119trza.<br \/>\n\u0141\u0105cz\u0105c dowolnie poszczeg\u00f3lne segmenty , maj\u0105c wp\u0142yw na ich liczb\u0119 i uk\u0142ad modu\u0142\u00f3w samodzielnie kreujesz przestrze\u0144 jednym wyj\u0105tkowym elementem jakim jest fotel MOON.<\/p>\n<p>Dzi\u0119ki zastosowaniu bardzo elastycznej pianki i dodatkowej warstwy zmi\u0119kczaj\u0105cej zapewnili\u015bmy nie tylko wyj\u0105tkowy design ale i wyj\u0105tkowo komfortowy wypoczynek.<\/p>\n\n\t\t<\/div>\n\t<\/div>\n<div class=\"vc_empty_space\"   style=\"height: 60px\" ><span class=\"vc_empty_space_inner\"><\/span><\/div>\n<\/div><\/div><\/div><\/div><\/div><\/div><div class=\"qodef-row-grid-section-wrapper \"  ><div class=\"qodef-row-grid-section\"><div class=\"vc_row wpb_row vc_row-fluid\" ><div class=\"wpb_column vc_column_container vc_col-sm-12\"><div class=\"vc_column-inner\"><div class=\"wpb_wrapper\"><div class=\"qodef-tabs   qodef-tabs-standard\">\n\t<ul class=\"qodef-tabs-nav clearfix\">\n\t\t\t\t\t<li>\n\t\t\t\t\t\t\t\t\t<a href=\"#tab-wymiary\">WYMIARY<\/a>\n\t\t\t\t\t\t\t<\/li>\n\t\t\t<\/ul>\n\t<div class=\"qodef-tab-container\" id=\"tab-wymiary-379\"><div class=\"qodef-accordion-holder qodef-ac-default  qodef-accordion qodef-ac-boxed  clearfix\">\n\t<h6 class=\"qodef-accordion-title\">\n    <span class=\"qodef-accordion-mark\">\n\t\t<span class=\"qodef_icon_plus icon_plus\"><\/span>\n\t\t<span class=\"qodef_icon_minus icon_minus-06\"><\/span>\n\t<\/span>\n\t<span class=\"qodef-tab-title\">WYSOKO\u015a\u0106<\/span>\n<\/h6>\n<div class=\"qodef-accordion-content\">\n\t<div class=\"qodef-accordion-content-inner\">\n\t\t\n\t<div class=\"wpb_text_column wpb_content_element \" >\n\t\t<div class=\"wpb_wrapper\">\n\t\t\t<p>75 cm<\/p>\n\n\t\t<\/div>\n\t<\/div>\n\t<\/div>\n<\/div><h6 class=\"qodef-accordion-title\">\n    <span class=\"qodef-accordion-mark\">\n\t\t<span class=\"qodef_icon_plus icon_plus\"><\/span>\n\t\t<span class=\"qodef_icon_minus icon_minus-06\"><\/span>\n\t<\/span>\n\t<span class=\"qodef-tab-title\">SZEROKO\u015a\u0106<\/span>\n<\/h6>\n<div class=\"qodef-accordion-content\">\n\t<div class=\"qodef-accordion-content-inner\">\n\t\t\n\t<div class=\"wpb_text_column wpb_content_element \" >\n\t\t<div class=\"wpb_wrapper\">\n\t\t\t<p>84 cm<\/p>\n\n\t\t<\/div>\n\t<\/div>\n\t<\/div>\n<\/div><h6 class=\"qodef-accordion-title\">\n    <span class=\"qodef-accordion-mark\">\n\t\t<span class=\"qodef_icon_plus icon_plus\"><\/span>\n\t\t<span class=\"qodef_icon_minus icon_minus-06\"><\/span>\n\t<\/span>\n\t<span class=\"qodef-tab-title\">G\u0141\u0118BOKO\u015a\u0106<\/span>\n<\/h6>\n<div class=\"qodef-accordion-content\">\n\t<div class=\"qodef-accordion-content-inner\">\n\t\t\n\t<div class=\"wpb_text_column wpb_content_element \" >\n\t\t<div class=\"wpb_wrapper\">\n\t\t\t<p>70 cm<\/p>\n\n\t\t<\/div>\n\t<\/div>\n\t<\/div>\n<\/div><\/div>\n\t<div class=\"wpb_text_column wpb_content_element \" >\n\t\t<div class=\"wpb_wrapper\">\n\t\t\t<p>UWAGA! Producent zastrzega sobie mo\u017cliwo\u015b\u0107 zmiany wymiar\u00f3w oraz technologii wykonywania prezentowanych mebli.<\/p>\n\n\t\t<\/div>\n\t<\/div>\n<\/div><\/div><\/div><\/div><\/div><\/div><\/div><\/div><div class=\"qodef-row-grid-section-wrapper \"  ><div class=\"qodef-row-grid-section\"><div class=\"vc_row wpb_row vc_row-fluid\" ><div class=\"wpb_column vc_column_container vc_col-sm-12\"><div class=\"vc_column-inner\"><div class=\"wpb_wrapper\">\n\t<div class=\"wpb_text_column wpb_content_element  vc_custom_1581470930808\" >\n\t\t<div class=\"wpb_wrapper\">\n\t\t\t<h4>Materia\u0142y do pobrania<\/h4>\n\n\t\t<\/div>\n\t<\/div>\n<\/div><\/div><\/div><div class=\"wpb_column vc_column_container vc_col-sm-12\"><div class=\"vc_column-inner\"><div class=\"wpb_wrapper\"><div class=\"wpb_gallery wpb_content_element vc_clearfix\" ><div class=\"wpb_wrapper\"><div class=\"wpb_gallery_slides wpb_image_grid\" data-interval=\"3\"><ul class=\"wpb_image_grid_ul\"><li class=\"isotope-item\"><a class=\"prettyphoto\" href=\"https:\/\/absynth.eu\/wp-content\/uploads\/2020\/02\/Moon_Fotel.png\" data-rel=\"prettyPhoto[rel-6559-25450693]\"><img loading=\"lazy\" decoding=\"async\" width=\"150\" height=\"150\" src=\"https:\/\/absynth.eu\/wp-content\/uploads\/2020\/02\/Moon_Fotel-150x150.png\" class=\"attachment-thumbnail\" alt=\"\" \/><\/a><\/li><li class=\"isotope-item\"><a class=\"prettyphoto\" href=\"https:\/\/absynth.eu\/wp-content\/uploads\/2021\/06\/Karta_Moon_01-1-724x1024.jpg\" data-rel=\"prettyPhoto[rel-6559-25450693]\"><img loading=\"lazy\" decoding=\"async\" width=\"150\" height=\"150\" src=\"https:\/\/absynth.eu\/wp-content\/uploads\/2021\/06\/Karta_Moon_01-1-150x150.jpg\" class=\"attachment-thumbnail\" alt=\"\" srcset=\"https:\/\/absynth.eu\/wp-content\/uploads\/2021\/06\/Karta_Moon_01-1-150x150.jpg 150w, https:\/\/absynth.eu\/wp-content\/uploads\/2021\/06\/Karta_Moon_01-1-650x650.jpg 650w, https:\/\/absynth.eu\/wp-content\/uploads\/2021\/06\/Karta_Moon_01-1-1300x1300.jpg 1300w\" sizes=\"(max-width: 150px) 100vw, 150px\" \/><\/a><\/li><li class=\"isotope-item\"><a class=\"prettyphoto\" href=\"https:\/\/absynth.eu\/wp-content\/uploads\/2021\/06\/Karta_Moon_01-2-724x1024.jpg\" data-rel=\"prettyPhoto[rel-6559-25450693]\"><img loading=\"lazy\" decoding=\"async\" width=\"150\" height=\"150\" src=\"https:\/\/absynth.eu\/wp-content\/uploads\/2021\/06\/Karta_Moon_01-2-150x150.jpg\" class=\"attachment-thumbnail\" alt=\"MOON - \u0142\u0105cznik ma\u0142y\" srcset=\"https:\/\/absynth.eu\/wp-content\/uploads\/2021\/06\/Karta_Moon_01-2-150x150.jpg 150w, https:\/\/absynth.eu\/wp-content\/uploads\/2021\/06\/Karta_Moon_01-2-650x650.jpg 650w, https:\/\/absynth.eu\/wp-content\/uploads\/2021\/06\/Karta_Moon_01-2-1300x1300.jpg 1300w\" sizes=\"(max-width: 150px) 100vw, 150px\" \/><\/a><\/li><\/ul><\/div><\/div><\/div><\/div><\/div><\/div><div class=\"wpb_column vc_column_container vc_col-sm-12\"><div class=\"vc_column-inner\"><div class=\"wpb_wrapper\">\n\t<div class=\"wpb_text_column wpb_content_element \" >\n\t\t<div class=\"wpb_wrapper\">\n\t\t\t<p><a href=\"https:\/\/absynth.eu\/wp-content\/uploads\/2021\/06\/Karta_Moon_01.pdf\" download=\"\">Pobierz rysunki techniczne<\/a><\/p>\n\n\t\t<\/div>\n\t<\/div>\n<\/div><\/div><\/div><div class=\"wpb_column vc_column_container vc_col-sm-12\"><div class=\"vc_column-inner\"><div class=\"wpb_wrapper\">\n\t<div class=\"wpb_text_column wpb_content_element \" >\n\t\t<div class=\"wpb_wrapper\">\n\t\t\t<p>Produkty dost\u0119pne w tkaninach: <a href=\"https:\/\/absynth.eu\/wp-content\/uploads\/2024\/09\/Gr_1.pdf\">Grupa 1<\/a>, <a href=\"https:\/\/absynth.eu\/wp-content\/uploads\/2024\/09\/Gr_2.pdf\">Grupa 2<\/a>, <a href=\"https:\/\/absynth.eu\/wp-content\/uploads\/2024\/09\/Gr_3.pdf\">Grupa 3<\/a>, <a href=\"https:\/\/absynth.eu\/wp-content\/uploads\/2024\/09\/Gr_4.pdf\">Grupa 4<\/a>, <a href=\"https:\/\/absynth.eu\/wp-content\/uploads\/2024\/09\/Gr_5.pdf\">Grupa 5<\/a><\/p>\n\n\t\t<\/div>\n\t<\/div>\n<\/div><\/div><\/div><\/div><\/div><\/div>\n","protected":false},"excerpt":{"rendered":"MOON collection kod produktu: A08-4-FAB PROJEKT: DEFFINE FURNITURE LTD Modu\u0142y fotela MOON to bardzo du\u017ce mo\u017cliwo\u015bci aran\u017cacyjne ka\u017cdego wn\u0119trza. \u0141\u0105cz\u0105c dowolnie poszczeg\u00f3lne segmenty , maj\u0105c wp\u0142yw na ich liczb\u0119 i uk\u0142ad modu\u0142\u00f3w samodzielnie kreujesz przestrze\u0144 jednym wyj\u0105tkowym elementem jakim jest [...]","protected":false},"author":1,"featured_media":0,"parent":6238,"menu_order":0,"comment_status":"closed","ping_status":"closed","template":"full-width.php","meta":{"_monsterinsights_skip_tracking":false,"_monsterinsights_sitenote_active":false,"_monsterinsights_sitenote_note":"","_monsterinsights_sitenote_category":0,"footnotes":""},"class_list":["post-6559","page","type-page","status-publish","hentry"],"yoast_head":"<!-- This site is optimized with the Yoast SEO plugin v23.1 - https:\/\/yoast.com\/wordpress\/plugins\/seo\/ -->\n<title>FOTEL - Absynth<\/title>\n<meta name=\"description\" content=\"Absynth - producent nowoczesnych mebli. W ofercie: krzes\u0142a tapicerowane, meble skrzyniowe, stoly do jadalni, sto\u0142y d\u0119bowe,meble do salonu, jadalni. Absynth oryginalne meble - Zapraszamy\" \/>\n<meta name=\"robots\" content=\"index, follow, max-snippet:-1, max-image-preview:large, max-video-preview:-1\" \/>\n<link rel=\"canonical\" href=\"https:\/\/absynth.eu\/pl\/kolekcje\/kolekcja-moon\/fotel\/\" \/>\n<meta property=\"og:locale\" content=\"pl_PL\" \/>\n<meta property=\"og:type\" content=\"article\" \/>\n<meta property=\"og:title\" content=\"FOTEL - Absynth\" \/>\n<meta property=\"og:description\" content=\"Absynth - producent nowoczesnych mebli. W ofercie: krzes\u0142a tapicerowane, meble skrzyniowe, stoly do jadalni, sto\u0142y d\u0119bowe,meble do salonu, jadalni. Absynth oryginalne meble - Zapraszamy\" \/>\n<meta property=\"og:url\" content=\"https:\/\/absynth.eu\/pl\/kolekcje\/kolekcja-moon\/fotel\/\" \/>\n<meta property=\"og:site_name\" content=\"Absynth\" \/>\n<meta property=\"article:publisher\" content=\"https:\/\/www.facebook.com\/MebleABSYNTH\" \/>\n<meta property=\"article:modified_time\" content=\"2024-09-13T09:28:23+00:00\" \/>\n<meta name=\"twitter:card\" content=\"summary_large_image\" \/>\n<meta name=\"twitter:label1\" content=\"Szacowany czas czytania\" \/>\n\t<meta name=\"twitter:data1\" content=\"1 minuta\" \/>\n<script type=\"application\/ld+json\" class=\"yoast-schema-graph\">{\"@context\":\"https:\/\/schema.org\",\"@graph\":[{\"@type\":\"WebPage\",\"@id\":\"https:\/\/absynth.eu\/kolekcje\/kolekcja-moon\/fotel\/\",\"url\":\"https:\/\/absynth.eu\/kolekcje\/kolekcja-moon\/fotel\/\",\"name\":\"FOTEL - Absynth\",\"isPartOf\":{\"@id\":\"https:\/\/absynth.eu\/pl\/#website\"},\"datePublished\":\"2019-03-23T16:45:34+00:00\",\"dateModified\":\"2024-09-13T09:28:23+00:00\",\"description\":\"Absynth - producent nowoczesnych mebli. W ofercie: krzes\u0142a tapicerowane, meble skrzyniowe, stoly do jadalni, sto\u0142y d\u0119bowe,meble do salonu, jadalni. Absynth oryginalne meble - Zapraszamy\",\"breadcrumb\":{\"@id\":\"https:\/\/absynth.eu\/kolekcje\/kolekcja-moon\/fotel\/#breadcrumb\"},\"inLanguage\":\"pl-PL\",\"potentialAction\":[{\"@type\":\"ReadAction\",\"target\":[\"https:\/\/absynth.eu\/kolekcje\/kolekcja-moon\/fotel\/\"]}]},{\"@type\":\"BreadcrumbList\",\"@id\":\"https:\/\/absynth.eu\/kolekcje\/kolekcja-moon\/fotel\/#breadcrumb\",\"itemListElement\":[{\"@type\":\"ListItem\",\"position\":1,\"name\":\"Strona g\u0142\u00f3wna\",\"item\":\"https:\/\/absynth.eu\/\"},{\"@type\":\"ListItem\",\"position\":2,\"name\":\"Kolekcje\",\"item\":\"https:\/\/absynth.eu\/kolekcje\/\"},{\"@type\":\"ListItem\",\"position\":3,\"name\":\"Kolekcja MOON\",\"item\":\"https:\/\/absynth.eu\/kolekcje\/kolekcja-moon\/\"},{\"@type\":\"ListItem\",\"position\":4,\"name\":\"FOTEL\"}]},{\"@type\":\"WebSite\",\"@id\":\"https:\/\/absynth.eu\/pl\/#website\",\"url\":\"https:\/\/absynth.eu\/pl\/\",\"name\":\"Absynth\",\"description\":\"Meble tworz\u0105 wn\u0119trze\",\"potentialAction\":[{\"@type\":\"SearchAction\",\"target\":{\"@type\":\"EntryPoint\",\"urlTemplate\":\"https:\/\/absynth.eu\/pl\/?s={search_term_string}\"},\"query-input\":\"required name=search_term_string\"}],\"inLanguage\":\"pl-PL\"}]}<\/script>\n<!-- \/ Yoast SEO plugin. -->","yoast_head_json":{"title":"FOTEL - Absynth","description":"Absynth - producent nowoczesnych mebli. W ofercie: krzes\u0142a tapicerowane, meble skrzyniowe, stoly do jadalni, sto\u0142y d\u0119bowe,meble do salonu, jadalni. Absynth oryginalne meble - Zapraszamy","robots":{"index":"index","follow":"follow","max-snippet":"max-snippet:-1","max-image-preview":"max-image-preview:large","max-video-preview":"max-video-preview:-1"},"canonical":"https:\/\/absynth.eu\/pl\/kolekcje\/kolekcja-moon\/fotel\/","og_locale":"pl_PL","og_type":"article","og_title":"FOTEL - Absynth","og_description":"Absynth - producent nowoczesnych mebli. W ofercie: krzes\u0142a tapicerowane, meble skrzyniowe, stoly do jadalni, sto\u0142y d\u0119bowe,meble do salonu, jadalni. Absynth oryginalne meble - Zapraszamy","og_url":"https:\/\/absynth.eu\/pl\/kolekcje\/kolekcja-moon\/fotel\/","og_site_name":"Absynth","article_publisher":"https:\/\/www.facebook.com\/MebleABSYNTH","article_modified_time":"2024-09-13T09:28:23+00:00","twitter_card":"summary_large_image","twitter_misc":{"Szacowany czas czytania":"1 minuta"},"schema":{"@context":"https:\/\/schema.org","@graph":[{"@type":"WebPage","@id":"https:\/\/absynth.eu\/kolekcje\/kolekcja-moon\/fotel\/","url":"https:\/\/absynth.eu\/kolekcje\/kolekcja-moon\/fotel\/","name":"FOTEL - Absynth","isPartOf":{"@id":"https:\/\/absynth.eu\/pl\/#website"},"datePublished":"2019-03-23T16:45:34+00:00","dateModified":"2024-09-13T09:28:23+00:00","description":"Absynth - producent nowoczesnych mebli. W ofercie: krzes\u0142a tapicerowane, meble skrzyniowe, stoly do jadalni, sto\u0142y d\u0119bowe,meble do salonu, jadalni. Absynth oryginalne meble - Zapraszamy","breadcrumb":{"@id":"https:\/\/absynth.eu\/kolekcje\/kolekcja-moon\/fotel\/#breadcrumb"},"inLanguage":"pl-PL","potentialAction":[{"@type":"ReadAction","target":["https:\/\/absynth.eu\/kolekcje\/kolekcja-moon\/fotel\/"]}]},{"@type":"BreadcrumbList","@id":"https:\/\/absynth.eu\/kolekcje\/kolekcja-moon\/fotel\/#breadcrumb","itemListElement":[{"@type":"ListItem","position":1,"name":"Strona g\u0142\u00f3wna","item":"https:\/\/absynth.eu\/"},{"@type":"ListItem","position":2,"name":"Kolekcje","item":"https:\/\/absynth.eu\/kolekcje\/"},{"@type":"ListItem","position":3,"name":"Kolekcja MOON","item":"https:\/\/absynth.eu\/kolekcje\/kolekcja-moon\/"},{"@type":"ListItem","position":4,"name":"FOTEL"}]},{"@type":"WebSite","@id":"https:\/\/absynth.eu\/pl\/#website","url":"https:\/\/absynth.eu\/pl\/","name":"Absynth","description":"Meble tworz\u0105 wn\u0119trze","potentialAction":[{"@type":"SearchAction","target":{"@type":"EntryPoint","urlTemplate":"https:\/\/absynth.eu\/pl\/?s={search_term_string}"},"query-input":"required name=search_term_string"}],"inLanguage":"pl-PL"}]}},"_links":{"self":[{"href":"https:\/\/absynth.eu\/pl\/wp-json\/wp\/v2\/pages\/6559"}],"collection":[{"href":"https:\/\/absynth.eu\/pl\/wp-json\/wp\/v2\/pages"}],"about":[{"href":"https:\/\/absynth.eu\/pl\/wp-json\/wp\/v2\/types\/page"}],"author":[{"embeddable":true,"href":"https:\/\/absynth.eu\/pl\/wp-json\/wp\/v2\/users\/1"}],"replies":[{"embeddable":true,"href":"https:\/\/absynth.eu\/pl\/wp-json\/wp\/v2\/comments?post=6559"}],"version-history":[{"count":9,"href":"https:\/\/absynth.eu\/pl\/wp-json\/wp\/v2\/pages\/6559\/revisions"}],"predecessor-version":[{"id":9710,"href":"https:\/\/absynth.eu\/pl\/wp-json\/wp\/v2\/pages\/6559\/revisions\/9710"}],"up":[{"embeddable":true,"href":"https:\/\/absynth.eu\/pl\/wp-json\/wp\/v2\/pages\/6238"}],"wp:attachment":[{"href":"https:\/\/absynth.eu\/pl\/wp-json\/wp\/v2\/media?parent=6559"}],"curies":[{"name":"wp","href":"https:\/\/api.w.org\/{rel}","templated":true}]}}