{"id":6924,"date":"2019-03-26T15:54:14","date_gmt":"2019-03-26T14:54:14","guid":{"rendered":"http:\/\/absynth.eu\/?page_id=6924"},"modified":"2025-09-02T10:43:28","modified_gmt":"2025-09-02T08:43:28","slug":"dla-architektow","status":"publish","type":"page","link":"https:\/\/absynth.eu\/pl\/dla-architektow\/","title":{"rendered":"Dla architekt\u00f3w"},"content":{"rendered":"<div class=\"vc_row wpb_row vc_row-fluid\" ><div class=\"wpb_column vc_column_container vc_col-sm-12\"><div class=\"vc_column-inner\"><div class=\"wpb_wrapper\">\n\t<div  class=\"wpb_single_image wpb_content_element vc_align_left  wpb_animate_when_almost_visible wpb_fadeInUp fadeInUp\">\n\t\t\n\t\t<figure class=\"wpb_wrapper vc_figure\">\n\t\t\t<div class=\"vc_single_image-wrapper   vc_box_border_grey\"><img loading=\"lazy\" decoding=\"async\" width=\"1920\" height=\"1356\" src=\"https:\/\/absynth.eu\/wp-content\/uploads\/2019\/03\/baner_moon.jpg\" class=\"vc_single_image-img attachment-full\" alt=\"\" srcset=\"https:\/\/absynth.eu\/wp-content\/uploads\/2019\/03\/baner_moon.jpg 1920w, https:\/\/absynth.eu\/wp-content\/uploads\/2019\/03\/baner_moon-300x212.jpg 300w, https:\/\/absynth.eu\/wp-content\/uploads\/2019\/03\/baner_moon-768x542.jpg 768w, https:\/\/absynth.eu\/wp-content\/uploads\/2019\/03\/baner_moon-1024x723.jpg 1024w\" sizes=\"(max-width: 1920px) 100vw, 1920px\" \/><\/div>\n\t\t<\/figure>\n\t<\/div>\n<div class=\"vc_empty_space\"   style=\"height: 62px\" ><span class=\"vc_empty_space_inner\"><\/span><\/div>\n<\/div><\/div><\/div><\/div><div class=\"qodef-row-grid-section-wrapper \"  ><div class=\"qodef-row-grid-section\"><div class=\"vc_row wpb_row vc_row-fluid\" ><div class=\"wpb_column vc_column_container vc_col-sm-6\"><div class=\"vc_column-inner\"><div class=\"wpb_wrapper\"><div class=\"qodef-section-title-holder  qodef-st-standard qodef-st-title-left qodef-st-normal-space \" >\n\t<div class=\"qodef-st-inner\">\n\t\t\t\t\t\t\t<h2 class=\"qodef-st-title\" >\n\t\t\t\tDla architekt\u00f3w\t\t\t<\/h2>\n\t\t\t\t\t<\/div>\n<\/div><div class=\"vc_empty_space\"   style=\"height: 32px\" ><span class=\"vc_empty_space_inner\"><\/span><\/div>\n\n\t<div class=\"wpb_text_column wpb_content_element \" >\n\t\t<div class=\"wpb_wrapper\">\n\t\t\t<p><span style=\"color: #000000;\">Zapraszamy do wsp\u00f3\u0142pracy projektant\u00f3w, dekorator\u00f3w, stylist\u00f3w wn\u0119trz.<\/span><\/p>\n<p><span style=\"color: #000000;\">Wykonujemy meble o standardowych wymiarach, ale r\u00f3wnie\u017c pod wymiar w przypadku indywidualnych projekt\u00f3w. S\u0142u\u017cymy fachow\u0105 wiedz\u0105, doradztwem technicznym oraz pomoc\u0105\u00a0Pa\u0144stwu i Pa\u0144stwa Klientom.<\/span><\/p>\n<p><span style=\"color: #000000;\">Do ka\u017cdego naszego projektu posiadamy modele 3D.<\/span><\/p>\n<p><span style=\"color: #000000;\">Proponujemy:<\/span><\/p>\n<ul>\n<li><span style=\"color: #000000;\">\u00a0 Dogodne elastyczne warunki wsp\u00f3\u0142pracy,<\/span><\/li>\n<li><span style=\"color: #000000;\">\u00a0 Profesjonaln\u0105 obs\u0142ug\u0119 oraz indywidualne podej\u015bcie,<\/span><\/li>\n<li><span style=\"color: #000000;\">\u00a0 Szerok\u0105 gam\u0119 tkanin dopasowanych do potrzeb zar\u00f3wno wyposa\u017cenia, wn\u0119trz prywatnych jak i przestrzeni publicznych,<\/span><\/li>\n<li><span style=\"color: #000000;\">\u00a0 Mo\u017cliwo\u015b\u0107 wykonania mebli na indywidualne zam\u00f3wienie,<\/span><\/li>\n<\/ul>\n<p><span style=\"color: #000000;\">Jeste\u015bmy otwarci i ch\u0119tni do wsp\u00f3\u0142pracy.<\/span><\/p>\n<p><span style=\"color: #000000;\">Skontaktuj si\u0119 z nami w celu ustalenia indywidualnych warunk\u00f3w wsp\u00f3\u0142pracy on-line: <a style=\"color: #000000;\" href=\"mailto:architekci@absynth.eu\">architekci@absynth.eu<\/a><\/span><\/p>\n<p><span style=\"color: #000000;\">Zapraszamy<\/span><\/p>\n\n\t\t<\/div>\n\t<\/div>\n<div class=\"vc_empty_space\"   style=\"height: 32px\" ><span class=\"vc_empty_space_inner\"><\/span><\/div>\n\n\t<div class=\"wpb_text_column wpb_content_element \" >\n\t\t<div class=\"wpb_wrapper\">\n\t\t\t<h3><a href=\"https:\/\/absynth.eu\/wp-content\/uploads\/2025\/03\/absynth_katalog_2025.pdf\" download=\"\">Pobierz katalog 2025<\/a><\/h3>\n\n\t\t<\/div>\n\t<\/div>\n<div class=\"vc_empty_space\"   style=\"height: 32px\" ><span class=\"vc_empty_space_inner\"><\/span><\/div>\n<\/div><\/div><\/div><div class=\"wpb_column vc_column_container vc_col-sm-6\"><div class=\"vc_column-inner\"><div class=\"wpb_wrapper\"><div class=\"qodef-section-title-holder  qodef-st-standard qodef-st-title-left qodef-st-normal-space \" >\n\t<div class=\"qodef-st-inner\">\n\t\t\t\t\t\t\t<h2 class=\"qodef-st-title\" >\n\t\t\t\tNapisz do nas\t\t\t<\/h2>\n\t\t\t\t\t<\/div>\n<\/div><div class=\"vc_empty_space\"   style=\"height: 32px\" ><span class=\"vc_empty_space_inner\"><\/span><\/div>\n\n<div class=\"wpcf7 no-js\" id=\"wpcf7-f6921-o1\" lang=\"pl-PL\" dir=\"ltr\">\n<div class=\"screen-reader-response\"><p role=\"status\" aria-live=\"polite\" aria-atomic=\"true\"><\/p> <ul><\/ul><\/div>\n<form action=\"\/pl\/wp-json\/wp\/v2\/pages\/6924#wpcf7-f6921-o1\" method=\"post\" class=\"wpcf7-form init\" aria-label=\"Formularz kontaktowy\" novalidate=\"novalidate\" data-status=\"init\">\n<div style=\"display: none;\">\n<input type=\"hidden\" name=\"_wpcf7\" value=\"6921\" \/>\n<input type=\"hidden\" name=\"_wpcf7_version\" value=\"5.9.8\" \/>\n<input type=\"hidden\" name=\"_wpcf7_locale\" value=\"pl_PL\" \/>\n<input type=\"hidden\" name=\"_wpcf7_unit_tag\" value=\"wpcf7-f6921-o1\" \/>\n<input type=\"hidden\" name=\"_wpcf7_container_post\" value=\"0\" \/>\n<input type=\"hidden\" name=\"_wpcf7_posted_data_hash\" value=\"\" \/>\n<\/div>\n<p><span class=\"wpcf7-form-control-wrap\" data-name=\"nazwa\"><input size=\"40\" maxlength=\"400\" class=\"wpcf7-form-control wpcf7-text polowa\" aria-invalid=\"false\" placeholder=\"Imi\u0119 i Nazwisko\" value=\"\" type=\"text\" name=\"nazwa\" \/><\/span>\n<\/p>\n<p><span class=\"wpcf7-form-control-wrap\" data-name=\"adres\"><input size=\"40\" maxlength=\"400\" class=\"wpcf7-form-control wpcf7-text\" aria-invalid=\"false\" placeholder=\"Adres strony www\" value=\"\" type=\"text\" name=\"adres\" \/><\/span>\n<\/p>\n<p><span class=\"wpcf7-form-control-wrap\" data-name=\"tel\"><input size=\"40\" maxlength=\"400\" class=\"wpcf7-form-control wpcf7-tel wpcf7-text wpcf7-validates-as-tel\" aria-invalid=\"false\" placeholder=\"Numer telefonu\" value=\"\" type=\"tel\" name=\"tel\" \/><\/span>\n<\/p>\n<p><span class=\"wpcf7-form-control-wrap\" data-name=\"email\"><input size=\"40\" maxlength=\"400\" class=\"wpcf7-form-control wpcf7-email wpcf7-text wpcf7-validates-as-email\" aria-invalid=\"false\" placeholder=\"Adres e-mail\" value=\"\" type=\"email\" name=\"email\" \/><\/span>\n<\/p>\n<p><span class=\"wpcf7-form-control-wrap\" data-name=\"wiadomosc\"><textarea cols=\"40\" rows=\"10\" maxlength=\"2000\" class=\"wpcf7-form-control wpcf7-textarea\" aria-invalid=\"false\" placeholder=\"W czym mo\u017cemy pom\u00f3c?\" name=\"wiadomosc\"><\/textarea><\/span>\n<\/p>\n<p><span class=\"wpcf7-form-control-wrap\" data-name=\"zgoda\"><span class=\"wpcf7-form-control wpcf7-acceptance\"><span class=\"wpcf7-list-item\"><label><input type=\"checkbox\" name=\"zgoda\" value=\"1\" aria-invalid=\"false\" \/><span class=\"wpcf7-list-item-label\">Wyra\u017cam zgod\u0119 na przetwarzanie moich danych osobowych zamieszczonych w Formularzu przez sp\u00f3\u0142k\u0119 Deffine Furniture sp. z o.o z siedzib\u0105 w z siedzib\u0105 w Bia\u0142ej Podlaskie, przy ulicy Sidorskiej 142, 21-500 Bia\u0142a Podlaska, w celu i zakresie niezb\u0119dnym do realizacji obs\u0142ugi niniejszego zg\u0142oszenia. Jestem \u015bwiadomy, \u017ce mog\u0119 wycofa\u0107 zgod\u0119 w ka\u017cdym momencie. Wycofanie zgody nie ma wp\u0142ywu ma zgodno\u015b\u0107 z prawem przetwarzania, kt\u00f3rego dokonano na podstawie zgody przed jej wycofaniem. Zapozna\u0142em si\u0119 z zasadami przetwarzania danych zamieszczonymi w Polityce Prywatno\u015bci i Plik\u00f3w Cookies oraz Informacji o Administratorze.<\/span><\/label><\/span><\/span><\/span>\n<\/p>\n<p><button class=\"wpcf7-form-control wpcf7-submit qodef-btn qodef-btn-medium qodef-btn-solid\" type=\"submit\"><span class=\"qodef-btn-text\">Wy\u015blij<\/span><\/button>\n<\/p><div class=\"wpcf7-response-output\" aria-hidden=\"true\"><\/div>\n<\/form>\n<\/div>\n<\/div><\/div><\/div><\/div><\/div><\/div>\n","protected":false},"excerpt":{"rendered":"Dla architekt\u00f3w Zapraszamy do wsp\u00f3\u0142pracy projektant\u00f3w, dekorator\u00f3w, stylist\u00f3w wn\u0119trz. Wykonujemy meble o standardowych wymiarach, ale r\u00f3wnie\u017c pod wymiar w przypadku indywidualnych projekt\u00f3w. S\u0142u\u017cymy fachow\u0105 wiedz\u0105, doradztwem technicznym oraz pomoc\u0105\u00a0Pa\u0144stwu i Pa\u0144stwa Klientom. Do ka\u017cdego naszego projektu posiadamy modele 3D. Proponujemy: [...]","protected":false},"author":1,"featured_media":0,"parent":0,"menu_order":0,"comment_status":"closed","ping_status":"closed","template":"full-width.php","meta":{"_monsterinsights_skip_tracking":false,"_monsterinsights_sitenote_active":false,"_monsterinsights_sitenote_note":"","_monsterinsights_sitenote_category":0,"footnotes":""},"class_list":["post-6924","page","type-page","status-publish","hentry"],"yoast_head":"<!-- This site is optimized with the Yoast SEO plugin v23.1 - https:\/\/yoast.com\/wordpress\/plugins\/seo\/ -->\n<title>Dla architekt\u00f3w - Absynth<\/title>\n<meta name=\"description\" content=\"Absynth - producent nowoczesnych mebli. W ofercie: krzes\u0142a tapicerowane, meble skrzyniowe, stoly do jadalni, sto\u0142y d\u0119bowe,meble do salonu, jadalni. Absynth oryginalne meble - Zapraszamy\" \/>\n<meta name=\"robots\" content=\"index, follow, max-snippet:-1, max-image-preview:large, max-video-preview:-1\" \/>\n<link rel=\"canonical\" href=\"https:\/\/absynth.eu\/pl\/dla-architektow\/\" \/>\n<meta property=\"og:locale\" content=\"pl_PL\" \/>\n<meta property=\"og:type\" content=\"article\" \/>\n<meta property=\"og:title\" content=\"Dla architekt\u00f3w - Absynth\" \/>\n<meta property=\"og:description\" content=\"Absynth - producent nowoczesnych mebli. W ofercie: krzes\u0142a tapicerowane, meble skrzyniowe, stoly do jadalni, sto\u0142y d\u0119bowe,meble do salonu, jadalni. Absynth oryginalne meble - Zapraszamy\" \/>\n<meta property=\"og:url\" content=\"https:\/\/absynth.eu\/pl\/dla-architektow\/\" \/>\n<meta property=\"og:site_name\" content=\"Absynth\" \/>\n<meta property=\"article:publisher\" content=\"https:\/\/www.facebook.com\/MebleABSYNTH\" \/>\n<meta property=\"article:modified_time\" content=\"2025-09-02T08:43:28+00:00\" \/>\n<meta name=\"twitter:card\" content=\"summary_large_image\" \/>\n<meta name=\"twitter:label1\" content=\"Szacowany czas czytania\" \/>\n\t<meta name=\"twitter:data1\" content=\"1 minuta\" \/>\n<script type=\"application\/ld+json\" class=\"yoast-schema-graph\">{\"@context\":\"https:\/\/schema.org\",\"@graph\":[{\"@type\":\"WebPage\",\"@id\":\"https:\/\/absynth.eu\/dla-architektow\/\",\"url\":\"https:\/\/absynth.eu\/dla-architektow\/\",\"name\":\"Dla architekt\u00f3w - Absynth\",\"isPartOf\":{\"@id\":\"https:\/\/absynth.eu\/pl\/#website\"},\"datePublished\":\"2019-03-26T14:54:14+00:00\",\"dateModified\":\"2025-09-02T08:43:28+00:00\",\"description\":\"Absynth - producent nowoczesnych mebli. W ofercie: krzes\u0142a tapicerowane, meble skrzyniowe, stoly do jadalni, sto\u0142y d\u0119bowe,meble do salonu, jadalni. Absynth oryginalne meble - Zapraszamy\",\"breadcrumb\":{\"@id\":\"https:\/\/absynth.eu\/dla-architektow\/#breadcrumb\"},\"inLanguage\":\"pl-PL\",\"potentialAction\":[{\"@type\":\"ReadAction\",\"target\":[\"https:\/\/absynth.eu\/dla-architektow\/\"]}]},{\"@type\":\"BreadcrumbList\",\"@id\":\"https:\/\/absynth.eu\/dla-architektow\/#breadcrumb\",\"itemListElement\":[{\"@type\":\"ListItem\",\"position\":1,\"name\":\"Strona g\u0142\u00f3wna\",\"item\":\"https:\/\/absynth.eu\/\"},{\"@type\":\"ListItem\",\"position\":2,\"name\":\"Dla architekt\u00f3w\"}]},{\"@type\":\"WebSite\",\"@id\":\"https:\/\/absynth.eu\/pl\/#website\",\"url\":\"https:\/\/absynth.eu\/pl\/\",\"name\":\"Absynth\",\"description\":\"Meble tworz\u0105 wn\u0119trze\",\"potentialAction\":[{\"@type\":\"SearchAction\",\"target\":{\"@type\":\"EntryPoint\",\"urlTemplate\":\"https:\/\/absynth.eu\/pl\/?s={search_term_string}\"},\"query-input\":\"required name=search_term_string\"}],\"inLanguage\":\"pl-PL\"}]}<\/script>\n<!-- \/ Yoast SEO plugin. -->","yoast_head_json":{"title":"Dla architekt\u00f3w - Absynth","description":"Absynth - producent nowoczesnych mebli. W ofercie: krzes\u0142a tapicerowane, meble skrzyniowe, stoly do jadalni, sto\u0142y d\u0119bowe,meble do salonu, jadalni. Absynth oryginalne meble - Zapraszamy","robots":{"index":"index","follow":"follow","max-snippet":"max-snippet:-1","max-image-preview":"max-image-preview:large","max-video-preview":"max-video-preview:-1"},"canonical":"https:\/\/absynth.eu\/pl\/dla-architektow\/","og_locale":"pl_PL","og_type":"article","og_title":"Dla architekt\u00f3w - Absynth","og_description":"Absynth - producent nowoczesnych mebli. W ofercie: krzes\u0142a tapicerowane, meble skrzyniowe, stoly do jadalni, sto\u0142y d\u0119bowe,meble do salonu, jadalni. Absynth oryginalne meble - Zapraszamy","og_url":"https:\/\/absynth.eu\/pl\/dla-architektow\/","og_site_name":"Absynth","article_publisher":"https:\/\/www.facebook.com\/MebleABSYNTH","article_modified_time":"2025-09-02T08:43:28+00:00","twitter_card":"summary_large_image","twitter_misc":{"Szacowany czas czytania":"1 minuta"},"schema":{"@context":"https:\/\/schema.org","@graph":[{"@type":"WebPage","@id":"https:\/\/absynth.eu\/dla-architektow\/","url":"https:\/\/absynth.eu\/dla-architektow\/","name":"Dla architekt\u00f3w - Absynth","isPartOf":{"@id":"https:\/\/absynth.eu\/pl\/#website"},"datePublished":"2019-03-26T14:54:14+00:00","dateModified":"2025-09-02T08:43:28+00:00","description":"Absynth - producent nowoczesnych mebli. W ofercie: krzes\u0142a tapicerowane, meble skrzyniowe, stoly do jadalni, sto\u0142y d\u0119bowe,meble do salonu, jadalni. Absynth oryginalne meble - Zapraszamy","breadcrumb":{"@id":"https:\/\/absynth.eu\/dla-architektow\/#breadcrumb"},"inLanguage":"pl-PL","potentialAction":[{"@type":"ReadAction","target":["https:\/\/absynth.eu\/dla-architektow\/"]}]},{"@type":"BreadcrumbList","@id":"https:\/\/absynth.eu\/dla-architektow\/#breadcrumb","itemListElement":[{"@type":"ListItem","position":1,"name":"Strona g\u0142\u00f3wna","item":"https:\/\/absynth.eu\/"},{"@type":"ListItem","position":2,"name":"Dla architekt\u00f3w"}]},{"@type":"WebSite","@id":"https:\/\/absynth.eu\/pl\/#website","url":"https:\/\/absynth.eu\/pl\/","name":"Absynth","description":"Meble tworz\u0105 wn\u0119trze","potentialAction":[{"@type":"SearchAction","target":{"@type":"EntryPoint","urlTemplate":"https:\/\/absynth.eu\/pl\/?s={search_term_string}"},"query-input":"required name=search_term_string"}],"inLanguage":"pl-PL"}]}},"_links":{"self":[{"href":"https:\/\/absynth.eu\/pl\/wp-json\/wp\/v2\/pages\/6924"}],"collection":[{"href":"https:\/\/absynth.eu\/pl\/wp-json\/wp\/v2\/pages"}],"about":[{"href":"https:\/\/absynth.eu\/pl\/wp-json\/wp\/v2\/types\/page"}],"author":[{"embeddable":true,"href":"https:\/\/absynth.eu\/pl\/wp-json\/wp\/v2\/users\/1"}],"replies":[{"embeddable":true,"href":"https:\/\/absynth.eu\/pl\/wp-json\/wp\/v2\/comments?post=6924"}],"version-history":[{"count":14,"href":"https:\/\/absynth.eu\/pl\/wp-json\/wp\/v2\/pages\/6924\/revisions"}],"predecessor-version":[{"id":10199,"href":"https:\/\/absynth.eu\/pl\/wp-json\/wp\/v2\/pages\/6924\/revisions\/10199"}],"wp:attachment":[{"href":"https:\/\/absynth.eu\/pl\/wp-json\/wp\/v2\/media?parent=6924"}],"curies":[{"name":"wp","href":"https:\/\/api.w.org\/{rel}","templated":true}]}}