{"id":7937,"date":"2020-08-25T03:37:42","date_gmt":"2020-08-25T01:37:42","guid":{"rendered":"https:\/\/absynth.eu\/?page_id=7937"},"modified":"2020-10-16T00:11:05","modified_gmt":"2020-10-15T22:11:05","slug":"wspieramy-polski-design","status":"publish","type":"page","link":"https:\/\/absynth.eu\/pl\/realizacje\/wspieramy-polski-design\/","title":{"rendered":"Wspieramy polski design"},"content":{"rendered":"<div class=\"qodef-row-grid-section-wrapper \"  ><div class=\"qodef-row-grid-section\"><div class=\"vc_row wpb_row vc_row-fluid\" ><div class=\"wpb_column vc_column_container vc_col-sm-12\"><div class=\"vc_column-inner\"><div class=\"wpb_wrapper\">\n\t<div class=\"wpb_text_column wpb_content_element \" >\n\t\t<div class=\"wpb_wrapper\">\n\t\t\t<h3>Katalog &#8222;Wspieramy polski design&#8221;<\/h3>\n<p>#wspierampolskidesign<\/p>\n<p>Stylizacja Kamila Jakubowska &#8211; Szmyd<\/p>\n<p>Zdj\u0119cia: <a href=\"http:\/\/yassenhristov.com\/o-mnie\/\">Yassen Hristov<\/a><\/p>\n\n\t\t<\/div>\n\t<\/div>\n<\/div><\/div><\/div><div class=\"wpb_column vc_column_container vc_col-sm-12\"><div class=\"vc_column-inner\"><div class=\"wpb_wrapper\"><div class=\"vc_empty_space\"   style=\"height: 32px\" ><span class=\"vc_empty_space_inner\"><\/span><\/div>\n<\/div><\/div><\/div><\/div><\/div><\/div><div class=\"vc_row wpb_row vc_row-fluid\" ><div class=\"wpb_column vc_column_container vc_col-sm-4\"><div class=\"vc_column-inner\"><div class=\"wpb_wrapper\">\n\t<div  class=\"wpb_single_image wpb_content_element vc_align_center  wpb_animate_when_almost_visible wpb_fadeInLeft fadeInLeft\">\n\t\t\n\t\t<figure class=\"wpb_wrapper vc_figure\">\n\t\t\t<a data-rel=\"prettyPhoto[rel-7937-1164663918]\" href=\"https:\/\/absynth.eu\/wp-content\/uploads\/2020\/08\/HMP2861-robocze-v3-copy-1024x683.jpg\" target=\"_self\" class=\"vc_single_image-wrapper   vc_box_border_grey prettyphoto\"><img loading=\"lazy\" decoding=\"async\" class=\"vc_single_image-img \" src=\"https:\/\/absynth.eu\/wp-content\/uploads\/2020\/08\/HMP2861-robocze-v3-copy-500x300.jpg\" width=\"500\" height=\"300\" alt=\"_HMP2861 robocze v3 copy\" title=\"_HMP2861 robocze v3 copy\" \/><\/a>\n\t\t<\/figure>\n\t<\/div>\n<\/div><\/div><\/div><div class=\"wpb_column vc_column_container vc_col-sm-4\"><div class=\"vc_column-inner\"><div class=\"wpb_wrapper\">\n\t<div  class=\"wpb_single_image wpb_content_element vc_align_center  wpb_animate_when_almost_visible wpb_fadeInUp fadeInUp\">\n\t\t\n\t\t<figure class=\"wpb_wrapper vc_figure\">\n\t\t\t<a data-rel=\"prettyPhoto[rel-7937-1257161126]\" href=\"https:\/\/absynth.eu\/wp-content\/uploads\/2020\/08\/HMP2861-copy-4-1024x683.jpg\" target=\"_self\" class=\"vc_single_image-wrapper   vc_box_border_grey prettyphoto\"><img loading=\"lazy\" decoding=\"async\" class=\"vc_single_image-img \" src=\"https:\/\/absynth.eu\/wp-content\/uploads\/2020\/08\/HMP2861-copy-4-500x300.jpg\" width=\"500\" height=\"300\" alt=\"_HMP2861 copy 4\" title=\"_HMP2861 copy 4\" \/><\/a>\n\t\t<\/figure>\n\t<\/div>\n<\/div><\/div><\/div><div class=\"wpb_column vc_column_container vc_col-sm-4\"><div class=\"vc_column-inner\"><div class=\"wpb_wrapper\">\n\t<div  class=\"wpb_single_image wpb_content_element vc_align_center  wpb_animate_when_almost_visible wpb_fadeInRight fadeInRight\">\n\t\t\n\t\t<figure class=\"wpb_wrapper vc_figure\">\n\t\t\t<a data-rel=\"prettyPhoto[rel-7937-1952834754]\" href=\"https:\/\/absynth.eu\/wp-content\/uploads\/2020\/08\/HMP2862-copy-1024x683.jpg\" target=\"_self\" class=\"vc_single_image-wrapper   vc_box_border_grey prettyphoto\"><img loading=\"lazy\" decoding=\"async\" class=\"vc_single_image-img \" src=\"https:\/\/absynth.eu\/wp-content\/uploads\/2020\/08\/HMP2862-copy-500x300.jpg\" width=\"500\" height=\"300\" alt=\"_HMP2862 copy\" title=\"_HMP2862 copy\" \/><\/a>\n\t\t<\/figure>\n\t<\/div>\n<\/div><\/div><\/div><div class=\"wpb_column vc_column_container vc_col-sm-12\"><div class=\"vc_column-inner\"><div class=\"wpb_wrapper\"><div class=\"vc_empty_space\"   style=\"height: 32px\" ><span class=\"vc_empty_space_inner\"><\/span><\/div>\n<\/div><\/div><\/div><\/div><div class=\"vc_row wpb_row vc_row-fluid\" ><div class=\"wpb_column vc_column_container vc_col-sm-4\"><div class=\"vc_column-inner\"><div class=\"wpb_wrapper\">\n\t<div  class=\"wpb_single_image wpb_content_element vc_align_center  wpb_animate_when_almost_visible wpb_fadeInLeft fadeInLeft\">\n\t\t\n\t\t<figure class=\"wpb_wrapper vc_figure\">\n\t\t\t<a data-rel=\"prettyPhoto[rel-7937-92706559]\" href=\"https:\/\/absynth.eu\/wp-content\/uploads\/2020\/08\/HMP2844-HDR-copy-683x1024.jpg\" target=\"_self\" class=\"vc_single_image-wrapper   vc_box_border_grey prettyphoto\"><img loading=\"lazy\" decoding=\"async\" class=\"vc_single_image-img \" src=\"https:\/\/absynth.eu\/wp-content\/uploads\/2020\/08\/HMP2844-HDR-copy-500x300.jpg\" width=\"500\" height=\"300\" alt=\"_HMP2844-HDR copy\" title=\"_HMP2844-HDR copy\" \/><\/a>\n\t\t<\/figure>\n\t<\/div>\n<\/div><\/div><\/div><div class=\"wpb_column vc_column_container vc_col-sm-4\"><div class=\"vc_column-inner\"><div class=\"wpb_wrapper\">\n\t<div  class=\"wpb_single_image wpb_content_element vc_align_center  wpb_animate_when_almost_visible wpb_fadeInUp fadeInUp\">\n\t\t\n\t\t<figure class=\"wpb_wrapper vc_figure\">\n\t\t\t<a data-rel=\"prettyPhoto[rel-7937-1343754127]\" href=\"https:\/\/absynth.eu\/wp-content\/uploads\/2020\/08\/HMP2868-copy-792x1024.jpg\" target=\"_self\" class=\"vc_single_image-wrapper   vc_box_border_grey prettyphoto\"><img loading=\"lazy\" decoding=\"async\" class=\"vc_single_image-img \" src=\"https:\/\/absynth.eu\/wp-content\/uploads\/2020\/08\/HMP2868-copy-500x300.jpg\" width=\"500\" height=\"300\" alt=\"_HMP2868 copy\" title=\"_HMP2868 copy\" \/><\/a>\n\t\t<\/figure>\n\t<\/div>\n<\/div><\/div><\/div><div class=\"wpb_column vc_column_container vc_col-sm-4\"><div class=\"vc_column-inner\"><div class=\"wpb_wrapper\">\n\t<div  class=\"wpb_single_image wpb_content_element vc_align_center  wpb_animate_when_almost_visible wpb_fadeInRight fadeInRight\">\n\t\t\n\t\t<figure class=\"wpb_wrapper vc_figure\">\n\t\t\t<a data-rel=\"prettyPhoto[rel-7937-938979489]\" href=\"https:\/\/absynth.eu\/wp-content\/uploads\/2020\/08\/HMP2866-copy-734x1024.jpg\" target=\"_self\" class=\"vc_single_image-wrapper   vc_box_border_grey prettyphoto\"><img loading=\"lazy\" decoding=\"async\" class=\"vc_single_image-img \" src=\"https:\/\/absynth.eu\/wp-content\/uploads\/2020\/08\/HMP2866-copy-500x300.jpg\" width=\"500\" height=\"300\" alt=\"_HMP2866 copy\" title=\"_HMP2866 copy\" \/><\/a>\n\t\t<\/figure>\n\t<\/div>\n<\/div><\/div><\/div><div class=\"wpb_column vc_column_container vc_col-sm-12\"><div class=\"vc_column-inner\"><div class=\"wpb_wrapper\"><div class=\"vc_empty_space\"   style=\"height: 32px\" ><span class=\"vc_empty_space_inner\"><\/span><\/div>\n<\/div><\/div><\/div><\/div><div class=\"vc_row wpb_row vc_row-fluid\" ><div class=\"wpb_column vc_column_container vc_col-sm-4\"><div class=\"vc_column-inner\"><div class=\"wpb_wrapper\">\n\t<div  class=\"wpb_single_image wpb_content_element vc_align_center  wpb_animate_when_almost_visible wpb_fadeInLeft fadeInLeft\">\n\t\t\n\t\t<figure class=\"wpb_wrapper vc_figure\">\n\t\t\t<a data-rel=\"prettyPhoto[rel-7937-1098626968]\" href=\"https:\/\/absynth.eu\/wp-content\/uploads\/2020\/08\/HMP2863-copy-1024x683.jpg\" target=\"_self\" class=\"vc_single_image-wrapper   vc_box_border_grey prettyphoto\"><img loading=\"lazy\" decoding=\"async\" class=\"vc_single_image-img \" src=\"https:\/\/absynth.eu\/wp-content\/uploads\/2020\/08\/HMP2863-copy-500x300.jpg\" width=\"500\" height=\"300\" alt=\"_HMP2863 copy\" title=\"_HMP2863 copy\" \/><\/a>\n\t\t<\/figure>\n\t<\/div>\n<\/div><\/div><\/div><div class=\"wpb_column vc_column_container vc_col-sm-4\"><div class=\"vc_column-inner\"><div class=\"wpb_wrapper\">\n\t<div  class=\"wpb_single_image wpb_content_element vc_align_center  wpb_animate_when_almost_visible wpb_fadeInUp fadeInUp\">\n\t\t\n\t\t<figure class=\"wpb_wrapper vc_figure\">\n\t\t\t<a data-rel=\"prettyPhoto[rel-7937-1657747305]\" href=\"https:\/\/absynth.eu\/wp-content\/uploads\/2020\/08\/HMP2850-copy-683x1024.jpg\" target=\"_self\" class=\"vc_single_image-wrapper   vc_box_border_grey prettyphoto\"><img loading=\"lazy\" decoding=\"async\" class=\"vc_single_image-img \" src=\"https:\/\/absynth.eu\/wp-content\/uploads\/2020\/08\/HMP2850-copy-500x300.jpg\" width=\"500\" height=\"300\" alt=\"_HMP2850 copy\" title=\"_HMP2850 copy\" \/><\/a>\n\t\t<\/figure>\n\t<\/div>\n<\/div><\/div><\/div><div class=\"wpb_column vc_column_container vc_col-sm-4\"><div class=\"vc_column-inner\"><div class=\"wpb_wrapper\"><\/div><\/div><\/div><\/div><div class=\"vc_row wpb_row vc_row-fluid\" ><div class=\"wpb_column vc_column_container vc_col-sm-12\"><div class=\"vc_column-inner\"><div class=\"wpb_wrapper\"><div class=\"vc_empty_space\"   style=\"height: 32px\" ><span class=\"vc_empty_space_inner\"><\/span><\/div>\n<\/div><\/div><\/div><\/div><div class=\"vc_row wpb_row vc_row-fluid\" ><div class=\"wpb_column vc_column_container vc_col-sm-12\"><div class=\"vc_column-inner\"><div class=\"wpb_wrapper\"><div class=\"wpb_gallery wpb_content_element vc_clearfix wpb_animate_when_almost_visible wpb_fadeInUp fadeInUp\" ><div class=\"wpb_wrapper\"><div class=\"wpb_gallery_slides wpb_slider_nivo theme-default\" data-interval=\"3\"><div class=\"nivoSlider\"><a class=\"prettyphoto\" href=\"https:\/\/absynth.eu\/wp-content\/uploads\/2020\/08\/HMP2861-robocze-v3-copy-1024x683.jpg\" data-rel=\"prettyPhoto[rel-7937-450930679]\"><img loading=\"lazy\" decoding=\"async\" width=\"1920\" height=\"1280\" src=\"https:\/\/absynth.eu\/wp-content\/uploads\/2020\/08\/HMP2861-robocze-v3-copy.jpg\" class=\"attachment-full\" alt=\"\" srcset=\"https:\/\/absynth.eu\/wp-content\/uploads\/2020\/08\/HMP2861-robocze-v3-copy.jpg 1920w, https:\/\/absynth.eu\/wp-content\/uploads\/2020\/08\/HMP2861-robocze-v3-copy-300x200.jpg 300w, https:\/\/absynth.eu\/wp-content\/uploads\/2020\/08\/HMP2861-robocze-v3-copy-768x512.jpg 768w, https:\/\/absynth.eu\/wp-content\/uploads\/2020\/08\/HMP2861-robocze-v3-copy-1024x683.jpg 1024w\" sizes=\"(max-width: 1920px) 100vw, 1920px\" \/><\/a><a class=\"prettyphoto\" href=\"https:\/\/absynth.eu\/wp-content\/uploads\/2020\/08\/HMP2861-copy-4-1024x683.jpg\" data-rel=\"prettyPhoto[rel-7937-450930679]\"><img loading=\"lazy\" decoding=\"async\" width=\"1920\" height=\"1280\" src=\"https:\/\/absynth.eu\/wp-content\/uploads\/2020\/08\/HMP2861-copy-4.jpg\" class=\"attachment-full\" alt=\"\" srcset=\"https:\/\/absynth.eu\/wp-content\/uploads\/2020\/08\/HMP2861-copy-4.jpg 1920w, https:\/\/absynth.eu\/wp-content\/uploads\/2020\/08\/HMP2861-copy-4-300x200.jpg 300w, https:\/\/absynth.eu\/wp-content\/uploads\/2020\/08\/HMP2861-copy-4-768x512.jpg 768w, https:\/\/absynth.eu\/wp-content\/uploads\/2020\/08\/HMP2861-copy-4-1024x683.jpg 1024w\" sizes=\"(max-width: 1920px) 100vw, 1920px\" \/><\/a><a class=\"prettyphoto\" href=\"https:\/\/absynth.eu\/wp-content\/uploads\/2020\/08\/HMP2850-copy-683x1024.jpg\" data-rel=\"prettyPhoto[rel-7937-450930679]\"><img loading=\"lazy\" decoding=\"async\" width=\"1280\" height=\"1920\" src=\"https:\/\/absynth.eu\/wp-content\/uploads\/2020\/08\/HMP2850-copy.jpg\" class=\"attachment-full\" alt=\"\" srcset=\"https:\/\/absynth.eu\/wp-content\/uploads\/2020\/08\/HMP2850-copy.jpg 1280w, https:\/\/absynth.eu\/wp-content\/uploads\/2020\/08\/HMP2850-copy-200x300.jpg 200w, https:\/\/absynth.eu\/wp-content\/uploads\/2020\/08\/HMP2850-copy-768x1152.jpg 768w, https:\/\/absynth.eu\/wp-content\/uploads\/2020\/08\/HMP2850-copy-683x1024.jpg 683w\" sizes=\"(max-width: 1280px) 100vw, 1280px\" \/><\/a><a class=\"prettyphoto\" href=\"https:\/\/absynth.eu\/wp-content\/uploads\/2020\/08\/HMP2844-HDR-copy-683x1024.jpg\" data-rel=\"prettyPhoto[rel-7937-450930679]\"><img loading=\"lazy\" decoding=\"async\" width=\"1280\" height=\"1920\" src=\"https:\/\/absynth.eu\/wp-content\/uploads\/2020\/08\/HMP2844-HDR-copy.jpg\" class=\"attachment-full\" alt=\"\" srcset=\"https:\/\/absynth.eu\/wp-content\/uploads\/2020\/08\/HMP2844-HDR-copy.jpg 1280w, https:\/\/absynth.eu\/wp-content\/uploads\/2020\/08\/HMP2844-HDR-copy-200x300.jpg 200w, https:\/\/absynth.eu\/wp-content\/uploads\/2020\/08\/HMP2844-HDR-copy-768x1152.jpg 768w, https:\/\/absynth.eu\/wp-content\/uploads\/2020\/08\/HMP2844-HDR-copy-683x1024.jpg 683w\" sizes=\"(max-width: 1280px) 100vw, 1280px\" \/><\/a><a class=\"prettyphoto\" href=\"https:\/\/absynth.eu\/wp-content\/uploads\/2020\/08\/HMP2868-copy-792x1024.jpg\" data-rel=\"prettyPhoto[rel-7937-450930679]\"><img loading=\"lazy\" decoding=\"async\" width=\"1400\" height=\"1811\" src=\"https:\/\/absynth.eu\/wp-content\/uploads\/2020\/08\/HMP2868-copy.jpg\" class=\"attachment-full\" alt=\"\" srcset=\"https:\/\/absynth.eu\/wp-content\/uploads\/2020\/08\/HMP2868-copy.jpg 1400w, https:\/\/absynth.eu\/wp-content\/uploads\/2020\/08\/HMP2868-copy-232x300.jpg 232w, https:\/\/absynth.eu\/wp-content\/uploads\/2020\/08\/HMP2868-copy-768x993.jpg 768w, https:\/\/absynth.eu\/wp-content\/uploads\/2020\/08\/HMP2868-copy-792x1024.jpg 792w\" sizes=\"(max-width: 1400px) 100vw, 1400px\" \/><\/a><a class=\"prettyphoto\" href=\"https:\/\/absynth.eu\/wp-content\/uploads\/2020\/08\/HMP2866-copy-734x1024.jpg\" data-rel=\"prettyPhoto[rel-7937-450930679]\"><img loading=\"lazy\" decoding=\"async\" width=\"1376\" height=\"1920\" src=\"https:\/\/absynth.eu\/wp-content\/uploads\/2020\/08\/HMP2866-copy.jpg\" class=\"attachment-full\" alt=\"\" srcset=\"https:\/\/absynth.eu\/wp-content\/uploads\/2020\/08\/HMP2866-copy.jpg 1376w, https:\/\/absynth.eu\/wp-content\/uploads\/2020\/08\/HMP2866-copy-215x300.jpg 215w, https:\/\/absynth.eu\/wp-content\/uploads\/2020\/08\/HMP2866-copy-768x1072.jpg 768w, https:\/\/absynth.eu\/wp-content\/uploads\/2020\/08\/HMP2866-copy-734x1024.jpg 734w\" sizes=\"(max-width: 1376px) 100vw, 1376px\" \/><\/a><a class=\"prettyphoto\" href=\"https:\/\/absynth.eu\/wp-content\/uploads\/2020\/08\/HMP2863-copy-1024x683.jpg\" data-rel=\"prettyPhoto[rel-7937-450930679]\"><img loading=\"lazy\" decoding=\"async\" width=\"1920\" height=\"1280\" src=\"https:\/\/absynth.eu\/wp-content\/uploads\/2020\/08\/HMP2863-copy.jpg\" class=\"attachment-full\" alt=\"\" srcset=\"https:\/\/absynth.eu\/wp-content\/uploads\/2020\/08\/HMP2863-copy.jpg 1920w, https:\/\/absynth.eu\/wp-content\/uploads\/2020\/08\/HMP2863-copy-300x200.jpg 300w, https:\/\/absynth.eu\/wp-content\/uploads\/2020\/08\/HMP2863-copy-768x512.jpg 768w, https:\/\/absynth.eu\/wp-content\/uploads\/2020\/08\/HMP2863-copy-1024x683.jpg 1024w\" sizes=\"(max-width: 1920px) 100vw, 1920px\" \/><\/a><a class=\"prettyphoto\" href=\"https:\/\/absynth.eu\/wp-content\/uploads\/2020\/08\/HMP2862-copy-1024x683.jpg\" data-rel=\"prettyPhoto[rel-7937-450930679]\"><img loading=\"lazy\" decoding=\"async\" width=\"1920\" height=\"1280\" src=\"https:\/\/absynth.eu\/wp-content\/uploads\/2020\/08\/HMP2862-copy.jpg\" class=\"attachment-full\" alt=\"\" srcset=\"https:\/\/absynth.eu\/wp-content\/uploads\/2020\/08\/HMP2862-copy.jpg 1920w, https:\/\/absynth.eu\/wp-content\/uploads\/2020\/08\/HMP2862-copy-300x200.jpg 300w, https:\/\/absynth.eu\/wp-content\/uploads\/2020\/08\/HMP2862-copy-768x512.jpg 768w, https:\/\/absynth.eu\/wp-content\/uploads\/2020\/08\/HMP2862-copy-1024x683.jpg 1024w\" sizes=\"(max-width: 1920px) 100vw, 1920px\" \/><\/a><\/div><\/div><\/div><\/div><\/div><\/div><\/div><\/div>\n","protected":false},"excerpt":{"rendered":"Katalog \"Wspieramy polski design\" #wspierampolskidesign Stylizacja Kamila Jakubowska - Szmyd Zdj\u0119cia: Yassen Hristov","protected":false},"author":2,"featured_media":0,"parent":5638,"menu_order":0,"comment_status":"closed","ping_status":"closed","template":"full-width.php","meta":{"_monsterinsights_skip_tracking":false,"_monsterinsights_sitenote_active":false,"_monsterinsights_sitenote_note":"","_monsterinsights_sitenote_category":0,"footnotes":""},"class_list":["post-7937","page","type-page","status-publish","hentry"],"yoast_head":"<!-- This site is optimized with the Yoast SEO plugin v23.1 - https:\/\/yoast.com\/wordpress\/plugins\/seo\/ -->\n<title>Wspieramy polski design - Absynth<\/title>\n<meta name=\"description\" content=\"Absynth - producent nowoczesnych mebli. W ofercie: krzes\u0142a tapicerowane, meble skrzyniowe, stoly do jadalni, sto\u0142y d\u0119bowe,meble do salonu, jadalni. Absynth oryginalne meble - Zapraszamy\" \/>\n<meta name=\"robots\" content=\"index, follow, max-snippet:-1, max-image-preview:large, max-video-preview:-1\" \/>\n<link rel=\"canonical\" href=\"https:\/\/absynth.eu\/pl\/realizacje\/wspieramy-polski-design\/\" \/>\n<meta property=\"og:locale\" content=\"pl_PL\" \/>\n<meta property=\"og:type\" content=\"article\" \/>\n<meta property=\"og:title\" content=\"Wspieramy polski design - Absynth\" \/>\n<meta property=\"og:description\" content=\"Absynth - producent nowoczesnych mebli. W ofercie: krzes\u0142a tapicerowane, meble skrzyniowe, stoly do jadalni, sto\u0142y d\u0119bowe,meble do salonu, jadalni. Absynth oryginalne meble - Zapraszamy\" \/>\n<meta property=\"og:url\" content=\"https:\/\/absynth.eu\/pl\/realizacje\/wspieramy-polski-design\/\" \/>\n<meta property=\"og:site_name\" content=\"Absynth\" \/>\n<meta property=\"article:publisher\" content=\"https:\/\/www.facebook.com\/MebleABSYNTH\" \/>\n<meta property=\"article:modified_time\" content=\"2020-10-15T22:11:05+00:00\" \/>\n<meta name=\"twitter:card\" content=\"summary_large_image\" \/>\n<meta name=\"twitter:label1\" content=\"Szacowany czas czytania\" \/>\n\t<meta name=\"twitter:data1\" content=\"1 minuta\" \/>\n<script type=\"application\/ld+json\" class=\"yoast-schema-graph\">{\"@context\":\"https:\/\/schema.org\",\"@graph\":[{\"@type\":\"WebPage\",\"@id\":\"https:\/\/absynth.eu\/realizacje\/wspieramy-polski-design\/\",\"url\":\"https:\/\/absynth.eu\/realizacje\/wspieramy-polski-design\/\",\"name\":\"Wspieramy polski design - Absynth\",\"isPartOf\":{\"@id\":\"https:\/\/absynth.eu\/pl\/#website\"},\"datePublished\":\"2020-08-25T01:37:42+00:00\",\"dateModified\":\"2020-10-15T22:11:05+00:00\",\"description\":\"Absynth - producent nowoczesnych mebli. W ofercie: krzes\u0142a tapicerowane, meble skrzyniowe, stoly do jadalni, sto\u0142y d\u0119bowe,meble do salonu, jadalni. Absynth oryginalne meble - Zapraszamy\",\"breadcrumb\":{\"@id\":\"https:\/\/absynth.eu\/realizacje\/wspieramy-polski-design\/#breadcrumb\"},\"inLanguage\":\"pl-PL\",\"potentialAction\":[{\"@type\":\"ReadAction\",\"target\":[\"https:\/\/absynth.eu\/realizacje\/wspieramy-polski-design\/\"]}]},{\"@type\":\"BreadcrumbList\",\"@id\":\"https:\/\/absynth.eu\/realizacje\/wspieramy-polski-design\/#breadcrumb\",\"itemListElement\":[{\"@type\":\"ListItem\",\"position\":1,\"name\":\"Strona g\u0142\u00f3wna\",\"item\":\"https:\/\/absynth.eu\/\"},{\"@type\":\"ListItem\",\"position\":2,\"name\":\"Realizacje\",\"item\":\"https:\/\/absynth.eu\/realizacje\/\"},{\"@type\":\"ListItem\",\"position\":3,\"name\":\"Wspieramy polski design\"}]},{\"@type\":\"WebSite\",\"@id\":\"https:\/\/absynth.eu\/pl\/#website\",\"url\":\"https:\/\/absynth.eu\/pl\/\",\"name\":\"Absynth\",\"description\":\"Meble tworz\u0105 wn\u0119trze\",\"potentialAction\":[{\"@type\":\"SearchAction\",\"target\":{\"@type\":\"EntryPoint\",\"urlTemplate\":\"https:\/\/absynth.eu\/pl\/?s={search_term_string}\"},\"query-input\":\"required name=search_term_string\"}],\"inLanguage\":\"pl-PL\"}]}<\/script>\n<!-- \/ Yoast SEO plugin. -->","yoast_head_json":{"title":"Wspieramy polski design - Absynth","description":"Absynth - producent nowoczesnych mebli. W ofercie: krzes\u0142a tapicerowane, meble skrzyniowe, stoly do jadalni, sto\u0142y d\u0119bowe,meble do salonu, jadalni. Absynth oryginalne meble - Zapraszamy","robots":{"index":"index","follow":"follow","max-snippet":"max-snippet:-1","max-image-preview":"max-image-preview:large","max-video-preview":"max-video-preview:-1"},"canonical":"https:\/\/absynth.eu\/pl\/realizacje\/wspieramy-polski-design\/","og_locale":"pl_PL","og_type":"article","og_title":"Wspieramy polski design - Absynth","og_description":"Absynth - producent nowoczesnych mebli. W ofercie: krzes\u0142a tapicerowane, meble skrzyniowe, stoly do jadalni, sto\u0142y d\u0119bowe,meble do salonu, jadalni. Absynth oryginalne meble - Zapraszamy","og_url":"https:\/\/absynth.eu\/pl\/realizacje\/wspieramy-polski-design\/","og_site_name":"Absynth","article_publisher":"https:\/\/www.facebook.com\/MebleABSYNTH","article_modified_time":"2020-10-15T22:11:05+00:00","twitter_card":"summary_large_image","twitter_misc":{"Szacowany czas czytania":"1 minuta"},"schema":{"@context":"https:\/\/schema.org","@graph":[{"@type":"WebPage","@id":"https:\/\/absynth.eu\/realizacje\/wspieramy-polski-design\/","url":"https:\/\/absynth.eu\/realizacje\/wspieramy-polski-design\/","name":"Wspieramy polski design - Absynth","isPartOf":{"@id":"https:\/\/absynth.eu\/pl\/#website"},"datePublished":"2020-08-25T01:37:42+00:00","dateModified":"2020-10-15T22:11:05+00:00","description":"Absynth - producent nowoczesnych mebli. W ofercie: krzes\u0142a tapicerowane, meble skrzyniowe, stoly do jadalni, sto\u0142y d\u0119bowe,meble do salonu, jadalni. Absynth oryginalne meble - Zapraszamy","breadcrumb":{"@id":"https:\/\/absynth.eu\/realizacje\/wspieramy-polski-design\/#breadcrumb"},"inLanguage":"pl-PL","potentialAction":[{"@type":"ReadAction","target":["https:\/\/absynth.eu\/realizacje\/wspieramy-polski-design\/"]}]},{"@type":"BreadcrumbList","@id":"https:\/\/absynth.eu\/realizacje\/wspieramy-polski-design\/#breadcrumb","itemListElement":[{"@type":"ListItem","position":1,"name":"Strona g\u0142\u00f3wna","item":"https:\/\/absynth.eu\/"},{"@type":"ListItem","position":2,"name":"Realizacje","item":"https:\/\/absynth.eu\/realizacje\/"},{"@type":"ListItem","position":3,"name":"Wspieramy polski design"}]},{"@type":"WebSite","@id":"https:\/\/absynth.eu\/pl\/#website","url":"https:\/\/absynth.eu\/pl\/","name":"Absynth","description":"Meble tworz\u0105 wn\u0119trze","potentialAction":[{"@type":"SearchAction","target":{"@type":"EntryPoint","urlTemplate":"https:\/\/absynth.eu\/pl\/?s={search_term_string}"},"query-input":"required name=search_term_string"}],"inLanguage":"pl-PL"}]}},"_links":{"self":[{"href":"https:\/\/absynth.eu\/pl\/wp-json\/wp\/v2\/pages\/7937"}],"collection":[{"href":"https:\/\/absynth.eu\/pl\/wp-json\/wp\/v2\/pages"}],"about":[{"href":"https:\/\/absynth.eu\/pl\/wp-json\/wp\/v2\/types\/page"}],"author":[{"embeddable":true,"href":"https:\/\/absynth.eu\/pl\/wp-json\/wp\/v2\/users\/2"}],"replies":[{"embeddable":true,"href":"https:\/\/absynth.eu\/pl\/wp-json\/wp\/v2\/comments?post=7937"}],"version-history":[{"count":7,"href":"https:\/\/absynth.eu\/pl\/wp-json\/wp\/v2\/pages\/7937\/revisions"}],"predecessor-version":[{"id":8015,"href":"https:\/\/absynth.eu\/pl\/wp-json\/wp\/v2\/pages\/7937\/revisions\/8015"}],"up":[{"embeddable":true,"href":"https:\/\/absynth.eu\/pl\/wp-json\/wp\/v2\/pages\/5638"}],"wp:attachment":[{"href":"https:\/\/absynth.eu\/pl\/wp-json\/wp\/v2\/media?parent=7937"}],"curies":[{"name":"wp","href":"https:\/\/api.w.org\/{rel}","templated":true}]}}