{"id":7958,"date":"2020-09-25T01:13:23","date_gmt":"2020-09-24T23:13:23","guid":{"rendered":"https:\/\/absynth.eu\/?page_id=7958"},"modified":"2020-10-16T00:10:14","modified_gmt":"2020-10-15T22:10:14","slug":"wspieram-polski-design-kolekcja-moon","status":"publish","type":"page","link":"https:\/\/absynth.eu\/pl\/realizacje\/wspieram-polski-design-kolekcja-moon\/","title":{"rendered":"Wspieram polski design &#8211; kolekcja MOON"},"content":{"rendered":"<div class=\"qodef-row-grid-section-wrapper \"  ><div class=\"qodef-row-grid-section\"><div class=\"vc_row wpb_row vc_row-fluid\" ><div class=\"wpb_column vc_column_container vc_col-sm-12\"><div class=\"vc_column-inner\"><div class=\"wpb_wrapper\">\n\t<div class=\"wpb_text_column wpb_content_element \" >\n\t\t<div class=\"wpb_wrapper\">\n\t\t\t<h3>Katalog &#8222;Wspieramy polski design&#8221;<\/h3>\n<p>#wspierampolskidesign<\/p>\n<p>Zdj\u0119cia: <a href=\"http:\/\/yassenhristov.com\/o-mnie\/\">Yassen Hristov<\/a><\/p>\n<p><a href=\"https:\/\/www.instagram.com\/wspierampolskidesign\/\">https:\/\/www.instagram.com\/wspierampolskidesign\/<\/a><\/p>\n\n\t\t<\/div>\n\t<\/div>\n<\/div><\/div><\/div><div class=\"wpb_column vc_column_container vc_col-sm-12\"><div class=\"vc_column-inner\"><div class=\"wpb_wrapper\"><div class=\"vc_empty_space\"   style=\"height: 32px\" ><span class=\"vc_empty_space_inner\"><\/span><\/div>\n<\/div><\/div><\/div><\/div><\/div><\/div><div class=\"vc_row wpb_row vc_row-fluid\" ><div class=\"wpb_column vc_column_container vc_col-sm-4\"><div class=\"vc_column-inner\"><div class=\"wpb_wrapper\">\n\t<div  class=\"wpb_single_image wpb_content_element vc_align_center  wpb_animate_when_almost_visible wpb_fadeInLeft fadeInLeft\">\n\t\t\n\t\t<figure class=\"wpb_wrapper vc_figure\">\n\t\t\t<a data-rel=\"prettyPhoto[rel-7958-567905683]\" href=\"https:\/\/absynth.eu\/wp-content\/uploads\/2020\/09\/HMP1145-HDR-copy-684x1024.jpg\" target=\"_self\" class=\"vc_single_image-wrapper   vc_box_border_grey prettyphoto\"><img loading=\"lazy\" decoding=\"async\" class=\"vc_single_image-img \" src=\"https:\/\/absynth.eu\/wp-content\/uploads\/2020\/09\/HMP1145-HDR-copy-500x300.jpg\" width=\"500\" height=\"300\" alt=\"_HMP1145-HDR copy\" title=\"_HMP1145-HDR copy\" \/><\/a>\n\t\t<\/figure>\n\t<\/div>\n<\/div><\/div><\/div><div class=\"wpb_column vc_column_container vc_col-sm-4\"><div class=\"vc_column-inner\"><div class=\"wpb_wrapper\">\n\t<div  class=\"wpb_single_image wpb_content_element vc_align_center  wpb_animate_when_almost_visible wpb_fadeInUp fadeInUp\">\n\t\t\n\t\t<figure class=\"wpb_wrapper vc_figure\">\n\t\t\t<a data-rel=\"prettyPhoto[rel-7958-1042618084]\" href=\"https:\/\/absynth.eu\/wp-content\/uploads\/2020\/09\/HMP1147-HDR-copy-684x1024.jpg\" target=\"_self\" class=\"vc_single_image-wrapper   vc_box_border_grey prettyphoto\"><img loading=\"lazy\" decoding=\"async\" class=\"vc_single_image-img \" src=\"https:\/\/absynth.eu\/wp-content\/uploads\/2020\/09\/HMP1147-HDR-copy-500x300.jpg\" width=\"500\" height=\"300\" alt=\"_HMP1147-HDR copy\" title=\"_HMP1147-HDR copy\" \/><\/a>\n\t\t<\/figure>\n\t<\/div>\n<\/div><\/div><\/div><div class=\"wpb_column vc_column_container vc_col-sm-4\"><div class=\"vc_column-inner\"><div class=\"wpb_wrapper\">\n\t<div  class=\"wpb_single_image wpb_content_element vc_align_center  wpb_animate_when_almost_visible wpb_fadeInRight fadeInRight\">\n\t\t\n\t\t<figure class=\"wpb_wrapper vc_figure\">\n\t\t\t<a data-rel=\"prettyPhoto[rel-7958-1293693091]\" href=\"https:\/\/absynth.eu\/wp-content\/uploads\/2020\/09\/HMP1155-HDR-copy-684x1024.jpg\" target=\"_self\" class=\"vc_single_image-wrapper   vc_box_border_grey prettyphoto\"><img loading=\"lazy\" decoding=\"async\" class=\"vc_single_image-img \" src=\"https:\/\/absynth.eu\/wp-content\/uploads\/2020\/09\/HMP1155-HDR-copy-500x300.jpg\" width=\"500\" height=\"300\" alt=\"_HMP1155-HDR copy\" title=\"_HMP1155-HDR copy\" \/><\/a>\n\t\t<\/figure>\n\t<\/div>\n<\/div><\/div><\/div><div class=\"wpb_column vc_column_container vc_col-sm-12\"><div class=\"vc_column-inner\"><div class=\"wpb_wrapper\"><div class=\"vc_empty_space\"   style=\"height: 32px\" ><span class=\"vc_empty_space_inner\"><\/span><\/div>\n<\/div><\/div><\/div><\/div><div class=\"vc_row wpb_row vc_row-fluid\" ><div class=\"wpb_column vc_column_container vc_col-sm-4\"><div class=\"vc_column-inner\"><div class=\"wpb_wrapper\">\n\t<div  class=\"wpb_single_image wpb_content_element vc_align_center  wpb_animate_when_almost_visible wpb_fadeInLeft fadeInLeft\">\n\t\t\n\t\t<figure class=\"wpb_wrapper vc_figure\">\n\t\t\t<a data-rel=\"prettyPhoto[rel-7958-1731984242]\" href=\"https:\/\/absynth.eu\/wp-content\/uploads\/2020\/09\/HMP1156-HDR-copy-1024x684.jpg\" target=\"_self\" class=\"vc_single_image-wrapper   vc_box_border_grey prettyphoto\"><img loading=\"lazy\" decoding=\"async\" class=\"vc_single_image-img \" src=\"https:\/\/absynth.eu\/wp-content\/uploads\/2020\/09\/HMP1156-HDR-copy-500x300.jpg\" width=\"500\" height=\"300\" alt=\"_HMP1156-HDR copy\" title=\"_HMP1156-HDR copy\" \/><\/a>\n\t\t<\/figure>\n\t<\/div>\n<\/div><\/div><\/div><div class=\"wpb_column vc_column_container vc_col-sm-4\"><div class=\"vc_column-inner\"><div class=\"wpb_wrapper\">\n\t<div  class=\"wpb_single_image wpb_content_element vc_align_center  wpb_animate_when_almost_visible wpb_fadeInUp fadeInUp\">\n\t\t\n\t\t<figure class=\"wpb_wrapper vc_figure\">\n\t\t\t<a data-rel=\"prettyPhoto[rel-7958-293881854]\" href=\"https:\/\/absynth.eu\/wp-content\/uploads\/2020\/09\/HMP1163-copy-684x1024.jpg\" target=\"_self\" class=\"vc_single_image-wrapper   vc_box_border_grey prettyphoto\"><img loading=\"lazy\" decoding=\"async\" class=\"vc_single_image-img \" src=\"https:\/\/absynth.eu\/wp-content\/uploads\/2020\/09\/HMP1163-copy-500x300.jpg\" width=\"500\" height=\"300\" alt=\"_HMP1163 copy\" title=\"_HMP1163 copy\" \/><\/a>\n\t\t<\/figure>\n\t<\/div>\n<\/div><\/div><\/div><div class=\"wpb_column vc_column_container vc_col-sm-4\"><div class=\"vc_column-inner\"><div class=\"wpb_wrapper\">\n\t<div  class=\"wpb_single_image wpb_content_element vc_align_center  wpb_animate_when_almost_visible wpb_fadeInRight fadeInRight\">\n\t\t\n\t\t<figure class=\"wpb_wrapper vc_figure\">\n\t\t\t<a data-rel=\"prettyPhoto[rel-7958-1385772166]\" href=\"https:\/\/absynth.eu\/wp-content\/uploads\/2020\/09\/HMP1183-HDR-copy-1024x688.jpg\" target=\"_self\" class=\"vc_single_image-wrapper   vc_box_border_grey prettyphoto\"><img loading=\"lazy\" decoding=\"async\" class=\"vc_single_image-img \" src=\"https:\/\/absynth.eu\/wp-content\/uploads\/2020\/09\/HMP1183-HDR-copy-500x300.jpg\" width=\"500\" height=\"300\" alt=\"_HMP1183-HDR copy\" title=\"_HMP1183-HDR copy\" \/><\/a>\n\t\t<\/figure>\n\t<\/div>\n<\/div><\/div><\/div><div class=\"wpb_column vc_column_container vc_col-sm-12\"><div class=\"vc_column-inner\"><div class=\"wpb_wrapper\"><div class=\"vc_empty_space\"   style=\"height: 32px\" ><span class=\"vc_empty_space_inner\"><\/span><\/div>\n<\/div><\/div><\/div><\/div><div class=\"vc_row wpb_row vc_row-fluid\" ><div class=\"wpb_column vc_column_container vc_col-sm-4\"><div class=\"vc_column-inner\"><div class=\"wpb_wrapper\">\n\t<div  class=\"wpb_single_image wpb_content_element vc_align_center  wpb_animate_when_almost_visible wpb_fadeInLeft fadeInLeft\">\n\t\t\n\t\t<figure class=\"wpb_wrapper vc_figure\">\n\t\t\t<a data-rel=\"prettyPhoto[rel-7958-1905874734]\" href=\"https:\/\/absynth.eu\/wp-content\/uploads\/2020\/09\/HMP1129-HDR-copy-724x1024.jpg\" target=\"_self\" class=\"vc_single_image-wrapper   vc_box_border_grey prettyphoto\"><img loading=\"lazy\" decoding=\"async\" class=\"vc_single_image-img \" src=\"https:\/\/absynth.eu\/wp-content\/uploads\/2020\/09\/HMP1129-HDR-copy-500x300.jpg\" width=\"500\" height=\"300\" alt=\"_HMP1129-HDR copy\" title=\"_HMP1129-HDR copy\" \/><\/a>\n\t\t<\/figure>\n\t<\/div>\n<\/div><\/div><\/div><div class=\"wpb_column vc_column_container vc_col-sm-4\"><div class=\"vc_column-inner\"><div class=\"wpb_wrapper\">\n\t<div  class=\"wpb_single_image wpb_content_element vc_align_center  wpb_animate_when_almost_visible wpb_fadeInUp fadeInUp\">\n\t\t\n\t\t<figure class=\"wpb_wrapper vc_figure\">\n\t\t\t<a data-rel=\"prettyPhoto[rel-7958-1240317287]\" href=\"https:\/\/absynth.eu\/wp-content\/uploads\/2020\/09\/HMP1131-HDR-copy-718x1024.jpg\" target=\"_self\" class=\"vc_single_image-wrapper   vc_box_border_grey prettyphoto\"><img loading=\"lazy\" decoding=\"async\" class=\"vc_single_image-img \" src=\"https:\/\/absynth.eu\/wp-content\/uploads\/2020\/09\/HMP1131-HDR-copy-500x300.jpg\" width=\"500\" height=\"300\" alt=\"_HMP1131-HDR copy\" title=\"_HMP1131-HDR copy\" \/><\/a>\n\t\t<\/figure>\n\t<\/div>\n<\/div><\/div><\/div><div class=\"wpb_column vc_column_container vc_col-sm-4\"><div class=\"vc_column-inner\"><div class=\"wpb_wrapper\">\n\t<div  class=\"wpb_single_image wpb_content_element vc_align_center  wpb_animate_when_almost_visible wpb_fadeInRight fadeInRight\">\n\t\t\n\t\t<figure class=\"wpb_wrapper vc_figure\">\n\t\t\t<a data-rel=\"prettyPhoto[rel-7958-1753921548]\" href=\"https:\/\/absynth.eu\/wp-content\/uploads\/2020\/09\/HMP1132-HDR-copy-684x1024.jpg\" target=\"_self\" class=\"vc_single_image-wrapper   vc_box_border_grey prettyphoto\"><img loading=\"lazy\" decoding=\"async\" class=\"vc_single_image-img \" src=\"https:\/\/absynth.eu\/wp-content\/uploads\/2020\/09\/HMP1132-HDR-copy-500x300.jpg\" width=\"500\" height=\"300\" alt=\"_HMP1132-HDR copy\" title=\"_HMP1132-HDR copy\" \/><\/a>\n\t\t<\/figure>\n\t<\/div>\n<\/div><\/div><\/div><div class=\"wpb_column vc_column_container vc_col-sm-12\"><div class=\"vc_column-inner\"><div class=\"wpb_wrapper\"><div class=\"vc_empty_space\"   style=\"height: 32px\" ><span class=\"vc_empty_space_inner\"><\/span><\/div>\n<\/div><\/div><\/div><\/div><div class=\"vc_row wpb_row vc_row-fluid\" ><div class=\"wpb_column vc_column_container vc_col-sm-4\"><div class=\"vc_column-inner\"><div class=\"wpb_wrapper\">\n\t<div  class=\"wpb_single_image wpb_content_element vc_align_center  wpb_animate_when_almost_visible wpb_fadeInLeft fadeInLeft\">\n\t\t\n\t\t<figure class=\"wpb_wrapper vc_figure\">\n\t\t\t<a data-rel=\"prettyPhoto[rel-7958-2097500508]\" href=\"https:\/\/absynth.eu\/wp-content\/uploads\/2020\/09\/HMP1140-copy-684x1024.jpg\" target=\"_self\" class=\"vc_single_image-wrapper   vc_box_border_grey prettyphoto\"><img loading=\"lazy\" decoding=\"async\" class=\"vc_single_image-img \" src=\"https:\/\/absynth.eu\/wp-content\/uploads\/2020\/09\/HMP1140-copy-500x300.jpg\" width=\"500\" height=\"300\" alt=\"_HMP1140 copy\" title=\"_HMP1140 copy\" \/><\/a>\n\t\t<\/figure>\n\t<\/div>\n<\/div><\/div><\/div><div class=\"wpb_column vc_column_container vc_col-sm-4\"><div class=\"vc_column-inner\"><div class=\"wpb_wrapper\"><\/div><\/div><\/div><div class=\"wpb_column vc_column_container vc_col-sm-4\"><div class=\"vc_column-inner\"><div class=\"wpb_wrapper\"><\/div><\/div><\/div><\/div><div class=\"vc_row wpb_row vc_row-fluid\" ><div class=\"wpb_column vc_column_container vc_col-sm-12\"><div class=\"vc_column-inner\"><div class=\"wpb_wrapper\"><div class=\"vc_empty_space\"   style=\"height: 32px\" ><span class=\"vc_empty_space_inner\"><\/span><\/div>\n<\/div><\/div><\/div><\/div><div class=\"vc_row wpb_row vc_row-fluid\" ><div class=\"wpb_column vc_column_container vc_col-sm-12\"><div class=\"vc_column-inner\"><div class=\"wpb_wrapper\"><div class=\"wpb_gallery wpb_content_element vc_clearfix wpb_animate_when_almost_visible wpb_fadeInUp fadeInUp\" ><div class=\"wpb_wrapper\"><div class=\"wpb_gallery_slides wpb_slider_nivo theme-default\" data-interval=\"3\"><div class=\"nivoSlider\"><a class=\"prettyphoto\" href=\"https:\/\/absynth.eu\/wp-content\/uploads\/2020\/09\/HMP1145-HDR-copy-684x1024.jpg\" data-rel=\"prettyPhoto[rel-7958-1678496243]\"><img loading=\"lazy\" decoding=\"async\" width=\"1335\" height=\"2000\" src=\"https:\/\/absynth.eu\/wp-content\/uploads\/2020\/09\/HMP1145-HDR-copy.jpg\" class=\"attachment-full\" alt=\"\" srcset=\"https:\/\/absynth.eu\/wp-content\/uploads\/2020\/09\/HMP1145-HDR-copy.jpg 1335w, https:\/\/absynth.eu\/wp-content\/uploads\/2020\/09\/HMP1145-HDR-copy-200x300.jpg 200w, https:\/\/absynth.eu\/wp-content\/uploads\/2020\/09\/HMP1145-HDR-copy-768x1151.jpg 768w, https:\/\/absynth.eu\/wp-content\/uploads\/2020\/09\/HMP1145-HDR-copy-684x1024.jpg 684w\" sizes=\"(max-width: 1335px) 100vw, 1335px\" \/><\/a><a class=\"prettyphoto\" href=\"https:\/\/absynth.eu\/wp-content\/uploads\/2020\/09\/HMP1147-HDR-copy-684x1024.jpg\" data-rel=\"prettyPhoto[rel-7958-1678496243]\"><img loading=\"lazy\" decoding=\"async\" width=\"1335\" height=\"2000\" src=\"https:\/\/absynth.eu\/wp-content\/uploads\/2020\/09\/HMP1147-HDR-copy.jpg\" class=\"attachment-full\" alt=\"\" srcset=\"https:\/\/absynth.eu\/wp-content\/uploads\/2020\/09\/HMP1147-HDR-copy.jpg 1335w, https:\/\/absynth.eu\/wp-content\/uploads\/2020\/09\/HMP1147-HDR-copy-200x300.jpg 200w, https:\/\/absynth.eu\/wp-content\/uploads\/2020\/09\/HMP1147-HDR-copy-768x1151.jpg 768w, https:\/\/absynth.eu\/wp-content\/uploads\/2020\/09\/HMP1147-HDR-copy-684x1024.jpg 684w\" sizes=\"(max-width: 1335px) 100vw, 1335px\" \/><\/a><a class=\"prettyphoto\" href=\"https:\/\/absynth.eu\/wp-content\/uploads\/2020\/09\/HMP1155-HDR-copy-684x1024.jpg\" data-rel=\"prettyPhoto[rel-7958-1678496243]\"><img loading=\"lazy\" decoding=\"async\" width=\"1335\" height=\"2000\" src=\"https:\/\/absynth.eu\/wp-content\/uploads\/2020\/09\/HMP1155-HDR-copy.jpg\" class=\"attachment-full\" alt=\"\" srcset=\"https:\/\/absynth.eu\/wp-content\/uploads\/2020\/09\/HMP1155-HDR-copy.jpg 1335w, https:\/\/absynth.eu\/wp-content\/uploads\/2020\/09\/HMP1155-HDR-copy-200x300.jpg 200w, https:\/\/absynth.eu\/wp-content\/uploads\/2020\/09\/HMP1155-HDR-copy-768x1151.jpg 768w, https:\/\/absynth.eu\/wp-content\/uploads\/2020\/09\/HMP1155-HDR-copy-684x1024.jpg 684w\" sizes=\"(max-width: 1335px) 100vw, 1335px\" \/><\/a><a class=\"prettyphoto\" href=\"https:\/\/absynth.eu\/wp-content\/uploads\/2020\/09\/HMP1156-HDR-copy-1024x684.jpg\" data-rel=\"prettyPhoto[rel-7958-1678496243]\"><img loading=\"lazy\" decoding=\"async\" width=\"2000\" height=\"1335\" src=\"https:\/\/absynth.eu\/wp-content\/uploads\/2020\/09\/HMP1156-HDR-copy.jpg\" class=\"attachment-full\" alt=\"\" srcset=\"https:\/\/absynth.eu\/wp-content\/uploads\/2020\/09\/HMP1156-HDR-copy.jpg 2000w, https:\/\/absynth.eu\/wp-content\/uploads\/2020\/09\/HMP1156-HDR-copy-300x200.jpg 300w, https:\/\/absynth.eu\/wp-content\/uploads\/2020\/09\/HMP1156-HDR-copy-768x513.jpg 768w, https:\/\/absynth.eu\/wp-content\/uploads\/2020\/09\/HMP1156-HDR-copy-1024x684.jpg 1024w\" sizes=\"(max-width: 2000px) 100vw, 2000px\" \/><\/a><a class=\"prettyphoto\" href=\"https:\/\/absynth.eu\/wp-content\/uploads\/2020\/09\/HMP1163-copy-684x1024.jpg\" data-rel=\"prettyPhoto[rel-7958-1678496243]\"><img loading=\"lazy\" decoding=\"async\" width=\"1335\" height=\"2000\" src=\"https:\/\/absynth.eu\/wp-content\/uploads\/2020\/09\/HMP1163-copy.jpg\" class=\"attachment-full\" alt=\"\" srcset=\"https:\/\/absynth.eu\/wp-content\/uploads\/2020\/09\/HMP1163-copy.jpg 1335w, https:\/\/absynth.eu\/wp-content\/uploads\/2020\/09\/HMP1163-copy-200x300.jpg 200w, https:\/\/absynth.eu\/wp-content\/uploads\/2020\/09\/HMP1163-copy-768x1151.jpg 768w, https:\/\/absynth.eu\/wp-content\/uploads\/2020\/09\/HMP1163-copy-684x1024.jpg 684w\" sizes=\"(max-width: 1335px) 100vw, 1335px\" \/><\/a><a class=\"prettyphoto\" href=\"https:\/\/absynth.eu\/wp-content\/uploads\/2020\/09\/HMP1183-HDR-copy-1024x688.jpg\" data-rel=\"prettyPhoto[rel-7958-1678496243]\"><img loading=\"lazy\" decoding=\"async\" width=\"2000\" height=\"1344\" src=\"https:\/\/absynth.eu\/wp-content\/uploads\/2020\/09\/HMP1183-HDR-copy.jpg\" class=\"attachment-full\" alt=\"\" srcset=\"https:\/\/absynth.eu\/wp-content\/uploads\/2020\/09\/HMP1183-HDR-copy.jpg 2000w, https:\/\/absynth.eu\/wp-content\/uploads\/2020\/09\/HMP1183-HDR-copy-300x202.jpg 300w, https:\/\/absynth.eu\/wp-content\/uploads\/2020\/09\/HMP1183-HDR-copy-768x516.jpg 768w, https:\/\/absynth.eu\/wp-content\/uploads\/2020\/09\/HMP1183-HDR-copy-1024x688.jpg 1024w\" sizes=\"(max-width: 2000px) 100vw, 2000px\" \/><\/a><a class=\"prettyphoto\" href=\"https:\/\/absynth.eu\/wp-content\/uploads\/2020\/09\/HMP1129-HDR-copy-724x1024.jpg\" data-rel=\"prettyPhoto[rel-7958-1678496243]\"><img loading=\"lazy\" decoding=\"async\" width=\"1414\" height=\"2000\" src=\"https:\/\/absynth.eu\/wp-content\/uploads\/2020\/09\/HMP1129-HDR-copy.jpg\" class=\"attachment-full\" alt=\"\" srcset=\"https:\/\/absynth.eu\/wp-content\/uploads\/2020\/09\/HMP1129-HDR-copy.jpg 1414w, https:\/\/absynth.eu\/wp-content\/uploads\/2020\/09\/HMP1129-HDR-copy-212x300.jpg 212w, https:\/\/absynth.eu\/wp-content\/uploads\/2020\/09\/HMP1129-HDR-copy-768x1086.jpg 768w, https:\/\/absynth.eu\/wp-content\/uploads\/2020\/09\/HMP1129-HDR-copy-724x1024.jpg 724w\" sizes=\"(max-width: 1414px) 100vw, 1414px\" \/><\/a><a class=\"prettyphoto\" href=\"https:\/\/absynth.eu\/wp-content\/uploads\/2020\/09\/HMP1131-HDR-copy-718x1024.jpg\" data-rel=\"prettyPhoto[rel-7958-1678496243]\"><img loading=\"lazy\" decoding=\"async\" width=\"1404\" height=\"2002\" src=\"https:\/\/absynth.eu\/wp-content\/uploads\/2020\/09\/HMP1131-HDR-copy.jpg\" class=\"attachment-full\" alt=\"\" srcset=\"https:\/\/absynth.eu\/wp-content\/uploads\/2020\/09\/HMP1131-HDR-copy.jpg 1404w, https:\/\/absynth.eu\/wp-content\/uploads\/2020\/09\/HMP1131-HDR-copy-210x300.jpg 210w, https:\/\/absynth.eu\/wp-content\/uploads\/2020\/09\/HMP1131-HDR-copy-768x1095.jpg 768w, https:\/\/absynth.eu\/wp-content\/uploads\/2020\/09\/HMP1131-HDR-copy-718x1024.jpg 718w\" sizes=\"(max-width: 1404px) 100vw, 1404px\" \/><\/a><a class=\"prettyphoto\" href=\"https:\/\/absynth.eu\/wp-content\/uploads\/2020\/09\/HMP1132-HDR-copy-684x1024.jpg\" data-rel=\"prettyPhoto[rel-7958-1678496243]\"><img loading=\"lazy\" decoding=\"async\" width=\"1335\" height=\"2000\" src=\"https:\/\/absynth.eu\/wp-content\/uploads\/2020\/09\/HMP1132-HDR-copy.jpg\" class=\"attachment-full\" alt=\"\" srcset=\"https:\/\/absynth.eu\/wp-content\/uploads\/2020\/09\/HMP1132-HDR-copy.jpg 1335w, https:\/\/absynth.eu\/wp-content\/uploads\/2020\/09\/HMP1132-HDR-copy-200x300.jpg 200w, https:\/\/absynth.eu\/wp-content\/uploads\/2020\/09\/HMP1132-HDR-copy-768x1151.jpg 768w, https:\/\/absynth.eu\/wp-content\/uploads\/2020\/09\/HMP1132-HDR-copy-684x1024.jpg 684w\" sizes=\"(max-width: 1335px) 100vw, 1335px\" \/><\/a><a class=\"prettyphoto\" href=\"https:\/\/absynth.eu\/wp-content\/uploads\/2020\/09\/HMP1140-copy-684x1024.jpg\" data-rel=\"prettyPhoto[rel-7958-1678496243]\"><img loading=\"lazy\" decoding=\"async\" width=\"1335\" height=\"2000\" src=\"https:\/\/absynth.eu\/wp-content\/uploads\/2020\/09\/HMP1140-copy.jpg\" class=\"attachment-full\" alt=\"\" srcset=\"https:\/\/absynth.eu\/wp-content\/uploads\/2020\/09\/HMP1140-copy.jpg 1335w, https:\/\/absynth.eu\/wp-content\/uploads\/2020\/09\/HMP1140-copy-200x300.jpg 200w, https:\/\/absynth.eu\/wp-content\/uploads\/2020\/09\/HMP1140-copy-768x1151.jpg 768w, https:\/\/absynth.eu\/wp-content\/uploads\/2020\/09\/HMP1140-copy-684x1024.jpg 684w\" sizes=\"(max-width: 1335px) 100vw, 1335px\" \/><\/a><\/div><\/div><\/div><\/div><\/div><\/div><\/div><\/div>\n","protected":false},"excerpt":{"rendered":"Katalog \"Wspieramy polski design\" #wspierampolskidesign Zdj\u0119cia: Yassen Hristov https:\/\/www.instagram.com\/wspierampolskidesign\/","protected":false},"author":2,"featured_media":0,"parent":5638,"menu_order":0,"comment_status":"closed","ping_status":"closed","template":"full-width.php","meta":{"_monsterinsights_skip_tracking":false,"_monsterinsights_sitenote_active":false,"_monsterinsights_sitenote_note":"","_monsterinsights_sitenote_category":0,"footnotes":""},"class_list":["post-7958","page","type-page","status-publish","hentry"],"yoast_head":"<!-- This site is optimized with the Yoast SEO plugin v23.1 - https:\/\/yoast.com\/wordpress\/plugins\/seo\/ -->\n<title>Wspieram polski design - kolekcja MOON - Absynth<\/title>\n<meta name=\"description\" content=\"Absynth - producent nowoczesnych mebli. W ofercie: krzes\u0142a tapicerowane, meble skrzyniowe, stoly do jadalni, sto\u0142y d\u0119bowe,meble do salonu, jadalni. Absynth oryginalne meble - Zapraszamy\" \/>\n<meta name=\"robots\" content=\"index, follow, max-snippet:-1, max-image-preview:large, max-video-preview:-1\" \/>\n<link rel=\"canonical\" href=\"https:\/\/absynth.eu\/pl\/realizacje\/wspieram-polski-design-kolekcja-moon\/\" \/>\n<meta property=\"og:locale\" content=\"pl_PL\" \/>\n<meta property=\"og:type\" content=\"article\" \/>\n<meta property=\"og:title\" content=\"Wspieram polski design - kolekcja MOON - Absynth\" \/>\n<meta property=\"og:description\" content=\"Absynth - producent nowoczesnych mebli. W ofercie: krzes\u0142a tapicerowane, meble skrzyniowe, stoly do jadalni, sto\u0142y d\u0119bowe,meble do salonu, jadalni. Absynth oryginalne meble - Zapraszamy\" \/>\n<meta property=\"og:url\" content=\"https:\/\/absynth.eu\/pl\/realizacje\/wspieram-polski-design-kolekcja-moon\/\" \/>\n<meta property=\"og:site_name\" content=\"Absynth\" \/>\n<meta property=\"article:publisher\" content=\"https:\/\/www.facebook.com\/MebleABSYNTH\" \/>\n<meta property=\"article:modified_time\" content=\"2020-10-15T22:10:14+00:00\" \/>\n<meta name=\"twitter:card\" content=\"summary_large_image\" \/>\n<meta name=\"twitter:label1\" content=\"Szacowany czas czytania\" \/>\n\t<meta name=\"twitter:data1\" content=\"2 minuty\" \/>\n<script type=\"application\/ld+json\" class=\"yoast-schema-graph\">{\"@context\":\"https:\/\/schema.org\",\"@graph\":[{\"@type\":\"WebPage\",\"@id\":\"https:\/\/absynth.eu\/realizacje\/wspieram-polski-design-kolekcja-moon\/\",\"url\":\"https:\/\/absynth.eu\/realizacje\/wspieram-polski-design-kolekcja-moon\/\",\"name\":\"Wspieram polski design - kolekcja MOON - Absynth\",\"isPartOf\":{\"@id\":\"https:\/\/absynth.eu\/pl\/#website\"},\"datePublished\":\"2020-09-24T23:13:23+00:00\",\"dateModified\":\"2020-10-15T22:10:14+00:00\",\"description\":\"Absynth - producent nowoczesnych mebli. W ofercie: krzes\u0142a tapicerowane, meble skrzyniowe, stoly do jadalni, sto\u0142y d\u0119bowe,meble do salonu, jadalni. Absynth oryginalne meble - Zapraszamy\",\"breadcrumb\":{\"@id\":\"https:\/\/absynth.eu\/realizacje\/wspieram-polski-design-kolekcja-moon\/#breadcrumb\"},\"inLanguage\":\"pl-PL\",\"potentialAction\":[{\"@type\":\"ReadAction\",\"target\":[\"https:\/\/absynth.eu\/realizacje\/wspieram-polski-design-kolekcja-moon\/\"]}]},{\"@type\":\"BreadcrumbList\",\"@id\":\"https:\/\/absynth.eu\/realizacje\/wspieram-polski-design-kolekcja-moon\/#breadcrumb\",\"itemListElement\":[{\"@type\":\"ListItem\",\"position\":1,\"name\":\"Strona g\u0142\u00f3wna\",\"item\":\"https:\/\/absynth.eu\/\"},{\"@type\":\"ListItem\",\"position\":2,\"name\":\"Realizacje\",\"item\":\"https:\/\/absynth.eu\/realizacje\/\"},{\"@type\":\"ListItem\",\"position\":3,\"name\":\"Wspieram polski design &#8211; kolekcja MOON\"}]},{\"@type\":\"WebSite\",\"@id\":\"https:\/\/absynth.eu\/pl\/#website\",\"url\":\"https:\/\/absynth.eu\/pl\/\",\"name\":\"Absynth\",\"description\":\"Meble tworz\u0105 wn\u0119trze\",\"potentialAction\":[{\"@type\":\"SearchAction\",\"target\":{\"@type\":\"EntryPoint\",\"urlTemplate\":\"https:\/\/absynth.eu\/pl\/?s={search_term_string}\"},\"query-input\":\"required name=search_term_string\"}],\"inLanguage\":\"pl-PL\"}]}<\/script>\n<!-- \/ Yoast SEO plugin. -->","yoast_head_json":{"title":"Wspieram polski design - kolekcja MOON - Absynth","description":"Absynth - producent nowoczesnych mebli. W ofercie: krzes\u0142a tapicerowane, meble skrzyniowe, stoly do jadalni, sto\u0142y d\u0119bowe,meble do salonu, jadalni. Absynth oryginalne meble - Zapraszamy","robots":{"index":"index","follow":"follow","max-snippet":"max-snippet:-1","max-image-preview":"max-image-preview:large","max-video-preview":"max-video-preview:-1"},"canonical":"https:\/\/absynth.eu\/pl\/realizacje\/wspieram-polski-design-kolekcja-moon\/","og_locale":"pl_PL","og_type":"article","og_title":"Wspieram polski design - kolekcja MOON - Absynth","og_description":"Absynth - producent nowoczesnych mebli. W ofercie: krzes\u0142a tapicerowane, meble skrzyniowe, stoly do jadalni, sto\u0142y d\u0119bowe,meble do salonu, jadalni. Absynth oryginalne meble - Zapraszamy","og_url":"https:\/\/absynth.eu\/pl\/realizacje\/wspieram-polski-design-kolekcja-moon\/","og_site_name":"Absynth","article_publisher":"https:\/\/www.facebook.com\/MebleABSYNTH","article_modified_time":"2020-10-15T22:10:14+00:00","twitter_card":"summary_large_image","twitter_misc":{"Szacowany czas czytania":"2 minuty"},"schema":{"@context":"https:\/\/schema.org","@graph":[{"@type":"WebPage","@id":"https:\/\/absynth.eu\/realizacje\/wspieram-polski-design-kolekcja-moon\/","url":"https:\/\/absynth.eu\/realizacje\/wspieram-polski-design-kolekcja-moon\/","name":"Wspieram polski design - kolekcja MOON - Absynth","isPartOf":{"@id":"https:\/\/absynth.eu\/pl\/#website"},"datePublished":"2020-09-24T23:13:23+00:00","dateModified":"2020-10-15T22:10:14+00:00","description":"Absynth - producent nowoczesnych mebli. W ofercie: krzes\u0142a tapicerowane, meble skrzyniowe, stoly do jadalni, sto\u0142y d\u0119bowe,meble do salonu, jadalni. Absynth oryginalne meble - Zapraszamy","breadcrumb":{"@id":"https:\/\/absynth.eu\/realizacje\/wspieram-polski-design-kolekcja-moon\/#breadcrumb"},"inLanguage":"pl-PL","potentialAction":[{"@type":"ReadAction","target":["https:\/\/absynth.eu\/realizacje\/wspieram-polski-design-kolekcja-moon\/"]}]},{"@type":"BreadcrumbList","@id":"https:\/\/absynth.eu\/realizacje\/wspieram-polski-design-kolekcja-moon\/#breadcrumb","itemListElement":[{"@type":"ListItem","position":1,"name":"Strona g\u0142\u00f3wna","item":"https:\/\/absynth.eu\/"},{"@type":"ListItem","position":2,"name":"Realizacje","item":"https:\/\/absynth.eu\/realizacje\/"},{"@type":"ListItem","position":3,"name":"Wspieram polski design &#8211; kolekcja MOON"}]},{"@type":"WebSite","@id":"https:\/\/absynth.eu\/pl\/#website","url":"https:\/\/absynth.eu\/pl\/","name":"Absynth","description":"Meble tworz\u0105 wn\u0119trze","potentialAction":[{"@type":"SearchAction","target":{"@type":"EntryPoint","urlTemplate":"https:\/\/absynth.eu\/pl\/?s={search_term_string}"},"query-input":"required name=search_term_string"}],"inLanguage":"pl-PL"}]}},"_links":{"self":[{"href":"https:\/\/absynth.eu\/pl\/wp-json\/wp\/v2\/pages\/7958"}],"collection":[{"href":"https:\/\/absynth.eu\/pl\/wp-json\/wp\/v2\/pages"}],"about":[{"href":"https:\/\/absynth.eu\/pl\/wp-json\/wp\/v2\/types\/page"}],"author":[{"embeddable":true,"href":"https:\/\/absynth.eu\/pl\/wp-json\/wp\/v2\/users\/2"}],"replies":[{"embeddable":true,"href":"https:\/\/absynth.eu\/pl\/wp-json\/wp\/v2\/comments?post=7958"}],"version-history":[{"count":2,"href":"https:\/\/absynth.eu\/pl\/wp-json\/wp\/v2\/pages\/7958\/revisions"}],"predecessor-version":[{"id":8014,"href":"https:\/\/absynth.eu\/pl\/wp-json\/wp\/v2\/pages\/7958\/revisions\/8014"}],"up":[{"embeddable":true,"href":"https:\/\/absynth.eu\/pl\/wp-json\/wp\/v2\/pages\/5638"}],"wp:attachment":[{"href":"https:\/\/absynth.eu\/pl\/wp-json\/wp\/v2\/media?parent=7958"}],"curies":[{"name":"wp","href":"https:\/\/api.w.org\/{rel}","templated":true}]}}