{"id":8040,"date":"2021-01-10T23:03:14","date_gmt":"2021-01-10T22:03:14","guid":{"rendered":"https:\/\/absynth.eu\/?page_id=8040"},"modified":"2024-05-27T10:10:36","modified_gmt":"2024-05-27T08:10:36","slug":"kolekcja-cloud","status":"publish","type":"page","link":"https:\/\/absynth.eu\/pl\/kolekcje\/kolekcja-cloud\/","title":{"rendered":"Kolekcja Cloud"},"content":{"rendered":"<div class=\"vc_row wpb_row vc_row-fluid\" ><div class=\"wpb_column vc_column_container vc_col-sm-12\"><div class=\"vc_column-inner\"><div class=\"wpb_wrapper\">\n\t<div  class=\"wpb_single_image wpb_content_element vc_align_center  wpb_animate_when_almost_visible wpb_fadeInUpBig fadeInUpBig\">\n\t\t\n\t\t<figure class=\"wpb_wrapper vc_figure\">\n\t\t\t<div class=\"vc_single_image-wrapper   vc_box_border_grey\"><img loading=\"lazy\" decoding=\"async\" width=\"1920\" height=\"1513\" src=\"https:\/\/absynth.eu\/wp-content\/uploads\/2021\/01\/MarcinPajak-design-DF-projekt-57-aranzacja-cloud-low.jpg\" class=\"vc_single_image-img attachment-full\" alt=\"Kolekcja Cloud\" srcset=\"https:\/\/absynth.eu\/wp-content\/uploads\/2021\/01\/MarcinPajak-design-DF-projekt-57-aranzacja-cloud-low.jpg 1920w, https:\/\/absynth.eu\/wp-content\/uploads\/2021\/01\/MarcinPajak-design-DF-projekt-57-aranzacja-cloud-low-300x236.jpg 300w, https:\/\/absynth.eu\/wp-content\/uploads\/2021\/01\/MarcinPajak-design-DF-projekt-57-aranzacja-cloud-low-1024x807.jpg 1024w, https:\/\/absynth.eu\/wp-content\/uploads\/2021\/01\/MarcinPajak-design-DF-projekt-57-aranzacja-cloud-low-768x605.jpg 768w, https:\/\/absynth.eu\/wp-content\/uploads\/2021\/01\/MarcinPajak-design-DF-projekt-57-aranzacja-cloud-low-1536x1210.jpg 1536w\" sizes=\"(max-width: 1920px) 100vw, 1920px\" \/><\/div>\n\t\t<\/figure>\n\t<\/div>\n<\/div><\/div><\/div><\/div><div class=\"qodef-row-grid-section-wrapper \"  ><div class=\"qodef-row-grid-section\"><div class=\"vc_row wpb_row vc_row-fluid\" ><div class=\"wpb_column vc_column_container vc_col-sm-12\"><div class=\"vc_column-inner\"><div class=\"wpb_wrapper\"><div class=\"vc_empty_space\"   style=\"height: 65px\" ><span class=\"vc_empty_space_inner\"><\/span><\/div>\n<\/div><\/div><\/div><\/div><\/div><\/div><div class=\"qodef-row-grid-section-wrapper \"  ><div class=\"qodef-row-grid-section\"><div class=\"vc_row wpb_row vc_row-fluid\" ><div class=\"wpb_column vc_column_container vc_col-sm-12\"><div class=\"vc_column-inner\"><div class=\"wpb_wrapper\"><div class=\"qodef-section-title-holder  qodef-st-standard qodef-st-title-left qodef-st-normal-space \" style=\"text-align: left\">\n\t<div class=\"qodef-st-inner\">\n\t\t\t\t\t\t\t<h1 class=\"qodef-st-title\" >\n\t\t\t\tKolekcja Cloud\t\t\t<\/h1>\n\t\t\t\t\t<\/div>\n<\/div><div class=\"vc_empty_space\"   style=\"height: 32px\" ><span class=\"vc_empty_space_inner\"><\/span><\/div>\n<div class=\"qodef-section-title-holder  qodef-st-standard qodef-st-title-left qodef-st-normal-space \" >\n\t<div class=\"qodef-st-inner\">\n\t\t\t\t\t\t\t\t\t<h2 class=\"qodef-st-text\" >\n\t\t\t\tKlasyka lekka jak chmurka:\t\t\t<\/h2>\n\t\t\t<\/div>\n<\/div>\n\t<div class=\"wpb_text_column wpb_content_element \" >\n\t\t<div class=\"wpb_wrapper\">\n\t\t\t<p><strong>Klasyczna, subtelna i pe\u0142na elegancji \u2013 taka jest w\u0142a\u015bnie najnowsza kolekcja mebli wypoczynkowych marki Absynth. Sofy i naro\u017cniki urzekaj\u0105 lekko\u015bci\u0105, a ich uniwersalna forma doskonale odnajdzie si\u0119 w niemal ka\u017cdej aran\u017cacji. Polska marka nie od dzi\u015b kojarzona jest z doskona\u0142ym wzornictwem i kreatywnymi, innowacyjnymi rozwi\u0105zaniami. Kolekcja Cloud to meble tapicerowane, kt\u00f3re dzi\u0119ki zastosowaniu najwy\u017cszej klasy stela\u017ca w\u0142oskiego skrywaj\u0105 funkcj\u0119 spania. Wysublimowany design i wielofunkcyjno\u015b\u0107 sprawiaj\u0105, \u017ce sofy i naro\u017cniki Cloud znajd\u0105 szerokie zastosowanie zar\u00f3wno w przestrzeniach prywatnych jak i publicznych oraz hotelach.<\/strong><\/p>\n\n\t\t<\/div>\n\t<\/div>\n\n\t<div class=\"wpb_text_column wpb_content_element \" >\n\t\t<div class=\"wpb_wrapper\">\n\t\t\t<h4>Klasyczna forma<\/h4>\n<p>Kolekcja Cloud sk\u0142ada si\u0119 z naro\u017cnika oraz trzech sof, wszystkie meble wyposa\u017cone s\u0105 w funkcj\u0119 spania. Powierzchnie do spania w zale\u017cno\u015bci od modelu to 120&#215;200, 140&#215;200 lub 160&#215;200 cm. Meble urzekaj\u0105 klasyczn\u0105 form\u0105 i minimalistycznym designem. Niezwyk\u0142\u0105 wygod\u0119 w ich u\u017cytkowaniu zapewniaj\u0105 najwy\u017cszej jako\u015bci wype\u0142nienia\u00a0\u2013 pianka oraz bardzo mi\u0119kkie w\u0142\u00f3kna elastyczne. S\u0105 one dodatkowo wzmocnione sklejk\u0105 i \u0142\u0105czone z\u00a0certyfikowan\u0105 p\u0142yt\u0105<strong>. <\/strong>Kolejnym praktycznym atutem kolekcji jest fakt, \u017ce pokrowce na siedziskach i oparciach s\u0105 zdejmowalne. Dzi\u0119ki niewymuszonej elegancji i subtelnej bryle mebli trudno domy\u015bli\u0107 si\u0119, \u017ce skrywaj\u0105 one wysokiej klasy materac na solidnym stela\u017cu, zapewniaj\u0105cy komfort codziennego spania.<\/p>\n<h4>Stela\u017c w\u0142oski<\/h4>\n<p>Marka Absynth stawia na wysok\u0105 jako\u015b\u0107 i nowoczesne rozwi\u0105zania. W\u0142a\u015bnie dlatego sofy i naro\u017cniki z kolekcji Cloud zosta\u0142y wyposa\u017cone w komfortowy i praktyczny stela\u017c w\u0142oski. Jest to obecnie najbardziej ceniony typ konstrukcji stela\u017ca ze wzgl\u0119du na wyj\u0105tkow\u0105 funkcjonalno\u015b\u0107 i wygod\u0119 u\u017cytkowania. Stela\u017c w\u0142oski w prosty spos\u00f3b rozk\u0142ada si\u0119 od przodu, co nie wymaga u\u017cycia si\u0142y i zajmuje dos\u0142ownie kilka sekund. Nie trzeba przejmowa\u0107 si\u0119 zdejmowaniem poduszek i innymi niedogodno\u015bciami. Mechanizm charakteryzuje si\u0119 wyj\u0105tkow\u0105 stabilno\u015bci\u0105. Co wa\u017cne, nie ryzykujemy te\u017c zarysowania pod\u0142ogi. Jednak najwi\u0119ksz\u0105 zalet\u0105 tego rozwi\u0105zania jest wysokiej jako\u015bci materac, kt\u00f3ry zapewnia najwy\u017cszy komfort i idealnie nadaje si\u0119 do codziennego spania.<\/p>\n<h4>Bogactwo materia\u0142\u00f3w<\/h4>\n<p>Produkty Absynth powstaj\u0105 na indywidualne zam\u00f3wienie, dzi\u0119ki czemu ka\u017cdy klient mo\u017ce cieszy\u0107 si\u0119 meblem idealnie dostosowanym do jego potrzeb. Do wyboru s\u0105 mi\u0119dzy innymi tkaniny, z kt\u00f3rych powstaj\u0105 tapicerki mebli. Na katalog marki sk\u0142ada si\u0119 szeroki wachlarz certyfikowanych materia\u0142\u00f3w. Mo\u017cna zdecydowa\u0107 si\u0119 na przyk\u0142ad na modne materia\u0142y we\u0142nopodobne, szenilowe, welury i plecionki. Pomy\u015blano te\u017c o potrzebach alergik\u00f3w i zwolennik\u00f3w materia\u0142\u00f3w ekologicznych \u2013 ca\u0142kowicie naturalne tapicerki z wysokiej jako\u015bci w\u0142oskiego lnu nadadz\u0105 wn\u0119trzu klasy, a w dodatku s\u0105 niezwykle zdrowe dla u\u017cytkownika. Nie zapomniano te\u017c o mi\u0142o\u015bnikach sk\u00f3ry naturalnej, kt\u00f3rym do gustu przypadnie z pewno\u015bci\u0105 luksusowa portugalska sk\u00f3ra ciel\u0119ca. Niemal nieograniczona mo\u017cliwo\u015b\u0107 customizacji sprawia, \u017ce kolekcja Cloud sprawdzi si\u0119 zar\u00f3wno w przestrzeniach prywatnych, jak i hotelach. <\/p>\n\n\t\t<\/div>\n\t<\/div>\n<\/div><\/div><\/div><\/div><\/div><\/div><div class=\"qodef-row-grid-section-wrapper \"  ><div class=\"qodef-row-grid-section\"><div class=\"vc_row wpb_row vc_row-fluid\" ><div class=\"wpb_column vc_column_container vc_col-sm-3\"><div class=\"vc_column-inner\"><div class=\"wpb_wrapper\"><div class=\"vc-hoverbox-wrapper  wpb_animate_when_almost_visible wpb_fadeInLeft fadeInLeft vc-hoverbox-shape--square vc-hoverbox-align--center vc-hoverbox-direction--default vc-hoverbox-width--100\" >\n  <div class=\"vc-hoverbox\">\n    <div class=\"vc-hoverbox-inner\">\n      <div class=\"vc-hoverbox-block vc-hoverbox-front\" style=\"background-image: url(https:\/\/absynth.eu\/wp-content\/uploads\/2021\/01\/A18-01-FAB-1.jpg);\">\n        <div class=\"vc-hoverbox-block-inner vc-hoverbox-front-inner\">\n            \n        <\/div>\n      <\/div>\n      <div class=\"vc-hoverbox-block vc-hoverbox-back\" style=\"background-color: #ffffff;\">\n        <div class=\"vc-hoverbox-block-inner vc-hoverbox-back-inner\">\n            \n            <h5>SOFA ROZK\u0141ADANA 2S<\/h5>\n\n            <div class=\"vc_btn3-container vc_btn3-inline\" >\n\t<a onmouseleave=\"this.style.borderColor='#666666'; this.style.backgroundColor='transparent'; this.style.color='#666666'\" onmouseenter=\"this.style.borderColor='#666666'; this.style.backgroundColor='#666666'; this.style.color='#ffffff';\" style=\"border-color:#666666; color:#666666;\" class=\"vc_general vc_btn3 vc_btn3-size-md vc_btn3-shape-square vc_btn3-style-outline-custom\" href=\"\/kolekcje\/kolekcja-cloud\/sofa-rozkladana-2s\/\" title=\"SOFA ROZK\u0141ADANA 2S\">wi\u0119cej<\/a><\/div>\n\n        <\/div>\n      <\/div>\n    <\/div>\n  <\/div>\n<\/div><\/div><\/div><\/div><div class=\"wpb_column vc_column_container vc_col-sm-3\"><div class=\"vc_column-inner\"><div class=\"wpb_wrapper\"><div class=\"vc-hoverbox-wrapper  wpb_animate_when_almost_visible wpb_fadeInUp fadeInUp vc-hoverbox-shape--square vc-hoverbox-align--center vc-hoverbox-direction--default vc-hoverbox-width--100\" >\n  <div class=\"vc-hoverbox\">\n    <div class=\"vc-hoverbox-inner\">\n      <div class=\"vc-hoverbox-block vc-hoverbox-front\" style=\"background-image: url(https:\/\/absynth.eu\/wp-content\/uploads\/2021\/01\/A18-02-FAB-1.jpg);\">\n        <div class=\"vc-hoverbox-block-inner vc-hoverbox-front-inner\">\n            \n        <\/div>\n      <\/div>\n      <div class=\"vc-hoverbox-block vc-hoverbox-back\" style=\"background-color: #ffffff;\">\n        <div class=\"vc-hoverbox-block-inner vc-hoverbox-back-inner\">\n            \n            <h5>SOFA ROZK\u0141ADANA 2S 140X200<\/h5>\n\n            <div class=\"vc_btn3-container vc_btn3-inline\" >\n\t<a onmouseleave=\"this.style.borderColor='#666666'; this.style.backgroundColor='transparent'; this.style.color='#666666'\" onmouseenter=\"this.style.borderColor='#666666'; this.style.backgroundColor='#666666'; this.style.color='#ffffff';\" style=\"border-color:#666666; color:#666666;\" class=\"vc_general vc_btn3 vc_btn3-size-md vc_btn3-shape-square vc_btn3-style-outline-custom\" href=\"https:\/\/absynth.eu\/kolekcje\/kolekcja-cloud\/sofa-rozkladana-2s-140x200\/\" title=\"SOFA ROZK\u0141ADANA 2S 140x200\">wi\u0119cej<\/a><\/div>\n\n        <\/div>\n      <\/div>\n    <\/div>\n  <\/div>\n<\/div><\/div><\/div><\/div><div class=\"wpb_column vc_column_container vc_col-sm-3\"><div class=\"vc_column-inner\"><div class=\"wpb_wrapper\"><\/div><\/div><\/div><div class=\"wpb_column vc_column_container vc_col-sm-3\"><div class=\"vc_column-inner\"><div class=\"wpb_wrapper\"><\/div><\/div><\/div><\/div><\/div><\/div>\n","protected":false},"excerpt":{"rendered":"Kolekcja Cloud Klasyka lekka jak chmurka: Klasyczna, subtelna i pe\u0142na elegancji \u2013 taka jest w\u0142a\u015bnie najnowsza kolekcja mebli wypoczynkowych marki Absynth. Sofy i naro\u017cniki urzekaj\u0105 lekko\u015bci\u0105, a ich uniwersalna forma doskonale odnajdzie si\u0119 w niemal ka\u017cdej aran\u017cacji. Polska marka nie [...]","protected":false},"author":2,"featured_media":0,"parent":5629,"menu_order":0,"comment_status":"closed","ping_status":"closed","template":"full-width.php","meta":{"_monsterinsights_skip_tracking":false,"_monsterinsights_sitenote_active":false,"_monsterinsights_sitenote_note":"","_monsterinsights_sitenote_category":0,"footnotes":""},"class_list":["post-8040","page","type-page","status-publish","hentry"],"yoast_head":"<!-- This site is optimized with the Yoast SEO plugin v23.1 - https:\/\/yoast.com\/wordpress\/plugins\/seo\/ -->\n<title>Kolekcja Cloud - Absynth<\/title>\n<meta name=\"description\" content=\"Absynth - producent nowoczesnych mebli. W ofercie: krzes\u0142a tapicerowane, meble skrzyniowe, stoly do jadalni, sto\u0142y d\u0119bowe,meble do salonu, jadalni. Absynth oryginalne meble - Zapraszamy\" \/>\n<meta name=\"robots\" content=\"index, follow, max-snippet:-1, max-image-preview:large, max-video-preview:-1\" \/>\n<link rel=\"canonical\" href=\"https:\/\/absynth.eu\/pl\/kolekcje\/kolekcja-cloud\/\" \/>\n<meta property=\"og:locale\" content=\"pl_PL\" \/>\n<meta property=\"og:type\" content=\"article\" \/>\n<meta property=\"og:title\" content=\"Kolekcja Cloud - Absynth\" \/>\n<meta property=\"og:description\" content=\"Absynth - producent nowoczesnych mebli. W ofercie: krzes\u0142a tapicerowane, meble skrzyniowe, stoly do jadalni, sto\u0142y d\u0119bowe,meble do salonu, jadalni. Absynth oryginalne meble - Zapraszamy\" \/>\n<meta property=\"og:url\" content=\"https:\/\/absynth.eu\/pl\/kolekcje\/kolekcja-cloud\/\" \/>\n<meta property=\"og:site_name\" content=\"Absynth\" \/>\n<meta property=\"article:publisher\" content=\"https:\/\/www.facebook.com\/MebleABSYNTH\" \/>\n<meta property=\"article:modified_time\" content=\"2024-05-27T08:10:36+00:00\" \/>\n<meta name=\"twitter:card\" content=\"summary_large_image\" \/>\n<meta name=\"twitter:label1\" content=\"Szacowany czas czytania\" \/>\n\t<meta name=\"twitter:data1\" content=\"3 minuty\" \/>\n<script type=\"application\/ld+json\" class=\"yoast-schema-graph\">{\"@context\":\"https:\/\/schema.org\",\"@graph\":[{\"@type\":\"WebPage\",\"@id\":\"https:\/\/absynth.eu\/kolekcje\/kolekcja-cloud\/\",\"url\":\"https:\/\/absynth.eu\/kolekcje\/kolekcja-cloud\/\",\"name\":\"Kolekcja Cloud - Absynth\",\"isPartOf\":{\"@id\":\"https:\/\/absynth.eu\/pl\/#website\"},\"datePublished\":\"2021-01-10T22:03:14+00:00\",\"dateModified\":\"2024-05-27T08:10:36+00:00\",\"description\":\"Absynth - producent nowoczesnych mebli. W ofercie: krzes\u0142a tapicerowane, meble skrzyniowe, stoly do jadalni, sto\u0142y d\u0119bowe,meble do salonu, jadalni. Absynth oryginalne meble - Zapraszamy\",\"breadcrumb\":{\"@id\":\"https:\/\/absynth.eu\/kolekcje\/kolekcja-cloud\/#breadcrumb\"},\"inLanguage\":\"pl-PL\",\"potentialAction\":[{\"@type\":\"ReadAction\",\"target\":[\"https:\/\/absynth.eu\/kolekcje\/kolekcja-cloud\/\"]}]},{\"@type\":\"BreadcrumbList\",\"@id\":\"https:\/\/absynth.eu\/kolekcje\/kolekcja-cloud\/#breadcrumb\",\"itemListElement\":[{\"@type\":\"ListItem\",\"position\":1,\"name\":\"Strona g\u0142\u00f3wna\",\"item\":\"https:\/\/absynth.eu\/\"},{\"@type\":\"ListItem\",\"position\":2,\"name\":\"Kolekcje\",\"item\":\"https:\/\/absynth.eu\/kolekcje\/\"},{\"@type\":\"ListItem\",\"position\":3,\"name\":\"Kolekcja Cloud\"}]},{\"@type\":\"WebSite\",\"@id\":\"https:\/\/absynth.eu\/pl\/#website\",\"url\":\"https:\/\/absynth.eu\/pl\/\",\"name\":\"Absynth\",\"description\":\"Meble tworz\u0105 wn\u0119trze\",\"potentialAction\":[{\"@type\":\"SearchAction\",\"target\":{\"@type\":\"EntryPoint\",\"urlTemplate\":\"https:\/\/absynth.eu\/pl\/?s={search_term_string}\"},\"query-input\":\"required name=search_term_string\"}],\"inLanguage\":\"pl-PL\"}]}<\/script>\n<!-- \/ Yoast SEO plugin. -->","yoast_head_json":{"title":"Kolekcja Cloud - Absynth","description":"Absynth - producent nowoczesnych mebli. W ofercie: krzes\u0142a tapicerowane, meble skrzyniowe, stoly do jadalni, sto\u0142y d\u0119bowe,meble do salonu, jadalni. Absynth oryginalne meble - Zapraszamy","robots":{"index":"index","follow":"follow","max-snippet":"max-snippet:-1","max-image-preview":"max-image-preview:large","max-video-preview":"max-video-preview:-1"},"canonical":"https:\/\/absynth.eu\/pl\/kolekcje\/kolekcja-cloud\/","og_locale":"pl_PL","og_type":"article","og_title":"Kolekcja Cloud - Absynth","og_description":"Absynth - producent nowoczesnych mebli. W ofercie: krzes\u0142a tapicerowane, meble skrzyniowe, stoly do jadalni, sto\u0142y d\u0119bowe,meble do salonu, jadalni. Absynth oryginalne meble - Zapraszamy","og_url":"https:\/\/absynth.eu\/pl\/kolekcje\/kolekcja-cloud\/","og_site_name":"Absynth","article_publisher":"https:\/\/www.facebook.com\/MebleABSYNTH","article_modified_time":"2024-05-27T08:10:36+00:00","twitter_card":"summary_large_image","twitter_misc":{"Szacowany czas czytania":"3 minuty"},"schema":{"@context":"https:\/\/schema.org","@graph":[{"@type":"WebPage","@id":"https:\/\/absynth.eu\/kolekcje\/kolekcja-cloud\/","url":"https:\/\/absynth.eu\/kolekcje\/kolekcja-cloud\/","name":"Kolekcja Cloud - Absynth","isPartOf":{"@id":"https:\/\/absynth.eu\/pl\/#website"},"datePublished":"2021-01-10T22:03:14+00:00","dateModified":"2024-05-27T08:10:36+00:00","description":"Absynth - producent nowoczesnych mebli. W ofercie: krzes\u0142a tapicerowane, meble skrzyniowe, stoly do jadalni, sto\u0142y d\u0119bowe,meble do salonu, jadalni. Absynth oryginalne meble - Zapraszamy","breadcrumb":{"@id":"https:\/\/absynth.eu\/kolekcje\/kolekcja-cloud\/#breadcrumb"},"inLanguage":"pl-PL","potentialAction":[{"@type":"ReadAction","target":["https:\/\/absynth.eu\/kolekcje\/kolekcja-cloud\/"]}]},{"@type":"BreadcrumbList","@id":"https:\/\/absynth.eu\/kolekcje\/kolekcja-cloud\/#breadcrumb","itemListElement":[{"@type":"ListItem","position":1,"name":"Strona g\u0142\u00f3wna","item":"https:\/\/absynth.eu\/"},{"@type":"ListItem","position":2,"name":"Kolekcje","item":"https:\/\/absynth.eu\/kolekcje\/"},{"@type":"ListItem","position":3,"name":"Kolekcja Cloud"}]},{"@type":"WebSite","@id":"https:\/\/absynth.eu\/pl\/#website","url":"https:\/\/absynth.eu\/pl\/","name":"Absynth","description":"Meble tworz\u0105 wn\u0119trze","potentialAction":[{"@type":"SearchAction","target":{"@type":"EntryPoint","urlTemplate":"https:\/\/absynth.eu\/pl\/?s={search_term_string}"},"query-input":"required name=search_term_string"}],"inLanguage":"pl-PL"}]}},"_links":{"self":[{"href":"https:\/\/absynth.eu\/pl\/wp-json\/wp\/v2\/pages\/8040"}],"collection":[{"href":"https:\/\/absynth.eu\/pl\/wp-json\/wp\/v2\/pages"}],"about":[{"href":"https:\/\/absynth.eu\/pl\/wp-json\/wp\/v2\/types\/page"}],"author":[{"embeddable":true,"href":"https:\/\/absynth.eu\/pl\/wp-json\/wp\/v2\/users\/2"}],"replies":[{"embeddable":true,"href":"https:\/\/absynth.eu\/pl\/wp-json\/wp\/v2\/comments?post=8040"}],"version-history":[{"count":12,"href":"https:\/\/absynth.eu\/pl\/wp-json\/wp\/v2\/pages\/8040\/revisions"}],"predecessor-version":[{"id":9401,"href":"https:\/\/absynth.eu\/pl\/wp-json\/wp\/v2\/pages\/8040\/revisions\/9401"}],"up":[{"embeddable":true,"href":"https:\/\/absynth.eu\/pl\/wp-json\/wp\/v2\/pages\/5629"}],"wp:attachment":[{"href":"https:\/\/absynth.eu\/pl\/wp-json\/wp\/v2\/media?parent=8040"}],"curies":[{"name":"wp","href":"https:\/\/api.w.org\/{rel}","templated":true}]}}