{"id":8321,"date":"2021-02-25T22:05:11","date_gmt":"2021-02-25T21:05:11","guid":{"rendered":"https:\/\/absynth.eu\/?page_id=8321"},"modified":"2021-02-25T22:05:11","modified_gmt":"2021-02-25T21:05:11","slug":"dom-architektury-i-wzornictwa","status":"publish","type":"page","link":"https:\/\/absynth.eu\/pl\/dom-architektury-i-wzornictwa\/","title":{"rendered":"Dom Architektury i Wzornictwa"},"content":{"rendered":"<div class=\"vc_row wpb_row vc_row-fluid\" ><div class=\"wpb_column vc_column_container vc_col-sm-12\"><div class=\"vc_column-inner\"><div class=\"wpb_wrapper\">\n\t<div  class=\"wpb_single_image wpb_content_element vc_align_left  wpb_animate_when_almost_visible wpb_fadeInUp fadeInUp\">\n\t\t\n\t\t<figure class=\"wpb_wrapper vc_figure\">\n\t\t\t<div class=\"vc_single_image-wrapper   vc_box_border_grey\"><img loading=\"lazy\" decoding=\"async\" width=\"1920\" height=\"1177\" src=\"https:\/\/absynth.eu\/wp-content\/uploads\/2021\/02\/DAIW_banner.jpg\" class=\"vc_single_image-img attachment-full\" alt=\"Dom Architektury i Wzornictwa\" srcset=\"https:\/\/absynth.eu\/wp-content\/uploads\/2021\/02\/DAIW_banner.jpg 1920w, https:\/\/absynth.eu\/wp-content\/uploads\/2021\/02\/DAIW_banner-300x184.jpg 300w, https:\/\/absynth.eu\/wp-content\/uploads\/2021\/02\/DAIW_banner-1024x628.jpg 1024w, https:\/\/absynth.eu\/wp-content\/uploads\/2021\/02\/DAIW_banner-768x471.jpg 768w, https:\/\/absynth.eu\/wp-content\/uploads\/2021\/02\/DAIW_banner-1536x942.jpg 1536w\" sizes=\"(max-width: 1920px) 100vw, 1920px\" \/><\/div>\n\t\t<\/figure>\n\t<\/div>\n<div class=\"vc_empty_space\"   style=\"height: 92px\" ><span class=\"vc_empty_space_inner\"><\/span><\/div>\n<\/div><\/div><\/div><\/div><div class=\"qodef-row-grid-section-wrapper \"  ><div class=\"qodef-row-grid-section\"><div class=\"vc_row wpb_row vc_row-fluid\" ><div class=\"wpb_column vc_column_container vc_col-sm-12\"><div class=\"vc_column-inner\"><div class=\"wpb_wrapper\"><div class=\"qodef-section-title-holder  qodef-st-standard qodef-st-title-left qodef-st-normal-space \" >\n\t<div class=\"qodef-st-inner\">\n\t\t\t\t\t\t\t<h2 class=\"qodef-st-title\" >\n\t\t\t\tDom Architektury i Wzornictwa\t\t\t<\/h2>\n\t\t\t\t\t<\/div>\n<\/div><div class=\"vc_empty_space\"   style=\"height: 32px\" ><span class=\"vc_empty_space_inner\"><\/span><\/div>\n<\/div><\/div><\/div><\/div><\/div><\/div><div class=\"qodef-row-grid-section-wrapper \"  ><div class=\"qodef-row-grid-section\"><div class=\"vc_row wpb_row vc_row-fluid\" ><div class=\"wpb_column vc_column_container vc_col-sm-12\"><div class=\"vc_column-inner\"><div class=\"wpb_wrapper\">\n\t<div class=\"wpb_text_column wpb_content_element \" >\n\t\t<div class=\"wpb_wrapper\">\n\t\t\t<p>Dom Architektury i Wzornictwa (DAiW, <a href=\"http:\/\/www.daiwdesign.pl\" target=\"_blank\" rel=\"noopener\">www.daiwdesign.pl<\/a>) powsta\u0142 z pasji i zami\u0142owania do dobrego wzornictwa Pauliny Bogda\u0142-\u015amierzy\u0144skej \u2013 architektki, kt\u00f3ra wraz z m\u0119\u017cem Konradem \u015amierzy\u0144skim prowadzi biuro projektowe Tera Group. Jak zgodnie twierdz\u0105; \u201eWn\u0119trze to przestrze\u0144, kt\u00f3ra, aby zachwyca\u0107, powinna dosta\u0107 to, co wyj\u0105tkowe: kolor, kszta\u0142t i dekoracje\u201d.<\/p>\n<p>I to za\u0142o\u017cenie przy\u015bwieca DAiW, miejscu, kt\u00f3re ma zachwyca\u0107 pi\u0119knem i zrzesza\u0107 ludzi zakochanych w dobrym wzornictwie. Paulina Bogda\u0142-\u015amierzy\u0144ska jako architektka doskonale zna potrzeby ludzi, kt\u00f3rzy profesjonalnie zajmuj\u0105 si\u0119 aran\u017cacj\u0105 wn\u0119trz. To sprawia, \u017ce DAiW nie jest jedynie sklepem \u2013 jest inicjatyw\u0105 przybli\u017caj\u0105c\u0105 tajniki dizajnu. R\u00f3\u017cnorodne warsztaty, spotkania z projektantami, strefa architekta wraz z dost\u0119pn\u0105 wzorcowni\u0105 \u2013 wszystkie te aktywno\u015bci maj\u0105 \u0142\u0105czy\u0107 ludzi tw\u00f3rczych, kreatywnych i wra\u017cliwych na pi\u0119kno. Stacjonarny Concept Store w przepi\u0119knej modernistycznej willi przy ulicy Zdrojowej 19 w Kielcach to miejsce tw\u00f3rczych inspiracji i rozm\u00f3w. Znajdziesz tam wyselekcjonowane meble, akcesoria cenionych polskich i zagranicznych marek, a tak\u017ce starannie wybrane prace fotograficzne i malarskie.<\/p>\n<p>Zapraszamy do naszego Domu \ud83d\ude42<\/p>\n\n\t\t<\/div>\n\t<\/div>\n<div class=\"vc_empty_space\"   style=\"height: 32px\" ><span class=\"vc_empty_space_inner\"><\/span><\/div>\n<\/div><\/div><\/div><\/div><\/div><\/div><div class=\"qodef-row-grid-section-wrapper \"  ><div class=\"qodef-row-grid-section\"><div class=\"vc_row wpb_row vc_row-fluid\" ><div class=\"wpb_column vc_column_container vc_col-sm-12\"><div class=\"vc_column-inner\"><div class=\"wpb_wrapper\">\n\t<div class=\"wpb_text_column wpb_content_element \" >\n\t\t<div class=\"wpb_wrapper\">\n\t\t\t<h5><a href=\"https:\/\/daiwdesign.pl\/\" target=\"_blank\" rel=\"noopener noreferrer\">DAiW Dom Architektury i Wzornictwa<\/a><\/h5>\n<p>ul. Zdrojowa 19\/1, 25-336 Kielce, Poland<br \/><a href=\"tel:+48530758877\">530 758 877<\/a><br \/><a href=\"mailto:hello@daiwdesign.pl\">hello@daiwdesign.pl<\/a><\/p>\n\n\t\t<\/div>\n\t<\/div>\n<div class=\"vc_empty_space\"   style=\"height: 92px\" ><span class=\"vc_empty_space_inner\"><\/span><\/div>\n<\/div><\/div><\/div><\/div><\/div><\/div><div class=\"vc_row wpb_row vc_row-fluid\" ><div class=\"wpb_column vc_column_container vc_col-sm-4\"><div class=\"vc_column-inner\"><div class=\"wpb_wrapper\">\n\t<div  class=\"wpb_single_image wpb_content_element vc_align_center  wpb_animate_when_almost_visible wpb_fadeInLeft fadeInLeft\">\n\t\t\n\t\t<figure class=\"wpb_wrapper vc_figure\">\n\t\t\t<div class=\"vc_single_image-wrapper   vc_box_border_grey\"><img loading=\"lazy\" decoding=\"async\" width=\"683\" height=\"1024\" src=\"https:\/\/absynth.eu\/wp-content\/uploads\/2021\/02\/DAIW_img_04-683x1024.jpg\" class=\"vc_single_image-img attachment-large\" alt=\"DAiW\" srcset=\"https:\/\/absynth.eu\/wp-content\/uploads\/2021\/02\/DAIW_img_04-683x1024.jpg 683w, https:\/\/absynth.eu\/wp-content\/uploads\/2021\/02\/DAIW_img_04-200x300.jpg 200w, https:\/\/absynth.eu\/wp-content\/uploads\/2021\/02\/DAIW_img_04-768x1152.jpg 768w, https:\/\/absynth.eu\/wp-content\/uploads\/2021\/02\/DAIW_img_04-1024x1536.jpg 1024w, https:\/\/absynth.eu\/wp-content\/uploads\/2021\/02\/DAIW_img_04.jpg 1067w\" sizes=\"(max-width: 683px) 100vw, 683px\" \/><\/div>\n\t\t<\/figure>\n\t<\/div>\n<\/div><\/div><\/div><div class=\"wpb_column vc_column_container vc_col-sm-4\"><div class=\"vc_column-inner\"><div class=\"wpb_wrapper\">\n\t<div  class=\"wpb_single_image wpb_content_element vc_align_center  wpb_animate_when_almost_visible wpb_fadeInUp fadeInUp\">\n\t\t\n\t\t<figure class=\"wpb_wrapper vc_figure\">\n\t\t\t<div class=\"vc_single_image-wrapper   vc_box_border_grey\"><img loading=\"lazy\" decoding=\"async\" width=\"681\" height=\"1024\" src=\"https:\/\/absynth.eu\/wp-content\/uploads\/2021\/02\/DAIW_img_01-681x1024.jpg\" class=\"vc_single_image-img attachment-large\" alt=\"DAiW\" srcset=\"https:\/\/absynth.eu\/wp-content\/uploads\/2021\/02\/DAIW_img_01-681x1024.jpg 681w, https:\/\/absynth.eu\/wp-content\/uploads\/2021\/02\/DAIW_img_01-200x300.jpg 200w, https:\/\/absynth.eu\/wp-content\/uploads\/2021\/02\/DAIW_img_01-768x1154.jpg 768w, https:\/\/absynth.eu\/wp-content\/uploads\/2021\/02\/DAIW_img_01-1022x1536.jpg 1022w, https:\/\/absynth.eu\/wp-content\/uploads\/2021\/02\/DAIW_img_01.jpg 1066w\" sizes=\"(max-width: 681px) 100vw, 681px\" \/><\/div>\n\t\t<\/figure>\n\t<\/div>\n<\/div><\/div><\/div><div class=\"wpb_column vc_column_container vc_col-sm-4\"><div class=\"vc_column-inner\"><div class=\"wpb_wrapper\">\n\t<div  class=\"wpb_single_image wpb_content_element vc_align_center  wpb_animate_when_almost_visible wpb_fadeInRight fadeInRight\">\n\t\t\n\t\t<figure class=\"wpb_wrapper vc_figure\">\n\t\t\t<div class=\"vc_single_image-wrapper   vc_box_border_grey\"><img loading=\"lazy\" decoding=\"async\" width=\"682\" height=\"1024\" src=\"https:\/\/absynth.eu\/wp-content\/uploads\/2021\/02\/DAIW_img_02-682x1024.jpg\" class=\"vc_single_image-img attachment-large\" alt=\"DAiW\" srcset=\"https:\/\/absynth.eu\/wp-content\/uploads\/2021\/02\/DAIW_img_02-682x1024.jpg 682w, https:\/\/absynth.eu\/wp-content\/uploads\/2021\/02\/DAIW_img_02-200x300.jpg 200w, https:\/\/absynth.eu\/wp-content\/uploads\/2021\/02\/DAIW_img_02-768x1153.jpg 768w, https:\/\/absynth.eu\/wp-content\/uploads\/2021\/02\/DAIW_img_02-1023x1536.jpg 1023w, https:\/\/absynth.eu\/wp-content\/uploads\/2021\/02\/DAIW_img_02.jpg 1066w\" sizes=\"(max-width: 682px) 100vw, 682px\" \/><\/div>\n\t\t<\/figure>\n\t<\/div>\n<\/div><\/div><\/div><\/div>\n","protected":false},"excerpt":{"rendered":"Dom Architektury i Wzornictwa Dom Architektury i Wzornictwa (DAiW, www.daiwdesign.pl) powsta\u0142 z pasji i zami\u0142owania do dobrego wzornictwa Pauliny Bogda\u0142-\u015amierzy\u0144skej \u2013 architektki, kt\u00f3ra wraz z m\u0119\u017cem Konradem \u015amierzy\u0144skim prowadzi biuro projektowe Tera Group. Jak zgodnie twierdz\u0105; \u201eWn\u0119trze to przestrze\u0144, kt\u00f3ra, [...]","protected":false},"author":2,"featured_media":8323,"parent":0,"menu_order":0,"comment_status":"closed","ping_status":"closed","template":"full-width.php","meta":{"_monsterinsights_skip_tracking":false,"_monsterinsights_sitenote_active":false,"_monsterinsights_sitenote_note":"","_monsterinsights_sitenote_category":0,"footnotes":""},"class_list":["post-8321","page","type-page","status-publish","has-post-thumbnail","hentry"],"yoast_head":"<!-- This site is optimized with the Yoast SEO plugin v23.1 - https:\/\/yoast.com\/wordpress\/plugins\/seo\/ -->\n<title>Dom Architektury i Wzornictwa - Absynth<\/title>\n<meta name=\"description\" content=\"Absynth - producent nowoczesnych mebli. W ofercie: krzes\u0142a tapicerowane, meble skrzyniowe, stoly do jadalni, sto\u0142y d\u0119bowe,meble do salonu, jadalni. Absynth oryginalne meble - Zapraszamy\" \/>\n<meta name=\"robots\" content=\"index, follow, max-snippet:-1, max-image-preview:large, max-video-preview:-1\" \/>\n<link rel=\"canonical\" href=\"https:\/\/absynth.eu\/pl\/dom-architektury-i-wzornictwa\/\" \/>\n<meta property=\"og:locale\" content=\"pl_PL\" \/>\n<meta property=\"og:type\" content=\"article\" \/>\n<meta property=\"og:title\" content=\"Dom Architektury i Wzornictwa - Absynth\" \/>\n<meta property=\"og:description\" content=\"Absynth - producent nowoczesnych mebli. W ofercie: krzes\u0142a tapicerowane, meble skrzyniowe, stoly do jadalni, sto\u0142y d\u0119bowe,meble do salonu, jadalni. Absynth oryginalne meble - Zapraszamy\" \/>\n<meta property=\"og:url\" content=\"https:\/\/absynth.eu\/pl\/dom-architektury-i-wzornictwa\/\" \/>\n<meta property=\"og:site_name\" content=\"Absynth\" \/>\n<meta property=\"article:publisher\" content=\"https:\/\/www.facebook.com\/MebleABSYNTH\" \/>\n<meta property=\"og:image\" content=\"https:\/\/absynth.eu\/wp-content\/uploads\/2021\/02\/DAIW_banner.jpg\" \/>\n\t<meta property=\"og:image:width\" content=\"1920\" \/>\n\t<meta property=\"og:image:height\" content=\"1177\" \/>\n\t<meta property=\"og:image:type\" content=\"image\/jpeg\" \/>\n<meta name=\"twitter:card\" content=\"summary_large_image\" \/>\n<meta name=\"twitter:label1\" content=\"Szacowany czas czytania\" \/>\n\t<meta name=\"twitter:data1\" content=\"2 minuty\" \/>\n<script type=\"application\/ld+json\" class=\"yoast-schema-graph\">{\"@context\":\"https:\/\/schema.org\",\"@graph\":[{\"@type\":\"WebPage\",\"@id\":\"https:\/\/absynth.eu\/dom-architektury-i-wzornictwa\/\",\"url\":\"https:\/\/absynth.eu\/dom-architektury-i-wzornictwa\/\",\"name\":\"Dom Architektury i Wzornictwa - Absynth\",\"isPartOf\":{\"@id\":\"https:\/\/absynth.eu\/pl\/#website\"},\"primaryImageOfPage\":{\"@id\":\"https:\/\/absynth.eu\/dom-architektury-i-wzornictwa\/#primaryimage\"},\"image\":{\"@id\":\"https:\/\/absynth.eu\/dom-architektury-i-wzornictwa\/#primaryimage\"},\"thumbnailUrl\":\"https:\/\/absynth.eu\/wp-content\/uploads\/2021\/02\/DAIW_banner.jpg\",\"datePublished\":\"2021-02-25T21:05:11+00:00\",\"dateModified\":\"2021-02-25T21:05:11+00:00\",\"description\":\"Absynth - producent nowoczesnych mebli. W ofercie: krzes\u0142a tapicerowane, meble skrzyniowe, stoly do jadalni, sto\u0142y d\u0119bowe,meble do salonu, jadalni. Absynth oryginalne meble - Zapraszamy\",\"breadcrumb\":{\"@id\":\"https:\/\/absynth.eu\/dom-architektury-i-wzornictwa\/#breadcrumb\"},\"inLanguage\":\"pl-PL\",\"potentialAction\":[{\"@type\":\"ReadAction\",\"target\":[\"https:\/\/absynth.eu\/dom-architektury-i-wzornictwa\/\"]}]},{\"@type\":\"ImageObject\",\"inLanguage\":\"pl-PL\",\"@id\":\"https:\/\/absynth.eu\/dom-architektury-i-wzornictwa\/#primaryimage\",\"url\":\"https:\/\/absynth.eu\/wp-content\/uploads\/2021\/02\/DAIW_banner.jpg\",\"contentUrl\":\"https:\/\/absynth.eu\/wp-content\/uploads\/2021\/02\/DAIW_banner.jpg\",\"width\":1920,\"height\":1177,\"caption\":\"Dom Architektury i Wzornictwa\"},{\"@type\":\"BreadcrumbList\",\"@id\":\"https:\/\/absynth.eu\/dom-architektury-i-wzornictwa\/#breadcrumb\",\"itemListElement\":[{\"@type\":\"ListItem\",\"position\":1,\"name\":\"Strona g\u0142\u00f3wna\",\"item\":\"https:\/\/absynth.eu\/\"},{\"@type\":\"ListItem\",\"position\":2,\"name\":\"Dom Architektury i Wzornictwa\"}]},{\"@type\":\"WebSite\",\"@id\":\"https:\/\/absynth.eu\/pl\/#website\",\"url\":\"https:\/\/absynth.eu\/pl\/\",\"name\":\"Absynth\",\"description\":\"Meble tworz\u0105 wn\u0119trze\",\"potentialAction\":[{\"@type\":\"SearchAction\",\"target\":{\"@type\":\"EntryPoint\",\"urlTemplate\":\"https:\/\/absynth.eu\/pl\/?s={search_term_string}\"},\"query-input\":\"required name=search_term_string\"}],\"inLanguage\":\"pl-PL\"}]}<\/script>\n<!-- \/ Yoast SEO plugin. -->","yoast_head_json":{"title":"Dom Architektury i Wzornictwa - Absynth","description":"Absynth - producent nowoczesnych mebli. W ofercie: krzes\u0142a tapicerowane, meble skrzyniowe, stoly do jadalni, sto\u0142y d\u0119bowe,meble do salonu, jadalni. Absynth oryginalne meble - Zapraszamy","robots":{"index":"index","follow":"follow","max-snippet":"max-snippet:-1","max-image-preview":"max-image-preview:large","max-video-preview":"max-video-preview:-1"},"canonical":"https:\/\/absynth.eu\/pl\/dom-architektury-i-wzornictwa\/","og_locale":"pl_PL","og_type":"article","og_title":"Dom Architektury i Wzornictwa - Absynth","og_description":"Absynth - producent nowoczesnych mebli. W ofercie: krzes\u0142a tapicerowane, meble skrzyniowe, stoly do jadalni, sto\u0142y d\u0119bowe,meble do salonu, jadalni. Absynth oryginalne meble - Zapraszamy","og_url":"https:\/\/absynth.eu\/pl\/dom-architektury-i-wzornictwa\/","og_site_name":"Absynth","article_publisher":"https:\/\/www.facebook.com\/MebleABSYNTH","og_image":[{"width":1920,"height":1177,"url":"https:\/\/absynth.eu\/wp-content\/uploads\/2021\/02\/DAIW_banner.jpg","type":"image\/jpeg"}],"twitter_card":"summary_large_image","twitter_misc":{"Szacowany czas czytania":"2 minuty"},"schema":{"@context":"https:\/\/schema.org","@graph":[{"@type":"WebPage","@id":"https:\/\/absynth.eu\/dom-architektury-i-wzornictwa\/","url":"https:\/\/absynth.eu\/dom-architektury-i-wzornictwa\/","name":"Dom Architektury i Wzornictwa - Absynth","isPartOf":{"@id":"https:\/\/absynth.eu\/pl\/#website"},"primaryImageOfPage":{"@id":"https:\/\/absynth.eu\/dom-architektury-i-wzornictwa\/#primaryimage"},"image":{"@id":"https:\/\/absynth.eu\/dom-architektury-i-wzornictwa\/#primaryimage"},"thumbnailUrl":"https:\/\/absynth.eu\/wp-content\/uploads\/2021\/02\/DAIW_banner.jpg","datePublished":"2021-02-25T21:05:11+00:00","dateModified":"2021-02-25T21:05:11+00:00","description":"Absynth - producent nowoczesnych mebli. W ofercie: krzes\u0142a tapicerowane, meble skrzyniowe, stoly do jadalni, sto\u0142y d\u0119bowe,meble do salonu, jadalni. Absynth oryginalne meble - Zapraszamy","breadcrumb":{"@id":"https:\/\/absynth.eu\/dom-architektury-i-wzornictwa\/#breadcrumb"},"inLanguage":"pl-PL","potentialAction":[{"@type":"ReadAction","target":["https:\/\/absynth.eu\/dom-architektury-i-wzornictwa\/"]}]},{"@type":"ImageObject","inLanguage":"pl-PL","@id":"https:\/\/absynth.eu\/dom-architektury-i-wzornictwa\/#primaryimage","url":"https:\/\/absynth.eu\/wp-content\/uploads\/2021\/02\/DAIW_banner.jpg","contentUrl":"https:\/\/absynth.eu\/wp-content\/uploads\/2021\/02\/DAIW_banner.jpg","width":1920,"height":1177,"caption":"Dom Architektury i Wzornictwa"},{"@type":"BreadcrumbList","@id":"https:\/\/absynth.eu\/dom-architektury-i-wzornictwa\/#breadcrumb","itemListElement":[{"@type":"ListItem","position":1,"name":"Strona g\u0142\u00f3wna","item":"https:\/\/absynth.eu\/"},{"@type":"ListItem","position":2,"name":"Dom Architektury i Wzornictwa"}]},{"@type":"WebSite","@id":"https:\/\/absynth.eu\/pl\/#website","url":"https:\/\/absynth.eu\/pl\/","name":"Absynth","description":"Meble tworz\u0105 wn\u0119trze","potentialAction":[{"@type":"SearchAction","target":{"@type":"EntryPoint","urlTemplate":"https:\/\/absynth.eu\/pl\/?s={search_term_string}"},"query-input":"required name=search_term_string"}],"inLanguage":"pl-PL"}]}},"_links":{"self":[{"href":"https:\/\/absynth.eu\/pl\/wp-json\/wp\/v2\/pages\/8321"}],"collection":[{"href":"https:\/\/absynth.eu\/pl\/wp-json\/wp\/v2\/pages"}],"about":[{"href":"https:\/\/absynth.eu\/pl\/wp-json\/wp\/v2\/types\/page"}],"author":[{"embeddable":true,"href":"https:\/\/absynth.eu\/pl\/wp-json\/wp\/v2\/users\/2"}],"replies":[{"embeddable":true,"href":"https:\/\/absynth.eu\/pl\/wp-json\/wp\/v2\/comments?post=8321"}],"version-history":[{"count":3,"href":"https:\/\/absynth.eu\/pl\/wp-json\/wp\/v2\/pages\/8321\/revisions"}],"predecessor-version":[{"id":8329,"href":"https:\/\/absynth.eu\/pl\/wp-json\/wp\/v2\/pages\/8321\/revisions\/8329"}],"wp:featuredmedia":[{"embeddable":true,"href":"https:\/\/absynth.eu\/pl\/wp-json\/wp\/v2\/media\/8323"}],"wp:attachment":[{"href":"https:\/\/absynth.eu\/pl\/wp-json\/wp\/v2\/media?parent=8321"}],"curies":[{"name":"wp","href":"https:\/\/api.w.org\/{rel}","templated":true}]}}