{"id":8641,"date":"2021-09-21T02:41:39","date_gmt":"2021-09-21T00:41:39","guid":{"rendered":"https:\/\/absynth.eu\/?page_id=8641"},"modified":"2023-02-06T01:21:20","modified_gmt":"2023-02-06T00:21:20","slug":"aa-wnetrza","status":"publish","type":"page","link":"https:\/\/absynth.eu\/pl\/aa-wnetrza\/","title":{"rendered":"A&#038;A Wn\u0119trza"},"content":{"rendered":"<div class=\"vc_row wpb_row vc_row-fluid\" ><div class=\"wpb_column vc_column_container vc_col-sm-12\"><div class=\"vc_column-inner\"><div class=\"wpb_wrapper\">\n\t<div  class=\"wpb_single_image wpb_content_element vc_align_center  wpb_animate_when_almost_visible wpb_fadeInUp fadeInUp\">\n\t\t\n\t\t<figure class=\"wpb_wrapper vc_figure\">\n\t\t\t<div class=\"vc_single_image-wrapper   vc_box_border_grey\"><img loading=\"lazy\" decoding=\"async\" width=\"1920\" height=\"1079\" src=\"https:\/\/absynth.eu\/wp-content\/uploads\/2021\/09\/aawnetrza-okladka-2.jpg\" class=\"vc_single_image-img attachment-full\" alt=\"A&amp;A Wn\u0119trza\" srcset=\"https:\/\/absynth.eu\/wp-content\/uploads\/2021\/09\/aawnetrza-okladka-2.jpg 1920w, https:\/\/absynth.eu\/wp-content\/uploads\/2021\/09\/aawnetrza-okladka-2-300x169.jpg 300w, https:\/\/absynth.eu\/wp-content\/uploads\/2021\/09\/aawnetrza-okladka-2-1024x575.jpg 1024w, https:\/\/absynth.eu\/wp-content\/uploads\/2021\/09\/aawnetrza-okladka-2-768x432.jpg 768w, https:\/\/absynth.eu\/wp-content\/uploads\/2021\/09\/aawnetrza-okladka-2-1536x863.jpg 1536w, https:\/\/absynth.eu\/wp-content\/uploads\/2021\/09\/aawnetrza-okladka-2-18x10.jpg 18w\" sizes=\"(max-width: 1920px) 100vw, 1920px\" \/><\/div>\n\t\t<\/figure>\n\t<\/div>\n<div class=\"vc_empty_space\"   style=\"height: 92px\" ><span class=\"vc_empty_space_inner\"><\/span><\/div>\n<\/div><\/div><\/div><\/div><div class=\"qodef-row-grid-section-wrapper \"  ><div class=\"qodef-row-grid-section\"><div class=\"vc_row wpb_row vc_row-fluid\" ><div class=\"wpb_column vc_column_container vc_col-sm-12\"><div class=\"vc_column-inner\"><div class=\"wpb_wrapper\"><div class=\"qodef-section-title-holder  qodef-st-standard qodef-st-title-left qodef-st-normal-space \" >\n\t<div class=\"qodef-st-inner\">\n\t\t\t\t\t\t\t<h2 class=\"qodef-st-title\" >\n\t\t\t\tA&amp;A Wn\u0119trza - z nami urz\u0105dzanie wn\u0119trz jest proste!\t\t\t<\/h2>\n\t\t\t\t\t<\/div>\n<\/div><div class=\"vc_empty_space\"   style=\"height: 32px\" ><span class=\"vc_empty_space_inner\"><\/span><\/div>\n<\/div><\/div><\/div><\/div><\/div><\/div><div class=\"qodef-row-grid-section-wrapper \"  ><div class=\"qodef-row-grid-section\"><div class=\"vc_row wpb_row vc_row-fluid\" ><div class=\"wpb_column vc_column_container vc_col-sm-12\"><div class=\"vc_column-inner\"><div class=\"wpb_wrapper\">\n\t<div class=\"wpb_text_column wpb_content_element \" >\n\t\t<div class=\"wpb_wrapper\">\n\t\t\t<p>Showroom A&amp;A Wn\u0119trza jest wyj\u0105tkowym miejscem w Legnicy z ponad 10-letnim do\u015bwiadczeniem w sprzeda\u017cy ekskluzywnych materia\u0142\u00f3w do aran\u017cacji wn\u0119trz. Znajdziesz u nas meble wypoczynkowe oraz stoliki kawowe od polskich producent\u00f3w, niemieckie meble kuchenne, panele winylowe, tapety, lampy i shuttersy. Kompleksowa oferta umo\u017cliwia, w jednym miejscu, urz\u0105dzenie wn\u0119trz zar\u00f3wno prywatnych, jak i inwestycyjnych. Nasza oferta produktowa uzupe\u0142niona jest tak\u017ce o us\u0142ug\u0119 projektowania wn\u0119trz oraz monta\u017cu wszystkich zakupionych materia\u0142\u00f3w.<\/p>\n<p>Odwied\u017a nasz showroom i zainspiruj si\u0119 do zmiany.<\/p>\n\n\t\t<\/div>\n\t<\/div>\n<div class=\"vc_empty_space\"   style=\"height: 32px\" ><span class=\"vc_empty_space_inner\"><\/span><\/div>\n<\/div><\/div><\/div><\/div><\/div><\/div><div class=\"qodef-row-grid-section-wrapper \"  ><div class=\"qodef-row-grid-section\"><div class=\"vc_row wpb_row vc_row-fluid\" ><div class=\"wpb_column vc_column_container vc_col-sm-12\"><div class=\"vc_column-inner\"><div class=\"wpb_wrapper\">\n\t<div class=\"wpb_text_column wpb_content_element \" >\n\t\t<div class=\"wpb_wrapper\">\n\t\t\t<h5><a href=\"https:\/\/aawnetrza.pl\" target=\"_blank\" rel=\"noopener noreferrer\">A&amp;A Wn\u0119trza<\/a><\/h5>\n<p>ul. Z\u0142otoryjska 11-15, 59-220 Legnica<br \/>\n<a href=\"mailto:biuro@aawnetrza.pl\">biuro@aawnetrza.pl<\/a><\/p>\n\n\t\t<\/div>\n\t<\/div>\n<div class=\"vc_empty_space\"   style=\"height: 92px\" ><span class=\"vc_empty_space_inner\"><\/span><\/div>\n<\/div><\/div><\/div><\/div><\/div><\/div><section class=\"vc_section\"><div class=\"vc_row wpb_row vc_row-fluid\" ><div class=\"wpb_column vc_column_container vc_col-sm-12\"><div class=\"vc_column-inner\"><div class=\"wpb_wrapper\"><div  class=\"wpb_images_carousel wpb_content_element vc_clearfix\">\n\t<div class=\"wpb_wrapper\">\n\t\t\t\t<div id=\"vc_images-carousel-1-1777799919\" data-ride=\"vc_carousel\" data-wrap=\"false\" style=\"width: 1200px;\" data-interval=\"5000\" data-auto-height=\"yes\" data-mode=\"horizontal\" data-partial=\"true\" data-per-view=\"3\" data-hide-on-end=\"false\" class=\"vc_slide vc_images_carousel\">\n\t\t\t\t\t\t<!-- Wrapper for slides -->\n\t\t\t<div class=\"vc_carousel-inner\">\n\t\t\t\t<div class=\"vc_carousel-slideline\">\n\t\t\t\t\t<div class=\"vc_carousel-slideline-inner\">\n\t\t\t\t\t\t\t\t\t\t\t\t\t\t\t\t\t\t\t\t<div class=\"vc_item\">\n\t\t\t\t\t\t\t\t<div class=\"vc_inner\">\n\t\t\t\t\t\t\t\t\t\t\t\t\t\t\t\t\t\t\t\t\t\t\t\t\t\t\t\t\t<a class=\"prettyphoto\" href=\"https:\/\/absynth.eu\/wp-content\/uploads\/2021\/09\/aawnetrza-1-giro-576x1024.jpg\"  data-rel=\"prettyPhoto[rel-8641-1710397563]\">\n\t\t\t\t\t\t\t\t\t\t\t<img loading=\"lazy\" decoding=\"async\" class=\"\" src=\"https:\/\/absynth.eu\/wp-content\/uploads\/2021\/09\/aawnetrza-1-giro-750x900.jpg\" width=\"750\" height=\"900\" alt=\"aawnetrza-1-giro\" title=\"aawnetrza-1-giro\" \/>\t\t\t\t\t\t\t\t\t\t<\/a>\n\t\t\t\t\t\t\t\t\t\t\t\t\t\t\t\t\t<\/div>\n\t\t\t\t\t\t\t<\/div>\n\t\t\t\t\t\t\t\t\t\t\t\t\t\t\t\t\t\t\t\t<div class=\"vc_item\">\n\t\t\t\t\t\t\t\t<div class=\"vc_inner\">\n\t\t\t\t\t\t\t\t\t\t\t\t\t\t\t\t\t\t\t\t\t\t\t\t\t\t\t\t\t<a class=\"prettyphoto\" href=\"https:\/\/absynth.eu\/wp-content\/uploads\/2021\/09\/NoiC-2-1024x768.jpg\"  data-rel=\"prettyPhoto[rel-8641-1710397563]\">\n\t\t\t\t\t\t\t\t\t\t\t<img loading=\"lazy\" decoding=\"async\" class=\"\" src=\"https:\/\/absynth.eu\/wp-content\/uploads\/2021\/09\/NoiC-2-1200x900.jpg\" width=\"1200\" height=\"900\" alt=\"NoiC-2\" title=\"NoiC-2\" \/>\t\t\t\t\t\t\t\t\t\t<\/a>\n\t\t\t\t\t\t\t\t\t\t\t\t\t\t\t\t\t<\/div>\n\t\t\t\t\t\t\t<\/div>\n\t\t\t\t\t\t\t\t\t\t\t\t\t\t\t\t\t\t\t\t<div class=\"vc_item\">\n\t\t\t\t\t\t\t\t<div class=\"vc_inner\">\n\t\t\t\t\t\t\t\t\t\t\t\t\t\t\t\t\t\t\t\t\t\t\t\t\t\t\t\t\t<a class=\"prettyphoto\" href=\"https:\/\/absynth.eu\/wp-content\/uploads\/2021\/09\/NoiC-3-1024x768.jpg\"  data-rel=\"prettyPhoto[rel-8641-1710397563]\">\n\t\t\t\t\t\t\t\t\t\t\t<img loading=\"lazy\" decoding=\"async\" class=\"\" src=\"https:\/\/absynth.eu\/wp-content\/uploads\/2021\/09\/NoiC-3-1200x900.jpg\" width=\"1200\" height=\"900\" alt=\"NoiC-3\" title=\"NoiC-3\" \/>\t\t\t\t\t\t\t\t\t\t<\/a>\n\t\t\t\t\t\t\t\t\t\t\t\t\t\t\t\t\t<\/div>\n\t\t\t\t\t\t\t<\/div>\n\t\t\t\t\t\t\t\t\t\t\t\t\t\t\t\t\t\t\t\t<div class=\"vc_item\">\n\t\t\t\t\t\t\t\t<div class=\"vc_inner\">\n\t\t\t\t\t\t\t\t\t\t\t\t\t\t\t\t\t\t\t\t\t\t\t\t\t\t\t\t\t<a class=\"prettyphoto\" href=\"https:\/\/absynth.eu\/wp-content\/uploads\/2021\/09\/NoiC-1-676x1024.jpg\"  data-rel=\"prettyPhoto[rel-8641-1710397563]\">\n\t\t\t\t\t\t\t\t\t\t\t<img loading=\"lazy\" decoding=\"async\" class=\"\" src=\"https:\/\/absynth.eu\/wp-content\/uploads\/2021\/09\/NoiC-1-1057x900.jpg\" width=\"1057\" height=\"900\" alt=\"NoiC-1\" title=\"NoiC-1\" \/>\t\t\t\t\t\t\t\t\t\t<\/a>\n\t\t\t\t\t\t\t\t\t\t\t\t\t\t\t\t\t<\/div>\n\t\t\t\t\t\t\t<\/div>\n\t\t\t\t\t\t\t\t\t\t\t<\/div>\n\t\t\t\t<\/div>\n\t\t\t<\/div>\n\t\t\t\t\t<\/div>\n\t<\/div>\n<\/div>\n<\/div><\/div><\/div><\/div><\/section>\n","protected":false},"excerpt":{"rendered":"A&amp;A Wn\u0119trza - z nami urz\u0105dzanie wn\u0119trz jest proste! Showroom A&amp;A Wn\u0119trza jest wyj\u0105tkowym miejscem w Legnicy z ponad 10-letnim do\u015bwiadczeniem w sprzeda\u017cy ekskluzywnych materia\u0142\u00f3w do aran\u017cacji wn\u0119trz. Znajdziesz u nas meble wypoczynkowe oraz stoliki kawowe od polskich producent\u00f3w, niemieckie [...]","protected":false},"author":2,"featured_media":8616,"parent":0,"menu_order":0,"comment_status":"closed","ping_status":"closed","template":"full-width.php","meta":{"_monsterinsights_skip_tracking":false,"_monsterinsights_sitenote_active":false,"_monsterinsights_sitenote_note":"","_monsterinsights_sitenote_category":0,"footnotes":""},"class_list":["post-8641","page","type-page","status-publish","has-post-thumbnail","hentry"],"yoast_head":"<!-- This site is optimized with the Yoast SEO plugin v23.1 - https:\/\/yoast.com\/wordpress\/plugins\/seo\/ -->\n<title>A&amp;A Wn\u0119trza - Absynth<\/title>\n<meta name=\"description\" content=\"Absynth - producent nowoczesnych mebli. W ofercie: krzes\u0142a tapicerowane, meble skrzyniowe, stoly do jadalni, sto\u0142y d\u0119bowe,meble do salonu, jadalni. Absynth oryginalne meble - Zapraszamy\" \/>\n<meta name=\"robots\" content=\"index, follow, max-snippet:-1, max-image-preview:large, max-video-preview:-1\" \/>\n<link rel=\"canonical\" href=\"https:\/\/absynth.eu\/pl\/aa-wnetrza\/\" \/>\n<meta property=\"og:locale\" content=\"pl_PL\" \/>\n<meta property=\"og:type\" content=\"article\" \/>\n<meta property=\"og:title\" content=\"A&amp;A Wn\u0119trza - Absynth\" \/>\n<meta property=\"og:description\" content=\"Absynth - producent nowoczesnych mebli. W ofercie: krzes\u0142a tapicerowane, meble skrzyniowe, stoly do jadalni, sto\u0142y d\u0119bowe,meble do salonu, jadalni. Absynth oryginalne meble - Zapraszamy\" \/>\n<meta property=\"og:url\" content=\"https:\/\/absynth.eu\/pl\/aa-wnetrza\/\" \/>\n<meta property=\"og:site_name\" content=\"Absynth\" \/>\n<meta property=\"article:publisher\" content=\"https:\/\/www.facebook.com\/MebleABSYNTH\" \/>\n<meta property=\"article:modified_time\" content=\"2023-02-06T00:21:20+00:00\" \/>\n<meta property=\"og:image\" content=\"https:\/\/absynth.eu\/wp-content\/uploads\/2021\/08\/DSC5530ko5_tiny.jpg\" \/>\n\t<meta property=\"og:image:width\" content=\"1921\" \/>\n\t<meta property=\"og:image:height\" content=\"1280\" \/>\n\t<meta property=\"og:image:type\" content=\"image\/jpeg\" \/>\n<meta name=\"twitter:card\" content=\"summary_large_image\" \/>\n<meta name=\"twitter:label1\" content=\"Szacowany czas czytania\" \/>\n\t<meta name=\"twitter:data1\" content=\"1 minuta\" \/>\n<script type=\"application\/ld+json\" class=\"yoast-schema-graph\">{\"@context\":\"https:\/\/schema.org\",\"@graph\":[{\"@type\":\"WebPage\",\"@id\":\"https:\/\/absynth.eu\/aa-wnetrza\/\",\"url\":\"https:\/\/absynth.eu\/aa-wnetrza\/\",\"name\":\"A&A Wn\u0119trza - Absynth\",\"isPartOf\":{\"@id\":\"https:\/\/absynth.eu\/pl\/#website\"},\"primaryImageOfPage\":{\"@id\":\"https:\/\/absynth.eu\/aa-wnetrza\/#primaryimage\"},\"image\":{\"@id\":\"https:\/\/absynth.eu\/aa-wnetrza\/#primaryimage\"},\"thumbnailUrl\":\"https:\/\/absynth.eu\/wp-content\/uploads\/2021\/08\/DSC5530ko5_tiny.jpg\",\"datePublished\":\"2021-09-21T00:41:39+00:00\",\"dateModified\":\"2023-02-06T00:21:20+00:00\",\"description\":\"Absynth - producent nowoczesnych mebli. W ofercie: krzes\u0142a tapicerowane, meble skrzyniowe, stoly do jadalni, sto\u0142y d\u0119bowe,meble do salonu, jadalni. Absynth oryginalne meble - Zapraszamy\",\"breadcrumb\":{\"@id\":\"https:\/\/absynth.eu\/aa-wnetrza\/#breadcrumb\"},\"inLanguage\":\"pl-PL\",\"potentialAction\":[{\"@type\":\"ReadAction\",\"target\":[\"https:\/\/absynth.eu\/aa-wnetrza\/\"]}]},{\"@type\":\"ImageObject\",\"inLanguage\":\"pl-PL\",\"@id\":\"https:\/\/absynth.eu\/aa-wnetrza\/#primaryimage\",\"url\":\"https:\/\/absynth.eu\/wp-content\/uploads\/2021\/08\/DSC5530ko5_tiny.jpg\",\"contentUrl\":\"https:\/\/absynth.eu\/wp-content\/uploads\/2021\/08\/DSC5530ko5_tiny.jpg\",\"width\":1921,\"height\":1280,\"caption\":\"Niegaleria\"},{\"@type\":\"BreadcrumbList\",\"@id\":\"https:\/\/absynth.eu\/aa-wnetrza\/#breadcrumb\",\"itemListElement\":[{\"@type\":\"ListItem\",\"position\":1,\"name\":\"Strona g\u0142\u00f3wna\",\"item\":\"https:\/\/absynth.eu\/\"},{\"@type\":\"ListItem\",\"position\":2,\"name\":\"A&#038;A Wn\u0119trza\"}]},{\"@type\":\"WebSite\",\"@id\":\"https:\/\/absynth.eu\/pl\/#website\",\"url\":\"https:\/\/absynth.eu\/pl\/\",\"name\":\"Absynth\",\"description\":\"Meble tworz\u0105 wn\u0119trze\",\"potentialAction\":[{\"@type\":\"SearchAction\",\"target\":{\"@type\":\"EntryPoint\",\"urlTemplate\":\"https:\/\/absynth.eu\/pl\/?s={search_term_string}\"},\"query-input\":\"required name=search_term_string\"}],\"inLanguage\":\"pl-PL\"}]}<\/script>\n<!-- \/ Yoast SEO plugin. -->","yoast_head_json":{"title":"A&A Wn\u0119trza - Absynth","description":"Absynth - producent nowoczesnych mebli. W ofercie: krzes\u0142a tapicerowane, meble skrzyniowe, stoly do jadalni, sto\u0142y d\u0119bowe,meble do salonu, jadalni. Absynth oryginalne meble - Zapraszamy","robots":{"index":"index","follow":"follow","max-snippet":"max-snippet:-1","max-image-preview":"max-image-preview:large","max-video-preview":"max-video-preview:-1"},"canonical":"https:\/\/absynth.eu\/pl\/aa-wnetrza\/","og_locale":"pl_PL","og_type":"article","og_title":"A&A Wn\u0119trza - Absynth","og_description":"Absynth - producent nowoczesnych mebli. W ofercie: krzes\u0142a tapicerowane, meble skrzyniowe, stoly do jadalni, sto\u0142y d\u0119bowe,meble do salonu, jadalni. Absynth oryginalne meble - Zapraszamy","og_url":"https:\/\/absynth.eu\/pl\/aa-wnetrza\/","og_site_name":"Absynth","article_publisher":"https:\/\/www.facebook.com\/MebleABSYNTH","article_modified_time":"2023-02-06T00:21:20+00:00","og_image":[{"width":1921,"height":1280,"url":"https:\/\/absynth.eu\/wp-content\/uploads\/2021\/08\/DSC5530ko5_tiny.jpg","type":"image\/jpeg"}],"twitter_card":"summary_large_image","twitter_misc":{"Szacowany czas czytania":"1 minuta"},"schema":{"@context":"https:\/\/schema.org","@graph":[{"@type":"WebPage","@id":"https:\/\/absynth.eu\/aa-wnetrza\/","url":"https:\/\/absynth.eu\/aa-wnetrza\/","name":"A&A Wn\u0119trza - Absynth","isPartOf":{"@id":"https:\/\/absynth.eu\/pl\/#website"},"primaryImageOfPage":{"@id":"https:\/\/absynth.eu\/aa-wnetrza\/#primaryimage"},"image":{"@id":"https:\/\/absynth.eu\/aa-wnetrza\/#primaryimage"},"thumbnailUrl":"https:\/\/absynth.eu\/wp-content\/uploads\/2021\/08\/DSC5530ko5_tiny.jpg","datePublished":"2021-09-21T00:41:39+00:00","dateModified":"2023-02-06T00:21:20+00:00","description":"Absynth - producent nowoczesnych mebli. W ofercie: krzes\u0142a tapicerowane, meble skrzyniowe, stoly do jadalni, sto\u0142y d\u0119bowe,meble do salonu, jadalni. Absynth oryginalne meble - Zapraszamy","breadcrumb":{"@id":"https:\/\/absynth.eu\/aa-wnetrza\/#breadcrumb"},"inLanguage":"pl-PL","potentialAction":[{"@type":"ReadAction","target":["https:\/\/absynth.eu\/aa-wnetrza\/"]}]},{"@type":"ImageObject","inLanguage":"pl-PL","@id":"https:\/\/absynth.eu\/aa-wnetrza\/#primaryimage","url":"https:\/\/absynth.eu\/wp-content\/uploads\/2021\/08\/DSC5530ko5_tiny.jpg","contentUrl":"https:\/\/absynth.eu\/wp-content\/uploads\/2021\/08\/DSC5530ko5_tiny.jpg","width":1921,"height":1280,"caption":"Niegaleria"},{"@type":"BreadcrumbList","@id":"https:\/\/absynth.eu\/aa-wnetrza\/#breadcrumb","itemListElement":[{"@type":"ListItem","position":1,"name":"Strona g\u0142\u00f3wna","item":"https:\/\/absynth.eu\/"},{"@type":"ListItem","position":2,"name":"A&#038;A Wn\u0119trza"}]},{"@type":"WebSite","@id":"https:\/\/absynth.eu\/pl\/#website","url":"https:\/\/absynth.eu\/pl\/","name":"Absynth","description":"Meble tworz\u0105 wn\u0119trze","potentialAction":[{"@type":"SearchAction","target":{"@type":"EntryPoint","urlTemplate":"https:\/\/absynth.eu\/pl\/?s={search_term_string}"},"query-input":"required name=search_term_string"}],"inLanguage":"pl-PL"}]}},"_links":{"self":[{"href":"https:\/\/absynth.eu\/pl\/wp-json\/wp\/v2\/pages\/8641"}],"collection":[{"href":"https:\/\/absynth.eu\/pl\/wp-json\/wp\/v2\/pages"}],"about":[{"href":"https:\/\/absynth.eu\/pl\/wp-json\/wp\/v2\/types\/page"}],"author":[{"embeddable":true,"href":"https:\/\/absynth.eu\/pl\/wp-json\/wp\/v2\/users\/2"}],"replies":[{"embeddable":true,"href":"https:\/\/absynth.eu\/pl\/wp-json\/wp\/v2\/comments?post=8641"}],"version-history":[{"count":4,"href":"https:\/\/absynth.eu\/pl\/wp-json\/wp\/v2\/pages\/8641\/revisions"}],"predecessor-version":[{"id":9101,"href":"https:\/\/absynth.eu\/pl\/wp-json\/wp\/v2\/pages\/8641\/revisions\/9101"}],"wp:featuredmedia":[{"embeddable":true,"href":"https:\/\/absynth.eu\/pl\/wp-json\/wp\/v2\/media\/8616"}],"wp:attachment":[{"href":"https:\/\/absynth.eu\/pl\/wp-json\/wp\/v2\/media?parent=8641"}],"curies":[{"name":"wp","href":"https:\/\/api.w.org\/{rel}","templated":true}]}}