{"id":8722,"date":"2022-01-09T22:45:20","date_gmt":"2022-01-09T21:45:20","guid":{"rendered":"https:\/\/absynth.eu\/?page_id=8722"},"modified":"2022-01-09T22:45:20","modified_gmt":"2022-01-09T21:45:20","slug":"salon-maxfliz","status":"publish","type":"page","link":"https:\/\/absynth.eu\/pl\/salon-maxfliz\/","title":{"rendered":"Salon MaxFliz"},"content":{"rendered":"<div class=\"vc_row wpb_row vc_row-fluid\" ><div class=\"wpb_column vc_column_container vc_col-sm-12\"><div class=\"vc_column-inner\"><div class=\"wpb_wrapper\">\n\t<div  class=\"wpb_single_image wpb_content_element vc_align_left  wpb_animate_when_almost_visible wpb_fadeInUp fadeInUp\">\n\t\t\n\t\t<figure class=\"wpb_wrapper vc_figure\">\n\t\t\t<div class=\"vc_single_image-wrapper   vc_box_border_grey\"><img loading=\"lazy\" decoding=\"async\" width=\"1440\" height=\"810\" src=\"https:\/\/absynth.eu\/wp-content\/uploads\/2022\/01\/maxfliz-1.jpg\" class=\"vc_single_image-img attachment-full\" alt=\"MaxFliz\" srcset=\"https:\/\/absynth.eu\/wp-content\/uploads\/2022\/01\/maxfliz-1.jpg 1440w, https:\/\/absynth.eu\/wp-content\/uploads\/2022\/01\/maxfliz-1-300x169.jpg 300w, https:\/\/absynth.eu\/wp-content\/uploads\/2022\/01\/maxfliz-1-1024x576.jpg 1024w, https:\/\/absynth.eu\/wp-content\/uploads\/2022\/01\/maxfliz-1-768x432.jpg 768w, https:\/\/absynth.eu\/wp-content\/uploads\/2022\/01\/maxfliz-1-18x10.jpg 18w\" sizes=\"(max-width: 1440px) 100vw, 1440px\" \/><\/div>\n\t\t<\/figure>\n\t<\/div>\n<div class=\"vc_empty_space\"   style=\"height: 92px\" ><span class=\"vc_empty_space_inner\"><\/span><\/div>\n<\/div><\/div><\/div><\/div><div class=\"qodef-row-grid-section-wrapper \"  ><div class=\"qodef-row-grid-section\"><div class=\"vc_row wpb_row vc_row-fluid\" ><div class=\"wpb_column vc_column_container vc_col-sm-12\"><div class=\"vc_column-inner\"><div class=\"wpb_wrapper\"><div class=\"qodef-section-title-holder  qodef-st-standard qodef-st-title-left qodef-st-normal-space \" >\n\t<div class=\"qodef-st-inner\">\n\t\t\t\t\t\t\t<h2 class=\"qodef-st-title\" >\n\t\t\t\tSalon MaxFliz\t\t\t<\/h2>\n\t\t\t\t\t<\/div>\n<\/div><div class=\"vc_empty_space\"   style=\"height: 32px\" ><span class=\"vc_empty_space_inner\"><\/span><\/div>\n<\/div><\/div><\/div><\/div><\/div><\/div><div class=\"qodef-row-grid-section-wrapper \"  ><div class=\"qodef-row-grid-section\"><div class=\"vc_row wpb_row vc_row-fluid\" ><div class=\"wpb_column vc_column_container vc_col-sm-12\"><div class=\"vc_column-inner\"><div class=\"wpb_wrapper\">\n\t<div class=\"wpb_text_column wpb_content_element \" >\n\t\t<div class=\"wpb_wrapper\">\n\t\t\t<h5><a href=\"https:\/\/www.maxfliz.pl\/\" target=\"_blank\" rel=\"noopener noreferrer\">Salon MaxFliz<\/a><\/h5>\n<p>ul. Pu\u0142awska 452, 02-884 Warszawa<br \/>\n<a href=\"tel:+48221778901\">22 177 89 01<\/a><br \/>\n<a href=\"mailto:informacja@max-fliz.pl\">informacja@max-fliz.pl<\/a><\/p>\n\n\t\t<\/div>\n\t<\/div>\n<div class=\"vc_empty_space\"   style=\"height: 92px\" ><span class=\"vc_empty_space_inner\"><\/span><\/div>\n<\/div><\/div><\/div><\/div><\/div><\/div><div class=\"vc_row wpb_row vc_row-fluid\" ><div class=\"wpb_column vc_column_container vc_col-sm-4\"><div class=\"vc_column-inner\"><div class=\"wpb_wrapper\">\n\t<div  class=\"wpb_single_image wpb_content_element vc_align_left\">\n\t\t\n\t\t<figure class=\"wpb_wrapper vc_figure\">\n\t\t\t<div class=\"vc_single_image-wrapper   vc_box_border_grey\"><img loading=\"lazy\" decoding=\"async\" width=\"1024\" height=\"1024\" src=\"https:\/\/absynth.eu\/wp-content\/uploads\/2022\/01\/noi-c-mf-w-1024x1024.jpg\" class=\"vc_single_image-img attachment-large\" alt=\"\" srcset=\"https:\/\/absynth.eu\/wp-content\/uploads\/2022\/01\/noi-c-mf-w-1024x1024.jpg 1024w, https:\/\/absynth.eu\/wp-content\/uploads\/2022\/01\/noi-c-mf-w-300x300.jpg 300w, https:\/\/absynth.eu\/wp-content\/uploads\/2022\/01\/noi-c-mf-w-150x150.jpg 150w, https:\/\/absynth.eu\/wp-content\/uploads\/2022\/01\/noi-c-mf-w-768x768.jpg 768w, https:\/\/absynth.eu\/wp-content\/uploads\/2022\/01\/noi-c-mf-w-12x12.jpg 12w, https:\/\/absynth.eu\/wp-content\/uploads\/2022\/01\/noi-c-mf-w-650x650.jpg 650w, https:\/\/absynth.eu\/wp-content\/uploads\/2022\/01\/noi-c-mf-w-1300x1300.jpg 1300w, https:\/\/absynth.eu\/wp-content\/uploads\/2022\/01\/noi-c-mf-w.jpg 1440w\" sizes=\"(max-width: 1024px) 100vw, 1024px\" \/><\/div>\n\t\t<\/figure>\n\t<\/div>\n<\/div><\/div><\/div><div class=\"wpb_column vc_column_container vc_col-sm-4\"><div class=\"vc_column-inner\"><div class=\"wpb_wrapper\">\n\t<div  class=\"wpb_single_image wpb_content_element vc_align_left\">\n\t\t\n\t\t<figure class=\"wpb_wrapper vc_figure\">\n\t\t\t<div class=\"vc_single_image-wrapper   vc_box_border_grey\"><img loading=\"lazy\" decoding=\"async\" width=\"1024\" height=\"1024\" src=\"https:\/\/absynth.eu\/wp-content\/uploads\/2022\/01\/ring-laroc-mf-w-1024x1024.jpg\" class=\"vc_single_image-img attachment-large\" alt=\"\" srcset=\"https:\/\/absynth.eu\/wp-content\/uploads\/2022\/01\/ring-laroc-mf-w-1024x1024.jpg 1024w, https:\/\/absynth.eu\/wp-content\/uploads\/2022\/01\/ring-laroc-mf-w-300x300.jpg 300w, https:\/\/absynth.eu\/wp-content\/uploads\/2022\/01\/ring-laroc-mf-w-150x150.jpg 150w, https:\/\/absynth.eu\/wp-content\/uploads\/2022\/01\/ring-laroc-mf-w-768x768.jpg 768w, https:\/\/absynth.eu\/wp-content\/uploads\/2022\/01\/ring-laroc-mf-w-12x12.jpg 12w, https:\/\/absynth.eu\/wp-content\/uploads\/2022\/01\/ring-laroc-mf-w-650x650.jpg 650w, https:\/\/absynth.eu\/wp-content\/uploads\/2022\/01\/ring-laroc-mf-w-1300x1300.jpg 1300w, https:\/\/absynth.eu\/wp-content\/uploads\/2022\/01\/ring-laroc-mf-w.jpg 1440w\" sizes=\"(max-width: 1024px) 100vw, 1024px\" \/><\/div>\n\t\t<\/figure>\n\t<\/div>\n<\/div><\/div><\/div><div class=\"wpb_column vc_column_container vc_col-sm-4\"><div class=\"vc_column-inner\"><div class=\"wpb_wrapper\"><\/div><\/div><\/div><\/div>\n","protected":false},"excerpt":{"rendered":"Salon MaxFliz Salon MaxFliz ul. Pu\u0142awska 452, 02-884 Warszawa 22 177 89 01 informacja@max-fliz.pl","protected":false},"author":2,"featured_media":8724,"parent":0,"menu_order":0,"comment_status":"closed","ping_status":"closed","template":"full-width.php","meta":{"_monsterinsights_skip_tracking":false,"_monsterinsights_sitenote_active":false,"_monsterinsights_sitenote_note":"","_monsterinsights_sitenote_category":0,"footnotes":""},"class_list":["post-8722","page","type-page","status-publish","has-post-thumbnail","hentry"],"yoast_head":"<!-- This site is optimized with the Yoast SEO plugin v23.1 - https:\/\/yoast.com\/wordpress\/plugins\/seo\/ -->\n<title>Salon MaxFliz - Absynth<\/title>\n<meta name=\"description\" content=\"Absynth - producent nowoczesnych mebli. W ofercie: krzes\u0142a tapicerowane, meble skrzyniowe, stoly do jadalni, sto\u0142y d\u0119bowe,meble do salonu, jadalni. Absynth oryginalne meble - Zapraszamy\" \/>\n<meta name=\"robots\" content=\"index, follow, max-snippet:-1, max-image-preview:large, max-video-preview:-1\" \/>\n<link rel=\"canonical\" href=\"https:\/\/absynth.eu\/pl\/salon-maxfliz\/\" \/>\n<meta property=\"og:locale\" content=\"pl_PL\" \/>\n<meta property=\"og:type\" content=\"article\" \/>\n<meta property=\"og:title\" content=\"Salon MaxFliz - Absynth\" \/>\n<meta property=\"og:description\" content=\"Absynth - producent nowoczesnych mebli. W ofercie: krzes\u0142a tapicerowane, meble skrzyniowe, stoly do jadalni, sto\u0142y d\u0119bowe,meble do salonu, jadalni. Absynth oryginalne meble - Zapraszamy\" \/>\n<meta property=\"og:url\" content=\"https:\/\/absynth.eu\/pl\/salon-maxfliz\/\" \/>\n<meta property=\"og:site_name\" content=\"Absynth\" \/>\n<meta property=\"article:publisher\" content=\"https:\/\/www.facebook.com\/MebleABSYNTH\" \/>\n<meta property=\"og:image\" content=\"https:\/\/absynth.eu\/wp-content\/uploads\/2022\/01\/noi-c-mf-w.jpg\" \/>\n\t<meta property=\"og:image:width\" content=\"1440\" \/>\n\t<meta property=\"og:image:height\" content=\"1440\" \/>\n\t<meta property=\"og:image:type\" content=\"image\/jpeg\" \/>\n<meta name=\"twitter:card\" content=\"summary_large_image\" \/>\n<meta name=\"twitter:label1\" content=\"Szacowany czas czytania\" \/>\n\t<meta name=\"twitter:data1\" content=\"1 minuta\" \/>\n<script type=\"application\/ld+json\" class=\"yoast-schema-graph\">{\"@context\":\"https:\/\/schema.org\",\"@graph\":[{\"@type\":\"WebPage\",\"@id\":\"https:\/\/absynth.eu\/salon-maxfliz\/\",\"url\":\"https:\/\/absynth.eu\/salon-maxfliz\/\",\"name\":\"Salon MaxFliz - Absynth\",\"isPartOf\":{\"@id\":\"https:\/\/absynth.eu\/pl\/#website\"},\"primaryImageOfPage\":{\"@id\":\"https:\/\/absynth.eu\/salon-maxfliz\/#primaryimage\"},\"image\":{\"@id\":\"https:\/\/absynth.eu\/salon-maxfliz\/#primaryimage\"},\"thumbnailUrl\":\"https:\/\/absynth.eu\/wp-content\/uploads\/2022\/01\/noi-c-mf-w.jpg\",\"datePublished\":\"2022-01-09T21:45:20+00:00\",\"dateModified\":\"2022-01-09T21:45:20+00:00\",\"description\":\"Absynth - producent nowoczesnych mebli. W ofercie: krzes\u0142a tapicerowane, meble skrzyniowe, stoly do jadalni, sto\u0142y d\u0119bowe,meble do salonu, jadalni. Absynth oryginalne meble - Zapraszamy\",\"breadcrumb\":{\"@id\":\"https:\/\/absynth.eu\/salon-maxfliz\/#breadcrumb\"},\"inLanguage\":\"pl-PL\",\"potentialAction\":[{\"@type\":\"ReadAction\",\"target\":[\"https:\/\/absynth.eu\/salon-maxfliz\/\"]}]},{\"@type\":\"ImageObject\",\"inLanguage\":\"pl-PL\",\"@id\":\"https:\/\/absynth.eu\/salon-maxfliz\/#primaryimage\",\"url\":\"https:\/\/absynth.eu\/wp-content\/uploads\/2022\/01\/noi-c-mf-w.jpg\",\"contentUrl\":\"https:\/\/absynth.eu\/wp-content\/uploads\/2022\/01\/noi-c-mf-w.jpg\",\"width\":1440,\"height\":1440},{\"@type\":\"BreadcrumbList\",\"@id\":\"https:\/\/absynth.eu\/salon-maxfliz\/#breadcrumb\",\"itemListElement\":[{\"@type\":\"ListItem\",\"position\":1,\"name\":\"Strona g\u0142\u00f3wna\",\"item\":\"https:\/\/absynth.eu\/\"},{\"@type\":\"ListItem\",\"position\":2,\"name\":\"Salon MaxFliz\"}]},{\"@type\":\"WebSite\",\"@id\":\"https:\/\/absynth.eu\/pl\/#website\",\"url\":\"https:\/\/absynth.eu\/pl\/\",\"name\":\"Absynth\",\"description\":\"Meble tworz\u0105 wn\u0119trze\",\"potentialAction\":[{\"@type\":\"SearchAction\",\"target\":{\"@type\":\"EntryPoint\",\"urlTemplate\":\"https:\/\/absynth.eu\/pl\/?s={search_term_string}\"},\"query-input\":\"required name=search_term_string\"}],\"inLanguage\":\"pl-PL\"}]}<\/script>\n<!-- \/ Yoast SEO plugin. -->","yoast_head_json":{"title":"Salon MaxFliz - Absynth","description":"Absynth - producent nowoczesnych mebli. W ofercie: krzes\u0142a tapicerowane, meble skrzyniowe, stoly do jadalni, sto\u0142y d\u0119bowe,meble do salonu, jadalni. Absynth oryginalne meble - Zapraszamy","robots":{"index":"index","follow":"follow","max-snippet":"max-snippet:-1","max-image-preview":"max-image-preview:large","max-video-preview":"max-video-preview:-1"},"canonical":"https:\/\/absynth.eu\/pl\/salon-maxfliz\/","og_locale":"pl_PL","og_type":"article","og_title":"Salon MaxFliz - Absynth","og_description":"Absynth - producent nowoczesnych mebli. W ofercie: krzes\u0142a tapicerowane, meble skrzyniowe, stoly do jadalni, sto\u0142y d\u0119bowe,meble do salonu, jadalni. Absynth oryginalne meble - Zapraszamy","og_url":"https:\/\/absynth.eu\/pl\/salon-maxfliz\/","og_site_name":"Absynth","article_publisher":"https:\/\/www.facebook.com\/MebleABSYNTH","og_image":[{"width":1440,"height":1440,"url":"https:\/\/absynth.eu\/wp-content\/uploads\/2022\/01\/noi-c-mf-w.jpg","type":"image\/jpeg"}],"twitter_card":"summary_large_image","twitter_misc":{"Szacowany czas czytania":"1 minuta"},"schema":{"@context":"https:\/\/schema.org","@graph":[{"@type":"WebPage","@id":"https:\/\/absynth.eu\/salon-maxfliz\/","url":"https:\/\/absynth.eu\/salon-maxfliz\/","name":"Salon MaxFliz - Absynth","isPartOf":{"@id":"https:\/\/absynth.eu\/pl\/#website"},"primaryImageOfPage":{"@id":"https:\/\/absynth.eu\/salon-maxfliz\/#primaryimage"},"image":{"@id":"https:\/\/absynth.eu\/salon-maxfliz\/#primaryimage"},"thumbnailUrl":"https:\/\/absynth.eu\/wp-content\/uploads\/2022\/01\/noi-c-mf-w.jpg","datePublished":"2022-01-09T21:45:20+00:00","dateModified":"2022-01-09T21:45:20+00:00","description":"Absynth - producent nowoczesnych mebli. W ofercie: krzes\u0142a tapicerowane, meble skrzyniowe, stoly do jadalni, sto\u0142y d\u0119bowe,meble do salonu, jadalni. Absynth oryginalne meble - Zapraszamy","breadcrumb":{"@id":"https:\/\/absynth.eu\/salon-maxfliz\/#breadcrumb"},"inLanguage":"pl-PL","potentialAction":[{"@type":"ReadAction","target":["https:\/\/absynth.eu\/salon-maxfliz\/"]}]},{"@type":"ImageObject","inLanguage":"pl-PL","@id":"https:\/\/absynth.eu\/salon-maxfliz\/#primaryimage","url":"https:\/\/absynth.eu\/wp-content\/uploads\/2022\/01\/noi-c-mf-w.jpg","contentUrl":"https:\/\/absynth.eu\/wp-content\/uploads\/2022\/01\/noi-c-mf-w.jpg","width":1440,"height":1440},{"@type":"BreadcrumbList","@id":"https:\/\/absynth.eu\/salon-maxfliz\/#breadcrumb","itemListElement":[{"@type":"ListItem","position":1,"name":"Strona g\u0142\u00f3wna","item":"https:\/\/absynth.eu\/"},{"@type":"ListItem","position":2,"name":"Salon MaxFliz"}]},{"@type":"WebSite","@id":"https:\/\/absynth.eu\/pl\/#website","url":"https:\/\/absynth.eu\/pl\/","name":"Absynth","description":"Meble tworz\u0105 wn\u0119trze","potentialAction":[{"@type":"SearchAction","target":{"@type":"EntryPoint","urlTemplate":"https:\/\/absynth.eu\/pl\/?s={search_term_string}"},"query-input":"required name=search_term_string"}],"inLanguage":"pl-PL"}]}},"_links":{"self":[{"href":"https:\/\/absynth.eu\/pl\/wp-json\/wp\/v2\/pages\/8722"}],"collection":[{"href":"https:\/\/absynth.eu\/pl\/wp-json\/wp\/v2\/pages"}],"about":[{"href":"https:\/\/absynth.eu\/pl\/wp-json\/wp\/v2\/types\/page"}],"author":[{"embeddable":true,"href":"https:\/\/absynth.eu\/pl\/wp-json\/wp\/v2\/users\/2"}],"replies":[{"embeddable":true,"href":"https:\/\/absynth.eu\/pl\/wp-json\/wp\/v2\/comments?post=8722"}],"version-history":[{"count":2,"href":"https:\/\/absynth.eu\/pl\/wp-json\/wp\/v2\/pages\/8722\/revisions"}],"predecessor-version":[{"id":8727,"href":"https:\/\/absynth.eu\/pl\/wp-json\/wp\/v2\/pages\/8722\/revisions\/8727"}],"wp:featuredmedia":[{"embeddable":true,"href":"https:\/\/absynth.eu\/pl\/wp-json\/wp\/v2\/media\/8724"}],"wp:attachment":[{"href":"https:\/\/absynth.eu\/pl\/wp-json\/wp\/v2\/media?parent=8722"}],"curies":[{"name":"wp","href":"https:\/\/api.w.org\/{rel}","templated":true}]}}