{"id":8785,"date":"2022-02-07T00:14:57","date_gmt":"2022-02-06T23:14:57","guid":{"rendered":"https:\/\/absynth.eu\/?page_id=8785"},"modified":"2024-05-27T10:15:13","modified_gmt":"2024-05-27T08:15:13","slug":"kolekcja-giro-lozko-sypialniane","status":"publish","type":"page","link":"https:\/\/absynth.eu\/pl\/kolekcje\/kolekcja-giro-lozko-sypialniane\/","title":{"rendered":"Kolekcja GIrO \u0141\u00f3\u017cko Sypialniane"},"content":{"rendered":"<div class=\"vc_row wpb_row vc_row-fluid\" ><div class=\"wpb_column vc_column_container vc_col-sm-12\"><div class=\"vc_column-inner\"><div class=\"wpb_wrapper\">\n\t<div  class=\"wpb_single_image wpb_content_element vc_align_center  wpb_animate_when_almost_visible wpb_fadeInUpBig fadeInUpBig\">\n\t\t\n\t\t<figure class=\"wpb_wrapper vc_figure\">\n\t\t\t<div class=\"vc_single_image-wrapper   vc_box_border_grey\"><img loading=\"lazy\" decoding=\"async\" width=\"1920\" height=\"961\" src=\"https:\/\/absynth.eu\/wp-content\/uploads\/2022\/02\/GIRO-AR.jpg\" class=\"vc_single_image-img attachment-full\" alt=\"\" srcset=\"https:\/\/absynth.eu\/wp-content\/uploads\/2022\/02\/GIRO-AR.jpg 1920w, https:\/\/absynth.eu\/wp-content\/uploads\/2022\/02\/GIRO-AR-300x150.jpg 300w, https:\/\/absynth.eu\/wp-content\/uploads\/2022\/02\/GIRO-AR-1024x513.jpg 1024w, https:\/\/absynth.eu\/wp-content\/uploads\/2022\/02\/GIRO-AR-768x384.jpg 768w, https:\/\/absynth.eu\/wp-content\/uploads\/2022\/02\/GIRO-AR-1536x769.jpg 1536w, https:\/\/absynth.eu\/wp-content\/uploads\/2022\/02\/GIRO-AR-18x9.jpg 18w, https:\/\/absynth.eu\/wp-content\/uploads\/2022\/02\/GIRO-AR-1300x650.jpg 1300w\" sizes=\"(max-width: 1920px) 100vw, 1920px\" \/><\/div>\n\t\t<\/figure>\n\t<\/div>\n<\/div><\/div><\/div><\/div><div class=\"qodef-row-grid-section-wrapper \"  ><div class=\"qodef-row-grid-section\"><div class=\"vc_row wpb_row vc_row-fluid\" ><div class=\"wpb_column vc_column_container vc_col-sm-12\"><div class=\"vc_column-inner\"><div class=\"wpb_wrapper\"><div class=\"vc_empty_space\"   style=\"height: 65px\" ><span class=\"vc_empty_space_inner\"><\/span><\/div>\n<div class=\"qodef-section-title-holder  qodef-st-standard qodef-st-title-left qodef-st-normal-space \" >\n\t<div class=\"qodef-st-inner\">\n\t\t\t\t\t\t\t<h1 class=\"qodef-st-title\" >\n\t\t\t\tKolekcja GIRO\t\t\t<\/h1>\n\t\t\t\t\t<\/div>\n<\/div><div class=\"vc_empty_space\"   style=\"height: 65px\" ><span class=\"vc_empty_space_inner\"><\/span><\/div>\n<\/div><\/div><\/div><\/div><\/div><\/div><section class=\"vc_section\"><div class=\"qodef-row-grid-section-wrapper \"  ><div class=\"qodef-row-grid-section\"><div class=\"vc_row wpb_row vc_row-fluid\" ><div class=\"wpb_column vc_column_container vc_col-sm-12\"><div class=\"vc_column-inner\"><div class=\"wpb_wrapper\"><div class=\"qodef-elements-holder   qodef-two-columns  qodef-responsive-mode-768 \" ><div class=\"qodef-eh-item    \" style=\"background-image: url(https:\/\/absynth.eu\/wp-content\/uploads\/2022\/02\/GIRO-BED-2.jpg)\" data-item-class=\"qodef-eh-custom-2770\">\n\t<div class=\"qodef-eh-item-inner\">\n\t\t<div class=\"qodef-eh-item-content qodef-eh-custom-2770\" >\n\t\t\t\t\t<\/div>\n\t<\/div>\n<\/div><div class=\"qodef-eh-item    \"  data-item-class=\"qodef-eh-custom-6487\" data-1367-1600=\"3rem 2rem 3rem 2rem\" data-1025-1366=\"3rem 2rem 3rem 2rem\" data-769-1024=\"2rem 2rem 2rem 2rem\" data-681-768=\"1rem 0 1rem 0\" data-680=\"1rem 0 1rem 0\">\n\t<div class=\"qodef-eh-item-inner\">\n\t\t<div class=\"qodef-eh-item-content qodef-eh-custom-6487\" >\n\t\t\t\n\t<div class=\"wpb_text_column wpb_content_element \" >\n\t\t<div class=\"wpb_wrapper\">\n\t\t\t<h4>Meble Giro \u2013 paryski szyk i pe\u0142ny komfort<\/h4>\n<p>Meble z kolekcji Giro to <strong>nonszalancka propozycja<\/strong> dla os\u00f3b szukaj\u0105cych wyposa\u017cenia sypialnianego. Doskonale uzupe\u0142niaj\u0105 przestronne i jasne pomieszczenie oraz dodaj\u0105 im nut\u0119 hausmannowskiego <strong>przepychu<\/strong>. Meble sypialniane z tej serii wyr\u00f3\u017cnia si\u0119 niesztampow\u0105 form\u0105 <strong>kostki czekolady<\/strong> \u2013 dzi\u0119ki pikowaniu ca\u0142o\u015b\u0107 jest symetryczna i sp\u00f3jna. Dopracowano ka\u017cdy detal, aby meble nie tylko wygl\u0105da\u0142y zdumiewaj\u0105co, ale tak\u017ce by\u0142y <strong>wygodne<\/strong> w codziennym u\u017cytkowaniu.<\/p>\n<h4>Meble Giro \u2013 dopracowane w ka\u017cdym calu<\/h4>\n<p>Baz\u0119 mebli z kolekcji Giro stanowi <strong>mi\u0119sista, puchata kostka<\/strong> z ozdobnym <strong>pikowaniem<\/strong>. Jasny materia\u0142, dopracowane szczeg\u00f3\u0142y, a przy tym wyra\u017anie zaznaczone plisy i drobne marszczenia sprawiaj\u0105, \u017ce ca\u0142o\u015b\u0107 nabiera <strong>paryskiego charakteru<\/strong>, a zatem staje si\u0119 prawdziwym przedstawicielem nowoczesnej klasyki.<br \/>\nIdealnym uzupe\u0142nieniem ca\u0142ej kompozycji s\u0105 oparcia spi\u0119te<strong> sk\u00f3rzanym paskiem<\/strong> ze z\u0142ot\u0105 klamr\u0105. Nadaje on meblom <strong>wysublimowan\u0105<\/strong> nut\u0119, dzi\u0119ki czemu trudno oderwa\u0107 od nich wzrok. Zadbano r\u00f3wnie\u017c o funkcjonalne rozwi\u0105zania, takie jak <strong>wygodne schowki<\/strong> na po\u015bciel w \u0142\u00f3\u017ckach, dzi\u0119ki czemu mo\u017cna stworzy\u0107 nie tylko wysoce estetyczne, ale tak\u017ce funkcjonalne wn\u0119trze.<\/p>\n\n\t\t<\/div>\n\t<\/div>\n\t\t<\/div>\n\t<\/div>\n<\/div><\/div><\/div><\/div><\/div><\/div><\/div><\/div><div class=\"qodef-row-grid-section-wrapper \"  ><div class=\"qodef-row-grid-section\"><div class=\"vc_row wpb_row vc_row-fluid\" ><div class=\"wpb_column vc_column_container vc_col-sm-12\"><div class=\"vc_column-inner\"><div class=\"wpb_wrapper\"><div class=\"vc_empty_space\"   style=\"height: 65px\" ><span class=\"vc_empty_space_inner\"><\/span><\/div>\n<\/div><\/div><\/div><\/div><\/div><\/div><\/section><div class=\"qodef-row-grid-section-wrapper \"  ><div class=\"qodef-row-grid-section\"><div class=\"vc_row wpb_row vc_row-fluid\" ><div class=\"wpb_column vc_column_container vc_col-sm-3\"><div class=\"vc_column-inner\"><div class=\"wpb_wrapper\"><div class=\"vc-hoverbox-wrapper  wpb_animate_when_almost_visible wpb_fadeInLeft fadeInLeft vc-hoverbox-shape--square vc-hoverbox-align--center vc-hoverbox-direction--default vc-hoverbox-width--100\" >\n  <div class=\"vc-hoverbox\">\n    <div class=\"vc-hoverbox-inner\">\n      <div class=\"vc-hoverbox-block vc-hoverbox-front\" style=\"background-image: url(https:\/\/absynth.eu\/wp-content\/uploads\/2022\/02\/GIRO-BED.jpg);\">\n        <div class=\"vc-hoverbox-block-inner vc-hoverbox-front-inner\">\n            \n        <\/div>\n      <\/div>\n      <div class=\"vc-hoverbox-block vc-hoverbox-back\" style=\"background-color: #ffffff;\">\n        <div class=\"vc-hoverbox-block-inner vc-hoverbox-back-inner\">\n            \n            <h5>\u0141\u00d3\u017bKO SYPIALNIANE<\/h5>\n\n            <div class=\"vc_btn3-container vc_btn3-inline\" >\n\t<a onmouseleave=\"this.style.borderColor='#666666'; this.style.backgroundColor='transparent'; this.style.color='#666666'\" onmouseenter=\"this.style.borderColor='#666666'; this.style.backgroundColor='#666666'; this.style.color='#ffffff';\" style=\"border-color:#666666; color:#666666;\" class=\"vc_general vc_btn3 vc_btn3-size-md vc_btn3-shape-square vc_btn3-style-outline-custom\" href=\"https:\/\/absynth.eu\/kolekcje\/kolekcja-giro-lozko-sypialniane\/giro-lozko-sypialniane\" title=\"GIrO \u0141\u00f3\u017cko Sypialniane\">wi\u0119cej<\/a><\/div>\n\n        <\/div>\n      <\/div>\n    <\/div>\n  <\/div>\n<\/div><div class=\"vc_empty_space\"   style=\"height: 32px\" ><span class=\"vc_empty_space_inner\"><\/span><\/div>\n<\/div><\/div><\/div><div class=\"wpb_column vc_column_container vc_col-sm-3\"><div class=\"vc_column-inner\"><div class=\"wpb_wrapper\"><\/div><\/div><\/div><div class=\"wpb_column vc_column_container vc_col-sm-3\"><div class=\"vc_column-inner\"><div class=\"wpb_wrapper\"><\/div><\/div><\/div><div class=\"wpb_column vc_column_container vc_col-sm-3\"><div class=\"vc_column-inner\"><div class=\"wpb_wrapper\"><\/div><\/div><\/div><\/div><\/div><\/div><div data-vc-full-width=\"true\" data-vc-full-width-init=\"false\" data-vc-stretch-content=\"true\" class=\"vc_row wpb_row vc_row-fluid\" ><div class=\"wpb_column vc_column_container vc_col-sm-12\"><div class=\"vc_column-inner\"><div class=\"wpb_wrapper\"><div class=\"vc_message_box vc_message_box-standard vc_message_box-rounded vc_color-info\" >\n\t<div class=\"vc_message_box-icon\"><i class=\"fa fa-info-circle\"><\/i>\n\t<\/div><p>\u201eWz\u00f3r przemys\u0142owy prawnie chroniony na terytorium UE&#8221;<u><\/u><u><\/u><\/p>\n<p><span lang=\"EN-GB\">&#8222;Registered Community Design&#8221; : nr\u00a0015011874-0001, 015011874-0002 , 015011874-0003 , 015011874-0004<\/span><\/p>\n<\/div>\n<\/div><\/div><\/div><\/div><div class=\"vc_row-full-width vc_clearfix\"><\/div>\n","protected":false},"excerpt":{"rendered":"Kolekcja GIRO Meble Giro \u2013 paryski szyk i pe\u0142ny komfort Meble z kolekcji Giro to nonszalancka propozycja dla os\u00f3b szukaj\u0105cych wyposa\u017cenia sypialnianego. Doskonale uzupe\u0142niaj\u0105 przestronne i jasne pomieszczenie oraz dodaj\u0105 im nut\u0119 hausmannowskiego przepychu. Meble sypialniane z tej serii wyr\u00f3\u017cnia [...]","protected":false},"author":2,"featured_media":0,"parent":5629,"menu_order":0,"comment_status":"closed","ping_status":"closed","template":"full-width.php","meta":{"_monsterinsights_skip_tracking":false,"_monsterinsights_sitenote_active":false,"_monsterinsights_sitenote_note":"","_monsterinsights_sitenote_category":0,"footnotes":""},"class_list":["post-8785","page","type-page","status-publish","hentry"],"yoast_head":"<!-- This site is optimized with the Yoast SEO plugin v23.1 - https:\/\/yoast.com\/wordpress\/plugins\/seo\/ -->\n<title>Kolekcja GIrO \u0141\u00f3\u017cko Sypialniane - Absynth<\/title>\n<meta name=\"description\" content=\"Absynth - producent nowoczesnych mebli. W ofercie: krzes\u0142a tapicerowane, meble skrzyniowe, stoly do jadalni, sto\u0142y d\u0119bowe,meble do salonu, jadalni. Absynth oryginalne meble - Zapraszamy\" \/>\n<meta name=\"robots\" content=\"index, follow, max-snippet:-1, max-image-preview:large, max-video-preview:-1\" \/>\n<link rel=\"canonical\" href=\"https:\/\/absynth.eu\/pl\/kolekcje\/kolekcja-giro-lozko-sypialniane\/\" \/>\n<meta property=\"og:locale\" content=\"pl_PL\" \/>\n<meta property=\"og:type\" content=\"article\" \/>\n<meta property=\"og:title\" content=\"Kolekcja GIrO \u0141\u00f3\u017cko Sypialniane - Absynth\" \/>\n<meta property=\"og:description\" content=\"Absynth - producent nowoczesnych mebli. W ofercie: krzes\u0142a tapicerowane, meble skrzyniowe, stoly do jadalni, sto\u0142y d\u0119bowe,meble do salonu, jadalni. Absynth oryginalne meble - Zapraszamy\" \/>\n<meta property=\"og:url\" content=\"https:\/\/absynth.eu\/pl\/kolekcje\/kolekcja-giro-lozko-sypialniane\/\" \/>\n<meta property=\"og:site_name\" content=\"Absynth\" \/>\n<meta property=\"article:publisher\" content=\"https:\/\/www.facebook.com\/MebleABSYNTH\" \/>\n<meta property=\"article:modified_time\" content=\"2024-05-27T08:15:13+00:00\" \/>\n<meta name=\"twitter:card\" content=\"summary_large_image\" \/>\n<meta name=\"twitter:label1\" content=\"Szacowany czas czytania\" \/>\n\t<meta name=\"twitter:data1\" content=\"2 minuty\" \/>\n<script type=\"application\/ld+json\" class=\"yoast-schema-graph\">{\"@context\":\"https:\/\/schema.org\",\"@graph\":[{\"@type\":\"WebPage\",\"@id\":\"https:\/\/absynth.eu\/kolekcje\/kolekcja-giro-lozko-sypialniane\/\",\"url\":\"https:\/\/absynth.eu\/kolekcje\/kolekcja-giro-lozko-sypialniane\/\",\"name\":\"Kolekcja GIrO \u0141\u00f3\u017cko Sypialniane - Absynth\",\"isPartOf\":{\"@id\":\"https:\/\/absynth.eu\/pl\/#website\"},\"datePublished\":\"2022-02-06T23:14:57+00:00\",\"dateModified\":\"2024-05-27T08:15:13+00:00\",\"description\":\"Absynth - producent nowoczesnych mebli. W ofercie: krzes\u0142a tapicerowane, meble skrzyniowe, stoly do jadalni, sto\u0142y d\u0119bowe,meble do salonu, jadalni. Absynth oryginalne meble - Zapraszamy\",\"breadcrumb\":{\"@id\":\"https:\/\/absynth.eu\/kolekcje\/kolekcja-giro-lozko-sypialniane\/#breadcrumb\"},\"inLanguage\":\"pl-PL\",\"potentialAction\":[{\"@type\":\"ReadAction\",\"target\":[\"https:\/\/absynth.eu\/kolekcje\/kolekcja-giro-lozko-sypialniane\/\"]}]},{\"@type\":\"BreadcrumbList\",\"@id\":\"https:\/\/absynth.eu\/kolekcje\/kolekcja-giro-lozko-sypialniane\/#breadcrumb\",\"itemListElement\":[{\"@type\":\"ListItem\",\"position\":1,\"name\":\"Strona g\u0142\u00f3wna\",\"item\":\"https:\/\/absynth.eu\/\"},{\"@type\":\"ListItem\",\"position\":2,\"name\":\"Kolekcje\",\"item\":\"https:\/\/absynth.eu\/kolekcje\/\"},{\"@type\":\"ListItem\",\"position\":3,\"name\":\"Kolekcja GIrO \u0141\u00f3\u017cko Sypialniane\"}]},{\"@type\":\"WebSite\",\"@id\":\"https:\/\/absynth.eu\/pl\/#website\",\"url\":\"https:\/\/absynth.eu\/pl\/\",\"name\":\"Absynth\",\"description\":\"Meble tworz\u0105 wn\u0119trze\",\"potentialAction\":[{\"@type\":\"SearchAction\",\"target\":{\"@type\":\"EntryPoint\",\"urlTemplate\":\"https:\/\/absynth.eu\/pl\/?s={search_term_string}\"},\"query-input\":\"required name=search_term_string\"}],\"inLanguage\":\"pl-PL\"}]}<\/script>\n<!-- \/ Yoast SEO plugin. -->","yoast_head_json":{"title":"Kolekcja GIrO \u0141\u00f3\u017cko Sypialniane - Absynth","description":"Absynth - producent nowoczesnych mebli. W ofercie: krzes\u0142a tapicerowane, meble skrzyniowe, stoly do jadalni, sto\u0142y d\u0119bowe,meble do salonu, jadalni. Absynth oryginalne meble - Zapraszamy","robots":{"index":"index","follow":"follow","max-snippet":"max-snippet:-1","max-image-preview":"max-image-preview:large","max-video-preview":"max-video-preview:-1"},"canonical":"https:\/\/absynth.eu\/pl\/kolekcje\/kolekcja-giro-lozko-sypialniane\/","og_locale":"pl_PL","og_type":"article","og_title":"Kolekcja GIrO \u0141\u00f3\u017cko Sypialniane - Absynth","og_description":"Absynth - producent nowoczesnych mebli. W ofercie: krzes\u0142a tapicerowane, meble skrzyniowe, stoly do jadalni, sto\u0142y d\u0119bowe,meble do salonu, jadalni. Absynth oryginalne meble - Zapraszamy","og_url":"https:\/\/absynth.eu\/pl\/kolekcje\/kolekcja-giro-lozko-sypialniane\/","og_site_name":"Absynth","article_publisher":"https:\/\/www.facebook.com\/MebleABSYNTH","article_modified_time":"2024-05-27T08:15:13+00:00","twitter_card":"summary_large_image","twitter_misc":{"Szacowany czas czytania":"2 minuty"},"schema":{"@context":"https:\/\/schema.org","@graph":[{"@type":"WebPage","@id":"https:\/\/absynth.eu\/kolekcje\/kolekcja-giro-lozko-sypialniane\/","url":"https:\/\/absynth.eu\/kolekcje\/kolekcja-giro-lozko-sypialniane\/","name":"Kolekcja GIrO \u0141\u00f3\u017cko Sypialniane - Absynth","isPartOf":{"@id":"https:\/\/absynth.eu\/pl\/#website"},"datePublished":"2022-02-06T23:14:57+00:00","dateModified":"2024-05-27T08:15:13+00:00","description":"Absynth - producent nowoczesnych mebli. W ofercie: krzes\u0142a tapicerowane, meble skrzyniowe, stoly do jadalni, sto\u0142y d\u0119bowe,meble do salonu, jadalni. Absynth oryginalne meble - Zapraszamy","breadcrumb":{"@id":"https:\/\/absynth.eu\/kolekcje\/kolekcja-giro-lozko-sypialniane\/#breadcrumb"},"inLanguage":"pl-PL","potentialAction":[{"@type":"ReadAction","target":["https:\/\/absynth.eu\/kolekcje\/kolekcja-giro-lozko-sypialniane\/"]}]},{"@type":"BreadcrumbList","@id":"https:\/\/absynth.eu\/kolekcje\/kolekcja-giro-lozko-sypialniane\/#breadcrumb","itemListElement":[{"@type":"ListItem","position":1,"name":"Strona g\u0142\u00f3wna","item":"https:\/\/absynth.eu\/"},{"@type":"ListItem","position":2,"name":"Kolekcje","item":"https:\/\/absynth.eu\/kolekcje\/"},{"@type":"ListItem","position":3,"name":"Kolekcja GIrO \u0141\u00f3\u017cko Sypialniane"}]},{"@type":"WebSite","@id":"https:\/\/absynth.eu\/pl\/#website","url":"https:\/\/absynth.eu\/pl\/","name":"Absynth","description":"Meble tworz\u0105 wn\u0119trze","potentialAction":[{"@type":"SearchAction","target":{"@type":"EntryPoint","urlTemplate":"https:\/\/absynth.eu\/pl\/?s={search_term_string}"},"query-input":"required name=search_term_string"}],"inLanguage":"pl-PL"}]}},"_links":{"self":[{"href":"https:\/\/absynth.eu\/pl\/wp-json\/wp\/v2\/pages\/8785"}],"collection":[{"href":"https:\/\/absynth.eu\/pl\/wp-json\/wp\/v2\/pages"}],"about":[{"href":"https:\/\/absynth.eu\/pl\/wp-json\/wp\/v2\/types\/page"}],"author":[{"embeddable":true,"href":"https:\/\/absynth.eu\/pl\/wp-json\/wp\/v2\/users\/2"}],"replies":[{"embeddable":true,"href":"https:\/\/absynth.eu\/pl\/wp-json\/wp\/v2\/comments?post=8785"}],"version-history":[{"count":6,"href":"https:\/\/absynth.eu\/pl\/wp-json\/wp\/v2\/pages\/8785\/revisions"}],"predecessor-version":[{"id":9408,"href":"https:\/\/absynth.eu\/pl\/wp-json\/wp\/v2\/pages\/8785\/revisions\/9408"}],"up":[{"embeddable":true,"href":"https:\/\/absynth.eu\/pl\/wp-json\/wp\/v2\/pages\/5629"}],"wp:attachment":[{"href":"https:\/\/absynth.eu\/pl\/wp-json\/wp\/v2\/media?parent=8785"}],"curies":[{"name":"wp","href":"https:\/\/api.w.org\/{rel}","templated":true}]}}