{"id":8923,"date":"2022-02-26T00:08:23","date_gmt":"2022-02-25T23:08:23","guid":{"rendered":"https:\/\/absynth.eu\/?page_id=8923"},"modified":"2024-09-13T11:52:35","modified_gmt":"2024-09-13T09:52:35","slug":"oro-lozko-sypialniane","status":"publish","type":"page","link":"https:\/\/absynth.eu\/pl\/kolekcje\/kolekcja-oro-lozko-sypialniane\/oro-lozko-sypialniane\/","title":{"rendered":"ORO \u0141\u00f3\u017cko Sypialniane"},"content":{"rendered":"<div class=\"qodef-row-grid-section-wrapper \"  ><div class=\"qodef-row-grid-section\"><div class=\"vc_row wpb_row vc_row-fluid\" ><div class=\"wpb_column vc_column_container vc_col-sm-12\"><div class=\"vc_column-inner\"><div class=\"wpb_wrapper\"><h2 style=\"text-align: left\" class=\"vc_custom_heading\" >ORO collection<\/h2>\n\t<div class=\"wpb_text_column wpb_content_element \" >\n\t\t<div class=\"wpb_wrapper\">\n\t\t\t<p>kod produktu: <\/p>\n\n\t\t<\/div>\n\t<\/div>\n\n\t<div class=\"wpb_text_column wpb_content_element \" >\n\t\t<div class=\"wpb_wrapper\">\n\t\t\t<h5><strong>PROJEKT<\/strong> DEFFINE FURNITURE LTD<\/h5>\n\n\t\t<\/div>\n\t<\/div>\n<div class=\"vc_empty_space\"   style=\"height: 32px\" ><span class=\"vc_empty_space_inner\"><\/span><\/div>\n<\/div><\/div><\/div><\/div><\/div><\/div><div class=\"vc_row wpb_row vc_row-fluid\" ><div class=\"wpb_column vc_column_container vc_col-sm-12\"><div class=\"vc_column-inner\"><div class=\"wpb_wrapper\"><div  class=\"wpb_images_carousel wpb_content_element vc_clearfix\">\n\t<div class=\"wpb_wrapper\">\n\t\t\t\t<div id=\"vc_images-carousel-1-1777397956\" data-ride=\"vc_carousel\" data-wrap=\"true\" style=\"width: 1024px;\" data-interval=\"0\" data-auto-height=\"yes\" data-mode=\"horizontal\" data-partial=\"false\" data-per-view=\"3\" data-hide-on-end=\"true\" class=\"vc_slide vc_images_carousel\">\n\t\t\t\t\t\t<!-- Wrapper for slides -->\n\t\t\t<div class=\"vc_carousel-inner\">\n\t\t\t\t<div class=\"vc_carousel-slideline\">\n\t\t\t\t\t<div class=\"vc_carousel-slideline-inner\">\n\t\t\t\t\t\t\t\t\t\t\t\t\t\t\t\t\t\t\t\t<div class=\"vc_item\">\n\t\t\t\t\t\t\t\t<div class=\"vc_inner\">\n\t\t\t\t\t\t\t\t\t\t\t\t\t\t\t\t\t\t\t\t\t\t\t\t\t\t\t\t\t<a class=\"prettyphoto\" href=\"https:\/\/absynth.eu\/wp-content\/uploads\/2022\/02\/Oro-sypialnia-2.jpg\"  data-rel=\"prettyPhoto[rel-8923-824110663]\">\n\t\t\t\t\t\t\t\t\t\t\t<img loading=\"lazy\" decoding=\"async\" width=\"990\" height=\"990\" src=\"https:\/\/absynth.eu\/wp-content\/uploads\/2022\/02\/Oro-sypialnia-2.jpg\" class=\"attachment-large\" alt=\"\" srcset=\"https:\/\/absynth.eu\/wp-content\/uploads\/2022\/02\/Oro-sypialnia-2.jpg 990w, https:\/\/absynth.eu\/wp-content\/uploads\/2022\/02\/Oro-sypialnia-2-300x300.jpg 300w, https:\/\/absynth.eu\/wp-content\/uploads\/2022\/02\/Oro-sypialnia-2-150x150.jpg 150w, https:\/\/absynth.eu\/wp-content\/uploads\/2022\/02\/Oro-sypialnia-2-768x768.jpg 768w, https:\/\/absynth.eu\/wp-content\/uploads\/2022\/02\/Oro-sypialnia-2-12x12.jpg 12w, https:\/\/absynth.eu\/wp-content\/uploads\/2022\/02\/Oro-sypialnia-2-650x650.jpg 650w\" sizes=\"(max-width: 990px) 100vw, 990px\" \/>\t\t\t\t\t\t\t\t\t\t<\/a>\n\t\t\t\t\t\t\t\t\t\t\t\t\t\t\t\t\t<\/div>\n\t\t\t\t\t\t\t<\/div>\n\t\t\t\t\t\t\t\t\t\t\t\t\t\t\t\t\t\t\t\t<div class=\"vc_item\">\n\t\t\t\t\t\t\t\t<div class=\"vc_inner\">\n\t\t\t\t\t\t\t\t\t\t\t\t\t\t\t\t\t\t\t\t\t\t\t\t\t\t\t\t\t<a class=\"prettyphoto\" href=\"https:\/\/absynth.eu\/wp-content\/uploads\/2022\/02\/Oro-sypialnia-1.jpg\"  data-rel=\"prettyPhoto[rel-8923-824110663]\">\n\t\t\t\t\t\t\t\t\t\t\t<img loading=\"lazy\" decoding=\"async\" width=\"990\" height=\"990\" src=\"https:\/\/absynth.eu\/wp-content\/uploads\/2022\/02\/Oro-sypialnia-1.jpg\" class=\"attachment-large\" alt=\"\" srcset=\"https:\/\/absynth.eu\/wp-content\/uploads\/2022\/02\/Oro-sypialnia-1.jpg 990w, https:\/\/absynth.eu\/wp-content\/uploads\/2022\/02\/Oro-sypialnia-1-300x300.jpg 300w, https:\/\/absynth.eu\/wp-content\/uploads\/2022\/02\/Oro-sypialnia-1-150x150.jpg 150w, https:\/\/absynth.eu\/wp-content\/uploads\/2022\/02\/Oro-sypialnia-1-768x768.jpg 768w, https:\/\/absynth.eu\/wp-content\/uploads\/2022\/02\/Oro-sypialnia-1-12x12.jpg 12w, https:\/\/absynth.eu\/wp-content\/uploads\/2022\/02\/Oro-sypialnia-1-650x650.jpg 650w\" sizes=\"(max-width: 990px) 100vw, 990px\" \/>\t\t\t\t\t\t\t\t\t\t<\/a>\n\t\t\t\t\t\t\t\t\t\t\t\t\t\t\t\t\t<\/div>\n\t\t\t\t\t\t\t<\/div>\n\t\t\t\t\t\t\t\t\t\t\t\t\t\t\t\t\t\t\t\t<div class=\"vc_item\">\n\t\t\t\t\t\t\t\t<div class=\"vc_inner\">\n\t\t\t\t\t\t\t\t\t\t\t\t\t\t\t\t\t\t\t\t\t\t\t\t\t\t\t\t\t<a class=\"prettyphoto\" href=\"https:\/\/absynth.eu\/wp-content\/uploads\/2022\/02\/ORO-BEDROOM-AR-HIRES-TINY-1024x512.jpg\"  data-rel=\"prettyPhoto[rel-8923-824110663]\">\n\t\t\t\t\t\t\t\t\t\t\t<img loading=\"lazy\" decoding=\"async\" width=\"1024\" height=\"512\" src=\"https:\/\/absynth.eu\/wp-content\/uploads\/2022\/02\/ORO-BEDROOM-AR-HIRES-TINY-1024x512.jpg\" class=\"attachment-large\" alt=\"\" srcset=\"https:\/\/absynth.eu\/wp-content\/uploads\/2022\/02\/ORO-BEDROOM-AR-HIRES-TINY-1024x512.jpg 1024w, https:\/\/absynth.eu\/wp-content\/uploads\/2022\/02\/ORO-BEDROOM-AR-HIRES-TINY-300x150.jpg 300w, https:\/\/absynth.eu\/wp-content\/uploads\/2022\/02\/ORO-BEDROOM-AR-HIRES-TINY-768x384.jpg 768w, https:\/\/absynth.eu\/wp-content\/uploads\/2022\/02\/ORO-BEDROOM-AR-HIRES-TINY-1536x768.jpg 1536w, https:\/\/absynth.eu\/wp-content\/uploads\/2022\/02\/ORO-BEDROOM-AR-HIRES-TINY-18x9.jpg 18w, https:\/\/absynth.eu\/wp-content\/uploads\/2022\/02\/ORO-BEDROOM-AR-HIRES-TINY-1300x650.jpg 1300w, https:\/\/absynth.eu\/wp-content\/uploads\/2022\/02\/ORO-BEDROOM-AR-HIRES-TINY.jpg 1920w\" sizes=\"(max-width: 1024px) 100vw, 1024px\" \/>\t\t\t\t\t\t\t\t\t\t<\/a>\n\t\t\t\t\t\t\t\t\t\t\t\t\t\t\t\t\t<\/div>\n\t\t\t\t\t\t\t<\/div>\n\t\t\t\t\t\t\t\t\t\t\t<\/div>\n\t\t\t\t<\/div>\n\t\t\t<\/div>\n\t\t\t\t\t<\/div>\n\t<\/div>\n<\/div>\n<div class=\"vc_empty_space\"   style=\"height: 32px\" ><span class=\"vc_empty_space_inner\"><\/span><\/div>\n<\/div><\/div><\/div><\/div><div class=\"qodef-row-grid-section-wrapper \"  ><div class=\"qodef-row-grid-section\"><div class=\"vc_row wpb_row vc_row-fluid\" ><div class=\"wpb_column vc_column_container vc_col-sm-12\"><div class=\"vc_column-inner\"><div class=\"wpb_wrapper\">\n\t<div class=\"wpb_text_column wpb_content_element \" >\n\t\t<div class=\"wpb_wrapper\">\n\t\t\t<h4>\u0141\u00f3\u017cko bez pojemnika na po\u015bciel ORO \u2013 futurystyczne wzornictwo i pe\u0142ny komfort<\/h4>\n<p>\u0141\u00f3\u017cko bez pojemnika na po\u015bciel z kolekcji ORO powsta\u0142o, aby spe\u0142ni\u0107 oczekiwania os\u00f3b, kt\u00f3re uwielbiaj\u0105 niesztampowe formy. Mebel wyr\u00f3\u017cnia si\u0119 niesamowitymi kr\u0105g\u0142o\u015bciami, kt\u00f3re sprawiaj\u0105, \u017ce ca\u0142o\u015b\u0107 wygl\u0105da niczym <strong>nadmuchany balonik<\/strong>. Wz\u00f3r idealnie podkre\u015bla <strong>elegancka lam\u00f3wka<\/strong>, kt\u00f3ra pomimo tego, \u017ce nie rzuca si\u0119 w oczy, subtelnie wydobywa pi\u0119kno wypuk\u0142o\u015bci.<\/p>\n<h4>\u0141\u00f3\u017cko ORO \u2013 zabawna forma i doskona\u0142y odpoczynek<\/h4>\n<p>W kolekcji ORO znajdziesz \u0142\u00f3\u017cka o trzech powierzchniach spania: 140, 160 i 180 cm. Pozwala to na stworzenie wyj\u0105tkowej aran\u017cacji nawet w ma\u0142ej sypialni.<br \/>\nDodatkowo zadbano o przyjemne w dotyku i oryginalne materia\u0142y obiciowe \u2013 futrzany i welurowy. Ich po\u0142\u0105czenie nadaje meblowi wspania\u0142ego, <strong>futurystycznego charakteru<\/strong>, przez co \u0142\u00f3\u017cko idealnie prezentuje si\u0119 zw\u0142aszcza w nowoczesnych wn\u0119trzach.<br \/>\nJednocze\u015bnie materia\u0142y te, razem z mi\u0119kkimi kr\u0105g\u0142o\u015bciami, sprawiaj\u0105, \u017ce mebel wygl\u0105da na niezwykle wygodny. W rezultacie trudno oprze\u0107 si\u0119 pokusie zanurzenia si\u0119 w \u0142\u00f3\u017cku i oddania si\u0119 b\u0142ogiemu relaksowi.<\/p>\n\n\t\t<\/div>\n\t<\/div>\n<div class=\"vc_empty_space\"   style=\"height: 60px\" ><span class=\"vc_empty_space_inner\"><\/span><\/div>\n<\/div><\/div><\/div><\/div><\/div><\/div><div class=\"qodef-row-grid-section-wrapper \"  ><div class=\"qodef-row-grid-section\"><div class=\"vc_row wpb_row vc_row-fluid\" ><div class=\"wpb_column vc_column_container vc_col-sm-12\"><div class=\"vc_column-inner\"><div class=\"wpb_wrapper\"><div class=\"vc_message_box vc_message_box-standard vc_message_box-rounded vc_color-info\" >\n\t<div class=\"vc_message_box-icon\"><i class=\"fa fa-info-circle\"><\/i>\n\t<\/div><p>\u0141\u00f3\u017cka wyst\u0119puj\u0105 w rozmiarach pod materace:<\/p>\n<ul>\n<li>120&#215;200 cm<\/li>\n<li>140&#215;200 cm<\/li>\n<li>160&#215;200 cm<\/li>\n<li>180&#215;200 cm<\/li>\n<\/ul>\n<\/div>\n<div class=\"vc_empty_space\"   style=\"height: 32px\" ><span class=\"vc_empty_space_inner\"><\/span><\/div>\n\n\t<div class=\"wpb_text_column wpb_content_element \" >\n\t\t<div class=\"wpb_wrapper\">\n\t\t\t<p>Produkty dost\u0119pne w tkaninach: <a href=\"https:\/\/absynth.eu\/wp-content\/uploads\/2024\/09\/Gr_1.pdf\">Grupa 1<\/a>, <a href=\"https:\/\/absynth.eu\/wp-content\/uploads\/2024\/09\/Gr_2.pdf\">Grupa 2<\/a>, <a href=\"https:\/\/absynth.eu\/wp-content\/uploads\/2024\/09\/Gr_3.pdf\">Grupa 3<\/a>, <a href=\"https:\/\/absynth.eu\/wp-content\/uploads\/2024\/09\/Gr_4.pdf\">Grupa 4<\/a>, <a href=\"https:\/\/absynth.eu\/wp-content\/uploads\/2024\/09\/Gr_5.pdf\">Grupa 5<\/a><\/p>\n\n\t\t<\/div>\n\t<\/div>\n<\/div><\/div><\/div><\/div><\/div><\/div>\n","protected":false},"excerpt":{"rendered":"ORO collection kod produktu: PROJEKT DEFFINE FURNITURE LTD \u0141\u00f3\u017cko bez pojemnika na po\u015bciel ORO \u2013 futurystyczne wzornictwo i pe\u0142ny komfort \u0141\u00f3\u017cko bez pojemnika na po\u015bciel z kolekcji ORO powsta\u0142o, aby spe\u0142ni\u0107 oczekiwania os\u00f3b, kt\u00f3re uwielbiaj\u0105 niesztampowe formy. Mebel wyr\u00f3\u017cnia si\u0119 [...]","protected":false},"author":2,"featured_media":8920,"parent":8918,"menu_order":0,"comment_status":"closed","ping_status":"closed","template":"full-width.php","meta":{"_monsterinsights_skip_tracking":false,"_monsterinsights_sitenote_active":false,"_monsterinsights_sitenote_note":"","_monsterinsights_sitenote_category":0,"footnotes":""},"class_list":["post-8923","page","type-page","status-publish","has-post-thumbnail","hentry"],"yoast_head":"<!-- This site is optimized with the Yoast SEO plugin v23.1 - https:\/\/yoast.com\/wordpress\/plugins\/seo\/ -->\n<title>ORO \u0141\u00f3\u017cko Sypialniane - Absynth<\/title>\n<meta name=\"description\" content=\"Absynth - producent nowoczesnych mebli. W ofercie: krzes\u0142a tapicerowane, meble skrzyniowe, stoly do jadalni, sto\u0142y d\u0119bowe,meble do salonu, jadalni. Absynth oryginalne meble - Zapraszamy\" \/>\n<meta name=\"robots\" content=\"index, follow, max-snippet:-1, max-image-preview:large, max-video-preview:-1\" \/>\n<link rel=\"canonical\" href=\"https:\/\/absynth.eu\/pl\/kolekcje\/kolekcja-oro-lozko-sypialniane\/oro-lozko-sypialniane\/\" \/>\n<meta property=\"og:locale\" content=\"pl_PL\" \/>\n<meta property=\"og:type\" content=\"article\" \/>\n<meta property=\"og:title\" content=\"ORO \u0141\u00f3\u017cko Sypialniane - Absynth\" \/>\n<meta property=\"og:description\" content=\"Absynth - producent nowoczesnych mebli. W ofercie: krzes\u0142a tapicerowane, meble skrzyniowe, stoly do jadalni, sto\u0142y d\u0119bowe,meble do salonu, jadalni. Absynth oryginalne meble - Zapraszamy\" \/>\n<meta property=\"og:url\" content=\"https:\/\/absynth.eu\/pl\/kolekcje\/kolekcja-oro-lozko-sypialniane\/oro-lozko-sypialniane\/\" \/>\n<meta property=\"og:site_name\" content=\"Absynth\" \/>\n<meta property=\"article:publisher\" content=\"https:\/\/www.facebook.com\/MebleABSYNTH\" \/>\n<meta property=\"article:modified_time\" content=\"2024-09-13T09:52:35+00:00\" \/>\n<meta property=\"og:image\" content=\"https:\/\/absynth.eu\/wp-content\/uploads\/2022\/02\/Oro-sypialnia-1.jpg\" \/>\n\t<meta property=\"og:image:width\" content=\"990\" \/>\n\t<meta property=\"og:image:height\" content=\"990\" \/>\n\t<meta property=\"og:image:type\" content=\"image\/jpeg\" \/>\n<meta name=\"twitter:card\" content=\"summary_large_image\" \/>\n<meta name=\"twitter:label1\" content=\"Szacowany czas czytania\" \/>\n\t<meta name=\"twitter:data1\" content=\"2 minuty\" \/>\n<script type=\"application\/ld+json\" class=\"yoast-schema-graph\">{\"@context\":\"https:\/\/schema.org\",\"@graph\":[{\"@type\":\"WebPage\",\"@id\":\"https:\/\/absynth.eu\/kolekcje\/kolekcja-oro-lozko-sypialniane\/oro-lozko-sypialniane\/\",\"url\":\"https:\/\/absynth.eu\/kolekcje\/kolekcja-oro-lozko-sypialniane\/oro-lozko-sypialniane\/\",\"name\":\"ORO \u0141\u00f3\u017cko Sypialniane - Absynth\",\"isPartOf\":{\"@id\":\"https:\/\/absynth.eu\/pl\/#website\"},\"primaryImageOfPage\":{\"@id\":\"https:\/\/absynth.eu\/kolekcje\/kolekcja-oro-lozko-sypialniane\/oro-lozko-sypialniane\/#primaryimage\"},\"image\":{\"@id\":\"https:\/\/absynth.eu\/kolekcje\/kolekcja-oro-lozko-sypialniane\/oro-lozko-sypialniane\/#primaryimage\"},\"thumbnailUrl\":\"https:\/\/absynth.eu\/wp-content\/uploads\/2022\/02\/Oro-sypialnia-1.jpg\",\"datePublished\":\"2022-02-25T23:08:23+00:00\",\"dateModified\":\"2024-09-13T09:52:35+00:00\",\"description\":\"Absynth - producent nowoczesnych mebli. W ofercie: krzes\u0142a tapicerowane, meble skrzyniowe, stoly do jadalni, sto\u0142y d\u0119bowe,meble do salonu, jadalni. Absynth oryginalne meble - Zapraszamy\",\"breadcrumb\":{\"@id\":\"https:\/\/absynth.eu\/kolekcje\/kolekcja-oro-lozko-sypialniane\/oro-lozko-sypialniane\/#breadcrumb\"},\"inLanguage\":\"pl-PL\",\"potentialAction\":[{\"@type\":\"ReadAction\",\"target\":[\"https:\/\/absynth.eu\/kolekcje\/kolekcja-oro-lozko-sypialniane\/oro-lozko-sypialniane\/\"]}]},{\"@type\":\"ImageObject\",\"inLanguage\":\"pl-PL\",\"@id\":\"https:\/\/absynth.eu\/kolekcje\/kolekcja-oro-lozko-sypialniane\/oro-lozko-sypialniane\/#primaryimage\",\"url\":\"https:\/\/absynth.eu\/wp-content\/uploads\/2022\/02\/Oro-sypialnia-1.jpg\",\"contentUrl\":\"https:\/\/absynth.eu\/wp-content\/uploads\/2022\/02\/Oro-sypialnia-1.jpg\",\"width\":990,\"height\":990},{\"@type\":\"BreadcrumbList\",\"@id\":\"https:\/\/absynth.eu\/kolekcje\/kolekcja-oro-lozko-sypialniane\/oro-lozko-sypialniane\/#breadcrumb\",\"itemListElement\":[{\"@type\":\"ListItem\",\"position\":1,\"name\":\"Strona g\u0142\u00f3wna\",\"item\":\"https:\/\/absynth.eu\/\"},{\"@type\":\"ListItem\",\"position\":2,\"name\":\"Kolekcje\",\"item\":\"https:\/\/absynth.eu\/kolekcje\/\"},{\"@type\":\"ListItem\",\"position\":3,\"name\":\"Kolekcja ORO \u0141\u00f3\u017cko Sypialniane\",\"item\":\"https:\/\/absynth.eu\/kolekcje\/kolekcja-oro-lozko-sypialniane\/\"},{\"@type\":\"ListItem\",\"position\":4,\"name\":\"ORO \u0141\u00f3\u017cko Sypialniane\"}]},{\"@type\":\"WebSite\",\"@id\":\"https:\/\/absynth.eu\/pl\/#website\",\"url\":\"https:\/\/absynth.eu\/pl\/\",\"name\":\"Absynth\",\"description\":\"Meble tworz\u0105 wn\u0119trze\",\"potentialAction\":[{\"@type\":\"SearchAction\",\"target\":{\"@type\":\"EntryPoint\",\"urlTemplate\":\"https:\/\/absynth.eu\/pl\/?s={search_term_string}\"},\"query-input\":\"required name=search_term_string\"}],\"inLanguage\":\"pl-PL\"}]}<\/script>\n<!-- \/ Yoast SEO plugin. -->","yoast_head_json":{"title":"ORO \u0141\u00f3\u017cko Sypialniane - Absynth","description":"Absynth - producent nowoczesnych mebli. W ofercie: krzes\u0142a tapicerowane, meble skrzyniowe, stoly do jadalni, sto\u0142y d\u0119bowe,meble do salonu, jadalni. Absynth oryginalne meble - Zapraszamy","robots":{"index":"index","follow":"follow","max-snippet":"max-snippet:-1","max-image-preview":"max-image-preview:large","max-video-preview":"max-video-preview:-1"},"canonical":"https:\/\/absynth.eu\/pl\/kolekcje\/kolekcja-oro-lozko-sypialniane\/oro-lozko-sypialniane\/","og_locale":"pl_PL","og_type":"article","og_title":"ORO \u0141\u00f3\u017cko Sypialniane - Absynth","og_description":"Absynth - producent nowoczesnych mebli. W ofercie: krzes\u0142a tapicerowane, meble skrzyniowe, stoly do jadalni, sto\u0142y d\u0119bowe,meble do salonu, jadalni. Absynth oryginalne meble - Zapraszamy","og_url":"https:\/\/absynth.eu\/pl\/kolekcje\/kolekcja-oro-lozko-sypialniane\/oro-lozko-sypialniane\/","og_site_name":"Absynth","article_publisher":"https:\/\/www.facebook.com\/MebleABSYNTH","article_modified_time":"2024-09-13T09:52:35+00:00","og_image":[{"width":990,"height":990,"url":"https:\/\/absynth.eu\/wp-content\/uploads\/2022\/02\/Oro-sypialnia-1.jpg","type":"image\/jpeg"}],"twitter_card":"summary_large_image","twitter_misc":{"Szacowany czas czytania":"2 minuty"},"schema":{"@context":"https:\/\/schema.org","@graph":[{"@type":"WebPage","@id":"https:\/\/absynth.eu\/kolekcje\/kolekcja-oro-lozko-sypialniane\/oro-lozko-sypialniane\/","url":"https:\/\/absynth.eu\/kolekcje\/kolekcja-oro-lozko-sypialniane\/oro-lozko-sypialniane\/","name":"ORO \u0141\u00f3\u017cko Sypialniane - Absynth","isPartOf":{"@id":"https:\/\/absynth.eu\/pl\/#website"},"primaryImageOfPage":{"@id":"https:\/\/absynth.eu\/kolekcje\/kolekcja-oro-lozko-sypialniane\/oro-lozko-sypialniane\/#primaryimage"},"image":{"@id":"https:\/\/absynth.eu\/kolekcje\/kolekcja-oro-lozko-sypialniane\/oro-lozko-sypialniane\/#primaryimage"},"thumbnailUrl":"https:\/\/absynth.eu\/wp-content\/uploads\/2022\/02\/Oro-sypialnia-1.jpg","datePublished":"2022-02-25T23:08:23+00:00","dateModified":"2024-09-13T09:52:35+00:00","description":"Absynth - producent nowoczesnych mebli. W ofercie: krzes\u0142a tapicerowane, meble skrzyniowe, stoly do jadalni, sto\u0142y d\u0119bowe,meble do salonu, jadalni. Absynth oryginalne meble - Zapraszamy","breadcrumb":{"@id":"https:\/\/absynth.eu\/kolekcje\/kolekcja-oro-lozko-sypialniane\/oro-lozko-sypialniane\/#breadcrumb"},"inLanguage":"pl-PL","potentialAction":[{"@type":"ReadAction","target":["https:\/\/absynth.eu\/kolekcje\/kolekcja-oro-lozko-sypialniane\/oro-lozko-sypialniane\/"]}]},{"@type":"ImageObject","inLanguage":"pl-PL","@id":"https:\/\/absynth.eu\/kolekcje\/kolekcja-oro-lozko-sypialniane\/oro-lozko-sypialniane\/#primaryimage","url":"https:\/\/absynth.eu\/wp-content\/uploads\/2022\/02\/Oro-sypialnia-1.jpg","contentUrl":"https:\/\/absynth.eu\/wp-content\/uploads\/2022\/02\/Oro-sypialnia-1.jpg","width":990,"height":990},{"@type":"BreadcrumbList","@id":"https:\/\/absynth.eu\/kolekcje\/kolekcja-oro-lozko-sypialniane\/oro-lozko-sypialniane\/#breadcrumb","itemListElement":[{"@type":"ListItem","position":1,"name":"Strona g\u0142\u00f3wna","item":"https:\/\/absynth.eu\/"},{"@type":"ListItem","position":2,"name":"Kolekcje","item":"https:\/\/absynth.eu\/kolekcje\/"},{"@type":"ListItem","position":3,"name":"Kolekcja ORO \u0141\u00f3\u017cko Sypialniane","item":"https:\/\/absynth.eu\/kolekcje\/kolekcja-oro-lozko-sypialniane\/"},{"@type":"ListItem","position":4,"name":"ORO \u0141\u00f3\u017cko Sypialniane"}]},{"@type":"WebSite","@id":"https:\/\/absynth.eu\/pl\/#website","url":"https:\/\/absynth.eu\/pl\/","name":"Absynth","description":"Meble tworz\u0105 wn\u0119trze","potentialAction":[{"@type":"SearchAction","target":{"@type":"EntryPoint","urlTemplate":"https:\/\/absynth.eu\/pl\/?s={search_term_string}"},"query-input":"required name=search_term_string"}],"inLanguage":"pl-PL"}]}},"_links":{"self":[{"href":"https:\/\/absynth.eu\/pl\/wp-json\/wp\/v2\/pages\/8923"}],"collection":[{"href":"https:\/\/absynth.eu\/pl\/wp-json\/wp\/v2\/pages"}],"about":[{"href":"https:\/\/absynth.eu\/pl\/wp-json\/wp\/v2\/types\/page"}],"author":[{"embeddable":true,"href":"https:\/\/absynth.eu\/pl\/wp-json\/wp\/v2\/users\/2"}],"replies":[{"embeddable":true,"href":"https:\/\/absynth.eu\/pl\/wp-json\/wp\/v2\/comments?post=8923"}],"version-history":[{"count":6,"href":"https:\/\/absynth.eu\/pl\/wp-json\/wp\/v2\/pages\/8923\/revisions"}],"predecessor-version":[{"id":9759,"href":"https:\/\/absynth.eu\/pl\/wp-json\/wp\/v2\/pages\/8923\/revisions\/9759"}],"up":[{"embeddable":true,"href":"https:\/\/absynth.eu\/pl\/wp-json\/wp\/v2\/pages\/8918"}],"wp:featuredmedia":[{"embeddable":true,"href":"https:\/\/absynth.eu\/pl\/wp-json\/wp\/v2\/media\/8920"}],"wp:attachment":[{"href":"https:\/\/absynth.eu\/pl\/wp-json\/wp\/v2\/media?parent=8923"}],"curies":[{"name":"wp","href":"https:\/\/api.w.org\/{rel}","templated":true}]}}