{"id":8996,"date":"2022-06-24T00:40:56","date_gmt":"2022-06-23T22:40:56","guid":{"rendered":"https:\/\/absynth.eu\/?page_id=8996"},"modified":"2022-08-10T23:53:37","modified_gmt":"2022-08-10T21:53:37","slug":"szafka-rtv","status":"publish","type":"page","link":"https:\/\/absynth.eu\/pl\/kolekcje\/kolekcja-wing\/szafka-rtv\/","title":{"rendered":"Szafka RTV"},"content":{"rendered":"<div class=\"qodef-row-grid-section-wrapper \"  ><div class=\"qodef-row-grid-section\"><div class=\"vc_row wpb_row vc_row-fluid\" ><div class=\"wpb_column vc_column_container vc_col-sm-12\"><div class=\"vc_column-inner\"><div class=\"wpb_wrapper\"><h2 style=\"text-align: left\" class=\"vc_custom_heading\" >WING collection<\/h2>\n\t<div class=\"wpb_text_column wpb_content_element \" >\n\t\t<div class=\"wpb_wrapper\">\n\t\t\t<p>kod produktu: A23-09-BLA, A23-09-W<\/p>\n\n\t\t<\/div>\n\t<\/div>\n\n\t<div class=\"wpb_text_column wpb_content_element \" >\n\t\t<div class=\"wpb_wrapper\">\n\t\t\t<h5><strong>PROJEKT<\/strong> DEFFINE FURNITURE LTD<\/h5>\n\n\t\t<\/div>\n\t<\/div>\n<div class=\"vc_empty_space\"   style=\"height: 32px\" ><span class=\"vc_empty_space_inner\"><\/span><\/div>\n<\/div><\/div><\/div><\/div><\/div><\/div><div class=\"vc_row wpb_row vc_row-fluid\" ><div class=\"wpb_column vc_column_container vc_col-sm-12\"><div class=\"vc_column-inner\"><div class=\"wpb_wrapper\"><div  class=\"wpb_images_carousel wpb_content_element vc_clearfix\">\n\t<div class=\"wpb_wrapper\">\n\t\t\t\t<div id=\"vc_images-carousel-1-1776045298\" data-ride=\"vc_carousel\" data-wrap=\"true\" style=\"width: 1024px;\" data-interval=\"0\" data-auto-height=\"yes\" data-mode=\"horizontal\" data-partial=\"false\" data-per-view=\"3\" data-hide-on-end=\"true\" class=\"vc_slide vc_images_carousel\">\n\t\t\t\t\t\t<!-- Wrapper for slides -->\n\t\t\t<div class=\"vc_carousel-inner\">\n\t\t\t\t<div class=\"vc_carousel-slideline\">\n\t\t\t\t\t<div class=\"vc_carousel-slideline-inner\">\n\t\t\t\t\t\t\t\t\t\t\t\t\t\t\t\t\t\t\t\t<div class=\"vc_item\">\n\t\t\t\t\t\t\t\t<div class=\"vc_inner\">\n\t\t\t\t\t\t\t\t\t\t\t\t\t\t\t\t\t\t\t\t\t\t\t\t\t\t\t\t\t<a class=\"prettyphoto\" href=\"https:\/\/absynth.eu\/wp-content\/uploads\/2022\/06\/A23-09-BLA-2.jpg\"  data-rel=\"prettyPhoto[rel-8996-1861582786]\">\n\t\t\t\t\t\t\t\t\t\t\t<img loading=\"lazy\" decoding=\"async\" width=\"768\" height=\"768\" src=\"https:\/\/absynth.eu\/wp-content\/uploads\/2022\/06\/A23-09-BLA-2.jpg\" class=\"attachment-large\" alt=\"\" srcset=\"https:\/\/absynth.eu\/wp-content\/uploads\/2022\/06\/A23-09-BLA-2.jpg 768w, https:\/\/absynth.eu\/wp-content\/uploads\/2022\/06\/A23-09-BLA-2-300x300.jpg 300w, https:\/\/absynth.eu\/wp-content\/uploads\/2022\/06\/A23-09-BLA-2-150x150.jpg 150w, https:\/\/absynth.eu\/wp-content\/uploads\/2022\/06\/A23-09-BLA-2-12x12.jpg 12w, https:\/\/absynth.eu\/wp-content\/uploads\/2022\/06\/A23-09-BLA-2-650x650.jpg 650w\" sizes=\"(max-width: 768px) 100vw, 768px\" \/>\t\t\t\t\t\t\t\t\t\t<\/a>\n\t\t\t\t\t\t\t\t\t\t\t\t\t\t\t\t\t<\/div>\n\t\t\t\t\t\t\t<\/div>\n\t\t\t\t\t\t\t\t\t\t\t<\/div>\n\t\t\t\t<\/div>\n\t\t\t<\/div>\n\t\t\t\t\t<\/div>\n\t<\/div>\n<\/div>\n<div class=\"vc_empty_space\"   style=\"height: 32px\" ><span class=\"vc_empty_space_inner\"><\/span><\/div>\n<\/div><\/div><\/div><\/div><div class=\"qodef-row-grid-section-wrapper \"  ><div class=\"qodef-row-grid-section\"><div class=\"vc_row wpb_row vc_row-fluid\" ><div class=\"wpb_column vc_column_container vc_col-sm-12\"><div class=\"vc_column-inner\"><div class=\"wpb_wrapper\">\n\t<div class=\"wpb_text_column wpb_content_element \" >\n\t\t<div class=\"wpb_wrapper\">\n\t\t\t<h4>Szafka RTV WING \u2013 minimalistyczna i szykowna<\/h4>\n<p>Szafka RTV z kolekcji WING to mebel o prostym, eleganckim designie, kt\u00f3ry \u015bwietnie prezentuje si\u0119 we wn\u0119trzu w stylu nowoczesnym, a tak\u017ce industrialnym czy glamour. Sk\u0142ada si\u0119 z trzech prostych n\u00f3\u017cek oraz dw\u00f3ch blat\u00f3w w formie wycink\u00f3w ko\u0142a. Zosta\u0142y one po\u0142\u0105czone z\u0142otymi s\u0142upkami, kt\u00f3re nadaj\u0105 meblowi szykownego charakteru. Dodatkowo zadbano o ob\u0142e kszta\u0142ty, kt\u00f3re s\u0105 nawi\u0105zaniem do formy sof z tej samej kolekcji.<\/p>\n<h4>Elegancka szafka RTV \u2013 idealne uzupe\u0142nienie aran\u017cacji salonu<\/h4>\n<p>Szafka RTV, kt\u00f3r\u0105 oferujemy, jest bardzo podobna do stolika kawowego z tej samej serii. Dzi\u0119ki temu razem tworz\u0105 zgrany duet i \u015bwietnie r\u00f3wnowa\u017c\u0105 przytulny charakter kanap. Szafka ma czarny kolor i zaokr\u0105glone rogi, dzi\u0119ki czemu dobrze wygl\u0105da nie tylko w minimalistycznych wn\u0119trzach, ale tak\u017ce eklektycznych czy glamour.<br \/>\nZadbano nie tylko o estetyk\u0119, ale tak\u017ce solidne wykonanie. Na szafce mo\u017cna spokojnie umie\u015bci\u0107 du\u017cy telewizor. Natomiast na p\u00f3\u0142ce pod spodem zmie\u015bci si\u0119 dekoder i inne niezb\u0119dne urz\u0105dzenia do ogl\u0105dania film\u00f3w czy grania w gry.<\/p>\n\n\t\t<\/div>\n\t<\/div>\n<div class=\"vc_empty_space\"   style=\"height: 60px\" ><span class=\"vc_empty_space_inner\"><\/span><\/div>\n<\/div><\/div><\/div><\/div><\/div><\/div><div class=\"qodef-row-grid-section-wrapper \"  ><div class=\"qodef-row-grid-section\"><div class=\"vc_row wpb_row vc_row-fluid\" ><div class=\"wpb_column vc_column_container vc_col-sm-12\"><div class=\"vc_column-inner\"><div class=\"wpb_wrapper\"><div class=\"qodef-tabs   qodef-tabs-standard\">\n\t<ul class=\"qodef-tabs-nav clearfix\">\n\t\t\t\t\t<li>\n\t\t\t\t\t\t\t\t\t<a href=\"#tab-wymiary\">WYMIARY<\/a>\n\t\t\t\t\t\t\t<\/li>\n\t\t\t<\/ul>\n\t<div class=\"qodef-tab-container\" id=\"tab-wymiary-261\"><div class=\"qodef-accordion-holder qodef-ac-default  qodef-accordion qodef-ac-boxed  clearfix\">\n\t<h6 class=\"qodef-accordion-title\">\n    <span class=\"qodef-accordion-mark\">\n\t\t<span class=\"qodef_icon_plus icon_plus\"><\/span>\n\t\t<span class=\"qodef_icon_minus icon_minus-06\"><\/span>\n\t<\/span>\n\t<span class=\"qodef-tab-title\">WYSOKO\u015a\u0106<\/span>\n<\/h6>\n<div class=\"qodef-accordion-content\">\n\t<div class=\"qodef-accordion-content-inner\">\n\t\t\n\t<div class=\"wpb_text_column wpb_content_element \" >\n\t\t<div class=\"wpb_wrapper\">\n\t\t\t<p>50 cm<\/p>\n\n\t\t<\/div>\n\t<\/div>\n\t<\/div>\n<\/div><h6 class=\"qodef-accordion-title\">\n    <span class=\"qodef-accordion-mark\">\n\t\t<span class=\"qodef_icon_plus icon_plus\"><\/span>\n\t\t<span class=\"qodef_icon_minus icon_minus-06\"><\/span>\n\t<\/span>\n\t<span class=\"qodef-tab-title\">SZEROKO\u015a\u0106<\/span>\n<\/h6>\n<div class=\"qodef-accordion-content\">\n\t<div class=\"qodef-accordion-content-inner\">\n\t\t\n\t<div class=\"wpb_text_column wpb_content_element \" >\n\t\t<div class=\"wpb_wrapper\">\n\t\t\t<p>160 cm<\/p>\n\n\t\t<\/div>\n\t<\/div>\n\t<\/div>\n<\/div><\/div>\n\t<div class=\"wpb_text_column wpb_content_element \" >\n\t\t<div class=\"wpb_wrapper\">\n\t\t\t<p>UWAGA! Producent zastrzega sobie mo\u017cliwo\u015b\u0107 zmiany wymiar\u00f3w oraz technologii wykonywania prezentowanych mebli.<\/p>\n\n\t\t<\/div>\n\t<\/div>\n<\/div><\/div><\/div><\/div><\/div><\/div><\/div><\/div><div class=\"qodef-row-grid-section-wrapper \"  ><div class=\"qodef-row-grid-section\"><div class=\"vc_row wpb_row vc_row-fluid\" ><div class=\"wpb_column vc_column_container vc_col-sm-12\"><div class=\"vc_column-inner\"><div class=\"wpb_wrapper\">\n\t<div class=\"wpb_text_column wpb_content_element  vc_custom_1581470930808\" >\n\t\t<div class=\"wpb_wrapper\">\n\t\t\t<h4>Materia\u0142y do pobrania<\/h4>\n\n\t\t<\/div>\n\t<\/div>\n<div class=\"vc_empty_space\"   style=\"height: 32px\" ><span class=\"vc_empty_space_inner\"><\/span><\/div>\n<div class=\"wpb_gallery wpb_content_element vc_clearfix\" ><div class=\"wpb_wrapper\"><div class=\"wpb_gallery_slides wpb_image_grid\" data-interval=\"3\"><ul class=\"wpb_image_grid_ul\"><li class=\"isotope-item\"><a class=\"prettyphoto\" href=\"https:\/\/absynth.eu\/wp-content\/uploads\/2022\/08\/Karta_Wing_02-1-724x1024.jpg\" data-rel=\"prettyPhoto[rel-8996-196074760]\"><img loading=\"lazy\" decoding=\"async\" width=\"150\" height=\"150\" src=\"https:\/\/absynth.eu\/wp-content\/uploads\/2022\/08\/Karta_Wing_02-1-150x150.jpg\" class=\"attachment-thumbnail\" alt=\"\" srcset=\"https:\/\/absynth.eu\/wp-content\/uploads\/2022\/08\/Karta_Wing_02-1-150x150.jpg 150w, https:\/\/absynth.eu\/wp-content\/uploads\/2022\/08\/Karta_Wing_02-1-650x650.jpg 650w, https:\/\/absynth.eu\/wp-content\/uploads\/2022\/08\/Karta_Wing_02-1-1300x1300.jpg 1300w\" sizes=\"(max-width: 150px) 100vw, 150px\" \/><\/a><\/li><li class=\"isotope-item\"><a class=\"prettyphoto\" href=\"https:\/\/absynth.eu\/wp-content\/uploads\/2022\/08\/Karta_Wing_02-2-724x1024.jpg\" data-rel=\"prettyPhoto[rel-8996-196074760]\"><img loading=\"lazy\" decoding=\"async\" width=\"150\" height=\"150\" src=\"https:\/\/absynth.eu\/wp-content\/uploads\/2022\/08\/Karta_Wing_02-2-150x150.jpg\" class=\"attachment-thumbnail\" alt=\"\" srcset=\"https:\/\/absynth.eu\/wp-content\/uploads\/2022\/08\/Karta_Wing_02-2-150x150.jpg 150w, https:\/\/absynth.eu\/wp-content\/uploads\/2022\/08\/Karta_Wing_02-2-650x650.jpg 650w, https:\/\/absynth.eu\/wp-content\/uploads\/2022\/08\/Karta_Wing_02-2-1300x1300.jpg 1300w\" sizes=\"(max-width: 150px) 100vw, 150px\" \/><\/a><\/li><\/ul><\/div><\/div><\/div>\n\t<div class=\"wpb_text_column wpb_content_element \" >\n\t\t<div class=\"wpb_wrapper\">\n\t\t\t<p><a href=\"\/wp-content\/uploads\/2022\/08\/Karta_Wing_02.pdf\" download=\"\">Pobierz rysunki techniczne<\/a><\/p>\n\n\t\t<\/div>\n\t<\/div>\n<\/div><\/div><\/div><div class=\"wpb_column vc_column_container vc_col-sm-12\"><div class=\"vc_column-inner\"><div class=\"wpb_wrapper\"><div class=\"vc_empty_space\"   style=\"height: 32px\" ><span class=\"vc_empty_space_inner\"><\/span><\/div>\n<\/div><\/div><\/div><\/div><\/div><\/div>\n","protected":false},"excerpt":{"rendered":"WING collection kod produktu: A23-09-BLA, A23-09-W PROJEKT DEFFINE FURNITURE LTD Szafka RTV WING \u2013 minimalistyczna i szykowna Szafka RTV z kolekcji WING to mebel o prostym, eleganckim designie, kt\u00f3ry \u015bwietnie prezentuje si\u0119 we wn\u0119trzu w stylu nowoczesnym, a tak\u017ce industrialnym [...]","protected":false},"author":2,"featured_media":8997,"parent":8966,"menu_order":0,"comment_status":"closed","ping_status":"closed","template":"full-width.php","meta":{"_monsterinsights_skip_tracking":false,"_monsterinsights_sitenote_active":false,"_monsterinsights_sitenote_note":"","_monsterinsights_sitenote_category":0,"footnotes":""},"class_list":["post-8996","page","type-page","status-publish","has-post-thumbnail","hentry"],"yoast_head":"<!-- This site is optimized with the Yoast SEO plugin v23.1 - https:\/\/yoast.com\/wordpress\/plugins\/seo\/ -->\n<title>Szafka RTV - Absynth<\/title>\n<meta name=\"description\" content=\"Absynth - producent nowoczesnych mebli. W ofercie: krzes\u0142a tapicerowane, meble skrzyniowe, stoly do jadalni, sto\u0142y d\u0119bowe,meble do salonu, jadalni. Absynth oryginalne meble - Zapraszamy\" \/>\n<meta name=\"robots\" content=\"index, follow, max-snippet:-1, max-image-preview:large, max-video-preview:-1\" \/>\n<link rel=\"canonical\" href=\"https:\/\/absynth.eu\/pl\/kolekcje\/kolekcja-wing\/szafka-rtv\/\" \/>\n<meta property=\"og:locale\" content=\"pl_PL\" \/>\n<meta property=\"og:type\" content=\"article\" \/>\n<meta property=\"og:title\" content=\"Szafka RTV - Absynth\" \/>\n<meta property=\"og:description\" content=\"Absynth - producent nowoczesnych mebli. W ofercie: krzes\u0142a tapicerowane, meble skrzyniowe, stoly do jadalni, sto\u0142y d\u0119bowe,meble do salonu, jadalni. Absynth oryginalne meble - Zapraszamy\" \/>\n<meta property=\"og:url\" content=\"https:\/\/absynth.eu\/pl\/kolekcje\/kolekcja-wing\/szafka-rtv\/\" \/>\n<meta property=\"og:site_name\" content=\"Absynth\" \/>\n<meta property=\"article:publisher\" content=\"https:\/\/www.facebook.com\/MebleABSYNTH\" \/>\n<meta property=\"article:modified_time\" content=\"2022-08-10T21:53:37+00:00\" \/>\n<meta property=\"og:image\" content=\"https:\/\/absynth.eu\/wp-content\/uploads\/2022\/06\/A23-09-BLA-2.jpg\" \/>\n\t<meta property=\"og:image:width\" content=\"768\" \/>\n\t<meta property=\"og:image:height\" content=\"768\" \/>\n\t<meta property=\"og:image:type\" content=\"image\/jpeg\" \/>\n<meta name=\"twitter:card\" content=\"summary_large_image\" \/>\n<meta name=\"twitter:label1\" content=\"Szacowany czas czytania\" \/>\n\t<meta name=\"twitter:data1\" content=\"1 minuta\" \/>\n<script type=\"application\/ld+json\" class=\"yoast-schema-graph\">{\"@context\":\"https:\/\/schema.org\",\"@graph\":[{\"@type\":\"WebPage\",\"@id\":\"https:\/\/absynth.eu\/kolekcje\/kolekcja-wing\/szafka-rtv\/\",\"url\":\"https:\/\/absynth.eu\/kolekcje\/kolekcja-wing\/szafka-rtv\/\",\"name\":\"Szafka RTV - Absynth\",\"isPartOf\":{\"@id\":\"https:\/\/absynth.eu\/pl\/#website\"},\"primaryImageOfPage\":{\"@id\":\"https:\/\/absynth.eu\/kolekcje\/kolekcja-wing\/szafka-rtv\/#primaryimage\"},\"image\":{\"@id\":\"https:\/\/absynth.eu\/kolekcje\/kolekcja-wing\/szafka-rtv\/#primaryimage\"},\"thumbnailUrl\":\"https:\/\/absynth.eu\/wp-content\/uploads\/2022\/06\/A23-09-BLA-2.jpg\",\"datePublished\":\"2022-06-23T22:40:56+00:00\",\"dateModified\":\"2022-08-10T21:53:37+00:00\",\"description\":\"Absynth - producent nowoczesnych mebli. W ofercie: krzes\u0142a tapicerowane, meble skrzyniowe, stoly do jadalni, sto\u0142y d\u0119bowe,meble do salonu, jadalni. Absynth oryginalne meble - Zapraszamy\",\"breadcrumb\":{\"@id\":\"https:\/\/absynth.eu\/kolekcje\/kolekcja-wing\/szafka-rtv\/#breadcrumb\"},\"inLanguage\":\"pl-PL\",\"potentialAction\":[{\"@type\":\"ReadAction\",\"target\":[\"https:\/\/absynth.eu\/kolekcje\/kolekcja-wing\/szafka-rtv\/\"]}]},{\"@type\":\"ImageObject\",\"inLanguage\":\"pl-PL\",\"@id\":\"https:\/\/absynth.eu\/kolekcje\/kolekcja-wing\/szafka-rtv\/#primaryimage\",\"url\":\"https:\/\/absynth.eu\/wp-content\/uploads\/2022\/06\/A23-09-BLA-2.jpg\",\"contentUrl\":\"https:\/\/absynth.eu\/wp-content\/uploads\/2022\/06\/A23-09-BLA-2.jpg\",\"width\":768,\"height\":768},{\"@type\":\"BreadcrumbList\",\"@id\":\"https:\/\/absynth.eu\/kolekcje\/kolekcja-wing\/szafka-rtv\/#breadcrumb\",\"itemListElement\":[{\"@type\":\"ListItem\",\"position\":1,\"name\":\"Strona g\u0142\u00f3wna\",\"item\":\"https:\/\/absynth.eu\/\"},{\"@type\":\"ListItem\",\"position\":2,\"name\":\"Kolekcje\",\"item\":\"https:\/\/absynth.eu\/kolekcje\/\"},{\"@type\":\"ListItem\",\"position\":3,\"name\":\"Kolekcja WING\",\"item\":\"https:\/\/absynth.eu\/kolekcje\/kolekcja-wing\/\"},{\"@type\":\"ListItem\",\"position\":4,\"name\":\"Szafka RTV\"}]},{\"@type\":\"WebSite\",\"@id\":\"https:\/\/absynth.eu\/pl\/#website\",\"url\":\"https:\/\/absynth.eu\/pl\/\",\"name\":\"Absynth\",\"description\":\"Meble tworz\u0105 wn\u0119trze\",\"potentialAction\":[{\"@type\":\"SearchAction\",\"target\":{\"@type\":\"EntryPoint\",\"urlTemplate\":\"https:\/\/absynth.eu\/pl\/?s={search_term_string}\"},\"query-input\":\"required name=search_term_string\"}],\"inLanguage\":\"pl-PL\"}]}<\/script>\n<!-- \/ Yoast SEO plugin. -->","yoast_head_json":{"title":"Szafka RTV - Absynth","description":"Absynth - producent nowoczesnych mebli. W ofercie: krzes\u0142a tapicerowane, meble skrzyniowe, stoly do jadalni, sto\u0142y d\u0119bowe,meble do salonu, jadalni. Absynth oryginalne meble - Zapraszamy","robots":{"index":"index","follow":"follow","max-snippet":"max-snippet:-1","max-image-preview":"max-image-preview:large","max-video-preview":"max-video-preview:-1"},"canonical":"https:\/\/absynth.eu\/pl\/kolekcje\/kolekcja-wing\/szafka-rtv\/","og_locale":"pl_PL","og_type":"article","og_title":"Szafka RTV - Absynth","og_description":"Absynth - producent nowoczesnych mebli. W ofercie: krzes\u0142a tapicerowane, meble skrzyniowe, stoly do jadalni, sto\u0142y d\u0119bowe,meble do salonu, jadalni. Absynth oryginalne meble - Zapraszamy","og_url":"https:\/\/absynth.eu\/pl\/kolekcje\/kolekcja-wing\/szafka-rtv\/","og_site_name":"Absynth","article_publisher":"https:\/\/www.facebook.com\/MebleABSYNTH","article_modified_time":"2022-08-10T21:53:37+00:00","og_image":[{"width":768,"height":768,"url":"https:\/\/absynth.eu\/wp-content\/uploads\/2022\/06\/A23-09-BLA-2.jpg","type":"image\/jpeg"}],"twitter_card":"summary_large_image","twitter_misc":{"Szacowany czas czytania":"1 minuta"},"schema":{"@context":"https:\/\/schema.org","@graph":[{"@type":"WebPage","@id":"https:\/\/absynth.eu\/kolekcje\/kolekcja-wing\/szafka-rtv\/","url":"https:\/\/absynth.eu\/kolekcje\/kolekcja-wing\/szafka-rtv\/","name":"Szafka RTV - Absynth","isPartOf":{"@id":"https:\/\/absynth.eu\/pl\/#website"},"primaryImageOfPage":{"@id":"https:\/\/absynth.eu\/kolekcje\/kolekcja-wing\/szafka-rtv\/#primaryimage"},"image":{"@id":"https:\/\/absynth.eu\/kolekcje\/kolekcja-wing\/szafka-rtv\/#primaryimage"},"thumbnailUrl":"https:\/\/absynth.eu\/wp-content\/uploads\/2022\/06\/A23-09-BLA-2.jpg","datePublished":"2022-06-23T22:40:56+00:00","dateModified":"2022-08-10T21:53:37+00:00","description":"Absynth - producent nowoczesnych mebli. W ofercie: krzes\u0142a tapicerowane, meble skrzyniowe, stoly do jadalni, sto\u0142y d\u0119bowe,meble do salonu, jadalni. Absynth oryginalne meble - Zapraszamy","breadcrumb":{"@id":"https:\/\/absynth.eu\/kolekcje\/kolekcja-wing\/szafka-rtv\/#breadcrumb"},"inLanguage":"pl-PL","potentialAction":[{"@type":"ReadAction","target":["https:\/\/absynth.eu\/kolekcje\/kolekcja-wing\/szafka-rtv\/"]}]},{"@type":"ImageObject","inLanguage":"pl-PL","@id":"https:\/\/absynth.eu\/kolekcje\/kolekcja-wing\/szafka-rtv\/#primaryimage","url":"https:\/\/absynth.eu\/wp-content\/uploads\/2022\/06\/A23-09-BLA-2.jpg","contentUrl":"https:\/\/absynth.eu\/wp-content\/uploads\/2022\/06\/A23-09-BLA-2.jpg","width":768,"height":768},{"@type":"BreadcrumbList","@id":"https:\/\/absynth.eu\/kolekcje\/kolekcja-wing\/szafka-rtv\/#breadcrumb","itemListElement":[{"@type":"ListItem","position":1,"name":"Strona g\u0142\u00f3wna","item":"https:\/\/absynth.eu\/"},{"@type":"ListItem","position":2,"name":"Kolekcje","item":"https:\/\/absynth.eu\/kolekcje\/"},{"@type":"ListItem","position":3,"name":"Kolekcja WING","item":"https:\/\/absynth.eu\/kolekcje\/kolekcja-wing\/"},{"@type":"ListItem","position":4,"name":"Szafka RTV"}]},{"@type":"WebSite","@id":"https:\/\/absynth.eu\/pl\/#website","url":"https:\/\/absynth.eu\/pl\/","name":"Absynth","description":"Meble tworz\u0105 wn\u0119trze","potentialAction":[{"@type":"SearchAction","target":{"@type":"EntryPoint","urlTemplate":"https:\/\/absynth.eu\/pl\/?s={search_term_string}"},"query-input":"required name=search_term_string"}],"inLanguage":"pl-PL"}]}},"_links":{"self":[{"href":"https:\/\/absynth.eu\/pl\/wp-json\/wp\/v2\/pages\/8996"}],"collection":[{"href":"https:\/\/absynth.eu\/pl\/wp-json\/wp\/v2\/pages"}],"about":[{"href":"https:\/\/absynth.eu\/pl\/wp-json\/wp\/v2\/types\/page"}],"author":[{"embeddable":true,"href":"https:\/\/absynth.eu\/pl\/wp-json\/wp\/v2\/users\/2"}],"replies":[{"embeddable":true,"href":"https:\/\/absynth.eu\/pl\/wp-json\/wp\/v2\/comments?post=8996"}],"version-history":[{"count":3,"href":"https:\/\/absynth.eu\/pl\/wp-json\/wp\/v2\/pages\/8996\/revisions"}],"predecessor-version":[{"id":9031,"href":"https:\/\/absynth.eu\/pl\/wp-json\/wp\/v2\/pages\/8996\/revisions\/9031"}],"up":[{"embeddable":true,"href":"https:\/\/absynth.eu\/pl\/wp-json\/wp\/v2\/pages\/8966"}],"wp:featuredmedia":[{"embeddable":true,"href":"https:\/\/absynth.eu\/pl\/wp-json\/wp\/v2\/media\/8997"}],"wp:attachment":[{"href":"https:\/\/absynth.eu\/pl\/wp-json\/wp\/v2\/media?parent=8996"}],"curies":[{"name":"wp","href":"https:\/\/api.w.org\/{rel}","templated":true}]}}