{"id":9349,"date":"2024-04-07T23:26:35","date_gmt":"2024-04-07T21:26:35","guid":{"rendered":"https:\/\/absynth.eu\/?page_id=9349"},"modified":"2024-09-13T11:52:40","modified_gmt":"2024-09-13T09:52:40","slug":"lozko-oro-soft","status":"publish","type":"page","link":"https:\/\/absynth.eu\/pl\/kolekcje\/kolekcja-oro-lozko-sypialniane\/lozko-oro-soft\/","title":{"rendered":"\u0141\u00f3\u017cko ORO Soft"},"content":{"rendered":"<div class=\"qodef-row-grid-section-wrapper \"  ><div class=\"qodef-row-grid-section\"><div class=\"vc_row wpb_row vc_row-fluid\" ><div class=\"wpb_column vc_column_container vc_col-sm-12\"><div class=\"vc_column-inner\"><div class=\"wpb_wrapper\"><h2 style=\"text-align: left\" class=\"vc_custom_heading\" >ORO collection<\/h2>\n\t<div class=\"wpb_text_column wpb_content_element \" >\n\t\t<div class=\"wpb_wrapper\">\n\t\t\t<p>kod produktu:<br \/>\n<strong>A22-07-T01<\/strong><br \/>\n<strong>A22-09-T04<\/strong><\/p>\n\n\t\t<\/div>\n\t<\/div>\n\n\t<div class=\"wpb_text_column wpb_content_element \" >\n\t\t<div class=\"wpb_wrapper\">\n\t\t\t<h5><strong>PROJEKT<\/strong> DEFFINE FURNITURE LTD<\/h5>\n\n\t\t<\/div>\n\t<\/div>\n<div class=\"vc_empty_space\"   style=\"height: 32px\" ><span class=\"vc_empty_space_inner\"><\/span><\/div>\n<\/div><\/div><\/div><\/div><\/div><\/div><div class=\"vc_row wpb_row vc_row-fluid\" ><div class=\"wpb_column vc_column_container vc_col-sm-12\"><div class=\"vc_column-inner\"><div class=\"wpb_wrapper\"><div  class=\"wpb_images_carousel wpb_content_element vc_clearfix\">\n\t<div class=\"wpb_wrapper\">\n\t\t\t\t<div id=\"vc_images-carousel-1-1777393172\" data-ride=\"vc_carousel\" data-wrap=\"true\" style=\"width: 1024px;\" data-interval=\"0\" data-auto-height=\"yes\" data-mode=\"horizontal\" data-partial=\"false\" data-per-view=\"3\" data-hide-on-end=\"true\" class=\"vc_slide vc_images_carousel\">\n\t\t\t\t\t\t<!-- Wrapper for slides -->\n\t\t\t<div class=\"vc_carousel-inner\">\n\t\t\t\t<div class=\"vc_carousel-slideline\">\n\t\t\t\t\t<div class=\"vc_carousel-slideline-inner\">\n\t\t\t\t\t\t\t\t\t\t\t\t\t\t\t\t\t\t\t\t<div class=\"vc_item\">\n\t\t\t\t\t\t\t\t<div class=\"vc_inner\">\n\t\t\t\t\t\t\t\t\t\t\t\t\t\t\t\t\t\t\t\t\t\t\t\t\t\t\t\t\t<a class=\"prettyphoto\" href=\"https:\/\/absynth.eu\/wp-content\/uploads\/2024\/09\/ORO-SOFT-LOZKO-POD-MATERAC-160X200-1024x683.jpg\"  data-rel=\"prettyPhoto[rel-9349-2007116040]\">\n\t\t\t\t\t\t\t\t\t\t\t<img loading=\"lazy\" decoding=\"async\" width=\"1024\" height=\"683\" src=\"https:\/\/absynth.eu\/wp-content\/uploads\/2024\/09\/ORO-SOFT-LOZKO-POD-MATERAC-160X200-1024x683.jpg\" class=\"attachment-large\" alt=\"\" srcset=\"https:\/\/absynth.eu\/wp-content\/uploads\/2024\/09\/ORO-SOFT-LOZKO-POD-MATERAC-160X200-1024x683.jpg 1024w, https:\/\/absynth.eu\/wp-content\/uploads\/2024\/09\/ORO-SOFT-LOZKO-POD-MATERAC-160X200-300x200.jpg 300w, https:\/\/absynth.eu\/wp-content\/uploads\/2024\/09\/ORO-SOFT-LOZKO-POD-MATERAC-160X200-768x512.jpg 768w, https:\/\/absynth.eu\/wp-content\/uploads\/2024\/09\/ORO-SOFT-LOZKO-POD-MATERAC-160X200-1536x1024.jpg 1536w, https:\/\/absynth.eu\/wp-content\/uploads\/2024\/09\/ORO-SOFT-LOZKO-POD-MATERAC-160X200-18x12.jpg 18w, https:\/\/absynth.eu\/wp-content\/uploads\/2024\/09\/ORO-SOFT-LOZKO-POD-MATERAC-160X200.jpg 1920w\" sizes=\"(max-width: 1024px) 100vw, 1024px\" \/>\t\t\t\t\t\t\t\t\t\t<\/a>\n\t\t\t\t\t\t\t\t\t\t\t\t\t\t\t\t\t<\/div>\n\t\t\t\t\t\t\t<\/div>\n\t\t\t\t\t\t\t\t\t\t\t\t\t\t\t\t\t\t\t\t<div class=\"vc_item\">\n\t\t\t\t\t\t\t\t<div class=\"vc_inner\">\n\t\t\t\t\t\t\t\t\t\t\t\t\t\t\t\t\t\t\t\t\t\t\t\t\t\t\t\t\t<a class=\"prettyphoto\" href=\"https:\/\/absynth.eu\/wp-content\/uploads\/2024\/09\/ORO-SOFT-LOZKO-1024x683.jpg\"  data-rel=\"prettyPhoto[rel-9349-2007116040]\">\n\t\t\t\t\t\t\t\t\t\t\t<img loading=\"lazy\" decoding=\"async\" width=\"1024\" height=\"683\" src=\"https:\/\/absynth.eu\/wp-content\/uploads\/2024\/09\/ORO-SOFT-LOZKO-1024x683.jpg\" class=\"attachment-large\" alt=\"\" srcset=\"https:\/\/absynth.eu\/wp-content\/uploads\/2024\/09\/ORO-SOFT-LOZKO-1024x683.jpg 1024w, https:\/\/absynth.eu\/wp-content\/uploads\/2024\/09\/ORO-SOFT-LOZKO-300x200.jpg 300w, https:\/\/absynth.eu\/wp-content\/uploads\/2024\/09\/ORO-SOFT-LOZKO-768x512.jpg 768w, https:\/\/absynth.eu\/wp-content\/uploads\/2024\/09\/ORO-SOFT-LOZKO-1536x1024.jpg 1536w, https:\/\/absynth.eu\/wp-content\/uploads\/2024\/09\/ORO-SOFT-LOZKO-18x12.jpg 18w, https:\/\/absynth.eu\/wp-content\/uploads\/2024\/09\/ORO-SOFT-LOZKO.jpg 1920w\" sizes=\"(max-width: 1024px) 100vw, 1024px\" \/>\t\t\t\t\t\t\t\t\t\t<\/a>\n\t\t\t\t\t\t\t\t\t\t\t\t\t\t\t\t\t<\/div>\n\t\t\t\t\t\t\t<\/div>\n\t\t\t\t\t\t\t\t\t\t\t\t\t\t\t\t\t\t\t\t<div class=\"vc_item\">\n\t\t\t\t\t\t\t\t<div class=\"vc_inner\">\n\t\t\t\t\t\t\t\t\t\t\t\t\t\t\t\t\t\t\t\t\t\t\t\t\t\t\t\t\t<a class=\"prettyphoto\" href=\"https:\/\/absynth.eu\/wp-content\/uploads\/2024\/04\/A22-09-T04-1024x576.jpg\"  data-rel=\"prettyPhoto[rel-9349-2007116040]\">\n\t\t\t\t\t\t\t\t\t\t\t<img loading=\"lazy\" decoding=\"async\" width=\"1024\" height=\"576\" src=\"https:\/\/absynth.eu\/wp-content\/uploads\/2024\/04\/A22-09-T04-1024x576.jpg\" class=\"attachment-large\" alt=\"\u0141\u00f3\u017cko ORO Soft\" srcset=\"https:\/\/absynth.eu\/wp-content\/uploads\/2024\/04\/A22-09-T04-1024x576.jpg 1024w, https:\/\/absynth.eu\/wp-content\/uploads\/2024\/04\/A22-09-T04-300x169.jpg 300w, https:\/\/absynth.eu\/wp-content\/uploads\/2024\/04\/A22-09-T04-768x432.jpg 768w, https:\/\/absynth.eu\/wp-content\/uploads\/2024\/04\/A22-09-T04-1536x864.jpg 1536w, https:\/\/absynth.eu\/wp-content\/uploads\/2024\/04\/A22-09-T04-18x10.jpg 18w, https:\/\/absynth.eu\/wp-content\/uploads\/2024\/04\/A22-09-T04.jpg 1600w\" sizes=\"(max-width: 1024px) 100vw, 1024px\" \/>\t\t\t\t\t\t\t\t\t\t<\/a>\n\t\t\t\t\t\t\t\t\t\t\t\t\t\t\t\t\t<\/div>\n\t\t\t\t\t\t\t<\/div>\n\t\t\t\t\t\t\t\t\t\t\t\t\t\t\t\t\t\t\t\t<div class=\"vc_item\">\n\t\t\t\t\t\t\t\t<div class=\"vc_inner\">\n\t\t\t\t\t\t\t\t\t\t\t\t\t\t\t\t\t\t\t\t\t\t\t\t\t\t\t\t\t<a class=\"prettyphoto\" href=\"https:\/\/absynth.eu\/wp-content\/uploads\/2024\/04\/A22-09-T04-2-1024x576.jpg\"  data-rel=\"prettyPhoto[rel-9349-2007116040]\">\n\t\t\t\t\t\t\t\t\t\t\t<img loading=\"lazy\" decoding=\"async\" width=\"1024\" height=\"576\" src=\"https:\/\/absynth.eu\/wp-content\/uploads\/2024\/04\/A22-09-T04-2-1024x576.jpg\" class=\"attachment-large\" alt=\"\u0141\u00f3\u017cko ORO Soft\" srcset=\"https:\/\/absynth.eu\/wp-content\/uploads\/2024\/04\/A22-09-T04-2-1024x576.jpg 1024w, https:\/\/absynth.eu\/wp-content\/uploads\/2024\/04\/A22-09-T04-2-300x169.jpg 300w, https:\/\/absynth.eu\/wp-content\/uploads\/2024\/04\/A22-09-T04-2-768x432.jpg 768w, https:\/\/absynth.eu\/wp-content\/uploads\/2024\/04\/A22-09-T04-2-1536x864.jpg 1536w, https:\/\/absynth.eu\/wp-content\/uploads\/2024\/04\/A22-09-T04-2-18x10.jpg 18w, https:\/\/absynth.eu\/wp-content\/uploads\/2024\/04\/A22-09-T04-2.jpg 1600w\" sizes=\"(max-width: 1024px) 100vw, 1024px\" \/>\t\t\t\t\t\t\t\t\t\t<\/a>\n\t\t\t\t\t\t\t\t\t\t\t\t\t\t\t\t\t<\/div>\n\t\t\t\t\t\t\t<\/div>\n\t\t\t\t\t\t\t\t\t\t\t\t\t\t\t\t\t\t\t\t<div class=\"vc_item\">\n\t\t\t\t\t\t\t\t<div class=\"vc_inner\">\n\t\t\t\t\t\t\t\t\t\t\t\t\t\t\t\t\t\t\t\t\t\t\t\t\t\t\t\t\t<a class=\"prettyphoto\" href=\"https:\/\/absynth.eu\/wp-content\/uploads\/2024\/04\/A22-07-T01-1024x576.jpg\"  data-rel=\"prettyPhoto[rel-9349-2007116040]\">\n\t\t\t\t\t\t\t\t\t\t\t<img loading=\"lazy\" decoding=\"async\" width=\"1024\" height=\"576\" src=\"https:\/\/absynth.eu\/wp-content\/uploads\/2024\/04\/A22-07-T01-1024x576.jpg\" class=\"attachment-large\" alt=\"\u0141\u00f3\u017cko ORO Soft\" srcset=\"https:\/\/absynth.eu\/wp-content\/uploads\/2024\/04\/A22-07-T01-1024x576.jpg 1024w, https:\/\/absynth.eu\/wp-content\/uploads\/2024\/04\/A22-07-T01-300x169.jpg 300w, https:\/\/absynth.eu\/wp-content\/uploads\/2024\/04\/A22-07-T01-768x432.jpg 768w, https:\/\/absynth.eu\/wp-content\/uploads\/2024\/04\/A22-07-T01-1536x864.jpg 1536w, https:\/\/absynth.eu\/wp-content\/uploads\/2024\/04\/A22-07-T01-18x10.jpg 18w, https:\/\/absynth.eu\/wp-content\/uploads\/2024\/04\/A22-07-T01.jpg 1600w\" sizes=\"(max-width: 1024px) 100vw, 1024px\" \/>\t\t\t\t\t\t\t\t\t\t<\/a>\n\t\t\t\t\t\t\t\t\t\t\t\t\t\t\t\t\t<\/div>\n\t\t\t\t\t\t\t<\/div>\n\t\t\t\t\t\t\t\t\t\t\t\t\t\t\t\t\t\t\t\t<div class=\"vc_item\">\n\t\t\t\t\t\t\t\t<div class=\"vc_inner\">\n\t\t\t\t\t\t\t\t\t\t\t\t\t\t\t\t\t\t\t\t\t\t\t\t\t\t\t\t\t<a class=\"prettyphoto\" href=\"https:\/\/absynth.eu\/wp-content\/uploads\/2024\/04\/A22-07-T01-2-1024x576.jpg\"  data-rel=\"prettyPhoto[rel-9349-2007116040]\">\n\t\t\t\t\t\t\t\t\t\t\t<img loading=\"lazy\" decoding=\"async\" width=\"1024\" height=\"576\" src=\"https:\/\/absynth.eu\/wp-content\/uploads\/2024\/04\/A22-07-T01-2-1024x576.jpg\" class=\"attachment-large\" alt=\"\u0141\u00f3\u017cko ORO Soft\" srcset=\"https:\/\/absynth.eu\/wp-content\/uploads\/2024\/04\/A22-07-T01-2-1024x576.jpg 1024w, https:\/\/absynth.eu\/wp-content\/uploads\/2024\/04\/A22-07-T01-2-300x169.jpg 300w, https:\/\/absynth.eu\/wp-content\/uploads\/2024\/04\/A22-07-T01-2-768x432.jpg 768w, https:\/\/absynth.eu\/wp-content\/uploads\/2024\/04\/A22-07-T01-2-1536x864.jpg 1536w, https:\/\/absynth.eu\/wp-content\/uploads\/2024\/04\/A22-07-T01-2-18x10.jpg 18w, https:\/\/absynth.eu\/wp-content\/uploads\/2024\/04\/A22-07-T01-2.jpg 1600w\" sizes=\"(max-width: 1024px) 100vw, 1024px\" \/>\t\t\t\t\t\t\t\t\t\t<\/a>\n\t\t\t\t\t\t\t\t\t\t\t\t\t\t\t\t\t<\/div>\n\t\t\t\t\t\t\t<\/div>\n\t\t\t\t\t\t\t\t\t\t\t<\/div>\n\t\t\t\t<\/div>\n\t\t\t<\/div>\n\t\t\t\t\t<\/div>\n\t<\/div>\n<\/div>\n<div class=\"vc_empty_space\"   style=\"height: 32px\" ><span class=\"vc_empty_space_inner\"><\/span><\/div>\n<\/div><\/div><\/div><\/div><div class=\"qodef-row-grid-section-wrapper \"  ><div class=\"qodef-row-grid-section\"><div class=\"vc_row wpb_row vc_row-fluid\" ><div class=\"wpb_column vc_column_container vc_col-sm-12\"><div class=\"vc_column-inner\"><div class=\"wpb_wrapper\"><div class=\"vc_message_box vc_message_box-standard vc_message_box-rounded vc_color-info\" >\n\t<div class=\"vc_message_box-icon\"><i class=\"fa fa-info-circle\"><\/i>\n\t<\/div><p>\u0141\u00f3\u017cka wyst\u0119puj\u0105 w rozmiarach pod materace:<\/p>\n<ul>\n<li>120&#215;200 cm<\/li>\n<li>140&#215;200 cm<\/li>\n<li>160&#215;200 cm<\/li>\n<li>180&#215;200 cm<\/li>\n<\/ul>\n<\/div>\n<div class=\"vc_empty_space\"   style=\"height: 32px\" ><span class=\"vc_empty_space_inner\"><\/span><\/div>\n\n\t<div class=\"wpb_text_column wpb_content_element \" >\n\t\t<div class=\"wpb_wrapper\">\n\t\t\t<p>Produkty dost\u0119pne w tkaninach: <a href=\"https:\/\/absynth.eu\/wp-content\/uploads\/2024\/09\/Gr_1.pdf\">Grupa 1<\/a>, <a href=\"https:\/\/absynth.eu\/wp-content\/uploads\/2024\/09\/Gr_2.pdf\">Grupa 2<\/a>, <a href=\"https:\/\/absynth.eu\/wp-content\/uploads\/2024\/09\/Gr_3.pdf\">Grupa 3<\/a>, <a href=\"https:\/\/absynth.eu\/wp-content\/uploads\/2024\/09\/Gr_4.pdf\">Grupa 4<\/a>, <a href=\"https:\/\/absynth.eu\/wp-content\/uploads\/2024\/09\/Gr_5.pdf\">Grupa 5<\/a><\/p>\n\n\t\t<\/div>\n\t<\/div>\n<\/div><\/div><\/div><\/div><\/div><\/div>\n","protected":false},"excerpt":{"rendered":"ORO collection kod produktu: A22-07-T01 A22-09-T04 PROJEKT DEFFINE FURNITURE LTD \u0141\u00f3\u017cka wyst\u0119puj\u0105 w rozmiarach pod materace: 120x200 cm 140x200 cm 160x200 cm 180x200 cm Produkty dost\u0119pne w tkaninach: Grupa 1, Grupa 2, Grupa 3, Grupa 4, Grupa 5","protected":false},"author":2,"featured_media":9350,"parent":8918,"menu_order":0,"comment_status":"closed","ping_status":"closed","template":"full-width.php","meta":{"_monsterinsights_skip_tracking":false,"_monsterinsights_sitenote_active":false,"_monsterinsights_sitenote_note":"","_monsterinsights_sitenote_category":0,"footnotes":""},"class_list":["post-9349","page","type-page","status-publish","has-post-thumbnail","hentry"],"yoast_head":"<!-- This site is optimized with the Yoast SEO plugin v23.1 - https:\/\/yoast.com\/wordpress\/plugins\/seo\/ -->\n<title>\u0141\u00f3\u017cko ORO Soft - Absynth<\/title>\n<meta name=\"description\" content=\"Absynth - producent nowoczesnych mebli. W ofercie: krzes\u0142a tapicerowane, meble skrzyniowe, stoly do jadalni, sto\u0142y d\u0119bowe,meble do salonu, jadalni. Absynth oryginalne meble - Zapraszamy\" \/>\n<meta name=\"robots\" content=\"index, follow, max-snippet:-1, max-image-preview:large, max-video-preview:-1\" \/>\n<link rel=\"canonical\" href=\"https:\/\/absynth.eu\/pl\/kolekcje\/kolekcja-oro-lozko-sypialniane\/lozko-oro-soft\/\" \/>\n<meta property=\"og:locale\" content=\"pl_PL\" \/>\n<meta property=\"og:type\" content=\"article\" \/>\n<meta property=\"og:title\" content=\"\u0141\u00f3\u017cko ORO Soft - Absynth\" \/>\n<meta property=\"og:description\" content=\"Absynth - producent nowoczesnych mebli. W ofercie: krzes\u0142a tapicerowane, meble skrzyniowe, stoly do jadalni, sto\u0142y d\u0119bowe,meble do salonu, jadalni. Absynth oryginalne meble - Zapraszamy\" \/>\n<meta property=\"og:url\" content=\"https:\/\/absynth.eu\/pl\/kolekcje\/kolekcja-oro-lozko-sypialniane\/lozko-oro-soft\/\" \/>\n<meta property=\"og:site_name\" content=\"Absynth\" \/>\n<meta property=\"article:publisher\" content=\"https:\/\/www.facebook.com\/MebleABSYNTH\" \/>\n<meta property=\"article:modified_time\" content=\"2024-09-13T09:52:40+00:00\" \/>\n<meta property=\"og:image\" content=\"https:\/\/absynth.eu\/wp-content\/uploads\/2024\/04\/A22-09-T04.jpg\" \/>\n\t<meta property=\"og:image:width\" content=\"1600\" \/>\n\t<meta property=\"og:image:height\" content=\"900\" \/>\n\t<meta property=\"og:image:type\" content=\"image\/jpeg\" \/>\n<meta name=\"twitter:card\" content=\"summary_large_image\" \/>\n<meta name=\"twitter:label1\" content=\"Szacowany czas czytania\" \/>\n\t<meta name=\"twitter:data1\" content=\"2 minuty\" \/>\n<script type=\"application\/ld+json\" class=\"yoast-schema-graph\">{\"@context\":\"https:\/\/schema.org\",\"@graph\":[{\"@type\":\"WebPage\",\"@id\":\"https:\/\/absynth.eu\/kolekcje\/kolekcja-oro-lozko-sypialniane\/lozko-oro-soft\/\",\"url\":\"https:\/\/absynth.eu\/kolekcje\/kolekcja-oro-lozko-sypialniane\/lozko-oro-soft\/\",\"name\":\"\u0141\u00f3\u017cko ORO Soft - Absynth\",\"isPartOf\":{\"@id\":\"https:\/\/absynth.eu\/pl\/#website\"},\"primaryImageOfPage\":{\"@id\":\"https:\/\/absynth.eu\/kolekcje\/kolekcja-oro-lozko-sypialniane\/lozko-oro-soft\/#primaryimage\"},\"image\":{\"@id\":\"https:\/\/absynth.eu\/kolekcje\/kolekcja-oro-lozko-sypialniane\/lozko-oro-soft\/#primaryimage\"},\"thumbnailUrl\":\"https:\/\/absynth.eu\/wp-content\/uploads\/2024\/04\/A22-09-T04.jpg\",\"datePublished\":\"2024-04-07T21:26:35+00:00\",\"dateModified\":\"2024-09-13T09:52:40+00:00\",\"description\":\"Absynth - producent nowoczesnych mebli. W ofercie: krzes\u0142a tapicerowane, meble skrzyniowe, stoly do jadalni, sto\u0142y d\u0119bowe,meble do salonu, jadalni. Absynth oryginalne meble - Zapraszamy\",\"breadcrumb\":{\"@id\":\"https:\/\/absynth.eu\/kolekcje\/kolekcja-oro-lozko-sypialniane\/lozko-oro-soft\/#breadcrumb\"},\"inLanguage\":\"pl-PL\",\"potentialAction\":[{\"@type\":\"ReadAction\",\"target\":[\"https:\/\/absynth.eu\/kolekcje\/kolekcja-oro-lozko-sypialniane\/lozko-oro-soft\/\"]}]},{\"@type\":\"ImageObject\",\"inLanguage\":\"pl-PL\",\"@id\":\"https:\/\/absynth.eu\/kolekcje\/kolekcja-oro-lozko-sypialniane\/lozko-oro-soft\/#primaryimage\",\"url\":\"https:\/\/absynth.eu\/wp-content\/uploads\/2024\/04\/A22-09-T04.jpg\",\"contentUrl\":\"https:\/\/absynth.eu\/wp-content\/uploads\/2024\/04\/A22-09-T04.jpg\",\"width\":1600,\"height\":900,\"caption\":\"\u0141\u00f3\u017cko ORO Soft\"},{\"@type\":\"BreadcrumbList\",\"@id\":\"https:\/\/absynth.eu\/kolekcje\/kolekcja-oro-lozko-sypialniane\/lozko-oro-soft\/#breadcrumb\",\"itemListElement\":[{\"@type\":\"ListItem\",\"position\":1,\"name\":\"Strona g\u0142\u00f3wna\",\"item\":\"https:\/\/absynth.eu\/\"},{\"@type\":\"ListItem\",\"position\":2,\"name\":\"Kolekcje\",\"item\":\"https:\/\/absynth.eu\/kolekcje\/\"},{\"@type\":\"ListItem\",\"position\":3,\"name\":\"Kolekcja ORO \u0141\u00f3\u017cko Sypialniane\",\"item\":\"https:\/\/absynth.eu\/kolekcje\/kolekcja-oro-lozko-sypialniane\/\"},{\"@type\":\"ListItem\",\"position\":4,\"name\":\"\u0141\u00f3\u017cko ORO Soft\"}]},{\"@type\":\"WebSite\",\"@id\":\"https:\/\/absynth.eu\/pl\/#website\",\"url\":\"https:\/\/absynth.eu\/pl\/\",\"name\":\"Absynth\",\"description\":\"Meble tworz\u0105 wn\u0119trze\",\"potentialAction\":[{\"@type\":\"SearchAction\",\"target\":{\"@type\":\"EntryPoint\",\"urlTemplate\":\"https:\/\/absynth.eu\/pl\/?s={search_term_string}\"},\"query-input\":\"required name=search_term_string\"}],\"inLanguage\":\"pl-PL\"}]}<\/script>\n<!-- \/ Yoast SEO plugin. -->","yoast_head_json":{"title":"\u0141\u00f3\u017cko ORO Soft - Absynth","description":"Absynth - producent nowoczesnych mebli. W ofercie: krzes\u0142a tapicerowane, meble skrzyniowe, stoly do jadalni, sto\u0142y d\u0119bowe,meble do salonu, jadalni. Absynth oryginalne meble - Zapraszamy","robots":{"index":"index","follow":"follow","max-snippet":"max-snippet:-1","max-image-preview":"max-image-preview:large","max-video-preview":"max-video-preview:-1"},"canonical":"https:\/\/absynth.eu\/pl\/kolekcje\/kolekcja-oro-lozko-sypialniane\/lozko-oro-soft\/","og_locale":"pl_PL","og_type":"article","og_title":"\u0141\u00f3\u017cko ORO Soft - Absynth","og_description":"Absynth - producent nowoczesnych mebli. W ofercie: krzes\u0142a tapicerowane, meble skrzyniowe, stoly do jadalni, sto\u0142y d\u0119bowe,meble do salonu, jadalni. Absynth oryginalne meble - Zapraszamy","og_url":"https:\/\/absynth.eu\/pl\/kolekcje\/kolekcja-oro-lozko-sypialniane\/lozko-oro-soft\/","og_site_name":"Absynth","article_publisher":"https:\/\/www.facebook.com\/MebleABSYNTH","article_modified_time":"2024-09-13T09:52:40+00:00","og_image":[{"width":1600,"height":900,"url":"https:\/\/absynth.eu\/wp-content\/uploads\/2024\/04\/A22-09-T04.jpg","type":"image\/jpeg"}],"twitter_card":"summary_large_image","twitter_misc":{"Szacowany czas czytania":"2 minuty"},"schema":{"@context":"https:\/\/schema.org","@graph":[{"@type":"WebPage","@id":"https:\/\/absynth.eu\/kolekcje\/kolekcja-oro-lozko-sypialniane\/lozko-oro-soft\/","url":"https:\/\/absynth.eu\/kolekcje\/kolekcja-oro-lozko-sypialniane\/lozko-oro-soft\/","name":"\u0141\u00f3\u017cko ORO Soft - Absynth","isPartOf":{"@id":"https:\/\/absynth.eu\/pl\/#website"},"primaryImageOfPage":{"@id":"https:\/\/absynth.eu\/kolekcje\/kolekcja-oro-lozko-sypialniane\/lozko-oro-soft\/#primaryimage"},"image":{"@id":"https:\/\/absynth.eu\/kolekcje\/kolekcja-oro-lozko-sypialniane\/lozko-oro-soft\/#primaryimage"},"thumbnailUrl":"https:\/\/absynth.eu\/wp-content\/uploads\/2024\/04\/A22-09-T04.jpg","datePublished":"2024-04-07T21:26:35+00:00","dateModified":"2024-09-13T09:52:40+00:00","description":"Absynth - producent nowoczesnych mebli. W ofercie: krzes\u0142a tapicerowane, meble skrzyniowe, stoly do jadalni, sto\u0142y d\u0119bowe,meble do salonu, jadalni. Absynth oryginalne meble - Zapraszamy","breadcrumb":{"@id":"https:\/\/absynth.eu\/kolekcje\/kolekcja-oro-lozko-sypialniane\/lozko-oro-soft\/#breadcrumb"},"inLanguage":"pl-PL","potentialAction":[{"@type":"ReadAction","target":["https:\/\/absynth.eu\/kolekcje\/kolekcja-oro-lozko-sypialniane\/lozko-oro-soft\/"]}]},{"@type":"ImageObject","inLanguage":"pl-PL","@id":"https:\/\/absynth.eu\/kolekcje\/kolekcja-oro-lozko-sypialniane\/lozko-oro-soft\/#primaryimage","url":"https:\/\/absynth.eu\/wp-content\/uploads\/2024\/04\/A22-09-T04.jpg","contentUrl":"https:\/\/absynth.eu\/wp-content\/uploads\/2024\/04\/A22-09-T04.jpg","width":1600,"height":900,"caption":"\u0141\u00f3\u017cko ORO Soft"},{"@type":"BreadcrumbList","@id":"https:\/\/absynth.eu\/kolekcje\/kolekcja-oro-lozko-sypialniane\/lozko-oro-soft\/#breadcrumb","itemListElement":[{"@type":"ListItem","position":1,"name":"Strona g\u0142\u00f3wna","item":"https:\/\/absynth.eu\/"},{"@type":"ListItem","position":2,"name":"Kolekcje","item":"https:\/\/absynth.eu\/kolekcje\/"},{"@type":"ListItem","position":3,"name":"Kolekcja ORO \u0141\u00f3\u017cko Sypialniane","item":"https:\/\/absynth.eu\/kolekcje\/kolekcja-oro-lozko-sypialniane\/"},{"@type":"ListItem","position":4,"name":"\u0141\u00f3\u017cko ORO Soft"}]},{"@type":"WebSite","@id":"https:\/\/absynth.eu\/pl\/#website","url":"https:\/\/absynth.eu\/pl\/","name":"Absynth","description":"Meble tworz\u0105 wn\u0119trze","potentialAction":[{"@type":"SearchAction","target":{"@type":"EntryPoint","urlTemplate":"https:\/\/absynth.eu\/pl\/?s={search_term_string}"},"query-input":"required name=search_term_string"}],"inLanguage":"pl-PL"}]}},"_links":{"self":[{"href":"https:\/\/absynth.eu\/pl\/wp-json\/wp\/v2\/pages\/9349"}],"collection":[{"href":"https:\/\/absynth.eu\/pl\/wp-json\/wp\/v2\/pages"}],"about":[{"href":"https:\/\/absynth.eu\/pl\/wp-json\/wp\/v2\/types\/page"}],"author":[{"embeddable":true,"href":"https:\/\/absynth.eu\/pl\/wp-json\/wp\/v2\/users\/2"}],"replies":[{"embeddable":true,"href":"https:\/\/absynth.eu\/pl\/wp-json\/wp\/v2\/comments?post=9349"}],"version-history":[{"count":6,"href":"https:\/\/absynth.eu\/pl\/wp-json\/wp\/v2\/pages\/9349\/revisions"}],"predecessor-version":[{"id":9758,"href":"https:\/\/absynth.eu\/pl\/wp-json\/wp\/v2\/pages\/9349\/revisions\/9758"}],"up":[{"embeddable":true,"href":"https:\/\/absynth.eu\/pl\/wp-json\/wp\/v2\/pages\/8918"}],"wp:featuredmedia":[{"embeddable":true,"href":"https:\/\/absynth.eu\/pl\/wp-json\/wp\/v2\/media\/9350"}],"wp:attachment":[{"href":"https:\/\/absynth.eu\/pl\/wp-json\/wp\/v2\/media?parent=9349"}],"curies":[{"name":"wp","href":"https:\/\/api.w.org\/{rel}","templated":true}]}}