{"id":9362,"date":"2024-04-07T23:58:16","date_gmt":"2024-04-07T21:58:16","guid":{"rendered":"https:\/\/absynth.eu\/?page_id=9362"},"modified":"2024-04-07T23:58:16","modified_gmt":"2024-04-07T21:58:16","slug":"sesja-pracownia-pokojowo","status":"publish","type":"page","link":"https:\/\/absynth.eu\/pl\/realizacje\/sesja-pracownia-pokojowo\/","title":{"rendered":"Sesja &#8211; Pracownia Pokojowo"},"content":{"rendered":"<div class=\"qodef-row-grid-section-wrapper \"  ><div class=\"qodef-row-grid-section\"><div class=\"vc_row wpb_row vc_row-fluid\" ><div class=\"wpb_column vc_column_container vc_col-sm-12\"><div class=\"vc_column-inner\"><div class=\"wpb_wrapper\">\n\t<div class=\"wpb_text_column wpb_content_element \" >\n\t\t<div class=\"wpb_wrapper\">\n\t\t\t<h3>Sesja pracowni <a href=\"https:\/\/www.pokojowo.com.pl\/\" target=\"_blank\" rel=\"noopener\">Pokojowo<\/a><\/h3>\n\n\t\t<\/div>\n\t<\/div>\n<\/div><\/div><\/div><div class=\"wpb_column vc_column_container vc_col-sm-12\"><div class=\"vc_column-inner\"><div class=\"wpb_wrapper\"><div class=\"vc_empty_space\"   style=\"height: 32px\" ><span class=\"vc_empty_space_inner\"><\/span><\/div>\n<\/div><\/div><\/div><\/div><\/div><\/div><div class=\"vc_row wpb_row vc_row-fluid\" ><div class=\"wpb_column vc_column_container vc_col-sm-4\"><div class=\"vc_column-inner\"><div class=\"wpb_wrapper\">\n\t<div  class=\"wpb_single_image wpb_content_element vc_align_center  wpb_animate_when_almost_visible wpb_fadeInLeft fadeInLeft\">\n\t\t\n\t\t<figure class=\"wpb_wrapper vc_figure\">\n\t\t\t<a data-rel=\"prettyPhoto[rel-9362-1628248106]\" href=\"https:\/\/absynth.eu\/wp-content\/uploads\/2024\/04\/1-1024x682.jpg\" target=\"_self\" class=\"vc_single_image-wrapper   vc_box_border_grey prettyphoto\"><img loading=\"lazy\" decoding=\"async\" class=\"vc_single_image-img \" src=\"https:\/\/absynth.eu\/wp-content\/uploads\/2024\/04\/1-500x300.jpg\" width=\"500\" height=\"300\" alt=\"1\" title=\"1\" \/><\/a>\n\t\t<\/figure>\n\t<\/div>\n<div class=\"vc_empty_space\"   style=\"height: 32px\" ><span class=\"vc_empty_space_inner\"><\/span><\/div>\n<\/div><\/div><\/div><div class=\"wpb_column vc_column_container vc_col-sm-4\"><div class=\"vc_column-inner\"><div class=\"wpb_wrapper\">\n\t<div  class=\"wpb_single_image wpb_content_element vc_align_center  wpb_animate_when_almost_visible wpb_fadeInUp fadeInUp\">\n\t\t\n\t\t<figure class=\"wpb_wrapper vc_figure\">\n\t\t\t<a data-rel=\"prettyPhoto[rel-9362-448844835]\" href=\"https:\/\/absynth.eu\/wp-content\/uploads\/2024\/04\/GIRO-SET-1024x683.jpg\" target=\"_self\" class=\"vc_single_image-wrapper   vc_box_border_grey prettyphoto\"><img loading=\"lazy\" decoding=\"async\" class=\"vc_single_image-img \" src=\"https:\/\/absynth.eu\/wp-content\/uploads\/2024\/04\/GIRO-SET-500x300.jpg\" width=\"500\" height=\"300\" alt=\"GIRO SET\" title=\"GIRO SET\" \/><\/a>\n\t\t<\/figure>\n\t<\/div>\n<div class=\"vc_empty_space\"   style=\"height: 32px\" ><span class=\"vc_empty_space_inner\"><\/span><\/div>\n<\/div><\/div><\/div><div class=\"wpb_column vc_column_container vc_col-sm-4\"><div class=\"vc_column-inner\"><div class=\"wpb_wrapper\">\n\t<div  class=\"wpb_single_image wpb_content_element vc_align_center  wpb_animate_when_almost_visible wpb_fadeInRight fadeInRight\">\n\t\t\n\t\t<figure class=\"wpb_wrapper vc_figure\">\n\t\t\t<a data-rel=\"prettyPhoto[rel-9362-1779376227]\" href=\"https:\/\/absynth.eu\/wp-content\/uploads\/2024\/04\/laroc-66-1024x683.jpg\" target=\"_self\" class=\"vc_single_image-wrapper   vc_box_border_grey prettyphoto\"><img loading=\"lazy\" decoding=\"async\" class=\"vc_single_image-img \" src=\"https:\/\/absynth.eu\/wp-content\/uploads\/2024\/04\/laroc-66-500x300.jpg\" width=\"500\" height=\"300\" alt=\"laroc 66\" title=\"laroc 66\" \/><\/a>\n\t\t<\/figure>\n\t<\/div>\n<div class=\"vc_empty_space\"   style=\"height: 32px\" ><span class=\"vc_empty_space_inner\"><\/span><\/div>\n<\/div><\/div><\/div><\/div><div class=\"vc_row wpb_row vc_row-fluid\" ><div class=\"wpb_column vc_column_container vc_col-sm-4\"><div class=\"vc_column-inner\"><div class=\"wpb_wrapper\">\n\t<div  class=\"wpb_single_image wpb_content_element vc_align_center  wpb_animate_when_almost_visible wpb_fadeInLeft fadeInLeft\">\n\t\t\n\t\t<figure class=\"wpb_wrapper vc_figure\">\n\t\t\t<a data-rel=\"prettyPhoto[rel-9362-1437191818]\" href=\"https:\/\/absynth.eu\/wp-content\/uploads\/2024\/04\/LAROC-HOKER-KRZESLA-66-1024x683.jpg\" target=\"_self\" class=\"vc_single_image-wrapper   vc_box_border_grey prettyphoto\"><img loading=\"lazy\" decoding=\"async\" class=\"vc_single_image-img \" src=\"https:\/\/absynth.eu\/wp-content\/uploads\/2024\/04\/LAROC-HOKER-KRZESLA-66-500x300.jpg\" width=\"500\" height=\"300\" alt=\"LAROC HOKER KRZES\u0141A 66\" title=\"LAROC HOKER KRZES\u0141A 66\" \/><\/a>\n\t\t<\/figure>\n\t<\/div>\n<div class=\"vc_empty_space\"   style=\"height: 32px\" ><span class=\"vc_empty_space_inner\"><\/span><\/div>\n<\/div><\/div><\/div><div class=\"wpb_column vc_column_container vc_col-sm-4\"><div class=\"vc_column-inner\"><div class=\"wpb_wrapper\">\n\t<div  class=\"wpb_single_image wpb_content_element vc_align_center  wpb_animate_when_almost_visible wpb_fadeInUp fadeInUp\">\n\t\t\n\t\t<figure class=\"wpb_wrapper vc_figure\">\n\t\t\t<a data-rel=\"prettyPhoto[rel-9362-480672759]\" href=\"https:\/\/absynth.eu\/wp-content\/uploads\/2024\/04\/NOI-BASIC-SOFA-2-1024x732.jpg\" target=\"_self\" class=\"vc_single_image-wrapper   vc_box_border_grey prettyphoto\"><img loading=\"lazy\" decoding=\"async\" class=\"vc_single_image-img \" src=\"https:\/\/absynth.eu\/wp-content\/uploads\/2024\/04\/NOI-BASIC-SOFA-2-500x300.jpg\" width=\"500\" height=\"300\" alt=\"NOI BASIC SOFA 2\" title=\"NOI BASIC SOFA 2\" \/><\/a>\n\t\t<\/figure>\n\t<\/div>\n<div class=\"vc_empty_space\"   style=\"height: 32px\" ><span class=\"vc_empty_space_inner\"><\/span><\/div>\n<\/div><\/div><\/div><div class=\"wpb_column vc_column_container vc_col-sm-4\"><div class=\"vc_column-inner\"><div class=\"wpb_wrapper\">\n\t<div  class=\"wpb_single_image wpb_content_element vc_align_center  wpb_animate_when_almost_visible wpb_fadeInUp fadeInUp\">\n\t\t\n\t\t<figure class=\"wpb_wrapper vc_figure\">\n\t\t\t<a data-rel=\"prettyPhoto[rel-9362-128499954]\" href=\"https:\/\/absynth.eu\/wp-content\/uploads\/2024\/04\/NOI-BASIC-SOFA-1024x683.jpg\" target=\"_self\" class=\"vc_single_image-wrapper   vc_box_border_grey prettyphoto\"><img loading=\"lazy\" decoding=\"async\" class=\"vc_single_image-img \" src=\"https:\/\/absynth.eu\/wp-content\/uploads\/2024\/04\/NOI-BASIC-SOFA-500x300.jpg\" width=\"500\" height=\"300\" alt=\"NOI BASIC SOFA\" title=\"NOI BASIC SOFA\" \/><\/a>\n\t\t<\/figure>\n\t<\/div>\n<div class=\"vc_empty_space\"   style=\"height: 32px\" ><span class=\"vc_empty_space_inner\"><\/span><\/div>\n<\/div><\/div><\/div><\/div><div class=\"vc_row wpb_row vc_row-fluid\" ><div class=\"wpb_column vc_column_container vc_col-sm-12\"><div class=\"vc_column-inner\"><div class=\"wpb_wrapper\"><div class=\"wpb_gallery wpb_content_element vc_clearfix wpb_animate_when_almost_visible wpb_fadeInUp fadeInUp\" ><div class=\"wpb_wrapper\"><div class=\"wpb_gallery_slides wpb_slider_nivo theme-default\" data-interval=\"3\"><div class=\"nivoSlider\"><a class=\"prettyphoto\" href=\"https:\/\/absynth.eu\/wp-content\/uploads\/2024\/04\/1-1024x682.jpg\" data-rel=\"prettyPhoto[rel-9362-1012678631]\"><img loading=\"lazy\" decoding=\"async\" width=\"1600\" height=\"1066\" src=\"https:\/\/absynth.eu\/wp-content\/uploads\/2024\/04\/1.jpg\" class=\"attachment-full\" alt=\"\" srcset=\"https:\/\/absynth.eu\/wp-content\/uploads\/2024\/04\/1.jpg 1600w, https:\/\/absynth.eu\/wp-content\/uploads\/2024\/04\/1-300x200.jpg 300w, https:\/\/absynth.eu\/wp-content\/uploads\/2024\/04\/1-1024x682.jpg 1024w, https:\/\/absynth.eu\/wp-content\/uploads\/2024\/04\/1-768x512.jpg 768w, https:\/\/absynth.eu\/wp-content\/uploads\/2024\/04\/1-1536x1023.jpg 1536w, https:\/\/absynth.eu\/wp-content\/uploads\/2024\/04\/1-18x12.jpg 18w\" sizes=\"(max-width: 1600px) 100vw, 1600px\" \/><\/a><a class=\"prettyphoto\" href=\"https:\/\/absynth.eu\/wp-content\/uploads\/2024\/04\/GIRO-SET-1024x683.jpg\" data-rel=\"prettyPhoto[rel-9362-1012678631]\"><img loading=\"lazy\" decoding=\"async\" width=\"1600\" height=\"1067\" src=\"https:\/\/absynth.eu\/wp-content\/uploads\/2024\/04\/GIRO-SET.jpg\" class=\"attachment-full\" alt=\"\" srcset=\"https:\/\/absynth.eu\/wp-content\/uploads\/2024\/04\/GIRO-SET.jpg 1600w, https:\/\/absynth.eu\/wp-content\/uploads\/2024\/04\/GIRO-SET-300x200.jpg 300w, https:\/\/absynth.eu\/wp-content\/uploads\/2024\/04\/GIRO-SET-1024x683.jpg 1024w, https:\/\/absynth.eu\/wp-content\/uploads\/2024\/04\/GIRO-SET-768x512.jpg 768w, https:\/\/absynth.eu\/wp-content\/uploads\/2024\/04\/GIRO-SET-1536x1024.jpg 1536w, https:\/\/absynth.eu\/wp-content\/uploads\/2024\/04\/GIRO-SET-18x12.jpg 18w\" sizes=\"(max-width: 1600px) 100vw, 1600px\" \/><\/a><a class=\"prettyphoto\" href=\"https:\/\/absynth.eu\/wp-content\/uploads\/2024\/04\/laroc-66-1024x683.jpg\" data-rel=\"prettyPhoto[rel-9362-1012678631]\"><img loading=\"lazy\" decoding=\"async\" width=\"1600\" height=\"1067\" src=\"https:\/\/absynth.eu\/wp-content\/uploads\/2024\/04\/laroc-66.jpg\" class=\"attachment-full\" alt=\"\" srcset=\"https:\/\/absynth.eu\/wp-content\/uploads\/2024\/04\/laroc-66.jpg 1600w, https:\/\/absynth.eu\/wp-content\/uploads\/2024\/04\/laroc-66-300x200.jpg 300w, https:\/\/absynth.eu\/wp-content\/uploads\/2024\/04\/laroc-66-1024x683.jpg 1024w, https:\/\/absynth.eu\/wp-content\/uploads\/2024\/04\/laroc-66-768x512.jpg 768w, https:\/\/absynth.eu\/wp-content\/uploads\/2024\/04\/laroc-66-1536x1024.jpg 1536w, https:\/\/absynth.eu\/wp-content\/uploads\/2024\/04\/laroc-66-18x12.jpg 18w\" sizes=\"(max-width: 1600px) 100vw, 1600px\" \/><\/a><a class=\"prettyphoto\" href=\"https:\/\/absynth.eu\/wp-content\/uploads\/2024\/04\/LAROC-HOKER-KRZESLA-66-1024x683.jpg\" data-rel=\"prettyPhoto[rel-9362-1012678631]\"><img loading=\"lazy\" decoding=\"async\" width=\"1600\" height=\"1067\" src=\"https:\/\/absynth.eu\/wp-content\/uploads\/2024\/04\/LAROC-HOKER-KRZESLA-66.jpg\" class=\"attachment-full\" alt=\"\" srcset=\"https:\/\/absynth.eu\/wp-content\/uploads\/2024\/04\/LAROC-HOKER-KRZESLA-66.jpg 1600w, https:\/\/absynth.eu\/wp-content\/uploads\/2024\/04\/LAROC-HOKER-KRZESLA-66-300x200.jpg 300w, https:\/\/absynth.eu\/wp-content\/uploads\/2024\/04\/LAROC-HOKER-KRZESLA-66-1024x683.jpg 1024w, https:\/\/absynth.eu\/wp-content\/uploads\/2024\/04\/LAROC-HOKER-KRZESLA-66-768x512.jpg 768w, https:\/\/absynth.eu\/wp-content\/uploads\/2024\/04\/LAROC-HOKER-KRZESLA-66-1536x1024.jpg 1536w, https:\/\/absynth.eu\/wp-content\/uploads\/2024\/04\/LAROC-HOKER-KRZESLA-66-18x12.jpg 18w\" sizes=\"(max-width: 1600px) 100vw, 1600px\" \/><\/a><a class=\"prettyphoto\" href=\"https:\/\/absynth.eu\/wp-content\/uploads\/2024\/04\/NOI-BASIC-SOFA-2-1024x732.jpg\" data-rel=\"prettyPhoto[rel-9362-1012678631]\"><img loading=\"lazy\" decoding=\"async\" width=\"1600\" height=\"1144\" src=\"https:\/\/absynth.eu\/wp-content\/uploads\/2024\/04\/NOI-BASIC-SOFA-2.jpg\" class=\"attachment-full\" alt=\"\" srcset=\"https:\/\/absynth.eu\/wp-content\/uploads\/2024\/04\/NOI-BASIC-SOFA-2.jpg 1600w, https:\/\/absynth.eu\/wp-content\/uploads\/2024\/04\/NOI-BASIC-SOFA-2-300x215.jpg 300w, https:\/\/absynth.eu\/wp-content\/uploads\/2024\/04\/NOI-BASIC-SOFA-2-1024x732.jpg 1024w, https:\/\/absynth.eu\/wp-content\/uploads\/2024\/04\/NOI-BASIC-SOFA-2-768x549.jpg 768w, https:\/\/absynth.eu\/wp-content\/uploads\/2024\/04\/NOI-BASIC-SOFA-2-1536x1098.jpg 1536w, https:\/\/absynth.eu\/wp-content\/uploads\/2024\/04\/NOI-BASIC-SOFA-2-18x12.jpg 18w\" sizes=\"(max-width: 1600px) 100vw, 1600px\" \/><\/a><a class=\"prettyphoto\" href=\"https:\/\/absynth.eu\/wp-content\/uploads\/2024\/04\/NOI-BASIC-SOFA-1024x683.jpg\" data-rel=\"prettyPhoto[rel-9362-1012678631]\"><img loading=\"lazy\" decoding=\"async\" width=\"1600\" height=\"1067\" src=\"https:\/\/absynth.eu\/wp-content\/uploads\/2024\/04\/NOI-BASIC-SOFA.jpg\" class=\"attachment-full\" alt=\"\" srcset=\"https:\/\/absynth.eu\/wp-content\/uploads\/2024\/04\/NOI-BASIC-SOFA.jpg 1600w, https:\/\/absynth.eu\/wp-content\/uploads\/2024\/04\/NOI-BASIC-SOFA-300x200.jpg 300w, https:\/\/absynth.eu\/wp-content\/uploads\/2024\/04\/NOI-BASIC-SOFA-1024x683.jpg 1024w, https:\/\/absynth.eu\/wp-content\/uploads\/2024\/04\/NOI-BASIC-SOFA-768x512.jpg 768w, https:\/\/absynth.eu\/wp-content\/uploads\/2024\/04\/NOI-BASIC-SOFA-1536x1024.jpg 1536w, https:\/\/absynth.eu\/wp-content\/uploads\/2024\/04\/NOI-BASIC-SOFA-18x12.jpg 18w\" sizes=\"(max-width: 1600px) 100vw, 1600px\" \/><\/a><\/div><\/div><\/div><\/div><\/div><\/div><\/div><\/div>\n","protected":false},"excerpt":{"rendered":"Sesja pracowni Pokojowo","protected":false},"author":2,"featured_media":0,"parent":5638,"menu_order":0,"comment_status":"closed","ping_status":"closed","template":"full-width.php","meta":{"_monsterinsights_skip_tracking":false,"_monsterinsights_sitenote_active":false,"_monsterinsights_sitenote_note":"","_monsterinsights_sitenote_category":0,"footnotes":""},"class_list":["post-9362","page","type-page","status-publish","hentry"],"yoast_head":"<!-- This site is optimized with the Yoast SEO plugin v23.1 - https:\/\/yoast.com\/wordpress\/plugins\/seo\/ -->\n<title>Sesja - Pracownia Pokojowo - Absynth<\/title>\n<meta name=\"description\" content=\"Absynth - producent nowoczesnych mebli. W ofercie: krzes\u0142a tapicerowane, meble skrzyniowe, stoly do jadalni, sto\u0142y d\u0119bowe,meble do salonu, jadalni. Absynth oryginalne meble - Zapraszamy\" \/>\n<meta name=\"robots\" content=\"index, follow, max-snippet:-1, max-image-preview:large, max-video-preview:-1\" \/>\n<link rel=\"canonical\" href=\"https:\/\/absynth.eu\/pl\/realizacje\/sesja-pracownia-pokojowo\/\" \/>\n<meta property=\"og:locale\" content=\"pl_PL\" \/>\n<meta property=\"og:type\" content=\"article\" \/>\n<meta property=\"og:title\" content=\"Sesja - Pracownia Pokojowo - Absynth\" \/>\n<meta property=\"og:description\" content=\"Absynth - producent nowoczesnych mebli. W ofercie: krzes\u0142a tapicerowane, meble skrzyniowe, stoly do jadalni, sto\u0142y d\u0119bowe,meble do salonu, jadalni. Absynth oryginalne meble - Zapraszamy\" \/>\n<meta property=\"og:url\" content=\"https:\/\/absynth.eu\/pl\/realizacje\/sesja-pracownia-pokojowo\/\" \/>\n<meta property=\"og:site_name\" content=\"Absynth\" \/>\n<meta property=\"article:publisher\" content=\"https:\/\/www.facebook.com\/MebleABSYNTH\" \/>\n<meta name=\"twitter:card\" content=\"summary_large_image\" \/>\n<meta name=\"twitter:label1\" content=\"Szacowany czas czytania\" \/>\n\t<meta name=\"twitter:data1\" content=\"1 minuta\" \/>\n<script type=\"application\/ld+json\" class=\"yoast-schema-graph\">{\"@context\":\"https:\/\/schema.org\",\"@graph\":[{\"@type\":\"WebPage\",\"@id\":\"https:\/\/absynth.eu\/realizacje\/sesja-pracownia-pokojowo\/\",\"url\":\"https:\/\/absynth.eu\/realizacje\/sesja-pracownia-pokojowo\/\",\"name\":\"Sesja - Pracownia Pokojowo - Absynth\",\"isPartOf\":{\"@id\":\"https:\/\/absynth.eu\/pl\/#website\"},\"datePublished\":\"2024-04-07T21:58:16+00:00\",\"dateModified\":\"2024-04-07T21:58:16+00:00\",\"description\":\"Absynth - producent nowoczesnych mebli. W ofercie: krzes\u0142a tapicerowane, meble skrzyniowe, stoly do jadalni, sto\u0142y d\u0119bowe,meble do salonu, jadalni. Absynth oryginalne meble - Zapraszamy\",\"breadcrumb\":{\"@id\":\"https:\/\/absynth.eu\/realizacje\/sesja-pracownia-pokojowo\/#breadcrumb\"},\"inLanguage\":\"pl-PL\",\"potentialAction\":[{\"@type\":\"ReadAction\",\"target\":[\"https:\/\/absynth.eu\/realizacje\/sesja-pracownia-pokojowo\/\"]}]},{\"@type\":\"BreadcrumbList\",\"@id\":\"https:\/\/absynth.eu\/realizacje\/sesja-pracownia-pokojowo\/#breadcrumb\",\"itemListElement\":[{\"@type\":\"ListItem\",\"position\":1,\"name\":\"Strona g\u0142\u00f3wna\",\"item\":\"https:\/\/absynth.eu\/\"},{\"@type\":\"ListItem\",\"position\":2,\"name\":\"Realizacje\",\"item\":\"https:\/\/absynth.eu\/realizacje\/\"},{\"@type\":\"ListItem\",\"position\":3,\"name\":\"Sesja &#8211; Pracownia Pokojowo\"}]},{\"@type\":\"WebSite\",\"@id\":\"https:\/\/absynth.eu\/pl\/#website\",\"url\":\"https:\/\/absynth.eu\/pl\/\",\"name\":\"Absynth\",\"description\":\"Meble tworz\u0105 wn\u0119trze\",\"potentialAction\":[{\"@type\":\"SearchAction\",\"target\":{\"@type\":\"EntryPoint\",\"urlTemplate\":\"https:\/\/absynth.eu\/pl\/?s={search_term_string}\"},\"query-input\":\"required name=search_term_string\"}],\"inLanguage\":\"pl-PL\"}]}<\/script>\n<!-- \/ Yoast SEO plugin. -->","yoast_head_json":{"title":"Sesja - Pracownia Pokojowo - Absynth","description":"Absynth - producent nowoczesnych mebli. W ofercie: krzes\u0142a tapicerowane, meble skrzyniowe, stoly do jadalni, sto\u0142y d\u0119bowe,meble do salonu, jadalni. Absynth oryginalne meble - Zapraszamy","robots":{"index":"index","follow":"follow","max-snippet":"max-snippet:-1","max-image-preview":"max-image-preview:large","max-video-preview":"max-video-preview:-1"},"canonical":"https:\/\/absynth.eu\/pl\/realizacje\/sesja-pracownia-pokojowo\/","og_locale":"pl_PL","og_type":"article","og_title":"Sesja - Pracownia Pokojowo - Absynth","og_description":"Absynth - producent nowoczesnych mebli. W ofercie: krzes\u0142a tapicerowane, meble skrzyniowe, stoly do jadalni, sto\u0142y d\u0119bowe,meble do salonu, jadalni. Absynth oryginalne meble - Zapraszamy","og_url":"https:\/\/absynth.eu\/pl\/realizacje\/sesja-pracownia-pokojowo\/","og_site_name":"Absynth","article_publisher":"https:\/\/www.facebook.com\/MebleABSYNTH","twitter_card":"summary_large_image","twitter_misc":{"Szacowany czas czytania":"1 minuta"},"schema":{"@context":"https:\/\/schema.org","@graph":[{"@type":"WebPage","@id":"https:\/\/absynth.eu\/realizacje\/sesja-pracownia-pokojowo\/","url":"https:\/\/absynth.eu\/realizacje\/sesja-pracownia-pokojowo\/","name":"Sesja - Pracownia Pokojowo - Absynth","isPartOf":{"@id":"https:\/\/absynth.eu\/pl\/#website"},"datePublished":"2024-04-07T21:58:16+00:00","dateModified":"2024-04-07T21:58:16+00:00","description":"Absynth - producent nowoczesnych mebli. W ofercie: krzes\u0142a tapicerowane, meble skrzyniowe, stoly do jadalni, sto\u0142y d\u0119bowe,meble do salonu, jadalni. Absynth oryginalne meble - Zapraszamy","breadcrumb":{"@id":"https:\/\/absynth.eu\/realizacje\/sesja-pracownia-pokojowo\/#breadcrumb"},"inLanguage":"pl-PL","potentialAction":[{"@type":"ReadAction","target":["https:\/\/absynth.eu\/realizacje\/sesja-pracownia-pokojowo\/"]}]},{"@type":"BreadcrumbList","@id":"https:\/\/absynth.eu\/realizacje\/sesja-pracownia-pokojowo\/#breadcrumb","itemListElement":[{"@type":"ListItem","position":1,"name":"Strona g\u0142\u00f3wna","item":"https:\/\/absynth.eu\/"},{"@type":"ListItem","position":2,"name":"Realizacje","item":"https:\/\/absynth.eu\/realizacje\/"},{"@type":"ListItem","position":3,"name":"Sesja &#8211; Pracownia Pokojowo"}]},{"@type":"WebSite","@id":"https:\/\/absynth.eu\/pl\/#website","url":"https:\/\/absynth.eu\/pl\/","name":"Absynth","description":"Meble tworz\u0105 wn\u0119trze","potentialAction":[{"@type":"SearchAction","target":{"@type":"EntryPoint","urlTemplate":"https:\/\/absynth.eu\/pl\/?s={search_term_string}"},"query-input":"required name=search_term_string"}],"inLanguage":"pl-PL"}]}},"_links":{"self":[{"href":"https:\/\/absynth.eu\/pl\/wp-json\/wp\/v2\/pages\/9362"}],"collection":[{"href":"https:\/\/absynth.eu\/pl\/wp-json\/wp\/v2\/pages"}],"about":[{"href":"https:\/\/absynth.eu\/pl\/wp-json\/wp\/v2\/types\/page"}],"author":[{"embeddable":true,"href":"https:\/\/absynth.eu\/pl\/wp-json\/wp\/v2\/users\/2"}],"replies":[{"embeddable":true,"href":"https:\/\/absynth.eu\/pl\/wp-json\/wp\/v2\/comments?post=9362"}],"version-history":[{"count":1,"href":"https:\/\/absynth.eu\/pl\/wp-json\/wp\/v2\/pages\/9362\/revisions"}],"predecessor-version":[{"id":9370,"href":"https:\/\/absynth.eu\/pl\/wp-json\/wp\/v2\/pages\/9362\/revisions\/9370"}],"up":[{"embeddable":true,"href":"https:\/\/absynth.eu\/pl\/wp-json\/wp\/v2\/pages\/5638"}],"wp:attachment":[{"href":"https:\/\/absynth.eu\/pl\/wp-json\/wp\/v2\/media?parent=9362"}],"curies":[{"name":"wp","href":"https:\/\/api.w.org\/{rel}","templated":true}]}}