{"id":9877,"date":"2024-11-29T09:34:16","date_gmt":"2024-11-29T08:34:16","guid":{"rendered":"https:\/\/absynth.eu\/?page_id=9877"},"modified":"2024-11-29T09:44:24","modified_gmt":"2024-11-29T08:44:24","slug":"sesja-laroc","status":"publish","type":"page","link":"https:\/\/absynth.eu\/pl\/realizacje\/sesja-laroc\/","title":{"rendered":"Sesja &#8211; Laroc"},"content":{"rendered":"<div class=\"qodef-row-grid-section-wrapper \"  ><div class=\"qodef-row-grid-section\"><div class=\"vc_row wpb_row vc_row-fluid\" ><div class=\"wpb_column vc_column_container vc_col-sm-12\"><div class=\"vc_column-inner\"><div class=\"wpb_wrapper\">\n\t<div class=\"wpb_text_column wpb_content_element \" >\n\t\t<div class=\"wpb_wrapper\">\n\t\t\t<h3>Sesja Laroc<\/h3>\n\n\t\t<\/div>\n\t<\/div>\n<\/div><\/div><\/div><div class=\"wpb_column vc_column_container vc_col-sm-12\"><div class=\"vc_column-inner\"><div class=\"wpb_wrapper\"><div class=\"vc_empty_space\"   style=\"height: 32px\" ><span class=\"vc_empty_space_inner\"><\/span><\/div>\n<\/div><\/div><\/div><\/div><\/div><\/div><div class=\"vc_row wpb_row vc_row-fluid\" ><div class=\"wpb_column vc_column_container vc_col-sm-4\"><div class=\"vc_column-inner\"><div class=\"wpb_wrapper\">\n\t<div  class=\"wpb_single_image wpb_content_element vc_align_center  wpb_animate_when_almost_visible wpb_fadeInLeft fadeInLeft\">\n\t\t\n\t\t<figure class=\"wpb_wrapper vc_figure\">\n\t\t\t<a data-rel=\"prettyPhoto[rel-9877-499520500]\" href=\"https:\/\/absynth.eu\/wp-content\/uploads\/2024\/11\/IMG-20241125-WA0012-1024x1024.jpg\" target=\"_self\" class=\"vc_single_image-wrapper   vc_box_border_grey prettyphoto\"><img loading=\"lazy\" decoding=\"async\" class=\"vc_single_image-img \" src=\"https:\/\/absynth.eu\/wp-content\/uploads\/2024\/11\/IMG-20241125-WA0012-500x300.jpg\" width=\"500\" height=\"300\" alt=\"IMG-20241125-WA0012\" title=\"IMG-20241125-WA0012\" \/><\/a>\n\t\t<\/figure>\n\t<\/div>\n<div class=\"vc_empty_space\"   style=\"height: 32px\" ><span class=\"vc_empty_space_inner\"><\/span><\/div>\n<\/div><\/div><\/div><div class=\"wpb_column vc_column_container vc_col-sm-4\"><div class=\"vc_column-inner\"><div class=\"wpb_wrapper\">\n\t<div  class=\"wpb_single_image wpb_content_element vc_align_center  wpb_animate_when_almost_visible wpb_fadeInUp fadeInUp\">\n\t\t\n\t\t<figure class=\"wpb_wrapper vc_figure\">\n\t\t\t<a data-rel=\"prettyPhoto[rel-9877-1744072420]\" href=\"https:\/\/absynth.eu\/wp-content\/uploads\/2024\/11\/IMG-20241125-WA0013-1024x1024.jpg\" target=\"_self\" class=\"vc_single_image-wrapper   vc_box_border_grey prettyphoto\"><img loading=\"lazy\" decoding=\"async\" class=\"vc_single_image-img \" src=\"https:\/\/absynth.eu\/wp-content\/uploads\/2024\/11\/IMG-20241125-WA0013-500x300.jpg\" width=\"500\" height=\"300\" alt=\"IMG-20241125-WA0013\" title=\"IMG-20241125-WA0013\" \/><\/a>\n\t\t<\/figure>\n\t<\/div>\n<div class=\"vc_empty_space\"   style=\"height: 32px\" ><span class=\"vc_empty_space_inner\"><\/span><\/div>\n<\/div><\/div><\/div><div class=\"wpb_column vc_column_container vc_col-sm-4\"><div class=\"vc_column-inner\"><div class=\"wpb_wrapper\">\n\t<div  class=\"wpb_single_image wpb_content_element vc_align_center  wpb_animate_when_almost_visible wpb_fadeInRight fadeInRight\">\n\t\t\n\t\t<figure class=\"wpb_wrapper vc_figure\">\n\t\t\t<a data-rel=\"prettyPhoto[rel-9877-1165570254]\" href=\"https:\/\/absynth.eu\/wp-content\/uploads\/2024\/11\/IMG-20241125-WA0014-1024x1024.jpg\" target=\"_self\" class=\"vc_single_image-wrapper   vc_box_border_grey prettyphoto\"><img loading=\"lazy\" decoding=\"async\" class=\"vc_single_image-img \" src=\"https:\/\/absynth.eu\/wp-content\/uploads\/2024\/11\/IMG-20241125-WA0014-500x300.jpg\" width=\"500\" height=\"300\" alt=\"IMG-20241125-WA0014\" title=\"IMG-20241125-WA0014\" \/><\/a>\n\t\t<\/figure>\n\t<\/div>\n<div class=\"vc_empty_space\"   style=\"height: 32px\" ><span class=\"vc_empty_space_inner\"><\/span><\/div>\n<\/div><\/div><\/div><\/div><div class=\"vc_row wpb_row vc_row-fluid\" ><div class=\"wpb_column vc_column_container vc_col-sm-4\"><div class=\"vc_column-inner\"><div class=\"wpb_wrapper\">\n\t<div  class=\"wpb_single_image wpb_content_element vc_align_center  wpb_animate_when_almost_visible wpb_fadeInLeft fadeInLeft\">\n\t\t\n\t\t<figure class=\"wpb_wrapper vc_figure\">\n\t\t\t<a data-rel=\"prettyPhoto[rel-9877-1541482613]\" href=\"https:\/\/absynth.eu\/wp-content\/uploads\/2024\/11\/IMG-20241125-WA0015-1024x1024.jpg\" target=\"_self\" class=\"vc_single_image-wrapper   vc_box_border_grey prettyphoto\"><img loading=\"lazy\" decoding=\"async\" class=\"vc_single_image-img \" src=\"https:\/\/absynth.eu\/wp-content\/uploads\/2024\/11\/IMG-20241125-WA0015-500x300.jpg\" width=\"500\" height=\"300\" alt=\"IMG-20241125-WA0015\" title=\"IMG-20241125-WA0015\" \/><\/a>\n\t\t<\/figure>\n\t<\/div>\n<div class=\"vc_empty_space\"   style=\"height: 32px\" ><span class=\"vc_empty_space_inner\"><\/span><\/div>\n<\/div><\/div><\/div><div class=\"wpb_column vc_column_container vc_col-sm-4\"><div class=\"vc_column-inner\"><div class=\"wpb_wrapper\">\n\t<div  class=\"wpb_single_image wpb_content_element vc_align_center  wpb_animate_when_almost_visible wpb_fadeInUp fadeInUp\">\n\t\t\n\t\t<figure class=\"wpb_wrapper vc_figure\">\n\t\t\t<a data-rel=\"prettyPhoto[rel-9877-1314707280]\" href=\"https:\/\/absynth.eu\/wp-content\/uploads\/2024\/11\/IMG-20241125-WA0016-1024x1024.jpg\" target=\"_self\" class=\"vc_single_image-wrapper   vc_box_border_grey prettyphoto\"><img loading=\"lazy\" decoding=\"async\" class=\"vc_single_image-img \" src=\"https:\/\/absynth.eu\/wp-content\/uploads\/2024\/11\/IMG-20241125-WA0016-500x300.jpg\" width=\"500\" height=\"300\" alt=\"IMG-20241125-WA0016\" title=\"IMG-20241125-WA0016\" \/><\/a>\n\t\t<\/figure>\n\t<\/div>\n<div class=\"vc_empty_space\"   style=\"height: 32px\" ><span class=\"vc_empty_space_inner\"><\/span><\/div>\n<\/div><\/div><\/div><div class=\"wpb_column vc_column_container vc_col-sm-4\"><div class=\"vc_column-inner\"><div class=\"wpb_wrapper\">\n\t<div  class=\"wpb_single_image wpb_content_element vc_align_center  wpb_animate_when_almost_visible wpb_fadeInUp fadeInUp\">\n\t\t\n\t\t<figure class=\"wpb_wrapper vc_figure\">\n\t\t\t<a data-rel=\"prettyPhoto[rel-9877-503566466]\" href=\"https:\/\/absynth.eu\/wp-content\/uploads\/2024\/11\/IMG-20241125-WA0017-1024x1024.jpg\" target=\"_self\" class=\"vc_single_image-wrapper   vc_box_border_grey prettyphoto\"><img loading=\"lazy\" decoding=\"async\" class=\"vc_single_image-img \" src=\"https:\/\/absynth.eu\/wp-content\/uploads\/2024\/11\/IMG-20241125-WA0017-500x300.jpg\" width=\"500\" height=\"300\" alt=\"IMG-20241125-WA0017\" title=\"IMG-20241125-WA0017\" \/><\/a>\n\t\t<\/figure>\n\t<\/div>\n<div class=\"vc_empty_space\"   style=\"height: 32px\" ><span class=\"vc_empty_space_inner\"><\/span><\/div>\n<\/div><\/div><\/div><\/div><div class=\"vc_row wpb_row vc_row-fluid\" ><div class=\"wpb_column vc_column_container vc_col-sm-4\"><div class=\"vc_column-inner\"><div class=\"wpb_wrapper\">\n\t<div  class=\"wpb_single_image wpb_content_element vc_align_center  wpb_animate_when_almost_visible wpb_fadeInLeft fadeInLeft\">\n\t\t\n\t\t<figure class=\"wpb_wrapper vc_figure\">\n\t\t\t<a data-rel=\"prettyPhoto[rel-9877-1281079223]\" href=\"https:\/\/absynth.eu\/wp-content\/uploads\/2024\/11\/IMG-20241125-WA0020-1-1024x1024.jpg\" target=\"_self\" class=\"vc_single_image-wrapper   vc_box_border_grey prettyphoto\"><img loading=\"lazy\" decoding=\"async\" class=\"vc_single_image-img \" src=\"https:\/\/absynth.eu\/wp-content\/uploads\/2024\/11\/IMG-20241125-WA0020-1-500x300.jpg\" width=\"500\" height=\"300\" alt=\"IMG-20241125-WA0020\" title=\"IMG-20241125-WA0020\" \/><\/a>\n\t\t<\/figure>\n\t<\/div>\n<div class=\"vc_empty_space\"   style=\"height: 32px\" ><span class=\"vc_empty_space_inner\"><\/span><\/div>\n<\/div><\/div><\/div><div class=\"wpb_column vc_column_container vc_col-sm-4\"><div class=\"vc_column-inner\"><div class=\"wpb_wrapper\">\n\t<div  class=\"wpb_single_image wpb_content_element vc_align_center  wpb_animate_when_almost_visible wpb_fadeInUp fadeInUp\">\n\t\t\n\t\t<figure class=\"wpb_wrapper vc_figure\">\n\t\t\t<a data-rel=\"prettyPhoto[rel-9877-1649048307]\" href=\"https:\/\/absynth.eu\/wp-content\/uploads\/2024\/11\/IMG-20241125-WA0022-1024x1024.jpg\" target=\"_self\" class=\"vc_single_image-wrapper   vc_box_border_grey prettyphoto\"><img loading=\"lazy\" decoding=\"async\" class=\"vc_single_image-img \" src=\"https:\/\/absynth.eu\/wp-content\/uploads\/2024\/11\/IMG-20241125-WA0022-500x300.jpg\" width=\"500\" height=\"300\" alt=\"IMG-20241125-WA0022\" title=\"IMG-20241125-WA0022\" \/><\/a>\n\t\t<\/figure>\n\t<\/div>\n<div class=\"vc_empty_space\"   style=\"height: 32px\" ><span class=\"vc_empty_space_inner\"><\/span><\/div>\n<\/div><\/div><\/div><div class=\"wpb_column vc_column_container vc_col-sm-4\"><div class=\"vc_column-inner\"><div class=\"wpb_wrapper\">\n\t<div  class=\"wpb_single_image wpb_content_element vc_align_center  wpb_animate_when_almost_visible wpb_fadeInUp fadeInUp\">\n\t\t\n\t\t<figure class=\"wpb_wrapper vc_figure\">\n\t\t\t<a data-rel=\"prettyPhoto[rel-9877-1673255713]\" href=\"https:\/\/absynth.eu\/wp-content\/uploads\/2024\/11\/IMG-20241125-WA0024-1024x1024.jpg\" target=\"_self\" class=\"vc_single_image-wrapper   vc_box_border_grey prettyphoto\"><img loading=\"lazy\" decoding=\"async\" class=\"vc_single_image-img \" src=\"https:\/\/absynth.eu\/wp-content\/uploads\/2024\/11\/IMG-20241125-WA0024-500x300.jpg\" width=\"500\" height=\"300\" alt=\"IMG-20241125-WA0024\" title=\"IMG-20241125-WA0024\" \/><\/a>\n\t\t<\/figure>\n\t<\/div>\n<div class=\"vc_empty_space\"   style=\"height: 32px\" ><span class=\"vc_empty_space_inner\"><\/span><\/div>\n<\/div><\/div><\/div><\/div><div class=\"vc_row wpb_row vc_row-fluid\" ><div class=\"wpb_column vc_column_container vc_col-sm-4\"><div class=\"vc_column-inner\"><div class=\"wpb_wrapper\">\n\t<div  class=\"wpb_single_image wpb_content_element vc_align_center  wpb_animate_when_almost_visible wpb_fadeInLeft fadeInLeft\">\n\t\t\n\t\t<figure class=\"wpb_wrapper vc_figure\">\n\t\t\t<a data-rel=\"prettyPhoto[rel-9877-17789076]\" href=\"https:\/\/absynth.eu\/wp-content\/uploads\/2024\/11\/IMG-20241125-WA0028-1024x1024.jpg\" target=\"_self\" class=\"vc_single_image-wrapper   vc_box_border_grey prettyphoto\"><img loading=\"lazy\" decoding=\"async\" class=\"vc_single_image-img \" src=\"https:\/\/absynth.eu\/wp-content\/uploads\/2024\/11\/IMG-20241125-WA0028-500x300.jpg\" width=\"500\" height=\"300\" alt=\"IMG-20241125-WA0028\" title=\"IMG-20241125-WA0028\" \/><\/a>\n\t\t<\/figure>\n\t<\/div>\n<div class=\"vc_empty_space\"   style=\"height: 32px\" ><span class=\"vc_empty_space_inner\"><\/span><\/div>\n<\/div><\/div><\/div><div class=\"wpb_column vc_column_container vc_col-sm-4\"><div class=\"vc_column-inner\"><div class=\"wpb_wrapper\">\n\t<div  class=\"wpb_single_image wpb_content_element vc_align_center  wpb_animate_when_almost_visible wpb_fadeInUp fadeInUp\">\n\t\t\n\t\t<figure class=\"wpb_wrapper vc_figure\">\n\t\t\t<a data-rel=\"prettyPhoto[rel-9877-136652930]\" href=\"https:\/\/absynth.eu\/wp-content\/uploads\/2024\/11\/IMG-20241125-WA0033-1024x1024.jpg\" target=\"_self\" class=\"vc_single_image-wrapper   vc_box_border_grey prettyphoto\"><img loading=\"lazy\" decoding=\"async\" class=\"vc_single_image-img \" src=\"https:\/\/absynth.eu\/wp-content\/uploads\/2024\/11\/IMG-20241125-WA0033-500x300.jpg\" width=\"500\" height=\"300\" alt=\"IMG-20241125-WA0033\" title=\"IMG-20241125-WA0033\" \/><\/a>\n\t\t<\/figure>\n\t<\/div>\n<div class=\"vc_empty_space\"   style=\"height: 32px\" ><span class=\"vc_empty_space_inner\"><\/span><\/div>\n<\/div><\/div><\/div><div class=\"wpb_column vc_column_container vc_col-sm-4\"><div class=\"vc_column-inner\"><div class=\"wpb_wrapper\">\n\t<div  class=\"wpb_single_image wpb_content_element vc_align_center  wpb_animate_when_almost_visible wpb_fadeInUp fadeInUp\">\n\t\t\n\t\t<figure class=\"wpb_wrapper vc_figure\">\n\t\t\t<a data-rel=\"prettyPhoto[rel-9877-804483453]\" href=\"https:\/\/absynth.eu\/wp-content\/uploads\/2024\/11\/IMG-20241125-WA0036-1024x1024.jpg\" target=\"_self\" class=\"vc_single_image-wrapper   vc_box_border_grey prettyphoto\"><img loading=\"lazy\" decoding=\"async\" class=\"vc_single_image-img \" src=\"https:\/\/absynth.eu\/wp-content\/uploads\/2024\/11\/IMG-20241125-WA0036-500x300.jpg\" width=\"500\" height=\"300\" alt=\"IMG-20241125-WA0036\" title=\"IMG-20241125-WA0036\" \/><\/a>\n\t\t<\/figure>\n\t<\/div>\n<div class=\"vc_empty_space\"   style=\"height: 32px\" ><span class=\"vc_empty_space_inner\"><\/span><\/div>\n<\/div><\/div><\/div><\/div><div class=\"vc_row wpb_row vc_row-fluid\" ><div class=\"wpb_column vc_column_container vc_col-sm-12\"><div class=\"vc_column-inner\"><div class=\"wpb_wrapper\"><div class=\"wpb_gallery wpb_content_element vc_clearfix wpb_animate_when_almost_visible wpb_fadeInUp fadeInUp\" ><div class=\"wpb_wrapper\"><div class=\"wpb_gallery_slides wpb_slider_nivo theme-default\" data-interval=\"3\"><div class=\"nivoSlider\"><a class=\"prettyphoto\" href=\"https:\/\/absynth.eu\/wp-content\/uploads\/2024\/11\/IMG-20241125-WA0029-1024x576.jpg\" data-rel=\"prettyPhoto[rel-9877-1831445782]\"><img loading=\"lazy\" decoding=\"async\" width=\"1600\" height=\"900\" src=\"https:\/\/absynth.eu\/wp-content\/uploads\/2024\/11\/IMG-20241125-WA0029.jpg\" class=\"attachment-full\" alt=\"\" srcset=\"https:\/\/absynth.eu\/wp-content\/uploads\/2024\/11\/IMG-20241125-WA0029.jpg 1600w, https:\/\/absynth.eu\/wp-content\/uploads\/2024\/11\/IMG-20241125-WA0029-300x169.jpg 300w, https:\/\/absynth.eu\/wp-content\/uploads\/2024\/11\/IMG-20241125-WA0029-1024x576.jpg 1024w, https:\/\/absynth.eu\/wp-content\/uploads\/2024\/11\/IMG-20241125-WA0029-768x432.jpg 768w, https:\/\/absynth.eu\/wp-content\/uploads\/2024\/11\/IMG-20241125-WA0029-1536x864.jpg 1536w, https:\/\/absynth.eu\/wp-content\/uploads\/2024\/11\/IMG-20241125-WA0029-18x10.jpg 18w\" sizes=\"(max-width: 1600px) 100vw, 1600px\" \/><\/a><a class=\"prettyphoto\" href=\"https:\/\/absynth.eu\/wp-content\/uploads\/2024\/11\/IMG-20241125-WA0032-1024x576.jpg\" data-rel=\"prettyPhoto[rel-9877-1831445782]\"><img loading=\"lazy\" decoding=\"async\" width=\"1600\" height=\"900\" src=\"https:\/\/absynth.eu\/wp-content\/uploads\/2024\/11\/IMG-20241125-WA0032.jpg\" class=\"attachment-full\" alt=\"\" srcset=\"https:\/\/absynth.eu\/wp-content\/uploads\/2024\/11\/IMG-20241125-WA0032.jpg 1600w, https:\/\/absynth.eu\/wp-content\/uploads\/2024\/11\/IMG-20241125-WA0032-300x169.jpg 300w, https:\/\/absynth.eu\/wp-content\/uploads\/2024\/11\/IMG-20241125-WA0032-1024x576.jpg 1024w, https:\/\/absynth.eu\/wp-content\/uploads\/2024\/11\/IMG-20241125-WA0032-768x432.jpg 768w, https:\/\/absynth.eu\/wp-content\/uploads\/2024\/11\/IMG-20241125-WA0032-1536x864.jpg 1536w, https:\/\/absynth.eu\/wp-content\/uploads\/2024\/11\/IMG-20241125-WA0032-18x10.jpg 18w\" sizes=\"(max-width: 1600px) 100vw, 1600px\" \/><\/a><a class=\"prettyphoto\" href=\"https:\/\/absynth.eu\/wp-content\/uploads\/2024\/11\/IMG-20241125-WA0018-1024x576.jpg\" data-rel=\"prettyPhoto[rel-9877-1831445782]\"><img loading=\"lazy\" decoding=\"async\" width=\"1600\" height=\"900\" src=\"https:\/\/absynth.eu\/wp-content\/uploads\/2024\/11\/IMG-20241125-WA0018.jpg\" class=\"attachment-full\" alt=\"\" srcset=\"https:\/\/absynth.eu\/wp-content\/uploads\/2024\/11\/IMG-20241125-WA0018.jpg 1600w, https:\/\/absynth.eu\/wp-content\/uploads\/2024\/11\/IMG-20241125-WA0018-300x169.jpg 300w, https:\/\/absynth.eu\/wp-content\/uploads\/2024\/11\/IMG-20241125-WA0018-1024x576.jpg 1024w, https:\/\/absynth.eu\/wp-content\/uploads\/2024\/11\/IMG-20241125-WA0018-768x432.jpg 768w, https:\/\/absynth.eu\/wp-content\/uploads\/2024\/11\/IMG-20241125-WA0018-1536x864.jpg 1536w, https:\/\/absynth.eu\/wp-content\/uploads\/2024\/11\/IMG-20241125-WA0018-18x10.jpg 18w\" sizes=\"(max-width: 1600px) 100vw, 1600px\" \/><\/a><a class=\"prettyphoto\" href=\"https:\/\/absynth.eu\/wp-content\/uploads\/2024\/11\/IMG-20241125-WA0019-1024x576.jpg\" data-rel=\"prettyPhoto[rel-9877-1831445782]\"><img loading=\"lazy\" decoding=\"async\" width=\"1600\" height=\"900\" src=\"https:\/\/absynth.eu\/wp-content\/uploads\/2024\/11\/IMG-20241125-WA0019.jpg\" class=\"attachment-full\" alt=\"\" srcset=\"https:\/\/absynth.eu\/wp-content\/uploads\/2024\/11\/IMG-20241125-WA0019.jpg 1600w, https:\/\/absynth.eu\/wp-content\/uploads\/2024\/11\/IMG-20241125-WA0019-300x169.jpg 300w, https:\/\/absynth.eu\/wp-content\/uploads\/2024\/11\/IMG-20241125-WA0019-1024x576.jpg 1024w, https:\/\/absynth.eu\/wp-content\/uploads\/2024\/11\/IMG-20241125-WA0019-768x432.jpg 768w, https:\/\/absynth.eu\/wp-content\/uploads\/2024\/11\/IMG-20241125-WA0019-1536x864.jpg 1536w, https:\/\/absynth.eu\/wp-content\/uploads\/2024\/11\/IMG-20241125-WA0019-18x10.jpg 18w\" sizes=\"(max-width: 1600px) 100vw, 1600px\" \/><\/a><a class=\"prettyphoto\" href=\"https:\/\/absynth.eu\/wp-content\/uploads\/2024\/11\/IMG-20241125-WA0027-1024x576.jpg\" data-rel=\"prettyPhoto[rel-9877-1831445782]\"><img loading=\"lazy\" decoding=\"async\" width=\"1600\" height=\"900\" src=\"https:\/\/absynth.eu\/wp-content\/uploads\/2024\/11\/IMG-20241125-WA0027.jpg\" class=\"attachment-full\" alt=\"\" srcset=\"https:\/\/absynth.eu\/wp-content\/uploads\/2024\/11\/IMG-20241125-WA0027.jpg 1600w, https:\/\/absynth.eu\/wp-content\/uploads\/2024\/11\/IMG-20241125-WA0027-300x169.jpg 300w, https:\/\/absynth.eu\/wp-content\/uploads\/2024\/11\/IMG-20241125-WA0027-1024x576.jpg 1024w, https:\/\/absynth.eu\/wp-content\/uploads\/2024\/11\/IMG-20241125-WA0027-768x432.jpg 768w, https:\/\/absynth.eu\/wp-content\/uploads\/2024\/11\/IMG-20241125-WA0027-1536x864.jpg 1536w, https:\/\/absynth.eu\/wp-content\/uploads\/2024\/11\/IMG-20241125-WA0027-18x10.jpg 18w\" sizes=\"(max-width: 1600px) 100vw, 1600px\" \/><\/a><\/div><\/div><\/div><\/div><\/div><\/div><\/div><\/div>\n","protected":false},"excerpt":{"rendered":"Sesja Laroc","protected":false},"author":2,"featured_media":0,"parent":5638,"menu_order":0,"comment_status":"closed","ping_status":"closed","template":"full-width.php","meta":{"_monsterinsights_skip_tracking":false,"_monsterinsights_sitenote_active":false,"_monsterinsights_sitenote_note":"","_monsterinsights_sitenote_category":0,"footnotes":""},"class_list":["post-9877","page","type-page","status-publish","hentry"],"yoast_head":"<!-- This site is optimized with the Yoast SEO plugin v23.1 - https:\/\/yoast.com\/wordpress\/plugins\/seo\/ -->\n<title>Sesja - Laroc - Absynth<\/title>\n<meta name=\"description\" content=\"Absynth - producent nowoczesnych mebli. W ofercie: krzes\u0142a tapicerowane, meble skrzyniowe, stoly do jadalni, sto\u0142y d\u0119bowe,meble do salonu, jadalni. Absynth oryginalne meble - Zapraszamy\" \/>\n<meta name=\"robots\" content=\"index, follow, max-snippet:-1, max-image-preview:large, max-video-preview:-1\" \/>\n<link rel=\"canonical\" href=\"https:\/\/absynth.eu\/pl\/realizacje\/sesja-laroc\/\" \/>\n<meta property=\"og:locale\" content=\"pl_PL\" \/>\n<meta property=\"og:type\" content=\"article\" \/>\n<meta property=\"og:title\" content=\"Sesja - Laroc - Absynth\" \/>\n<meta property=\"og:description\" content=\"Absynth - producent nowoczesnych mebli. W ofercie: krzes\u0142a tapicerowane, meble skrzyniowe, stoly do jadalni, sto\u0142y d\u0119bowe,meble do salonu, jadalni. Absynth oryginalne meble - Zapraszamy\" \/>\n<meta property=\"og:url\" content=\"https:\/\/absynth.eu\/pl\/realizacje\/sesja-laroc\/\" \/>\n<meta property=\"og:site_name\" content=\"Absynth\" \/>\n<meta property=\"article:publisher\" content=\"https:\/\/www.facebook.com\/MebleABSYNTH\" \/>\n<meta property=\"article:modified_time\" content=\"2024-11-29T08:44:24+00:00\" \/>\n<meta name=\"twitter:card\" content=\"summary_large_image\" \/>\n<meta name=\"twitter:label1\" content=\"Szacowany czas czytania\" \/>\n\t<meta name=\"twitter:data1\" content=\"1 minuta\" \/>\n<script type=\"application\/ld+json\" class=\"yoast-schema-graph\">{\"@context\":\"https:\/\/schema.org\",\"@graph\":[{\"@type\":\"WebPage\",\"@id\":\"https:\/\/absynth.eu\/realizacje\/sesja-laroc\/\",\"url\":\"https:\/\/absynth.eu\/realizacje\/sesja-laroc\/\",\"name\":\"Sesja - Laroc - Absynth\",\"isPartOf\":{\"@id\":\"https:\/\/absynth.eu\/pl\/#website\"},\"datePublished\":\"2024-11-29T08:34:16+00:00\",\"dateModified\":\"2024-11-29T08:44:24+00:00\",\"description\":\"Absynth - producent nowoczesnych mebli. W ofercie: krzes\u0142a tapicerowane, meble skrzyniowe, stoly do jadalni, sto\u0142y d\u0119bowe,meble do salonu, jadalni. Absynth oryginalne meble - Zapraszamy\",\"breadcrumb\":{\"@id\":\"https:\/\/absynth.eu\/realizacje\/sesja-laroc\/#breadcrumb\"},\"inLanguage\":\"pl-PL\",\"potentialAction\":[{\"@type\":\"ReadAction\",\"target\":[\"https:\/\/absynth.eu\/realizacje\/sesja-laroc\/\"]}]},{\"@type\":\"BreadcrumbList\",\"@id\":\"https:\/\/absynth.eu\/realizacje\/sesja-laroc\/#breadcrumb\",\"itemListElement\":[{\"@type\":\"ListItem\",\"position\":1,\"name\":\"Strona g\u0142\u00f3wna\",\"item\":\"https:\/\/absynth.eu\/\"},{\"@type\":\"ListItem\",\"position\":2,\"name\":\"Realizacje\",\"item\":\"https:\/\/absynth.eu\/realizacje\/\"},{\"@type\":\"ListItem\",\"position\":3,\"name\":\"Sesja &#8211; Laroc\"}]},{\"@type\":\"WebSite\",\"@id\":\"https:\/\/absynth.eu\/pl\/#website\",\"url\":\"https:\/\/absynth.eu\/pl\/\",\"name\":\"Absynth\",\"description\":\"Meble tworz\u0105 wn\u0119trze\",\"potentialAction\":[{\"@type\":\"SearchAction\",\"target\":{\"@type\":\"EntryPoint\",\"urlTemplate\":\"https:\/\/absynth.eu\/pl\/?s={search_term_string}\"},\"query-input\":\"required name=search_term_string\"}],\"inLanguage\":\"pl-PL\"}]}<\/script>\n<!-- \/ Yoast SEO plugin. -->","yoast_head_json":{"title":"Sesja - Laroc - Absynth","description":"Absynth - producent nowoczesnych mebli. W ofercie: krzes\u0142a tapicerowane, meble skrzyniowe, stoly do jadalni, sto\u0142y d\u0119bowe,meble do salonu, jadalni. Absynth oryginalne meble - Zapraszamy","robots":{"index":"index","follow":"follow","max-snippet":"max-snippet:-1","max-image-preview":"max-image-preview:large","max-video-preview":"max-video-preview:-1"},"canonical":"https:\/\/absynth.eu\/pl\/realizacje\/sesja-laroc\/","og_locale":"pl_PL","og_type":"article","og_title":"Sesja - Laroc - Absynth","og_description":"Absynth - producent nowoczesnych mebli. W ofercie: krzes\u0142a tapicerowane, meble skrzyniowe, stoly do jadalni, sto\u0142y d\u0119bowe,meble do salonu, jadalni. Absynth oryginalne meble - Zapraszamy","og_url":"https:\/\/absynth.eu\/pl\/realizacje\/sesja-laroc\/","og_site_name":"Absynth","article_publisher":"https:\/\/www.facebook.com\/MebleABSYNTH","article_modified_time":"2024-11-29T08:44:24+00:00","twitter_card":"summary_large_image","twitter_misc":{"Szacowany czas czytania":"1 minuta"},"schema":{"@context":"https:\/\/schema.org","@graph":[{"@type":"WebPage","@id":"https:\/\/absynth.eu\/realizacje\/sesja-laroc\/","url":"https:\/\/absynth.eu\/realizacje\/sesja-laroc\/","name":"Sesja - Laroc - Absynth","isPartOf":{"@id":"https:\/\/absynth.eu\/pl\/#website"},"datePublished":"2024-11-29T08:34:16+00:00","dateModified":"2024-11-29T08:44:24+00:00","description":"Absynth - producent nowoczesnych mebli. W ofercie: krzes\u0142a tapicerowane, meble skrzyniowe, stoly do jadalni, sto\u0142y d\u0119bowe,meble do salonu, jadalni. Absynth oryginalne meble - Zapraszamy","breadcrumb":{"@id":"https:\/\/absynth.eu\/realizacje\/sesja-laroc\/#breadcrumb"},"inLanguage":"pl-PL","potentialAction":[{"@type":"ReadAction","target":["https:\/\/absynth.eu\/realizacje\/sesja-laroc\/"]}]},{"@type":"BreadcrumbList","@id":"https:\/\/absynth.eu\/realizacje\/sesja-laroc\/#breadcrumb","itemListElement":[{"@type":"ListItem","position":1,"name":"Strona g\u0142\u00f3wna","item":"https:\/\/absynth.eu\/"},{"@type":"ListItem","position":2,"name":"Realizacje","item":"https:\/\/absynth.eu\/realizacje\/"},{"@type":"ListItem","position":3,"name":"Sesja &#8211; Laroc"}]},{"@type":"WebSite","@id":"https:\/\/absynth.eu\/pl\/#website","url":"https:\/\/absynth.eu\/pl\/","name":"Absynth","description":"Meble tworz\u0105 wn\u0119trze","potentialAction":[{"@type":"SearchAction","target":{"@type":"EntryPoint","urlTemplate":"https:\/\/absynth.eu\/pl\/?s={search_term_string}"},"query-input":"required name=search_term_string"}],"inLanguage":"pl-PL"}]}},"_links":{"self":[{"href":"https:\/\/absynth.eu\/pl\/wp-json\/wp\/v2\/pages\/9877"}],"collection":[{"href":"https:\/\/absynth.eu\/pl\/wp-json\/wp\/v2\/pages"}],"about":[{"href":"https:\/\/absynth.eu\/pl\/wp-json\/wp\/v2\/types\/page"}],"author":[{"embeddable":true,"href":"https:\/\/absynth.eu\/pl\/wp-json\/wp\/v2\/users\/2"}],"replies":[{"embeddable":true,"href":"https:\/\/absynth.eu\/pl\/wp-json\/wp\/v2\/comments?post=9877"}],"version-history":[{"count":3,"href":"https:\/\/absynth.eu\/pl\/wp-json\/wp\/v2\/pages\/9877\/revisions"}],"predecessor-version":[{"id":9899,"href":"https:\/\/absynth.eu\/pl\/wp-json\/wp\/v2\/pages\/9877\/revisions\/9899"}],"up":[{"embeddable":true,"href":"https:\/\/absynth.eu\/pl\/wp-json\/wp\/v2\/pages\/5638"}],"wp:attachment":[{"href":"https:\/\/absynth.eu\/pl\/wp-json\/wp\/v2\/media?parent=9877"}],"curies":[{"name":"wp","href":"https:\/\/api.w.org\/{rel}","templated":true}]}}